{"id":15137,"date":"2026-03-25T12:32:21","date_gmt":"2026-03-25T15:32:21","guid":{"rendered":"https:\/\/ambrosioeletro.com.br\/v20\/?post_type=product&#038;p=15137"},"modified":"2026-03-25T12:32:22","modified_gmt":"2026-03-25T15:32:22","slug":"painel-para-tv-eros-nogal-notavel","status":"publish","type":"product","link":"https:\/\/ambrosioeletro.com.br\/v20\/produto\/painel-para-tv-eros-nogal-notavel\/","title":{"rendered":"Painel Para TV Eros Nogal &#8211; Not\u00e1vel"},"content":{"rendered":"<div id=\"product-wrapper\" class=\"product-wrapper\">\n<div class=\"product-tabs\">\n<div class=\"tabs-content\">\n<div id=\"descricao\" class=\"tab rte description-ab active  open-tab active\">\n<p><span style=\"font-family: Arial;\">O\u00a0<strong>Painel Eros da Not\u00e1vel Moveis<\/strong>\u00a0\u00e9 ideal para voc\u00ea que possui pouco espa\u00e7o em sua casa, um produto compacto que se adequa a qualquer<br \/>\ncantinho, possui nichos que v\u00e3o alocar seus aparelhos eletr\u00f4nicos perfeitamente. O produto certo para deixar sua casa ainda mais bonita<\/span><\/p>\n<p><span style=\"font-family: Arial;\"><strong>Dimens\u00f5es do Produto montado:<br \/>\n<\/strong>Altura: 89 cm<br \/>\nLargura: 120 cm<br \/>\nProfundidade: 27,7 cm<\/span><\/p>\n<p><span style=\"font-family: Arial;\"><strong>Observa\u00e7\u00f5es:<br \/>\n<\/strong>-Feita em MDP<br \/>\n-Pintura Ultravioleta na\u00a0<strong>cor Nogal<\/strong><\/span><\/p>\n<\/div>\n<\/div>\n<\/div>\n<\/div>\n<div class=\"section-product-related\">\n<div class=\"container\">\n<div class=\"section-header\"><\/div>\n<\/div>\n<\/div>\n","protected":false},"excerpt":{"rendered":"<p>O\u00a0Painel Eros da Not\u00e1vel Moveis\u00a0\u00e9 ideal para voc\u00ea que possui pouco espa\u00e7o em sua casa, um produto compacto que se adequa a qualquer cantinho, possui nichos que v\u00e3o alocar seus<\/p>\n","protected":false},"featured_media":15138,"comment_status":"open","ping_status":"closed","template":"","meta":[],"product_brand":[],"product_cat":[459],"product_tag":[],"class_list":{"0":"post-15137","1":"product","2":"type-product","3":"status-publish","4":"has-post-thumbnail","6":"product_cat-painel","7":"product_shipping_class-retirar-no-local","9":"first","10":"instock","11":"shipping-taxable","12":"purchasable","13":"product-type-simple"},"_links":{"self":[{"href":"https:\/\/ambrosioeletro.com.br\/v20\/wp-json\/wp\/v2\/product\/15137","targetHints":{"allow":["GET"]}}],"collection":[{"href":"https:\/\/ambrosioeletro.com.br\/v20\/wp-json\/wp\/v2\/product"}],"about":[{"href":"https:\/\/ambrosioeletro.com.br\/v20\/wp-json\/wp\/v2\/types\/product"}],"replies":[{"embeddable":true,"href":"https:\/\/ambrosioeletro.com.br\/v20\/wp-json\/wp\/v2\/comments?post=15137"}],"wp:featuredmedia":[{"embeddable":true,"href":"https:\/\/ambrosioeletro.com.br\/v20\/wp-json\/wp\/v2\/media\/15138"}],"wp:attachment":[{"href":"https:\/\/ambrosioeletro.com.br\/v20\/wp-json\/wp\/v2\/media?parent=15137"}],"wp:term":[{"taxonomy":"product_brand","embeddable":true,"href":"https:\/\/ambrosioeletro.com.br\/v20\/wp-json\/wp\/v2\/product_brand?post=15137"},{"taxonomy":"product_cat","embeddable":true,"href":"https:\/\/ambrosioeletro.com.br\/v20\/wp-json\/wp\/v2\/product_cat?post=15137"},{"taxonomy":"product_tag","embeddable":true,"href":"https:\/\/ambrosioeletro.com.br\/v20\/wp-json\/wp\/v2\/product_tag?post=15137"}],"curies":[{"name":"wp","href":"https:\/\/api.w.org\/{rel}","templated":true}]}}