{"id":15139,"date":"2026-03-25T12:36:05","date_gmt":"2026-03-25T15:36:05","guid":{"rendered":"https:\/\/ambrosioeletro.com.br\/v20\/?post_type=product&#038;p=15139"},"modified":"2026-03-25T12:36:05","modified_gmt":"2026-03-25T15:36:05","slug":"painel-eros-branco-notavel","status":"publish","type":"product","link":"https:\/\/ambrosioeletro.com.br\/v20\/produto\/painel-eros-branco-notavel\/","title":{"rendered":"Painel Eros Branco-Not\u00e1vel"},"content":{"rendered":"<p><strong>DESCRI\u00c7\u00c3O<\/strong><\/p>\n<p>Not\u00e1vel M\u00f3veis<\/p>\n<p>Altura:\u00a089 cm<br \/>\nLargura:\u00a0120 cm<br \/>\nProfundidade:\u00a028 cm<br \/>\nPeso:\u00a016 kg<br \/>\nCapacidade de TV:\u00a049\u2033<br \/>\nDIFERENCIAIS:<br \/>\n\u2022\u00a0Produto compacto e f\u00e1cil de montar<br \/>\n\u2022\u00a0Nichos para eletr\u00f4nicos<br \/>\n\u2022\u00a0Painel para TV at\u00e9 49\u201d<\/p>\n<p><strong>Informa\u00e7\u00f5es importantes<\/strong>:<\/p>\n<p>\u2013 Imagens meramente ilustrativas.<\/p>\n<p>\u2013 Objetos que ambientam as fotos n\u00e3o acompanham o produto.<\/p>\n<p>\u2013 As tonalidades das cores dos produtos podem sofrer altera\u00e7\u00f5es de acordo com a calibra\u00e7\u00e3o do seu monitor.<\/p>\n<p>&nbsp;<\/p>\n","protected":false},"excerpt":{"rendered":"<p>DESCRI\u00c7\u00c3O Not\u00e1vel M\u00f3veis Altura:\u00a089 cm Largura:\u00a0120 cm Profundidade:\u00a028 cm Peso:\u00a016 kg Capacidade de TV:\u00a049\u2033 DIFERENCIAIS: \u2022\u00a0Produto compacto e f\u00e1cil de montar \u2022\u00a0Nichos para eletr\u00f4nicos \u2022\u00a0Painel para TV at\u00e9 49\u201d Informa\u00e7\u00f5es<\/p>\n","protected":false},"featured_media":15140,"comment_status":"open","ping_status":"closed","template":"","meta":[],"product_brand":[],"product_cat":[15],"product_tag":[],"class_list":{"0":"post-15139","1":"product","2":"type-product","3":"status-publish","4":"has-post-thumbnail","6":"product_cat-produtos","7":"product_shipping_class-pac","9":"first","10":"instock","11":"shipping-taxable","12":"purchasable","13":"product-type-simple"},"_links":{"self":[{"href":"https:\/\/ambrosioeletro.com.br\/v20\/wp-json\/wp\/v2\/product\/15139","targetHints":{"allow":["GET"]}}],"collection":[{"href":"https:\/\/ambrosioeletro.com.br\/v20\/wp-json\/wp\/v2\/product"}],"about":[{"href":"https:\/\/ambrosioeletro.com.br\/v20\/wp-json\/wp\/v2\/types\/product"}],"replies":[{"embeddable":true,"href":"https:\/\/ambrosioeletro.com.br\/v20\/wp-json\/wp\/v2\/comments?post=15139"}],"wp:featuredmedia":[{"embeddable":true,"href":"https:\/\/ambrosioeletro.com.br\/v20\/wp-json\/wp\/v2\/media\/15140"}],"wp:attachment":[{"href":"https:\/\/ambrosioeletro.com.br\/v20\/wp-json\/wp\/v2\/media?parent=15139"}],"wp:term":[{"taxonomy":"product_brand","embeddable":true,"href":"https:\/\/ambrosioeletro.com.br\/v20\/wp-json\/wp\/v2\/product_brand?post=15139"},{"taxonomy":"product_cat","embeddable":true,"href":"https:\/\/ambrosioeletro.com.br\/v20\/wp-json\/wp\/v2\/product_cat?post=15139"},{"taxonomy":"product_tag","embeddable":true,"href":"https:\/\/ambrosioeletro.com.br\/v20\/wp-json\/wp\/v2\/product_tag?post=15139"}],"curies":[{"name":"wp","href":"https:\/\/api.w.org\/{rel}","templated":true}]}}