{"id":15145,"date":"2026-03-25T15:45:25","date_gmt":"2026-03-25T18:45:25","guid":{"rendered":"https:\/\/ambrosioeletro.com.br\/v20\/?post_type=product&#038;p=15145"},"modified":"2026-04-17T09:14:00","modified_gmt":"2026-04-17T12:14:00","slug":"armario-de-cozinha-petra-cinamomo-grafite-valdemoveis-valdemoveis","status":"publish","type":"product","link":"https:\/\/ambrosioeletro.com.br\/v20\/produto\/armario-de-cozinha-petra-cinamomo-grafite-valdemoveis-valdemoveis\/","title":{"rendered":"Arm\u00e1rio de Cozinha Petra Cinamomo Grafite &#8211; Valdem\u00f3veis &#8211; VALDEMOVEIS"},"content":{"rendered":"<div class=\"relative px-md overflow-hidden border-on-surface-8 after:pointer-events-none after:absolute after:bottom-[0] after:left-[0] after:h-[72px] after:w-full after:bg-gradient-to-b after:from-[#FFFFFF00] after:to-[#FFFFFF] md:after:content-none md:px-lg max-md:border-b-thin\" data-testid=\"tab-product-detail\">\n<h2 class=\"text-on-surface-2 font-md-bold md:font-title-large-highlight md:mb-md\" data-testid=\"product-details-title\">Descri\u00e7\u00e3o e ficha t\u00e9cnica<\/h2>\n<div data-testid=\"product-detail\">\n<p class=\"mt-2xsm text-on-surface-4 font-xsm-regular\" data-testid=\"product-detail-code\">C\u00f3digo\u00a0gc8fa78c57<\/p>\n<div class=\"mt-md font-xsm-regular\" data-testid=\"product-detail-description\">\n<p>Arm\u00e1rio de Cozinha Petra Cinamomo Grafite &#8211; Valdem\u00f3veis<\/p>\n<p>Sua cozinha de cara nova! Apresentamos o elegante e funcional Arm\u00e1rio de Cozinha da linha Petra, a escolha perfeita para transformar sua cozinha em um espa\u00e7o organizado e encantador. Com um design contempor\u00e2neo e linhas suaves, combina perfeitamente com uma variedade de estilos de decora\u00e7\u00e3o, desde os mais modernos at\u00e9 os mais cl\u00e1ssicos, foi projetado pela Valdem\u00f3veis pensando na praticidade e na otimiza\u00e7\u00e3o do espa\u00e7o. A durabilidade \u00e9 sua caracter\u00edstica central fabricado com materiais de alta qualidade e acabamento impec\u00e1vel, este arm\u00e1rio foi desenvolvido para resistir ao desgaste do uso di\u00e1rio, garantindo que ele continue sendo um elemento essencial de sua cozinha por muitos anos. Confira e garanta o seu!<\/p>\n<p>Caracter\u00edsticas T\u00e9cnicas:<br \/>\n&#8211; Desenvolvido em MDP\/MDF de 15mm<br \/>\n&#8211; Acabamento em pintura U.V na cor Cinamomo Grafite<br \/>\n&#8211; Possui 11 portas<br \/>\n&#8211; Dobradi\u00e7as de press\u00e3o met\u00e1licas<br \/>\n&#8211; 02 Gavetas com corredi\u00e7as telesc\u00f3picas, que deslizam livres de enrosco<br \/>\n&#8211; Puxadores em MDF envelopados<br \/>\n&#8211; Prateleiras em MDP\/MDF de 15mm<br \/>\n&#8211; Nichos com espa\u00e7o para 05 garrafas<br \/>\n&#8211; Espa\u00e7o para micro-ondas<br \/>\n&#8211; Passa cabos<br \/>\n&#8211; Kit 11 P\u00e9s de pl\u00e1stico, com regulagem<br \/>\n&#8211; Amplo espa\u00e7o interno<br \/>\n&#8211; Lindo design<\/p>\n<p>Dimens\u00f5es:<br \/>\nAltura: 200 cm<br \/>\nLargura: 218 cm<br \/>\nProfundidade: 45 cm<\/p>\n<p>Aten\u00e7\u00e3o: N\u00e3o realizamos a montagem ou instala\u00e7\u00e3o do produto, por\u00e9m acompanha manual de instru\u00e7\u00f5es.<\/p>\n<p>Importante: Imprescind\u00edvel a confer\u00eancia no ato da entrega. Em caso de anormalidade, recuse.<\/p>\n<\/div>\n<\/div>\n<\/div>\n<div class=\"hidden border-on-surface-8 md:px-lg md:block md:py-md\" data-testid=\"tab-product-factsheet\">\n<h2 class=\"text-on-surface-2 font-md-bold md:font-title-large-highlight md:mb-md\" data-testid=\"product-factsheet-title\">Ficha T\u00e9cnica<\/h2>\n<div class=\"pt-2xsm\">\n<table class=\"w-full list-none\" data-testid=\"table-factsheet\">\n<tbody>\n<tr class=\"text-on-surface-3 even:bg-surface-container-lower\">\n<td class=\"px-md py-sm font-xsm-bold align-top table-cell w-1\/2\" data-testid=\"table-factsheet-key\">Acabamento<\/td>\n<td class=\"px-md py-sm font-xsm-regular list-item w-full align-top\">Pintura U.V<\/td>\n<\/tr>\n<tr class=\"text-on-surface-3 even:bg-surface-container-lower\">\n<td class=\"px-md py-sm font-xsm-bold align-top table-cell w-1\/2\" data-testid=\"table-factsheet-key\">Ambiente<\/td>\n<td class=\"px-md py-sm font-xsm-regular list-item w-full align-top\">Cozinha<\/td>\n<\/tr>\n<tr class=\"text-on-surface-3 even:bg-surface-container-lower\">\n<td class=\"px-md py-sm font-xsm-bold align-top table-cell w-1\/2\" data-testid=\"table-factsheet-key\">Cor<\/td>\n<td class=\"px-md py-sm font-xsm-regular list-item w-full align-top\">Cinamomo Grafite<\/td>\n<\/tr>\n<tr class=\"text-on-surface-3 even:bg-surface-container-lower\">\n<td class=\"px-md py-sm font-xsm-bold align-top table-cell w-1\/2\" data-testid=\"table-factsheet-key\">Dimens\u00f5es do Produto<\/td>\n<td class=\"px-md py-sm font-xsm-regular list-item w-full align-top\">Altura: 200 cm Largura: 218 cm Profundidade: 45 cm<\/td>\n<\/tr>\n<tr class=\"text-on-surface-3 even:bg-surface-container-lower\">\n<td class=\"px-md py-sm font-xsm-bold align-top table-cell w-1\/2\" data-testid=\"table-factsheet-key\">Estilo do M\u00f3vel<\/td>\n<td class=\"px-md py-sm font-xsm-regular list-item w-full align-top\">Contempor\u00e2neo<\/td>\n<\/tr>\n<tr class=\"text-on-surface-3 even:bg-surface-container-lower\">\n<td class=\"px-md py-sm font-xsm-bold align-top table-cell w-1\/2\" data-testid=\"table-factsheet-key\">Gavetas<\/td>\n<td class=\"px-md py-sm font-xsm-regular list-item w-full align-top\">02 Gavetas com corredi\u00e7as telesc\u00f3picas<\/td>\n<\/tr>\n<tr class=\"text-on-surface-3 even:bg-surface-container-lower\">\n<td class=\"px-md py-sm font-xsm-bold align-top table-cell w-1\/2\" data-testid=\"table-factsheet-key\">Linha<\/td>\n<td class=\"px-md py-sm font-xsm-regular list-item w-full align-top\">Petra<\/td>\n<\/tr>\n<tr class=\"text-on-surface-3 even:bg-surface-container-lower\">\n<td class=\"px-md py-sm font-xsm-bold align-top table-cell w-1\/2\" data-testid=\"table-factsheet-key\">Marca<\/td>\n<td class=\"px-md py-sm font-xsm-regular list-item w-full align-top\"><a class=\"hover:text-interaction-default underline\" href=\"https:\/\/www.magazineluiza.com.br\/marcas\/valdemoveis\/\">Valdem\u00f3veis<\/a><\/td>\n<\/tr>\n<tr class=\"text-on-surface-3 even:bg-surface-container-lower\">\n<td class=\"px-md py-sm font-xsm-bold align-top table-cell w-1\/2\" data-testid=\"table-factsheet-key\">Material da Estrutura<\/td>\n<td class=\"px-md py-sm font-xsm-regular list-item w-full align-top\">MDP\/MDF<\/td>\n<\/tr>\n<tr class=\"text-on-surface-3 even:bg-surface-container-lower\">\n<td class=\"px-md py-sm font-xsm-bold align-top table-cell w-1\/2\" data-testid=\"table-factsheet-key\">Modelo<\/td>\n<td class=\"px-md py-sm font-xsm-regular list-item w-full align-top\">Petra<\/td>\n<\/tr>\n<tr class=\"text-on-surface-3 even:bg-surface-container-lower\">\n<td class=\"px-md py-sm font-xsm-bold align-top table-cell w-1\/2\" data-testid=\"table-factsheet-key\">Prateleiras<\/td>\n<td class=\"px-md py-sm font-xsm-regular list-item w-full align-top\">Prateleiras em MDP\/MDF de 15mm<\/td>\n<\/tr>\n<tr class=\"text-on-surface-3 even:bg-surface-container-lower\">\n<td class=\"px-md py-sm font-xsm-bold align-top table-cell w-1\/2\" data-testid=\"table-factsheet-key\">P\u00e9s<\/td>\n<td class=\"px-md py-sm font-xsm-regular list-item w-full align-top\">Kit 11 P\u00e9s de pl\u00e1stico, com regulagem<\/td>\n<\/tr>\n<tr class=\"text-on-surface-3 even:bg-surface-container-lower\">\n<td class=\"px-md py-sm font-xsm-bold align-top table-cell w-1\/2\" data-testid=\"table-factsheet-key\">Quantidade de Gavetas<\/td>\n<td class=\"px-md py-sm font-xsm-regular list-item w-full align-top\">2<\/td>\n<\/tr>\n<tr class=\"text-on-surface-3 even:bg-surface-container-lower\">\n<td class=\"px-md py-sm font-xsm-bold align-top table-cell w-1\/2\" data-testid=\"table-factsheet-key\">Quantidade de Portas<\/td>\n<td class=\"px-md py-sm font-xsm-regular list-item w-full align-top\">11<\/td>\n<\/tr>\n<tr class=\"text-on-surface-3 even:bg-surface-container-lower\">\n<td class=\"px-md py-sm font-xsm-bold align-top table-cell w-1\/2\" data-testid=\"table-factsheet-key\">Tipo de M\u00f3vel<\/td>\n<td class=\"px-md py-sm font-xsm-regular list-item w-full align-top\">Arm\u00e1rio de Cozinha<\/td>\n<\/tr>\n<\/tbody>\n<\/table>\n<\/div>\n<\/div>\n","protected":false},"excerpt":{"rendered":"<p>Descri\u00e7\u00e3o e ficha t\u00e9cnica C\u00f3digo\u00a0gc8fa78c57 Arm\u00e1rio de Cozinha Petra Cinamomo Grafite &#8211; Valdem\u00f3veis Sua cozinha de cara nova! Apresentamos o elegante e funcional Arm\u00e1rio de Cozinha da linha Petra, a<\/p>\n","protected":false},"featured_media":15148,"comment_status":"open","ping_status":"closed","template":"","meta":[],"product_brand":[],"product_cat":[15],"product_tag":[],"class_list":{"0":"post-15145","1":"product","2":"type-product","3":"status-publish","4":"has-post-thumbnail","6":"product_cat-produtos","7":"product_shipping_class-retirar-no-local","9":"first","10":"instock","11":"shipping-taxable","12":"purchasable","13":"product-type-simple"},"_links":{"self":[{"href":"https:\/\/ambrosioeletro.com.br\/v20\/wp-json\/wp\/v2\/product\/15145","targetHints":{"allow":["GET"]}}],"collection":[{"href":"https:\/\/ambrosioeletro.com.br\/v20\/wp-json\/wp\/v2\/product"}],"about":[{"href":"https:\/\/ambrosioeletro.com.br\/v20\/wp-json\/wp\/v2\/types\/product"}],"replies":[{"embeddable":true,"href":"https:\/\/ambrosioeletro.com.br\/v20\/wp-json\/wp\/v2\/comments?post=15145"}],"wp:featuredmedia":[{"embeddable":true,"href":"https:\/\/ambrosioeletro.com.br\/v20\/wp-json\/wp\/v2\/media\/15148"}],"wp:attachment":[{"href":"https:\/\/ambrosioeletro.com.br\/v20\/wp-json\/wp\/v2\/media?parent=15145"}],"wp:term":[{"taxonomy":"product_brand","embeddable":true,"href":"https:\/\/ambrosioeletro.com.br\/v20\/wp-json\/wp\/v2\/product_brand?post=15145"},{"taxonomy":"product_cat","embeddable":true,"href":"https:\/\/ambrosioeletro.com.br\/v20\/wp-json\/wp\/v2\/product_cat?post=15145"},{"taxonomy":"product_tag","embeddable":true,"href":"https:\/\/ambrosioeletro.com.br\/v20\/wp-json\/wp\/v2\/product_tag?post=15145"}],"curies":[{"name":"wp","href":"https:\/\/api.w.org\/{rel}","templated":true}]}}