{"id":15182,"date":"2026-03-25T17:04:18","date_gmt":"2026-03-25T20:04:18","guid":{"rendered":"https:\/\/ambrosioeletro.com.br\/v20\/?post_type=product&#038;p=15182"},"modified":"2026-03-25T17:04:18","modified_gmt":"2026-03-25T20:04:18","slug":"fruteira-multiuso-porta-2-cestos-belize-notavel-notavel-moveis","status":"publish","type":"product","link":"https:\/\/ambrosioeletro.com.br\/v20\/produto\/fruteira-multiuso-porta-2-cestos-belize-notavel-notavel-moveis\/","title":{"rendered":"Fruteira Multiuso Porta 2 Cestos Belize Not\u00e1vel Not\u00e1vel M\u00f3veis"},"content":{"rendered":"<div class=\"relative px-md overflow-hidden border-on-surface-8 after:pointer-events-none after:absolute after:bottom-[0] after:left-[0] after:h-[72px] after:w-full after:bg-gradient-to-b after:from-[#FFFFFF00] after:to-[#FFFFFF] md:after:content-none md:px-lg max-md:border-b-thin\" data-testid=\"tab-product-detail\">\n<h2 class=\"text-on-surface-2 font-md-bold md:font-title-large-highlight md:mb-md\" data-testid=\"product-details-title\">Descri\u00e7\u00e3o e ficha t\u00e9cnica<\/h2>\n<div data-testid=\"product-detail\">\n<p class=\"mt-2xsm text-on-surface-4 font-xsm-regular\" data-testid=\"product-detail-code\">C\u00f3digo\u00a0aj0a4dd2bk<\/p>\n<div class=\"mt-md font-xsm-regular\" data-testid=\"product-detail-description\">Descri\u00e7\u00e3o Informa\u00e7\u00f5es do Produto Balc\u00e3o Fruteira 1 Porta 1 Gaveta Not\u00e1vel Belize New O Balc\u00e3o Fruteira 1 Porta 1 Gaveta Not\u00e1vel Belize New foi feito pensando na praticidade e agilidade para a sua cozinha. Produzido em MDP, ele possui revestimento UV, que traz mais durabilidade ao produto. Conta com 1 porta e 1 gaveta, al\u00e9m de 1 prateleira para voc\u00ea guardar o que precisar. Seu cesto para frutas \u00e9 o espa\u00e7o ideal para guardar as frutas que voc\u00ea mais gosta. As dobradi\u00e7as do balc\u00e3o fruteira s\u00e3o feitas em a\u00e7o e os p\u00e9s do balc\u00e3o em PVC garantem a estabilidade e resist\u00eancia do m\u00f3vel. N\u00e3o perca essa oportunidade e garanta j\u00e1 o seu! Caracter\u00edsticas: Marca: Not\u00e1vel Modelo: Belize New Mat\u00e9ria-prima: MDP Revestimento: UV Portas: 01 porta Dobradi\u00e7as: Em a\u00e7o Gavetas: 01 gaveta Corredi\u00e7as: Met\u00e1lica gaveta Puxadores: 02 Puxadores em PVC Prateleiras: 01 prateleira Sistema de montagem: Parafusos e minifix P\u00e9s: PVC Peso suportado pelas prateleiras: 5 kg Tampo: N\u00e3o acompanha Dimens\u00f5es: Altura: 89 cm Altura dos p\u00e9s: 0,5 cm Largura: 67 cm Profundidade: 38,1 cm Peso: 20,16 kg Dimens\u00f5es internas das gavetas: Altura: 9 cm Largura: 26,5 cm Profundidade: 32 cm Dimens\u00f5es: Altura: 8,5 cm Largura: 31,2 cm Profundidade: 34 cm Garantia do Fabricante: 03 meses<\/div>\n<\/div>\n<\/div>\n<div class=\"hidden border-on-surface-8 md:px-lg md:block md:py-md\" data-testid=\"tab-product-factsheet\">\n<h2 class=\"text-on-surface-2 font-md-bold md:font-title-large-highlight md:mb-md\" data-testid=\"product-factsheet-title\">Ficha T\u00e9cnica<\/h2>\n<div class=\"pt-2xsm\">\n<table class=\"w-full list-none\" data-testid=\"table-factsheet\">\n<tbody>\n<tr class=\"text-on-surface-3 even:bg-surface-container-lower\">\n<td class=\"px-md py-sm font-xsm-bold align-top table-cell w-1\/2\" data-testid=\"table-factsheet-key\">Dimens\u00f5es do Produto<\/td>\n<td class=\"px-md py-sm font-xsm-regular list-item w-full align-top\">Altura: 89 cm, Largura: 67 cm, Profundidade: 38,1 cm<\/td>\n<\/tr>\n<tr class=\"text-on-surface-3 even:bg-surface-container-lower\">\n<td class=\"px-md py-sm font-xsm-bold align-top table-cell w-1\/2\" data-testid=\"table-factsheet-key\">Elementos da Fruteira<\/td>\n<td class=\"px-md py-sm font-xsm-regular list-item w-full align-top\">1 porta, 1 gaveta, 1 prateleira, cesto para frutas<\/td>\n<\/tr>\n<tr class=\"text-on-surface-3 even:bg-surface-container-lower\">\n<td class=\"px-md py-sm font-xsm-bold align-top table-cell w-1\/2\" data-testid=\"table-factsheet-key\">Marca<\/td>\n<td class=\"px-md py-sm font-xsm-regular list-item w-full align-top\"><a class=\"hover:text-interaction-default underline\" href=\"https:\/\/www.magazineluiza.com.br\/marcas\/notavel\/\">Not\u00e1vel<\/a><\/td>\n<\/tr>\n<tr class=\"text-on-surface-3 even:bg-surface-container-lower\">\n<td class=\"px-md py-sm font-xsm-bold align-top table-cell w-1\/2\" data-testid=\"table-factsheet-key\">Material<\/td>\n<td class=\"px-md py-sm font-xsm-regular list-item w-full align-top\">MDP<\/td>\n<\/tr>\n<tr class=\"text-on-surface-3 even:bg-surface-container-lower\">\n<td class=\"px-md py-sm font-xsm-bold align-top table-cell w-1\/2\" data-testid=\"table-factsheet-key\">Material da Estrutura<\/td>\n<td class=\"px-md py-sm font-xsm-regular list-item w-full align-top\">MDP<\/td>\n<\/tr>\n<tr class=\"text-on-surface-3 even:bg-surface-container-lower\">\n<td class=\"px-md py-sm font-xsm-bold align-top table-cell w-1\/2\" data-testid=\"table-factsheet-key\">Modelo<\/td>\n<td class=\"px-md py-sm font-xsm-regular list-item w-full align-top\">Belize New<\/td>\n<\/tr>\n<tr class=\"text-on-surface-3 even:bg-surface-container-lower\">\n<td class=\"px-md py-sm font-xsm-bold align-top table-cell w-1\/2\" data-testid=\"table-factsheet-key\">Peso Suportado<\/td>\n<td class=\"px-md py-sm font-xsm-regular list-item w-full align-top\">5 kg<\/td>\n<\/tr>\n<tr class=\"text-on-surface-3 even:bg-surface-container-lower\">\n<td class=\"px-md py-sm font-xsm-bold align-top table-cell w-1\/2\" data-testid=\"table-factsheet-key\">Peso do Produto<\/td>\n<td class=\"px-md py-sm font-xsm-regular list-item w-full align-top\">20,16 kg<\/td>\n<\/tr>\n<tr class=\"text-on-surface-3 even:bg-surface-container-lower\">\n<td class=\"px-md py-sm font-xsm-bold align-top table-cell w-1\/2\" data-testid=\"table-factsheet-key\">Prazo de Garantia<\/td>\n<td class=\"px-md py-sm font-xsm-regular list-item w-full align-top\">03 meses<\/td>\n<\/tr>\n<tr class=\"text-on-surface-3 even:bg-surface-container-lower\">\n<td class=\"px-md py-sm font-xsm-bold align-top table-cell w-1\/2\" data-testid=\"table-factsheet-key\">Sistema de Montagem<\/td>\n<td class=\"px-md py-sm font-xsm-regular list-item w-full align-top\">Parafusos e minifix<\/td>\n<\/tr>\n<tr class=\"text-on-surface-3 even:bg-surface-container-lower\">\n<td class=\"px-md py-sm font-xsm-bold align-top table-cell w-1\/2\" data-testid=\"table-factsheet-key\">Tipo de Fruteira<\/td>\n<td class=\"px-md py-sm font-xsm-regular list-item w-full align-top\">Balc\u00e3o Fruteira<\/td>\n<\/tr>\n<\/tbody>\n<\/table>\n<\/div>\n<\/div>\n","protected":false},"excerpt":{"rendered":"<p>Descri\u00e7\u00e3o e ficha t\u00e9cnica C\u00f3digo\u00a0aj0a4dd2bk Descri\u00e7\u00e3o Informa\u00e7\u00f5es do Produto Balc\u00e3o Fruteira 1 Porta 1 Gaveta Not\u00e1vel Belize New O Balc\u00e3o Fruteira 1 Porta 1 Gaveta Not\u00e1vel Belize New foi feito<\/p>\n","protected":false},"featured_media":15184,"comment_status":"open","ping_status":"closed","template":"","meta":[],"product_brand":[],"product_cat":[15],"product_tag":[],"class_list":{"0":"post-15182","1":"product","2":"type-product","3":"status-publish","4":"has-post-thumbnail","6":"product_cat-produtos","7":"product_shipping_class-retirar-no-local","9":"first","10":"instock","11":"shipping-taxable","12":"purchasable","13":"product-type-simple"},"_links":{"self":[{"href":"https:\/\/ambrosioeletro.com.br\/v20\/wp-json\/wp\/v2\/product\/15182","targetHints":{"allow":["GET"]}}],"collection":[{"href":"https:\/\/ambrosioeletro.com.br\/v20\/wp-json\/wp\/v2\/product"}],"about":[{"href":"https:\/\/ambrosioeletro.com.br\/v20\/wp-json\/wp\/v2\/types\/product"}],"replies":[{"embeddable":true,"href":"https:\/\/ambrosioeletro.com.br\/v20\/wp-json\/wp\/v2\/comments?post=15182"}],"wp:featuredmedia":[{"embeddable":true,"href":"https:\/\/ambrosioeletro.com.br\/v20\/wp-json\/wp\/v2\/media\/15184"}],"wp:attachment":[{"href":"https:\/\/ambrosioeletro.com.br\/v20\/wp-json\/wp\/v2\/media?parent=15182"}],"wp:term":[{"taxonomy":"product_brand","embeddable":true,"href":"https:\/\/ambrosioeletro.com.br\/v20\/wp-json\/wp\/v2\/product_brand?post=15182"},{"taxonomy":"product_cat","embeddable":true,"href":"https:\/\/ambrosioeletro.com.br\/v20\/wp-json\/wp\/v2\/product_cat?post=15182"},{"taxonomy":"product_tag","embeddable":true,"href":"https:\/\/ambrosioeletro.com.br\/v20\/wp-json\/wp\/v2\/product_tag?post=15182"}],"curies":[{"name":"wp","href":"https:\/\/api.w.org\/{rel}","templated":true}]}}