{"id":15187,"date":"2026-03-26T08:25:40","date_gmt":"2026-03-26T11:25:40","guid":{"rendered":"https:\/\/ambrosioeletro.com.br\/v20\/?post_type=product&#038;p=15187"},"modified":"2026-03-26T08:25:40","modified_gmt":"2026-03-26T11:25:40","slug":"fogao-itatiaia-5-bocas-automatico-star-new-branco-bivolt","status":"publish","type":"product","link":"https:\/\/ambrosioeletro.com.br\/v20\/produto\/fogao-itatiaia-5-bocas-automatico-star-new-branco-bivolt\/","title":{"rendered":"Fog\u00e3o Itatiaia 5 Bocas Autom\u00e1tico Star New Branco Bivolt"},"content":{"rendered":"<div class=\"relative px-md overflow-hidden border-on-surface-8 after:pointer-events-none after:absolute after:bottom-[0] after:left-[0] after:h-[72px] after:w-full after:bg-gradient-to-b after:from-[#FFFFFF00] after:to-[#FFFFFF] md:after:content-none md:px-lg max-md:border-b-thin\" data-testid=\"tab-product-detail\">\n<h2 class=\"text-on-surface-2 font-md-bold md:font-title-large-highlight md:mb-md\" data-testid=\"product-details-title\">Descri\u00e7\u00e3o e ficha t\u00e9cnica<\/h2>\n<div data-testid=\"product-detail\">\n<p class=\"mt-2xsm text-on-surface-4 font-xsm-regular\" data-testid=\"product-detail-code\">C\u00f3digo\u00a0ccka5aa4a2<\/p>\n<div class=\"mt-md font-xsm-regular\" data-testid=\"product-detail-description\">Fog\u00e3o Itatiaia 5 Bocas Autom\u00e1tico Star New Branco Bivolt<br \/>\nDescubra o Fog\u00e3o Itatiaia 5 Bocas Star New, o eletrodom\u00e9stico que vai transformar sua cozinha e elevar sua experi\u00eancia culin\u00e1ria a um patamar. Desenhado pensando tanto na funcionalidade quanto na eleg\u00e2ncia, este fog\u00e3o \u00e9 a combina\u00e7\u00e3o perfeita de design moderno e tecnologia de ponta. Com 5 bocas, oferece a versatilidade que todo chef amador ou deseja, permitindo que voc\u00ea prepare v\u00e1rias receitas simultaneamente, otimizando seu tempo na cozinha.<\/p>\n<p>O Fog\u00e3o Itatiaia Star New conta com acendimento autom\u00e1tico, proporcionando praticidade e no preparo dos alimentos, al\u00e9m de forno com capacidade ampla, perfeito para assar desde uma simples torta at\u00e9 um banquete para toda a fam\u00edlia e amigos. Sua estrutura robusta, aliada a um acabamento de alto padr\u00e3o, garante um produto dur\u00e1vel e resistente. Ademais, sua limpeza \u00e9 facilitada por revestimentos especiais, tornando o p\u00f3s-uso t\u00e3o prazeroso quanto cozinhar.<\/p>\n<p>Invista no Fog\u00e3o Itatiaia 5 Bocas Star New e fa\u00e7a da sua cozinha um verdadeiro centro gastron\u00f4mico dom\u00e9stico.<\/p>\n<p>Especifica\u00e7\u00f5es T\u00e9cnicas<\/p>\n<p>Modelo: Star New<br \/>\nQuantidade de bocas: 5<br \/>\nAcendimento: Automatico<br \/>\nForno: Amplo<br \/>\nRevestimento do forno: Limpa-facil<br \/>\nPuxador do forno: Aco com design moderno<br \/>\nTrempes: Resistentes com laterais arredondadas<br \/>\nManipulos: Removiveis<br \/>\nSaida de gas: Lado direito<br \/>\nIndicacao de uso: Cozinhas compactas<br \/>\nDiferenciais: Facil de limpar, duravel e resistente<br \/>\nFinalidade: Uso domestico<br \/>\nAltura: 86,3 cm<br \/>\nLargura: 76,3 cm<br \/>\nProfundidade: 54,9 cm<br \/>\nPeso: 22,6 Kg<br \/>\nGarantia: 12 meses<\/p>\n<\/div>\n<\/div>\n<\/div>\n<div class=\"hidden border-on-surface-8 md:px-lg md:block md:py-md\" data-testid=\"tab-product-factsheet\">\n<h2 class=\"text-on-surface-2 font-md-bold md:font-title-large-highlight md:mb-md\" data-testid=\"product-factsheet-title\">Ficha T\u00e9cnica<\/h2>\n<div class=\"pt-2xsm\">\n<table class=\"w-full list-none\" data-testid=\"table-factsheet\">\n<tbody>\n<tr class=\"text-on-surface-3 even:bg-surface-container-lower\">\n<td class=\"px-md py-sm font-xsm-bold align-top table-cell w-1\/2\" data-testid=\"table-factsheet-key\">N\u00famero de Bocas<\/td>\n<td class=\"px-md py-sm font-xsm-regular list-item w-full align-top\">5<\/td>\n<\/tr>\n<tr class=\"text-on-surface-3 even:bg-surface-container-lower\">\n<td class=\"px-md py-sm font-xsm-bold align-top table-cell w-1\/2\" data-testid=\"table-factsheet-key\">Marca<\/td>\n<td class=\"px-md py-sm font-xsm-regular list-item w-full align-top\"><a class=\"hover:text-interaction-default underline\" href=\"https:\/\/www.magazineluiza.com.br\/marcas\/itatiaia\/\">ITATIAIA<\/a><\/td>\n<\/tr>\n<tr class=\"text-on-surface-3 even:bg-surface-container-lower\">\n<td class=\"px-md py-sm font-xsm-bold align-top table-cell w-1\/2\" data-testid=\"table-factsheet-key\">Garantia<\/td>\n<td class=\"px-md py-sm font-xsm-regular list-item w-full align-top\">12<\/td>\n<\/tr>\n<tr class=\"text-on-surface-3 even:bg-surface-container-lower\">\n<td class=\"px-md py-sm font-xsm-bold align-top table-cell w-1\/2\" data-testid=\"table-factsheet-key\">Classifica\u00e7\u00e3o INMETRO<\/td>\n<td class=\"px-md py-sm font-xsm-regular list-item w-full align-top\">Isento<\/td>\n<\/tr>\n<tr class=\"text-on-surface-3 even:bg-surface-container-lower\">\n<td class=\"px-md py-sm font-xsm-bold align-top table-cell w-1\/2\" data-testid=\"table-factsheet-key\">Dimens\u00f5es do Produto<\/td>\n<td class=\"px-md py-sm font-xsm-regular list-item w-full align-top\">Altura: 86,3 cm, Largura: 76,3 cm, Profundidade: 54,9 cm<\/td>\n<\/tr>\n<tr class=\"text-on-surface-3 even:bg-surface-container-lower\">\n<td class=\"px-md py-sm font-xsm-bold align-top table-cell w-1\/2\" data-testid=\"table-factsheet-key\">Marca<\/td>\n<td class=\"px-md py-sm font-xsm-regular list-item w-full align-top\"><a class=\"hover:text-interaction-default underline\" href=\"https:\/\/www.magazineluiza.com.br\/marcas\/itatiaia\/\">Itatiaia<\/a><\/td>\n<\/tr>\n<tr class=\"text-on-surface-3 even:bg-surface-container-lower\">\n<td class=\"px-md py-sm font-xsm-bold align-top table-cell w-1\/2\" data-testid=\"table-factsheet-key\">Modelo<\/td>\n<td class=\"px-md py-sm font-xsm-regular list-item w-full align-top\">Star New<\/td>\n<\/tr>\n<tr class=\"text-on-surface-3 even:bg-surface-container-lower\">\n<td class=\"px-md py-sm font-xsm-bold align-top table-cell w-1\/2\" data-testid=\"table-factsheet-key\">Peso do Produto<\/td>\n<td class=\"px-md py-sm font-xsm-regular list-item w-full align-top\">22,6 Kg<\/td>\n<\/tr>\n<tr class=\"text-on-surface-3 even:bg-surface-container-lower\">\n<td class=\"px-md py-sm font-xsm-bold align-top table-cell w-1\/2\" data-testid=\"table-factsheet-key\">Prazo de Garantia<\/td>\n<td class=\"px-md py-sm font-xsm-regular list-item w-full align-top\">12 meses<\/td>\n<\/tr>\n<\/tbody>\n<\/table>\n<\/div>\n<\/div>\n","protected":false},"excerpt":{"rendered":"<p>Descri\u00e7\u00e3o e ficha t\u00e9cnica C\u00f3digo\u00a0ccka5aa4a2 Fog\u00e3o Itatiaia 5 Bocas Autom\u00e1tico Star New Branco Bivolt Descubra o Fog\u00e3o Itatiaia 5 Bocas Star New, o eletrodom\u00e9stico que vai transformar sua cozinha e<\/p>\n","protected":false},"featured_media":15188,"comment_status":"open","ping_status":"closed","template":"","meta":[],"product_brand":[],"product_cat":[15],"product_tag":[],"class_list":{"0":"post-15187","1":"product","2":"type-product","3":"status-publish","4":"has-post-thumbnail","6":"product_cat-produtos","7":"product_shipping_class-retirar-no-local","9":"first","10":"instock","11":"shipping-taxable","12":"purchasable","13":"product-type-simple"},"_links":{"self":[{"href":"https:\/\/ambrosioeletro.com.br\/v20\/wp-json\/wp\/v2\/product\/15187","targetHints":{"allow":["GET"]}}],"collection":[{"href":"https:\/\/ambrosioeletro.com.br\/v20\/wp-json\/wp\/v2\/product"}],"about":[{"href":"https:\/\/ambrosioeletro.com.br\/v20\/wp-json\/wp\/v2\/types\/product"}],"replies":[{"embeddable":true,"href":"https:\/\/ambrosioeletro.com.br\/v20\/wp-json\/wp\/v2\/comments?post=15187"}],"wp:featuredmedia":[{"embeddable":true,"href":"https:\/\/ambrosioeletro.com.br\/v20\/wp-json\/wp\/v2\/media\/15188"}],"wp:attachment":[{"href":"https:\/\/ambrosioeletro.com.br\/v20\/wp-json\/wp\/v2\/media?parent=15187"}],"wp:term":[{"taxonomy":"product_brand","embeddable":true,"href":"https:\/\/ambrosioeletro.com.br\/v20\/wp-json\/wp\/v2\/product_brand?post=15187"},{"taxonomy":"product_cat","embeddable":true,"href":"https:\/\/ambrosioeletro.com.br\/v20\/wp-json\/wp\/v2\/product_cat?post=15187"},{"taxonomy":"product_tag","embeddable":true,"href":"https:\/\/ambrosioeletro.com.br\/v20\/wp-json\/wp\/v2\/product_tag?post=15187"}],"curies":[{"name":"wp","href":"https:\/\/api.w.org\/{rel}","templated":true}]}}