{"id":15222,"date":"2026-03-26T08:52:45","date_gmt":"2026-03-26T11:52:45","guid":{"rendered":"https:\/\/ambrosioeletro.com.br\/v20\/?post_type=product&#038;p=15222"},"modified":"2026-04-17T16:29:20","modified_gmt":"2026-04-17T19:29:20","slug":"guarda-roupa-com-6-portas-e-2-gavetas-freijo-off-white-nt5130-notavel-moveis","status":"publish","type":"product","link":"https:\/\/ambrosioeletro.com.br\/v20\/produto\/guarda-roupa-com-6-portas-e-2-gavetas-freijo-off-white-nt5130-notavel-moveis\/","title":{"rendered":"Guarda-Roupa com 6 Portas e 2 Gavetas Freij\u00f3 Off White NT5130 Not\u00e1vel M\u00f3veis"},"content":{"rendered":"<div class=\"relative px-md overflow-hidden border-on-surface-8 after:pointer-events-none after:absolute after:bottom-[0] after:left-[0] after:h-[72px] after:w-full after:bg-gradient-to-b after:from-[#FFFFFF00] after:to-[#FFFFFF] md:after:content-none md:px-lg max-md:border-b-thin\" data-testid=\"tab-product-detail\">\n<h2 class=\"text-on-surface-2 font-md-bold md:font-title-large-highlight md:mb-md\" data-testid=\"product-details-title\">Descri\u00e7\u00e3o e ficha t\u00e9cnica<\/h2>\n<div data-testid=\"product-detail\">\n<p class=\"mt-2xsm text-on-surface-4 font-xsm-regular\" data-testid=\"product-detail-code\">C\u00f3digo\u00a0kg1k5fefgg<\/p>\n<div class=\"mt-md font-xsm-regular\" data-testid=\"product-detail-description\">\n<p>Buscando um visual mais clean para o seu quarto? Ent\u00e3o o Guarda-Roupa NT 5130 \u00e9 o m\u00f3vel que voc\u00ea procura. Com 4 prateleiras internas e 2 cabideiros, ele possui um amplo espa\u00e7o interno, al\u00e9m das 2 gavetas com corredi\u00e7as met\u00e1licas. \u00c9 o m\u00f3vel certo para atender as suas necessidades.<\/p>\n<p>Caracter\u00edsticas T\u00e9cnicas:<\/p>\n<p>Altura: 1,88m<\/p>\n<p>Largura: 1,61m<\/p>\n<p>Profundidade: 43,7cm<\/p>\n<p>Peso do Produto (Kg): 80<\/p>\n<p>Peso Suportado (Kg): 46<\/p>\n<p>Espessura: 12 e 15 mm<\/p>\n<p>Cor Predominante: Freij\u00f3 e Off White<\/p>\n<p>Material Principal: MDP<\/p>\n<p>Acabamento do produto: Fosco e Brilho<\/p>\n<p>Possui Manual de Instru\u00e7\u00f5es: Sim<\/p>\n<p>Quantidade de Portas: 6<\/p>\n<p>Tipo de Porta: Articulada<\/p>\n<p>Material das Dobradi\u00e7as: Metal Curva<\/p>\n<p>Gavetas com Corredi\u00e7as Met\u00e1licas<\/p>\n<p>Quantidade de Prateleiras: 2<\/p>\n<p>Material do Puxador: PVC cromado<\/p>\n<p>Tipo dos P\u00e9s: Fixo<\/p>\n<p>Material dos P\u00e9s: Pl\u00e1stico<\/p>\n<p>Quantidade de Gavetas: 2<\/p>\n<p>Material da Corredi\u00e7a: Corredi\u00e7a Met\u00e1lica<\/p>\n<p>Dias de Garantia do Produto: 90 Dias contra defeito de fabrica\u00e7\u00e3o<\/p>\n<p>Grau de Dificuldade de Montagem: M\u00e9dio<\/p>\n<p>Voc\u00ea Receber\u00e1 esse produto em: 2 Volumes<\/p>\n<p>RECOMENDA\u00c7\u00c3O:<\/p>\n<p>Para maior durabilidade, recomenda-se que a limpeza seja feita com pano limpo e levemente umedecido em \u00e1gua e sab\u00e3o neutro. Em seguida, dever\u00e1 ser passado um pano limpo e seco.<\/p>\n<p>MONTAGEM E ENTREGA:<\/p>\n<p>N\u00e3o oferecemos montagem. Os nossos m\u00f3veis s\u00e3o entregues desmontados e todos acompanham manual com instru\u00e7\u00f5es de montagem.<\/p>\n<p>Sempre verifique o n\u00edvel de complexidade de montagem e em caso de d\u00favida n\u00e3o monte sozinho (a), contrate um profissional<\/p>\n<p>Nos responsabilizamos pela entrega dos produtos adquiridos at\u00e9 a porta de entrada ou portaria do endere\u00e7o indicado, se a portaria do condom\u00ednio permitir, as entregas s\u00e3o efetuadas no piso t\u00e9rreo e \u00e9 de responsabilidade do cliente a locomo\u00e7\u00e3o da mercadoria at\u00e9 seu apartamento ou casa. As transportadoras n\u00e3o est\u00e3o autorizadas a subir escadas, elevadores ou realizar o i\u00e7amento de produto.<\/p>\n<p>IMAGENS:<\/p>\n<p>As imagens ambientadas s\u00e3o meramente ilustrativas e podem apresentar itens que n\u00e3o comp\u00f5e o produto.<\/p>\n<p>Objetos decorativos da imagem n\u00e3o acompanham o produto.<\/p>\n<p>As cores do produto podem sofrer varia\u00e7\u00e3o de acordo com o seu monitor a ilumina\u00e7\u00e3o do seu ambiente ou sua percep\u00e7\u00e3o visual.<\/p>\n<\/div>\n<\/div>\n<\/div>\n<div class=\"hidden border-on-surface-8 md:px-lg md:block md:py-md\" data-testid=\"tab-product-factsheet\">\n<h2 class=\"text-on-surface-2 font-md-bold md:font-title-large-highlight md:mb-md\" data-testid=\"product-factsheet-title\">Ficha T\u00e9cnica<\/h2>\n<div class=\"pt-2xsm\">\n<table class=\"w-full list-none\" data-testid=\"table-factsheet\">\n<tbody>\n<tr class=\"text-on-surface-3 even:bg-surface-container-lower\">\n<td class=\"px-md py-sm font-xsm-bold align-top table-cell w-1\/2\" data-testid=\"table-factsheet-key\">Altura do Produto (cm)<\/td>\n<td class=\"px-md py-sm font-xsm-regular list-item w-full align-top\">188<\/td>\n<\/tr>\n<tr class=\"text-on-surface-3 even:bg-surface-container-lower\">\n<td class=\"px-md py-sm font-xsm-bold align-top table-cell w-1\/2\" data-testid=\"table-factsheet-key\">Altura do Produto com Embalagem (cm)<\/td>\n<td class=\"px-md py-sm font-xsm-regular list-item w-full align-top\">12<\/td>\n<\/tr>\n<tr class=\"text-on-surface-3 even:bg-surface-container-lower\">\n<td class=\"px-md py-sm font-xsm-bold align-top table-cell w-1\/2\" data-testid=\"table-factsheet-key\">Comprimento do Produto (cm)<\/td>\n<td class=\"px-md py-sm font-xsm-regular list-item w-full align-top\">43.7<\/td>\n<\/tr>\n<tr class=\"text-on-surface-3 even:bg-surface-container-lower\">\n<td class=\"px-md py-sm font-xsm-bold align-top table-cell w-1\/2\" data-testid=\"table-factsheet-key\">Comprimento Produto Com Embalagem (cm)<\/td>\n<td class=\"px-md py-sm font-xsm-regular list-item w-full align-top\">189<\/td>\n<\/tr>\n<tr class=\"text-on-surface-3 even:bg-surface-container-lower\">\n<td class=\"px-md py-sm font-xsm-bold align-top table-cell w-1\/2\" data-testid=\"table-factsheet-key\">Cor<\/td>\n<td class=\"px-md py-sm font-xsm-regular list-item w-full align-top\">Freij\u00f3\/Off White<\/td>\n<\/tr>\n<tr class=\"text-on-surface-3 even:bg-surface-container-lower\">\n<td class=\"px-md py-sm font-xsm-bold align-top table-cell w-1\/2\" data-testid=\"table-factsheet-key\">Descri\u00e7\u00e3o do Tamanho<\/td>\n<td class=\"px-md py-sm font-xsm-regular list-item w-full align-top\">Altura: 1,88m Largura: 1,61m Profundidade: 43,7cm Peso do Produto (Kg): 80<\/td>\n<\/tr>\n<tr class=\"text-on-surface-3 even:bg-surface-container-lower\">\n<td class=\"px-md py-sm font-xsm-bold align-top table-cell w-1\/2\" data-testid=\"table-factsheet-key\">Largura do Produto (cm)<\/td>\n<td class=\"px-md py-sm font-xsm-regular list-item w-full align-top\">161<\/td>\n<\/tr>\n<tr class=\"text-on-surface-3 even:bg-surface-container-lower\">\n<td class=\"px-md py-sm font-xsm-bold align-top table-cell w-1\/2\" data-testid=\"table-factsheet-key\">Largura Produto Com Embalagem (cm)<\/td>\n<td class=\"px-md py-sm font-xsm-regular list-item w-full align-top\">43.5<\/td>\n<\/tr>\n<tr class=\"text-on-surface-3 even:bg-surface-container-lower\">\n<td class=\"px-md py-sm font-xsm-bold align-top table-cell w-1\/2\" data-testid=\"table-factsheet-key\">Material para Filtro<\/td>\n<td class=\"px-md py-sm font-xsm-regular list-item w-full align-top\">MDP<\/td>\n<\/tr>\n<tr class=\"text-on-surface-3 even:bg-surface-container-lower\">\n<td class=\"px-md py-sm font-xsm-bold align-top table-cell w-1\/2\" data-testid=\"table-factsheet-key\">Peso do Produto (Kg)<\/td>\n<td class=\"px-md py-sm font-xsm-regular list-item w-full align-top\">82.5<\/td>\n<\/tr>\n<tr class=\"text-on-surface-3 even:bg-surface-container-lower\">\n<td class=\"px-md py-sm font-xsm-bold align-top table-cell w-1\/2\" data-testid=\"table-factsheet-key\">Peso Produto Com Embalagem (Kg)<\/td>\n<td class=\"px-md py-sm font-xsm-regular list-item w-full align-top\">82.5<\/td>\n<\/tr>\n<tr class=\"text-on-surface-3 even:bg-surface-container-lower\">\n<td class=\"px-md py-sm font-xsm-bold align-top table-cell w-1\/2\" data-testid=\"table-factsheet-key\">Principais Caracter\u00edsticas do Produto (bullet_point#0)<\/td>\n<td class=\"px-md py-sm font-xsm-regular list-item w-full align-top\">MDP<\/td>\n<\/tr>\n<tr class=\"text-on-surface-3 even:bg-surface-container-lower\">\n<td class=\"px-md py-sm font-xsm-bold align-top table-cell w-1\/2\" data-testid=\"table-factsheet-key\">Principais Caracter\u00edsticas do Produto (bullet_point#2)<\/td>\n<td class=\"px-md py-sm font-xsm-regular list-item w-full align-top\">Branco<\/td>\n<\/tr>\n<tr class=\"text-on-surface-3 even:bg-surface-container-lower\">\n<td class=\"px-md py-sm font-xsm-bold align-top table-cell w-1\/2\" data-testid=\"table-factsheet-key\">Principais Caracter\u00edsticas do Produto (bullet_point#3)<\/td>\n<td class=\"px-md py-sm font-xsm-regular list-item w-full align-top\">Guarda-Roupa<\/td>\n<\/tr>\n<tr class=\"text-on-surface-3 even:bg-surface-container-lower\">\n<td class=\"px-md py-sm font-xsm-bold align-top table-cell w-1\/2\" data-testid=\"table-factsheet-key\">supplier_declared_dg_hz_regulation<\/td>\n<td class=\"px-md py-sm font-xsm-regular list-item w-full align-top\">not aplicable<\/td>\n<\/tr>\n<tr class=\"text-on-surface-3 even:bg-surface-container-lower\">\n<td class=\"px-md py-sm font-xsm-bold align-top table-cell w-1\/2\" data-testid=\"table-factsheet-key\">Acabamento<\/td>\n<td class=\"px-md py-sm font-xsm-regular list-item w-full align-top\">Fosco e Brilho<\/td>\n<\/tr>\n<tr class=\"text-on-surface-3 even:bg-surface-container-lower\">\n<td class=\"px-md py-sm font-xsm-bold align-top table-cell w-1\/2\" data-testid=\"table-factsheet-key\">Complexidade de Montagem<\/td>\n<td class=\"px-md py-sm font-xsm-regular list-item w-full align-top\">M\u00e9dio<\/td>\n<\/tr>\n<tr class=\"text-on-surface-3 even:bg-surface-container-lower\">\n<td class=\"px-md py-sm font-xsm-bold align-top table-cell w-1\/2\" data-testid=\"table-factsheet-key\">Cor<\/td>\n<td class=\"px-md py-sm font-xsm-regular list-item w-full align-top\">Freij\u00f3\/Off White<\/td>\n<\/tr>\n<tr class=\"text-on-surface-3 even:bg-surface-container-lower\">\n<td class=\"px-md py-sm font-xsm-bold align-top table-cell w-1\/2\" data-testid=\"table-factsheet-key\">Dimens\u00f5es do Produto<\/td>\n<td class=\"px-md py-sm font-xsm-regular list-item w-full align-top\">Altura: 1,88m Largura: 1,61m Profundidade: 43,7cm<\/td>\n<\/tr>\n<tr class=\"text-on-surface-3 even:bg-surface-container-lower\">\n<td class=\"px-md py-sm font-xsm-bold align-top table-cell w-1\/2\" data-testid=\"table-factsheet-key\">Gavetas<\/td>\n<td class=\"px-md py-sm font-xsm-regular list-item w-full align-top\">2<\/td>\n<\/tr>\n<tr class=\"text-on-surface-3 even:bg-surface-container-lower\">\n<td class=\"px-md py-sm font-xsm-bold align-top table-cell w-1\/2\" data-testid=\"table-factsheet-key\">Marca<\/td>\n<td class=\"px-md py-sm font-xsm-regular list-item w-full align-top\"><a class=\"hover:text-interaction-default underline\" href=\"https:\/\/www.magazineluiza.com.br\/marcas\/notavel-moveis\/\">Not\u00e1vel M\u00f3veis<\/a><\/td>\n<\/tr>\n<tr class=\"text-on-surface-3 even:bg-surface-container-lower\">\n<td class=\"px-md py-sm font-xsm-bold align-top table-cell w-1\/2\" data-testid=\"table-factsheet-key\">Material da Estrutura<\/td>\n<td class=\"px-md py-sm font-xsm-regular list-item w-full align-top\">MDP<\/td>\n<\/tr>\n<tr class=\"text-on-surface-3 even:bg-surface-container-lower\">\n<td class=\"px-md py-sm font-xsm-bold align-top table-cell w-1\/2\" data-testid=\"table-factsheet-key\">Modelo<\/td>\n<td class=\"px-md py-sm font-xsm-regular list-item w-full align-top\">NT5130<\/td>\n<\/tr>\n<tr class=\"text-on-surface-3 even:bg-surface-container-lower\">\n<td class=\"px-md py-sm font-xsm-bold align-top table-cell w-1\/2\" data-testid=\"table-factsheet-key\">Peso do Produto<\/td>\n<td class=\"px-md py-sm font-xsm-regular list-item w-full align-top\">80<\/td>\n<\/tr>\n<tr class=\"text-on-surface-3 even:bg-surface-container-lower\">\n<td class=\"px-md py-sm font-xsm-bold align-top table-cell w-1\/2\" data-testid=\"table-factsheet-key\">Peso do Produto com Embalagem<\/td>\n<td class=\"px-md py-sm font-xsm-regular list-item w-full align-top\">82.5<\/td>\n<\/tr>\n<tr class=\"text-on-surface-3 even:bg-surface-container-lower\">\n<td class=\"px-md py-sm font-xsm-bold align-top table-cell w-1\/2\" data-testid=\"table-factsheet-key\">Portas<\/td>\n<td class=\"px-md py-sm font-xsm-regular list-item w-full align-top\">6<\/td>\n<\/tr>\n<tr class=\"text-on-surface-3 even:bg-surface-container-lower\">\n<td class=\"px-md py-sm font-xsm-bold align-top table-cell w-1\/2\" data-testid=\"table-factsheet-key\">Prateleiras<\/td>\n<td class=\"px-md py-sm font-xsm-regular list-item w-full align-top\">4<\/td>\n<\/tr>\n<tr class=\"text-on-surface-3 even:bg-surface-container-lower\">\n<td class=\"px-md py-sm font-xsm-bold align-top table-cell w-1\/2\" data-testid=\"table-factsheet-key\">Prazo de Garantia<\/td>\n<td class=\"px-md py-sm font-xsm-regular list-item w-full align-top\">90 Dias<\/td>\n<\/tr>\n<tr class=\"text-on-surface-3 even:bg-surface-container-lower\">\n<td class=\"px-md py-sm font-xsm-bold align-top table-cell w-1\/2\" data-testid=\"table-factsheet-key\">P\u00e9s<\/td>\n<td class=\"px-md py-sm font-xsm-regular list-item w-full align-top\">Pl\u00e1stico<\/td>\n<\/tr>\n<tr class=\"text-on-surface-3 even:bg-surface-container-lower\">\n<td class=\"px-md py-sm font-xsm-bold align-top table-cell w-1\/2\" data-testid=\"table-factsheet-key\">Quantidade de Gavetas<\/td>\n<td class=\"px-md py-sm font-xsm-regular list-item w-full align-top\">2<\/td>\n<\/tr>\n<tr class=\"text-on-surface-3 even:bg-surface-container-lower\">\n<td class=\"px-md py-sm font-xsm-bold align-top table-cell w-1\/2\" data-testid=\"table-factsheet-key\">Refer\u00eancia<\/td>\n<td class=\"px-md py-sm font-xsm-regular list-item w-full align-top\">NT5130<\/td>\n<\/tr>\n<tr class=\"text-on-surface-3 even:bg-surface-container-lower\">\n<td class=\"px-md py-sm font-xsm-bold align-top table-cell w-1\/2\" data-testid=\"table-factsheet-key\">Tipo de M\u00f3vel<\/td>\n<td class=\"px-md py-sm font-xsm-regular list-item w-full align-top\">Guarda-Roupa<\/td>\n<\/tr>\n<tr class=\"text-on-surface-3 even:bg-surface-container-lower\">\n<td class=\"px-md py-sm font-xsm-bold align-top table-cell w-1\/2\" data-testid=\"table-factsheet-key\">Tipo de Portas<\/td>\n<td class=\"px-md py-sm font-xsm-regular list-item w-full align-top\">Articulada<\/td>\n<\/tr>\n<tr class=\"text-on-surface-3 even:bg-surface-container-lower\">\n<td class=\"px-md py-sm font-xsm-bold align-top table-cell w-1\/2\" data-testid=\"table-factsheet-key\">Tipo de P\u00e9s<\/td>\n<td class=\"px-md py-sm font-xsm-regular list-item w-full align-top\">Fixo<\/td>\n<\/tr>\n<\/tbody>\n<\/table>\n<\/div>\n<\/div>\n","protected":false},"excerpt":{"rendered":"<p>Descri\u00e7\u00e3o e ficha t\u00e9cnica C\u00f3digo\u00a0kg1k5fefgg Buscando um visual mais clean para o seu quarto? Ent\u00e3o o Guarda-Roupa NT 5130 \u00e9 o m\u00f3vel que voc\u00ea procura. Com 4 prateleiras internas e<\/p>\n","protected":false},"featured_media":15226,"comment_status":"open","ping_status":"closed","template":"","meta":[],"product_brand":[],"product_cat":[15],"product_tag":[],"class_list":{"0":"post-15222","1":"product","2":"type-product","3":"status-publish","4":"has-post-thumbnail","6":"product_cat-produtos","7":"product_shipping_class-retirar-no-local","9":"first","10":"instock","11":"shipping-taxable","12":"purchasable","13":"product-type-simple"},"_links":{"self":[{"href":"https:\/\/ambrosioeletro.com.br\/v20\/wp-json\/wp\/v2\/product\/15222","targetHints":{"allow":["GET"]}}],"collection":[{"href":"https:\/\/ambrosioeletro.com.br\/v20\/wp-json\/wp\/v2\/product"}],"about":[{"href":"https:\/\/ambrosioeletro.com.br\/v20\/wp-json\/wp\/v2\/types\/product"}],"replies":[{"embeddable":true,"href":"https:\/\/ambrosioeletro.com.br\/v20\/wp-json\/wp\/v2\/comments?post=15222"}],"wp:featuredmedia":[{"embeddable":true,"href":"https:\/\/ambrosioeletro.com.br\/v20\/wp-json\/wp\/v2\/media\/15226"}],"wp:attachment":[{"href":"https:\/\/ambrosioeletro.com.br\/v20\/wp-json\/wp\/v2\/media?parent=15222"}],"wp:term":[{"taxonomy":"product_brand","embeddable":true,"href":"https:\/\/ambrosioeletro.com.br\/v20\/wp-json\/wp\/v2\/product_brand?post=15222"},{"taxonomy":"product_cat","embeddable":true,"href":"https:\/\/ambrosioeletro.com.br\/v20\/wp-json\/wp\/v2\/product_cat?post=15222"},{"taxonomy":"product_tag","embeddable":true,"href":"https:\/\/ambrosioeletro.com.br\/v20\/wp-json\/wp\/v2\/product_tag?post=15222"}],"curies":[{"name":"wp","href":"https:\/\/api.w.org\/{rel}","templated":true}]}}