{"id":15233,"date":"2026-03-26T09:06:25","date_gmt":"2026-03-26T12:06:25","guid":{"rendered":"https:\/\/ambrosioeletro.com.br\/v20\/?post_type=product&#038;p=15233"},"modified":"2026-04-16T17:40:26","modified_gmt":"2026-04-16T20:40:26","slug":"cozinha-valenca-4-pecas-salleto","status":"publish","type":"product","link":"https:\/\/ambrosioeletro.com.br\/v20\/produto\/cozinha-valenca-4-pecas-salleto\/","title":{"rendered":"Cozinha Val\u00eancia 4 Pe\u00e7as- Sall\u00eato"},"content":{"rendered":"<h1><strong>Cozinha Valen\u00e7a 4 Pe\u00e7as \u2013 Transforme Sua Cozinha em um Espa\u00e7o Elegante e Organizado!<\/strong><\/h1>\n<h2>A\u00a0<strong>Cozinha Valen\u00e7a<\/strong>\u00a0\u00e9 a escolha ideal para quem busca funcionalidade e estilo em um s\u00f3 lugar.<\/h2>\n<p>Com um design harmonioso e recursos inteligentes, este conjunto de 4 pe\u00e7as garante que sua cozinha se mantenha organizada e moderna, otimizando cada cent\u00edmetro do espa\u00e7o dispon\u00edvel.<\/p>\n<h3>Caracter\u00edsticas:<\/h3>\n<ul>\n<li><strong>Estrutura em MDP e Fundos em MDF<\/strong>: Materiais de alta\u00a0<strong>resist\u00eancia<\/strong>\u00a0e\u00a0<strong>durabilidade<\/strong>, assegurando um m\u00f3vel robusto e confi\u00e1vel.<\/li>\n<li><strong>Painel de 15 mm de Espessura<\/strong>: Oferece\u00a0<strong>maior durabilidade<\/strong>\u00a0e\u00a0<strong>resist\u00eancia<\/strong>, ideal para o uso di\u00e1rio.<\/li>\n<li><strong>P\u00e9s com Regulagem de Altura<\/strong>: Permitem\u00a0<strong>ajustar o m\u00f3vel ao piso<\/strong>, garantindo\u00a0<strong>estabilidade<\/strong>\u00a0e facilitando a limpeza.<\/li>\n<li><strong>Paneleiro com Nichos para Micro-ondas ou Forno El\u00e9trico<\/strong>: Maximiza o uso do espa\u00e7o e torna o ambiente mais\u00a0<strong>funcional<\/strong>.<\/li>\n<li><strong>Balc\u00e3o com Maior Profundidade<\/strong>: Ideal para\u00a0<strong>armazenar mantimentos<\/strong>\u00a0e utens\u00edlios de maneira organizada e acess\u00edvel.<\/li>\n<li><strong>Arm\u00e1rio A\u00e9reo Triplo<\/strong>: Oferece\u00a0<strong>amplo espa\u00e7o interno<\/strong>\u00a0com prateleiras, perfeito para organizar e armazenar itens de forma pr\u00e1tica.<\/li>\n<li><strong>Portas de 15 mm com Dobradi\u00e7as Met\u00e1licas<\/strong>: Garantem\u00a0<strong>durabilidade<\/strong>\u00a0e\u00a0<strong>suavidade<\/strong>\u00a0ao abrir e fechar.<\/li>\n<li><strong>A\u00e9reo de Geladeira Compacto<\/strong>: Com\u00a0<strong>porta basculante e pist\u00e3o a g\u00e1s<\/strong>, proporciona uma\u00a0<strong>abertura e fechamento suaves<\/strong>, ideal para otimizar o espa\u00e7o e guardar utens\u00edlios com\u00a0<strong>mais seguran\u00e7a<\/strong>.<\/li>\n<\/ul>\n<p><strong>A Cozinha Valen\u00e7a<\/strong>\u00a0\u00e9 perfeita para quem deseja um ambiente\u00a0<strong>moderno<\/strong>\u00a0e\u00a0<strong>organizado<\/strong>, com pe\u00e7as que oferecem\u00a0<strong>estilo<\/strong>\u00a0e\u00a0<strong>funcionalidade<\/strong>. Transforme sua cozinha em um espa\u00e7o eficiente e elegante com este conjunto completo!<\/p>\n<table class=\"cav--c-gusfms cav--c-gusfms-gjkaP-striped-odd cav--c-gusfms-cmVlgk-textAlign-left\">\n<tbody class=\"cav--c-dKpJQB\">\n<tr>\n<td class=\"cav--c-difWUU\"><strong><span class=\"cav--c-gNPphv cav--c-gNPphv-hyvuql-weight-bold\">Altura (cm)<\/span><\/strong><\/td>\n<td class=\"cav--c-difWUU\">200 cm<\/td>\n<\/tr>\n<tr>\n<td class=\"cav--c-difWUU\"><strong><span class=\"cav--c-gNPphv cav--c-gNPphv-hyvuql-weight-bold\">Largura (cm)<\/span><\/strong><\/td>\n<td class=\"cav--c-difWUU\">248 cm<\/td>\n<\/tr>\n<tr>\n<td class=\"cav--c-difWUU\"><strong><span class=\"cav--c-gNPphv cav--c-gNPphv-hyvuql-weight-bold\">Profundidade (cm)<\/span><\/strong><\/td>\n<td class=\"cav--c-difWUU\">36,5 cm<\/td>\n<\/tr>\n<\/tbody>\n<\/table>\n<p><strong>Imagens meramente ilustrativas! Objetos de decora\u00e7\u00e3o n\u00e3o inclusos.<\/strong><\/p>\n","protected":false},"excerpt":{"rendered":"<p>Cozinha Valen\u00e7a 4 Pe\u00e7as \u2013 Transforme Sua Cozinha em um Espa\u00e7o Elegante e Organizado! A\u00a0Cozinha Valen\u00e7a\u00a0\u00e9 a escolha ideal para quem busca funcionalidade e estilo em um s\u00f3 lugar. Com<\/p>\n","protected":false},"featured_media":15234,"comment_status":"open","ping_status":"closed","template":"","meta":[],"product_brand":[],"product_cat":[15],"product_tag":[],"class_list":{"0":"post-15233","1":"product","2":"type-product","3":"status-publish","4":"has-post-thumbnail","6":"product_cat-produtos","7":"product_shipping_class-retirar-no-local","9":"first","10":"instock","11":"shipping-taxable","12":"purchasable","13":"product-type-simple"},"_links":{"self":[{"href":"https:\/\/ambrosioeletro.com.br\/v20\/wp-json\/wp\/v2\/product\/15233","targetHints":{"allow":["GET"]}}],"collection":[{"href":"https:\/\/ambrosioeletro.com.br\/v20\/wp-json\/wp\/v2\/product"}],"about":[{"href":"https:\/\/ambrosioeletro.com.br\/v20\/wp-json\/wp\/v2\/types\/product"}],"replies":[{"embeddable":true,"href":"https:\/\/ambrosioeletro.com.br\/v20\/wp-json\/wp\/v2\/comments?post=15233"}],"wp:featuredmedia":[{"embeddable":true,"href":"https:\/\/ambrosioeletro.com.br\/v20\/wp-json\/wp\/v2\/media\/15234"}],"wp:attachment":[{"href":"https:\/\/ambrosioeletro.com.br\/v20\/wp-json\/wp\/v2\/media?parent=15233"}],"wp:term":[{"taxonomy":"product_brand","embeddable":true,"href":"https:\/\/ambrosioeletro.com.br\/v20\/wp-json\/wp\/v2\/product_brand?post=15233"},{"taxonomy":"product_cat","embeddable":true,"href":"https:\/\/ambrosioeletro.com.br\/v20\/wp-json\/wp\/v2\/product_cat?post=15233"},{"taxonomy":"product_tag","embeddable":true,"href":"https:\/\/ambrosioeletro.com.br\/v20\/wp-json\/wp\/v2\/product_tag?post=15233"}],"curies":[{"name":"wp","href":"https:\/\/api.w.org\/{rel}","templated":true}]}}