{"id":15237,"date":"2026-03-26T09:15:38","date_gmt":"2026-03-26T12:15:38","guid":{"rendered":"https:\/\/ambrosioeletro.com.br\/v20\/?post_type=product&#038;p=15237"},"modified":"2026-03-26T09:15:38","modified_gmt":"2026-03-26T12:15:38","slug":"colchao-inflavel-casal-deluxe-comfort-cinza-bel","status":"publish","type":"product","link":"https:\/\/ambrosioeletro.com.br\/v20\/produto\/colchao-inflavel-casal-deluxe-comfort-cinza-bel\/","title":{"rendered":"Colch\u00e3o Infl\u00e1vel Casal Deluxe Comfort Cinza Bel"},"content":{"rendered":"<h2 class=\"belfix-theme-1-x-specificationTitle\">Especifica\u00e7\u00f5es T\u00e9cnicas<\/h2>\n<div class=\"belfix-theme-1-x-specificationContainer\">\n<ul class=\"belfix-theme-1-x-specificationContainer\">\n<li class=\"belfix-theme-1-x-specificationLine\">\n<div class=\"belfix-theme-1-x-specificationItem\"><img loading=\"lazy\" decoding=\"async\" class=\"belfix-theme-1-x-iconSpecification\" src=\"https:\/\/belfix.vtexassets.com\/arquivos\/icon-specification-capacidade.svg\" width=\"20\" height=\"20\" crossorigin=\"anonymous\" \/><\/div>\n<div class=\"belfix-theme-1-x-specificationName\">Capacidade<\/div>\n<div class=\"belfix-theme-1-x-specificationValue\">2 pessoas<\/div>\n<\/li>\n<li class=\"belfix-theme-1-x-specificationLine\">\n<div class=\"belfix-theme-1-x-specificationItem\"><img loading=\"lazy\" decoding=\"async\" class=\"belfix-theme-1-x-iconSpecification\" src=\"https:\/\/belfix.vtexassets.com\/arquivos\/icon-specification-informacoes-importantes.svg\" width=\"20\" height=\"20\" crossorigin=\"anonymous\" \/><\/div>\n<div class=\"belfix-theme-1-x-specificationName\">Informa\u00e7\u00f5es Importantes<\/div>\n<div class=\"belfix-theme-1-x-specificationValue\">Infle o colch\u00e3o sobre uma superf\u00edcie lisa e livre de objetos pontiagudos, para evitar danos ao material infl\u00e1vel.<\/div>\n<\/li>\n<li class=\"belfix-theme-1-x-specificationLine\">\n<div class=\"belfix-theme-1-x-specificationItem\"><img loading=\"lazy\" decoding=\"async\" class=\"belfix-theme-1-x-iconSpecification\" src=\"https:\/\/belfix.vtexassets.com\/arquivos\/icon-specification-cor.svg\" width=\"20\" height=\"20\" crossorigin=\"anonymous\" \/><\/div>\n<div class=\"belfix-theme-1-x-specificationName\">Cor<\/div>\n<div class=\"belfix-theme-1-x-specificationValue\">Cinza<\/div>\n<\/li>\n<li class=\"belfix-theme-1-x-specificationLine\">\n<div class=\"belfix-theme-1-x-specificationItem\"><img loading=\"lazy\" decoding=\"async\" class=\"belfix-theme-1-x-iconSpecification\" src=\"https:\/\/belfix.vtexassets.com\/arquivos\/icon-specification-modelo.svg\" width=\"20\" height=\"20\" crossorigin=\"anonymous\" \/><\/div>\n<div class=\"belfix-theme-1-x-specificationName\">Modelo<\/div>\n<div class=\"belfix-theme-1-x-specificationValue\">Casal<\/div>\n<\/li>\n<li class=\"belfix-theme-1-x-specificationLine\">\n<div class=\"belfix-theme-1-x-specificationItem\"><img loading=\"lazy\" decoding=\"async\" class=\"belfix-theme-1-x-iconSpecification\" src=\"https:\/\/belfix.vtexassets.com\/arquivos\/icon-specification-dimensoes-aproximadas-montado--c-x-l-x-a-.svg\" width=\"20\" height=\"20\" crossorigin=\"anonymous\" \/><\/div>\n<div class=\"belfix-theme-1-x-specificationName\">Dimens\u00f5es aproximadas montado (C x L x A)<\/div>\n<div class=\"belfix-theme-1-x-specificationValue\">1,91m x 1,37m x 22 cm<\/div>\n<\/li>\n<li class=\"belfix-theme-1-x-specificationLine\">\n<div class=\"belfix-theme-1-x-specificationItem\"><img loading=\"lazy\" decoding=\"async\" class=\"belfix-theme-1-x-iconSpecification\" src=\"https:\/\/belfix.vtexassets.com\/arquivos\/icon-specification-peso-maximo-suportado.svg\" width=\"20\" height=\"20\" crossorigin=\"anonymous\" \/><\/div>\n<div class=\"belfix-theme-1-x-specificationName\">Peso m\u00e1ximo suportado<\/div>\n<div class=\"belfix-theme-1-x-specificationValue\">300 kg<\/div>\n<\/li>\n<li class=\"belfix-theme-1-x-specificationLine\">\n<div class=\"belfix-theme-1-x-specificationItem\"><img loading=\"lazy\" decoding=\"async\" class=\"belfix-theme-1-x-iconSpecification\" src=\"https:\/\/belfix.vtexassets.com\/arquivos\/icon-specification-garantia.svg\" width=\"20\" height=\"20\" crossorigin=\"anonymous\" \/><\/div>\n<div class=\"belfix-theme-1-x-specificationName\">Garantia<\/div>\n<div class=\"belfix-theme-1-x-specificationValue\">3 meses &#8211; para defeitos de fabrica\u00e7\u00e3o<\/div>\n<\/li>\n<li class=\"belfix-theme-1-x-specificationLine\">\n<div class=\"belfix-theme-1-x-specificationItem\"><img loading=\"lazy\" decoding=\"async\" class=\"belfix-theme-1-x-iconSpecification\" src=\"https:\/\/belfix.vtexassets.com\/arquivos\/icon-specification-material.svg\" width=\"20\" height=\"20\" crossorigin=\"anonymous\" \/><\/div>\n<div class=\"belfix-theme-1-x-specificationName\">Material<\/div>\n<div class=\"belfix-theme-1-x-specificationValue\">PVC + Vinil aveludado<\/div>\n<\/li>\n<\/ul>\n<\/div>\n","protected":false},"excerpt":{"rendered":"<p>Especifica\u00e7\u00f5es T\u00e9cnicas Capacidade 2 pessoas Informa\u00e7\u00f5es Importantes Infle o colch\u00e3o sobre uma superf\u00edcie lisa e livre de objetos pontiagudos, para evitar danos ao material infl\u00e1vel. Cor Cinza Modelo Casal Dimens\u00f5es<\/p>\n","protected":false},"featured_media":15240,"comment_status":"open","ping_status":"closed","template":"","meta":[],"product_brand":[],"product_cat":[15],"product_tag":[],"class_list":{"0":"post-15237","1":"product","2":"type-product","3":"status-publish","4":"has-post-thumbnail","6":"product_cat-produtos","7":"product_shipping_class-retirar-no-local","9":"first","10":"instock","11":"shipping-taxable","12":"purchasable","13":"product-type-simple"},"_links":{"self":[{"href":"https:\/\/ambrosioeletro.com.br\/v20\/wp-json\/wp\/v2\/product\/15237","targetHints":{"allow":["GET"]}}],"collection":[{"href":"https:\/\/ambrosioeletro.com.br\/v20\/wp-json\/wp\/v2\/product"}],"about":[{"href":"https:\/\/ambrosioeletro.com.br\/v20\/wp-json\/wp\/v2\/types\/product"}],"replies":[{"embeddable":true,"href":"https:\/\/ambrosioeletro.com.br\/v20\/wp-json\/wp\/v2\/comments?post=15237"}],"wp:featuredmedia":[{"embeddable":true,"href":"https:\/\/ambrosioeletro.com.br\/v20\/wp-json\/wp\/v2\/media\/15240"}],"wp:attachment":[{"href":"https:\/\/ambrosioeletro.com.br\/v20\/wp-json\/wp\/v2\/media?parent=15237"}],"wp:term":[{"taxonomy":"product_brand","embeddable":true,"href":"https:\/\/ambrosioeletro.com.br\/v20\/wp-json\/wp\/v2\/product_brand?post=15237"},{"taxonomy":"product_cat","embeddable":true,"href":"https:\/\/ambrosioeletro.com.br\/v20\/wp-json\/wp\/v2\/product_cat?post=15237"},{"taxonomy":"product_tag","embeddable":true,"href":"https:\/\/ambrosioeletro.com.br\/v20\/wp-json\/wp\/v2\/product_tag?post=15237"}],"curies":[{"name":"wp","href":"https:\/\/api.w.org\/{rel}","templated":true}]}}