{"id":15257,"date":"2026-03-26T09:30:27","date_gmt":"2026-03-26T12:30:27","guid":{"rendered":"https:\/\/ambrosioeletro.com.br\/v20\/?post_type=product&#038;p=15257"},"modified":"2026-03-26T09:30:27","modified_gmt":"2026-03-26T12:30:27","slug":"guarda-roupa-solteiro-4-portas-e-3-gavetas-nt5015-notavel-freijo-com-off-white","status":"publish","type":"product","link":"https:\/\/ambrosioeletro.com.br\/v20\/produto\/guarda-roupa-solteiro-4-portas-e-3-gavetas-nt5015-notavel-freijo-com-off-white\/","title":{"rendered":"Guarda Roupa Solteiro 4 Portas e 3 Gavetas NT5015 Not\u00e1vel Freijo com Off White"},"content":{"rendered":"<p>Descri\u00e7\u00e3o e ficha t\u00e9cnica<br \/>\nC\u00f3digo hc5acaegfe<\/p>\n<p>Guarda Roupa Solteiro 4 Portas e 3 Gavetas NT5015 Not\u00e1vel<\/p>\n<p>Precisando organizar suas roupas e acess\u00f3rios? A op\u00e7\u00e3o ideal \u00e9 o Guarda Roupa Solteiro NT5015 da Not\u00e1vel M\u00f3veis, fabricado em MDP possui 3 gavetas e 3 prateleira para auxiliar na organiza\u00e7\u00e3o.<\/p>\n<p>Caracter\u00edsticas:<br \/>\n4 Portas<br \/>\n3 Gavetas<br \/>\n1 Cabideiro<br \/>\n1 Calceiro<br \/>\n3 Prateleiras<br \/>\nAcabamento acetinado, pintura UV<br \/>\nEstrutura MDP 12 e 15mm<br \/>\nPuxador em PVC<br \/>\nCorredi\u00e7as met\u00e1lica<br \/>\nP\u00e9s quadrados de pl\u00e1stico<\/p>\n<p>Dimens\u00f5es:<br \/>\nAltura: 187 cm<br \/>\nLargura: 161 cm<br \/>\nProfundidade: 43,7 cm<br \/>\nPeso: 81,2 kg<\/p>\n<p>Garantia do fornecedor: 3 meses<br \/>\nFicha T\u00e9cnica<br \/>\nQuantidade de gavetas<br \/>\n3<br \/>\n\u00c9 kit<br \/>\nN\u00e3o<br \/>\nLargura<br \/>\n161 cm<br \/>\nAltura<br \/>\n187 cm<br \/>\nTipos de abertura do guarda-roupas<br \/>\nPorta de dobradi\u00e7a<br \/>\nTamanho do guarda-roupas<br \/>\nSolteiro<br \/>\nModelo<br \/>\nNT5015<br \/>\n\u00c9 inflam\u00e1vel<br \/>\nN\u00e3o<br \/>\nCom portas<br \/>\nSim<br \/>\nGarantia<br \/>\n3 meses<br \/>\nRequere montagem<br \/>\nSim<br \/>\nProfundidade<br \/>\n43.7 cm<br \/>\nIdade<br \/>\nAdultos<br \/>\nQuantidade de portas<br \/>\n4<br \/>\nAcabamento<br \/>\nacetinado, pintura UV<br \/>\nComplexidade de Montagem<br \/>\nSim<br \/>\nCor<br \/>\nFreijo com Off White<br \/>\nDimens\u00f5es do Produto<br \/>\nAltura: 187 cm Largura: 161 cm Profundidade: 43,7 cm<br \/>\nGavetas<br \/>\n3<br \/>\nMarca<br \/>\nNot\u00e1vel<br \/>\nMaterial da Estrutura<br \/>\nMDP<br \/>\nModelo<br \/>\nNT5015<br \/>\nPeso do Produto<br \/>\n81,2 kg<br \/>\nPortas<br \/>\n4<br \/>\nPrateleiras<br \/>\n3<br \/>\nPrazo de Garantia<br \/>\n3 meses<br \/>\nP\u00e9s<br \/>\nquadrados de pl\u00e1stico<br \/>\nQuantidade de Gavetas<br \/>\n3<br \/>\nSistema de Abertura de M\u00f3veis<br \/>\nPorta de dobradi\u00e7a<br \/>\nTamanho do M\u00f3vel<br \/>\nSolteiro<br \/>\nTipo de M\u00f3vel<br \/>\nGuarda-roupa<br \/>\nTipo de P\u00e9s<br \/>\nquadrados de pl\u00e1stico<\/p>\n","protected":false},"excerpt":{"rendered":"<p>Descri\u00e7\u00e3o e ficha t\u00e9cnica C\u00f3digo hc5acaegfe Guarda Roupa Solteiro 4 Portas e 3 Gavetas NT5015 Not\u00e1vel Precisando organizar suas roupas e acess\u00f3rios? A op\u00e7\u00e3o ideal \u00e9 o Guarda Roupa Solteiro<\/p>\n","protected":false},"featured_media":15260,"comment_status":"open","ping_status":"closed","template":"","meta":[],"product_brand":[],"product_cat":[15],"product_tag":[],"class_list":{"0":"post-15257","1":"product","2":"type-product","3":"status-publish","4":"has-post-thumbnail","6":"product_cat-produtos","7":"product_shipping_class-retirar-no-local","9":"first","10":"instock","11":"shipping-taxable","12":"purchasable","13":"product-type-simple"},"_links":{"self":[{"href":"https:\/\/ambrosioeletro.com.br\/v20\/wp-json\/wp\/v2\/product\/15257","targetHints":{"allow":["GET"]}}],"collection":[{"href":"https:\/\/ambrosioeletro.com.br\/v20\/wp-json\/wp\/v2\/product"}],"about":[{"href":"https:\/\/ambrosioeletro.com.br\/v20\/wp-json\/wp\/v2\/types\/product"}],"replies":[{"embeddable":true,"href":"https:\/\/ambrosioeletro.com.br\/v20\/wp-json\/wp\/v2\/comments?post=15257"}],"wp:featuredmedia":[{"embeddable":true,"href":"https:\/\/ambrosioeletro.com.br\/v20\/wp-json\/wp\/v2\/media\/15260"}],"wp:attachment":[{"href":"https:\/\/ambrosioeletro.com.br\/v20\/wp-json\/wp\/v2\/media?parent=15257"}],"wp:term":[{"taxonomy":"product_brand","embeddable":true,"href":"https:\/\/ambrosioeletro.com.br\/v20\/wp-json\/wp\/v2\/product_brand?post=15257"},{"taxonomy":"product_cat","embeddable":true,"href":"https:\/\/ambrosioeletro.com.br\/v20\/wp-json\/wp\/v2\/product_cat?post=15257"},{"taxonomy":"product_tag","embeddable":true,"href":"https:\/\/ambrosioeletro.com.br\/v20\/wp-json\/wp\/v2\/product_tag?post=15257"}],"curies":[{"name":"wp","href":"https:\/\/api.w.org\/{rel}","templated":true}]}}