{"id":15274,"date":"2026-03-26T09:54:29","date_gmt":"2026-03-26T12:54:29","guid":{"rendered":"https:\/\/ambrosioeletro.com.br\/v20\/?post_type=product&#038;p=15274"},"modified":"2026-04-18T09:26:16","modified_gmt":"2026-04-18T12:26:16","slug":"base-box-para-colchao-somie-polar-preto-solteiro-88x188x25","status":"publish","type":"product","link":"https:\/\/ambrosioeletro.com.br\/v20\/produto\/base-box-para-colchao-somie-polar-preto-solteiro-88x188x25\/","title":{"rendered":"BASE BOX PARA COLCHAO SOMIE POLAR PRETO SOLTEIRO 88X188X25"},"content":{"rendered":"<div class=\"relative px-md overflow-hidden border-on-surface-8 after:pointer-events-none after:absolute after:bottom-[0] after:left-[0] after:h-[72px] after:w-full after:bg-gradient-to-b after:from-[#FFFFFF00] after:to-[#FFFFFF] md:after:content-none md:px-lg max-md:border-b-thin\" data-testid=\"tab-product-detail\">\n<div class=\"relative px-md overflow-hidden border-on-surface-8 after:pointer-events-none after:absolute after:bottom-[0] after:left-[0] after:h-[72px] after:w-full after:bg-gradient-to-b after:from-[#FFFFFF00] after:to-[#FFFFFF] md:after:content-none md:px-lg max-md:border-b-thin\" data-testid=\"tab-product-detail\">\n<h2 class=\"text-on-surface-2 font-md-bold md:font-title-large-highlight md:mb-md\" data-testid=\"product-details-title\">Descri\u00e7\u00e3o e ficha t\u00e9cnica<\/h2>\n<div data-testid=\"product-detail\">\n<p class=\"mt-2xsm text-on-surface-4 font-xsm-regular\" data-testid=\"product-detail-code\">C\u00f3digo\u00a0jgbc40jg4h<\/p>\n<div class=\"mt-md font-xsm-regular\" data-testid=\"product-detail-description\">\n<p>Cama Box Base Universal Solteiro Preta (88x188x25) &#8211; PlumatexMarca: Plumatex<\/p>\n<p>Dimens\u00f5es(Cm): Comprimento(Profundidade): 188cm x Largura: 88cm x Altura: 25cm<\/p>\n<p>Caracter\u00edsticas Gerais da Cama Box<br \/>\n&#8211; Faixa Lateral Bordada<br \/>\nCaracter\u00edsticas Internas Cama Box<br \/>\n&#8211; Estrutura de Madeira<br \/>\nForra\u00e7\u00e3o Revestimento da Cama Box<br \/>\n&#8211; Tecido<br \/>\n&#8211; Antiderrapante<br \/>\nSuporte de Peso da Cama Box<br \/>\n&#8211; 150 Kg<br \/>\nAltura da Cama Box com os p\u00e9s<br \/>\n&#8211; 38 cm altura<br \/>\nOutras Vantagens da Cama Box<br \/>\n&#8211; Como Escolher o Colch\u00e3o do seu Conjunto Box<br \/>\n&#8211; Outras Informa\u00e7\u00f5es da Cama Box Base<br \/>\nSobre a Cama Box Base<br \/>\n&#8211; Informa\u00e7\u00f5es da Cama Box Base<br \/>\n&#8211; Vantagens<\/p>\n<p>Tempo de Garantia da Cama Box<br \/>\n&#8211; 3 meses<br \/>\nNossa Avalia\u00e7\u00e3o da Cama Box<br \/>\n&#8211; Qualidade Excelente<\/p>\n<p>Certifica\u00e7\u00e3o de Qualidade<br \/>\n&#8211; Qualidade Aprovada<\/p>\n<p>Imagens Meramente Ilustrativas.<br \/>\nN\u00e3o nos responsabilizamos pela montagem\/instala\u00e7\u00e3o dos produtos.<br \/>\nTodas as informa\u00e7\u00f5es divulgadas s\u00e3o de responsabilidade exclusiva do fabricante\/fornecedor.<\/p>\n<p>&#8211; Verifique com os fabricantes do produto e de seus componentes eventuais limita\u00e7\u00f5es \u00e0 utiliza\u00e7\u00e3o de todos os recursos e funcionalidades<br \/>\n&#8211; Confira as dimens\u00f5es do produto e analise se ir\u00e3o passar normalmente por elevadores, portas, escadas e corredores, pois n\u00e3o nos responsabilizamos caso o produto necessite durante a entrega de: Desmontagem, subir escadas ou ser transportado por guincho, cordas para apartamentos. A entrega limita-se ao descarregamento em local que tenha e ofere\u00e7a total facilidade de acesso normal;<br \/>\n&#8211; S\u00f3 fazemos entregas por transportes rodovi\u00e1rios. N\u00e3o realizamos entregas por transportes fluviais, a\u00e9reos e outros diferente de rodovi\u00e1rio. N\u00e3o realizamos entregas na regi\u00e3o norte: Amap\u00e1, Amazonas, Par\u00e1, Roraima e Acre;<br \/>\n&#8211; Temos \u00e1reas com restri\u00e7\u00e3o e dificuldades que os transportadores rodovi\u00e1rios n\u00e3o atendem. \u00c1rea de dif\u00edcil acesso, \u00e1rea de risco, \u00e1rea rural, \u00e1reas fluviais, estradas n\u00e3o pavimentadas;<br \/>\n&#8211; Sendo assim, caso seu endere\u00e7o esteja em \u00e1rea restrita de entrega, a retirada de sua compra dever\u00e1 ser realizada no CD do transportador ou indicar no momento da compra um endere\u00e7o entrega fora da \u00e1rea restrita;<br \/>\n&#8211; Caso realize pedido com entregas em locais de dif\u00edcil acesso ou \u00e1reas com restri\u00e7\u00e3o e dificuldades que os transportadores e proprio correios n\u00e3o atendem, a compra sera cancelada pela Costa Rica Colch\u00f5es, com a devida comunica\u00e7\u00e3o e estorno do pagamento ao cliente.<\/p>\n<\/div>\n<\/div>\n<\/div>\n<div class=\"hidden border-on-surface-8 md:px-lg md:block md:py-md\" data-testid=\"tab-product-factsheet\">\n<h2 class=\"text-on-surface-2 font-md-bold md:font-title-large-highlight md:mb-md\" data-testid=\"product-factsheet-title\">Ficha T\u00e9cnica<\/h2>\n<div class=\"pt-2xsm\">\n<table class=\"w-full list-none\" data-testid=\"table-factsheet\">\n<tbody>\n<tr class=\"text-on-surface-3 even:bg-surface-container-lower\">\n<td class=\"px-md py-sm font-xsm-bold align-top table-cell w-1\/2\" data-testid=\"table-factsheet-key\">Numeral<\/td>\n<td class=\"px-md py-sm font-xsm-regular list-item w-full align-top\">0<\/td>\n<\/tr>\n<tr class=\"text-on-surface-3 even:bg-surface-container-lower\">\n<td class=\"px-md py-sm font-xsm-bold align-top table-cell w-1\/2\" data-testid=\"table-factsheet-key\">Certifica\u00e7\u00e3o de Qualidade<\/td>\n<td class=\"px-md py-sm font-xsm-regular list-item w-full align-top\">Qualidade Aprovada<\/td>\n<\/tr>\n<tr class=\"text-on-surface-3 even:bg-surface-container-lower\">\n<td class=\"px-md py-sm font-xsm-bold align-top table-cell w-1\/2\" data-testid=\"table-factsheet-key\">Largura<\/td>\n<td class=\"px-md py-sm font-xsm-regular list-item w-full align-top\">88 cm<\/td>\n<\/tr>\n<tr class=\"text-on-surface-3 even:bg-surface-container-lower\">\n<td class=\"px-md py-sm font-xsm-bold align-top table-cell w-1\/2\" data-testid=\"table-factsheet-key\">M3<\/td>\n<td class=\"px-md py-sm font-xsm-regular list-item w-full align-top\">0.41<\/td>\n<\/tr>\n<tr class=\"text-on-surface-3 even:bg-surface-container-lower\">\n<td class=\"px-md py-sm font-xsm-bold align-top table-cell w-1\/2\" data-testid=\"table-factsheet-key\">C\u00f3digo universal de produto (GTIN)<\/td>\n<td class=\"px-md py-sm font-xsm-regular list-item w-full align-top\">7909076367679<\/td>\n<\/tr>\n<tr class=\"text-on-surface-3 even:bg-surface-container-lower\">\n<td class=\"px-md py-sm font-xsm-bold align-top table-cell w-1\/2\" data-testid=\"table-factsheet-key\">Fabricante<\/td>\n<td class=\"px-md py-sm font-xsm-regular list-item w-full align-top\">Plumatex<\/td>\n<\/tr>\n<tr class=\"text-on-surface-3 even:bg-surface-container-lower\">\n<td class=\"px-md py-sm font-xsm-bold align-top table-cell w-1\/2\" data-testid=\"table-factsheet-key\">Categoria &#8211; Pai<\/td>\n<td class=\"px-md py-sm font-xsm-regular list-item w-full align-top\">Base de Cama Box<\/td>\n<\/tr>\n<tr class=\"text-on-surface-3 even:bg-surface-container-lower\">\n<td class=\"px-md py-sm font-xsm-bold align-top table-cell w-1\/2\" data-testid=\"table-factsheet-key\">Volumes<\/td>\n<td class=\"px-md py-sm font-xsm-regular list-item w-full align-top\">1<\/td>\n<\/tr>\n<tr class=\"text-on-surface-3 even:bg-surface-container-lower\">\n<td class=\"px-md py-sm font-xsm-bold align-top table-cell w-1\/2\" data-testid=\"table-factsheet-key\">MPN<\/td>\n<td class=\"px-md py-sm font-xsm-regular list-item w-full align-top\">50451401678<\/td>\n<\/tr>\n<tr class=\"text-on-surface-3 even:bg-surface-container-lower\">\n<td class=\"px-md py-sm font-xsm-bold align-top table-cell w-1\/2\" data-testid=\"table-factsheet-key\">N\u00e3o Possui<\/td>\n<td class=\"px-md py-sm font-xsm-regular list-item w-full align-top\">N\u00e3o<\/td>\n<\/tr>\n<tr class=\"text-on-surface-3 even:bg-surface-container-lower\">\n<td class=\"px-md py-sm font-xsm-bold align-top table-cell w-1\/2\" data-testid=\"table-factsheet-key\">Tempo de Garantia da Cama Box<\/td>\n<td class=\"px-md py-sm font-xsm-regular list-item w-full align-top\">3 meses<\/td>\n<\/tr>\n<tr class=\"text-on-surface-3 even:bg-surface-container-lower\">\n<td class=\"px-md py-sm font-xsm-bold align-top table-cell w-1\/2\" data-testid=\"table-factsheet-key\">Nossa Avalia\u00e7\u00e3o da Cama Box<\/td>\n<td class=\"px-md py-sm font-xsm-regular list-item w-full align-top\">Qualidade Excelente<\/td>\n<\/tr>\n<tr class=\"text-on-surface-3 even:bg-surface-container-lower\">\n<td class=\"px-md py-sm font-xsm-bold align-top table-cell w-1\/2\" data-testid=\"table-factsheet-key\">Condi\u00e7\u00e3o do Item<\/td>\n<td class=\"px-md py-sm font-xsm-regular list-item w-full align-top\">Novo<\/td>\n<\/tr>\n<tr class=\"text-on-surface-3 even:bg-surface-container-lower\">\n<td class=\"px-md py-sm font-xsm-bold align-top table-cell w-1\/2\" data-testid=\"table-factsheet-key\">Sobre a Cama Box Base<\/td>\n<td class=\"px-md py-sm font-xsm-regular list-item w-full align-top\">Informa\u00e7\u00f5es da Cama Box Base<\/td>\n<\/tr>\n<tr class=\"text-on-surface-3 even:bg-surface-container-lower\">\n<td class=\"px-md py-sm font-xsm-bold align-top table-cell w-1\/2\" data-testid=\"table-factsheet-key\">Linha<\/td>\n<td class=\"px-md py-sm font-xsm-regular list-item w-full align-top\">Plumatex<\/td>\n<\/tr>\n<tr class=\"text-on-surface-3 even:bg-surface-container-lower\">\n<td class=\"px-md py-sm font-xsm-bold align-top table-cell w-1\/2\" data-testid=\"table-factsheet-key\">Altura<\/td>\n<td class=\"px-md py-sm font-xsm-regular list-item w-full align-top\">25 cm<\/td>\n<\/tr>\n<tr class=\"text-on-surface-3 even:bg-surface-container-lower\">\n<td class=\"px-md py-sm font-xsm-bold align-top table-cell w-1\/2\" data-testid=\"table-factsheet-key\">Tamanho Cama Colch\u00e3o<\/td>\n<td class=\"px-md py-sm font-xsm-regular list-item w-full align-top\">Solteiro<\/td>\n<\/tr>\n<tr class=\"text-on-surface-3 even:bg-surface-container-lower\">\n<td class=\"px-md py-sm font-xsm-bold align-top table-cell w-1\/2\" data-testid=\"table-factsheet-key\">Tamanho Montado<\/td>\n<td class=\"px-md py-sm font-xsm-regular list-item w-full align-top\">Larg:88.00 x Comp\/Prof:188.00 x Alt: 25.00<\/td>\n<\/tr>\n<tr class=\"text-on-surface-3 even:bg-surface-container-lower\">\n<td class=\"px-md py-sm font-xsm-bold align-top table-cell w-1\/2\" data-testid=\"table-factsheet-key\">Kit<\/td>\n<td class=\"px-md py-sm font-xsm-regular list-item w-full align-top\">0<\/td>\n<\/tr>\n<tr class=\"text-on-surface-3 even:bg-surface-container-lower\">\n<td class=\"px-md py-sm font-xsm-bold align-top table-cell w-1\/2\" data-testid=\"table-factsheet-key\">Peso Cubado<\/td>\n<td class=\"px-md py-sm font-xsm-regular list-item w-full align-top\">103.50<\/td>\n<\/tr>\n<tr class=\"text-on-surface-3 even:bg-surface-container-lower\">\n<td class=\"px-md py-sm font-xsm-bold align-top table-cell w-1\/2\" data-testid=\"table-factsheet-key\">Pa\u00eds de origem<\/td>\n<td class=\"px-md py-sm font-xsm-regular list-item w-full align-top\">Nacional<\/td>\n<\/tr>\n<tr class=\"text-on-surface-3 even:bg-surface-container-lower\">\n<td class=\"px-md py-sm font-xsm-bold align-top table-cell w-1\/2\" data-testid=\"table-factsheet-key\">Outras Vantagens da Cama Box<\/td>\n<td class=\"px-md py-sm font-xsm-regular list-item w-full align-top\">Como Escolher o Colch\u00e3o do seu Conjunto Box<\/td>\n<\/tr>\n<tr class=\"text-on-surface-3 even:bg-surface-container-lower\">\n<td class=\"px-md py-sm font-xsm-bold align-top table-cell w-1\/2\" data-testid=\"table-factsheet-key\">Linha\/Modelo<\/td>\n<td class=\"px-md py-sm font-xsm-regular list-item w-full align-top\">Plumatex<\/td>\n<\/tr>\n<tr class=\"text-on-surface-3 even:bg-surface-container-lower\">\n<td class=\"px-md py-sm font-xsm-bold align-top table-cell w-1\/2\" data-testid=\"table-factsheet-key\">Suporte de Peso da Cama Box<\/td>\n<td class=\"px-md py-sm font-xsm-regular list-item w-full align-top\">150 Kg<\/td>\n<\/tr>\n<tr class=\"text-on-surface-3 even:bg-surface-container-lower\">\n<td class=\"px-md py-sm font-xsm-bold align-top table-cell w-1\/2\" data-testid=\"table-factsheet-key\">Caracter\u00edsticas Internas Cama Box<\/td>\n<td class=\"px-md py-sm font-xsm-regular list-item w-full align-top\">Estrutura de Madeira<\/td>\n<\/tr>\n<tr class=\"text-on-surface-3 even:bg-surface-container-lower\">\n<td class=\"px-md py-sm font-xsm-bold align-top table-cell w-1\/2\" data-testid=\"table-factsheet-key\">Contatos Sac F\u00e1brica<\/td>\n<td class=\"px-md py-sm font-xsm-regular list-item w-full align-top\">www.plumatex.com.br<\/td>\n<\/tr>\n<tr class=\"text-on-surface-3 even:bg-surface-container-lower\">\n<td class=\"px-md py-sm font-xsm-bold align-top table-cell w-1\/2\" data-testid=\"table-factsheet-key\">Peso<\/td>\n<td class=\"px-md py-sm font-xsm-regular list-item w-full align-top\">31.36 Kg<\/td>\n<\/tr>\n<tr class=\"text-on-surface-3 even:bg-surface-container-lower\">\n<td class=\"px-md py-sm font-xsm-bold align-top table-cell w-1\/2\" data-testid=\"table-factsheet-key\">Link Site<\/td>\n<td class=\"px-md py-sm font-xsm-regular list-item w-full align-top\">https:\/\/www.costaricacolchoes.com.br\/produtos\/28119S3471\/<\/td>\n<\/tr>\n<tr class=\"text-on-surface-3 even:bg-surface-container-lower\">\n<td class=\"px-md py-sm font-xsm-bold align-top table-cell w-1\/2\" data-testid=\"table-factsheet-key\">Cor Meli<\/td>\n<td class=\"px-md py-sm font-xsm-regular list-item w-full align-top\">Ciano<\/td>\n<\/tr>\n<tr class=\"text-on-surface-3 even:bg-surface-container-lower\">\n<td class=\"px-md py-sm font-xsm-bold align-top table-cell w-1\/2\" data-testid=\"table-factsheet-key\">Forra\u00e7\u00e3o Revestimento da Cama Box<\/td>\n<td class=\"px-md py-sm font-xsm-regular list-item w-full align-top\">Tecido<\/td>\n<\/tr>\n<tr class=\"text-on-surface-3 even:bg-surface-container-lower\">\n<td class=\"px-md py-sm font-xsm-bold align-top table-cell w-1\/2\" data-testid=\"table-factsheet-key\">Caracter\u00edsticas Gerais da Cama Box<\/td>\n<td class=\"px-md py-sm font-xsm-regular list-item w-full align-top\">Faixa Lateral Bordada<\/td>\n<\/tr>\n<tr class=\"text-on-surface-3 even:bg-surface-container-lower\">\n<td class=\"px-md py-sm font-xsm-bold align-top table-cell w-1\/2\" data-testid=\"table-factsheet-key\">Altura da Cama Box com os p\u00e9s<\/td>\n<td class=\"px-md py-sm font-xsm-regular list-item w-full align-top\">38 cm altura<\/td>\n<\/tr>\n<tr class=\"text-on-surface-3 even:bg-surface-container-lower\">\n<td class=\"px-md py-sm font-xsm-bold align-top table-cell w-1\/2\" data-testid=\"table-factsheet-key\">Comprimento\/Profundidade<\/td>\n<td class=\"px-md py-sm font-xsm-regular list-item w-full align-top\">188 cm<\/td>\n<\/tr>\n<tr class=\"text-on-surface-3 even:bg-surface-container-lower\">\n<td class=\"px-md py-sm font-xsm-bold align-top table-cell w-1\/2\" data-testid=\"table-factsheet-key\">Certifica\u00e7\u00f5es<\/td>\n<td class=\"px-md py-sm font-xsm-regular list-item w-full align-top\">Qualidade Aprovada<\/td>\n<\/tr>\n<tr class=\"text-on-surface-3 even:bg-surface-container-lower\">\n<td class=\"px-md py-sm font-xsm-bold align-top table-cell w-1\/2\" data-testid=\"table-factsheet-key\">Cor<\/td>\n<td class=\"px-md py-sm font-xsm-regular list-item w-full align-top\">Preta<\/td>\n<\/tr>\n<tr class=\"text-on-surface-3 even:bg-surface-container-lower\">\n<td class=\"px-md py-sm font-xsm-bold align-top table-cell w-1\/2\" data-testid=\"table-factsheet-key\">Dimens\u00f5es do Produto<\/td>\n<td class=\"px-md py-sm font-xsm-regular list-item w-full align-top\">Comprimento: 188cm x Largura: 88cm x Altura: 25cm<\/td>\n<\/tr>\n<tr class=\"text-on-surface-3 even:bg-surface-container-lower\">\n<td class=\"px-md py-sm font-xsm-bold align-top table-cell w-1\/2\" data-testid=\"table-factsheet-key\">Dimens\u00f5es do Produto com Embalagem<\/td>\n<td class=\"px-md py-sm font-xsm-regular list-item w-full align-top\">Larg:88.00 x Comp\/Prof:188.00 x Alt: 25.00<\/td>\n<\/tr>\n<tr class=\"text-on-surface-3 even:bg-surface-container-lower\">\n<td class=\"px-md py-sm font-xsm-bold align-top table-cell w-1\/2\" data-testid=\"table-factsheet-key\">Linha<\/td>\n<td class=\"px-md py-sm font-xsm-regular list-item w-full align-top\">Plumatex<\/td>\n<\/tr>\n<tr class=\"text-on-surface-3 even:bg-surface-container-lower\">\n<td class=\"px-md py-sm font-xsm-bold align-top table-cell w-1\/2\" data-testid=\"table-factsheet-key\">Marca<\/td>\n<td class=\"px-md py-sm font-xsm-regular list-item w-full align-top\"><a class=\"hover:text-interaction-default underline\" href=\"https:\/\/www.magazineluiza.com.br\/marcas\/plumatex\/\">Plumatex<\/a><\/td>\n<\/tr>\n<tr class=\"text-on-surface-3 even:bg-surface-container-lower\">\n<td class=\"px-md py-sm font-xsm-bold align-top table-cell w-1\/2\" data-testid=\"table-factsheet-key\">Material da Estrutura<\/td>\n<td class=\"px-md py-sm font-xsm-regular list-item w-full align-top\">Estrutura de Madeira<\/td>\n<\/tr>\n<tr class=\"text-on-surface-3 even:bg-surface-container-lower\">\n<td class=\"px-md py-sm font-xsm-bold align-top table-cell w-1\/2\" data-testid=\"table-factsheet-key\">Peso Suportado por Pessoa<\/td>\n<td class=\"px-md py-sm font-xsm-regular list-item w-full align-top\">150 Kg<\/td>\n<\/tr>\n<tr class=\"text-on-surface-3 even:bg-surface-container-lower\">\n<td class=\"px-md py-sm font-xsm-bold align-top table-cell w-1\/2\" data-testid=\"table-factsheet-key\">Peso do Produto<\/td>\n<td class=\"px-md py-sm font-xsm-regular list-item w-full align-top\">31.36 Kg<\/td>\n<\/tr>\n<tr class=\"text-on-surface-3 even:bg-surface-container-lower\">\n<td class=\"px-md py-sm font-xsm-bold align-top table-cell w-1\/2\" data-testid=\"table-factsheet-key\">Prazo de Garantia<\/td>\n<td class=\"px-md py-sm font-xsm-regular list-item w-full align-top\">3 meses<\/td>\n<\/tr>\n<tr class=\"text-on-surface-3 even:bg-surface-container-lower\">\n<td class=\"px-md py-sm font-xsm-bold align-top table-cell w-1\/2\" data-testid=\"table-factsheet-key\">Revestimento<\/td>\n<td class=\"px-md py-sm font-xsm-regular list-item w-full align-top\">Tecido<\/td>\n<\/tr>\n<tr class=\"text-on-surface-3 even:bg-surface-container-lower\">\n<td class=\"px-md py-sm font-xsm-bold align-top table-cell w-1\/2\" data-testid=\"table-factsheet-key\">SAC do Fornecedor<\/td>\n<td class=\"px-md py-sm font-xsm-regular list-item w-full align-top\">www.plumatex.com.br<\/td>\n<\/tr>\n<tr class=\"text-on-surface-3 even:bg-surface-container-lower\">\n<td class=\"px-md py-sm font-xsm-bold align-top table-cell w-1\/2\" data-testid=\"table-factsheet-key\">Tamanho do Colch\u00e3o<\/td>\n<td class=\"px-md py-sm font-xsm-regular list-item w-full align-top\">Solteiro<\/td>\n<\/tr>\n<tr class=\"text-on-surface-3 even:bg-surface-container-lower\">\n<td class=\"px-md py-sm font-xsm-bold align-top table-cell w-1\/2\" data-testid=\"table-factsheet-key\">Tecido<\/td>\n<td class=\"px-md py-sm font-xsm-regular list-item w-full align-top\">Tecido<\/td>\n<\/tr>\n<\/tbody>\n<\/table>\n<\/div>\n<\/div>\n<\/div>\n<div class=\"hidden border-on-surface-8 md:px-lg md:block md:py-md\" data-testid=\"tab-product-factsheet\"><\/div>\n","protected":false},"excerpt":{"rendered":"<p>Descri\u00e7\u00e3o e ficha t\u00e9cnica C\u00f3digo\u00a0jgbc40jg4h Cama Box Base Universal Solteiro Preta (88x188x25) &#8211; PlumatexMarca: Plumatex Dimens\u00f5es(Cm): Comprimento(Profundidade): 188cm x Largura: 88cm x Altura: 25cm Caracter\u00edsticas Gerais da Cama Box &#8211;<\/p>\n","protected":false},"featured_media":15762,"comment_status":"open","ping_status":"closed","template":"","meta":[],"product_brand":[],"product_cat":[15],"product_tag":[],"class_list":{"0":"post-15274","1":"product","2":"type-product","3":"status-publish","4":"has-post-thumbnail","6":"product_cat-produtos","7":"product_shipping_class-retirar-no-local","9":"first","10":"instock","11":"shipping-taxable","12":"purchasable","13":"product-type-simple"},"_links":{"self":[{"href":"https:\/\/ambrosioeletro.com.br\/v20\/wp-json\/wp\/v2\/product\/15274","targetHints":{"allow":["GET"]}}],"collection":[{"href":"https:\/\/ambrosioeletro.com.br\/v20\/wp-json\/wp\/v2\/product"}],"about":[{"href":"https:\/\/ambrosioeletro.com.br\/v20\/wp-json\/wp\/v2\/types\/product"}],"replies":[{"embeddable":true,"href":"https:\/\/ambrosioeletro.com.br\/v20\/wp-json\/wp\/v2\/comments?post=15274"}],"wp:featuredmedia":[{"embeddable":true,"href":"https:\/\/ambrosioeletro.com.br\/v20\/wp-json\/wp\/v2\/media\/15762"}],"wp:attachment":[{"href":"https:\/\/ambrosioeletro.com.br\/v20\/wp-json\/wp\/v2\/media?parent=15274"}],"wp:term":[{"taxonomy":"product_brand","embeddable":true,"href":"https:\/\/ambrosioeletro.com.br\/v20\/wp-json\/wp\/v2\/product_brand?post=15274"},{"taxonomy":"product_cat","embeddable":true,"href":"https:\/\/ambrosioeletro.com.br\/v20\/wp-json\/wp\/v2\/product_cat?post=15274"},{"taxonomy":"product_tag","embeddable":true,"href":"https:\/\/ambrosioeletro.com.br\/v20\/wp-json\/wp\/v2\/product_tag?post=15274"}],"curies":[{"name":"wp","href":"https:\/\/api.w.org\/{rel}","templated":true}]}}