{"id":15277,"date":"2026-03-26T09:55:49","date_gmt":"2026-03-26T12:55:49","guid":{"rendered":"https:\/\/ambrosioeletro.com.br\/v20\/?post_type=product&#038;p=15277"},"modified":"2026-04-18T09:26:06","modified_gmt":"2026-04-18T12:26:06","slug":"base-box-para-colchao-somie-polar-marrom-solteiro-88x188x25","status":"publish","type":"product","link":"https:\/\/ambrosioeletro.com.br\/v20\/produto\/base-box-para-colchao-somie-polar-marrom-solteiro-88x188x25\/","title":{"rendered":"BASE BOX PARA COLCHAO SOMIE POLAR marrom SOLTEIRO 88X188X25"},"content":{"rendered":"<p><span dir=\"auto\">Cama Box Base Solteiro Universal R\u00fastico Marrom (88x188x20) &#8211; Polar<\/span><\/p>\n<p><span dir=\"auto\">Marca: Polar<\/span><\/p>\n<p><span dir=\"auto\">Dimens\u00f5es(Cm): Comprimento(Profundidade): 188cm x Largura: 88cm x Altura: 33cm<\/span><\/p>\n<p><span dir=\"auto\">Caracter\u00edsticas Gerais da Cama Box<\/span><br \/>\n<span dir=\"auto\">&#8211; N\u00e3o acompanha Cantoneira<\/span><br \/>\n<span dir=\"auto\">Caracter\u00edsticas Internas Cama Box<\/span><br \/>\n<span dir=\"auto\">&#8211; Estrutura de Madeira<\/span><br \/>\n<span dir=\"auto\">Forra\u00e7\u00e3o Revestimento da Cama Box<\/span><br \/>\n<span dir=\"auto\">&#8211; Tecido<\/span><br \/>\n<span dir=\"auto\">&#8211; Antiderrapante<\/span><br \/>\n<span dir=\"auto\">&#8211; Poli\u00e9ster<\/span><br \/>\n<span dir=\"auto\">&#8211; Tecido de Alta Qualidade<\/span><br \/>\n<span dir=\"auto\">Cor da Forra\u00e7\u00e3o Revestimento Cama Box<\/span><br \/>\n<span dir=\"auto\">&#8211; Marrom<\/span><br \/>\n<span dir=\"auto\">Suporte de Peso da Cama Box<\/span><br \/>\n<span dir=\"auto\">&#8211; 150 Kg<\/span><br \/>\n<span dir=\"auto\">Sobre os P\u00e9s para Cama Box<\/span><br \/>\n<span dir=\"auto\">&#8211; P\u00e9s foto ilustrativa<\/span><br \/>\n<span dir=\"auto\">&#8211; P\u00e9s Fixos Madeira\/ABS<\/span><br \/>\n<span dir=\"auto\">Altura dos p\u00e9s da Cama Box<\/span><br \/>\n<span dir=\"auto\">&#8211; 12cm<\/span><br \/>\n<span dir=\"auto\">Altura da Cama Box com os p\u00e9s<\/span><br \/>\n<span dir=\"auto\">&#8211; 32 cm altura<\/span><br \/>\n<span dir=\"auto\">Outras Vantagens da Cama Box<\/span><br \/>\n<span dir=\"auto\">&#8211; Como Escolher o Colch\u00e3o do seu Conjunto Box<\/span><br \/>\n<span dir=\"auto\">&#8211; Outras Informa\u00e7\u00f5es da Cama Box Base<\/span><br \/>\n<span dir=\"auto\">Sobre a Cama Box Base<\/span><br \/>\n<span dir=\"auto\">&#8211; Informa\u00e7\u00f5es da Cama Box Base<\/span><br \/>\n<span dir=\"auto\">&#8211; Vantagens<\/span><\/p>\n<p><span dir=\"auto\">Tempo de Garantia da Cama Box<\/span><br \/>\n<span dir=\"auto\">&#8211; 3 meses<\/span><br \/>\n<span dir=\"auto\">Certifica\u00e7\u00e3o de Qualidade<\/span><br \/>\n<span dir=\"auto\">&#8211; Qualidade Aprovada<\/span><br \/>\n<span dir=\"auto\">&#8211; Selo Ecologicamente Correto<\/span><br \/>\n<span dir=\"auto\">&#8211; Garantia de Qualidade Costa Rica<\/span><br \/>\n<span dir=\"auto\">&#8211; Certifica\u00e7\u00e3o de Seguran\u00e7a<\/span><br \/>\n<span dir=\"auto\">Nossa Avalia\u00e7\u00e3o da Cama Box<\/span><br \/>\n<span dir=\"auto\">&#8211; Qualidade Muito Boa<\/span><\/p>\n<p><span dir=\"auto\">Imagens Meramente Ilustrativas.<\/span><br \/>\n<span dir=\"auto\">N\u00e3o nos responsabilizamos pela montagem\/instala\u00e7\u00e3o dos produtos.<\/span><br \/>\n<span dir=\"auto\">Todas as informa\u00e7\u00f5es divulgadas s\u00e3o de responsabilidade exclusiva do fabricante\/fornecedor.<\/span><\/p>\n<p><span dir=\"auto\">&#8211; Verifique com os fabricantes do produto e de seus componentes poss\u00edveis limita\u00e7\u00f5es \u00e0 utiliza\u00e7\u00e3o de todos os recursos e funcionalidades<\/span><br \/>\n<span dir=\"auto\">&#8211; Verifique as dimens\u00f5es do produto e analise se ir\u00e1 passar normalmente por elevadores, portas, escadas e corredores, pois n\u00e3o nos responsabilizamos caso o produto seja necess\u00e1rio durante a entrega de: Desmontagem, subir escadas ou ser transportado por guincho, cordas para apartamentos. A entrega limita-se ao descarregamento em local que tenha e ofere\u00e7a total facilidade de acesso normal;<\/span><br \/>\n<span dir=\"auto\">&#8211; S\u00f3 fazemos entregas por transportes rodovi\u00e1rios. N\u00e3o realizamos entregas por transportes fluviais, a\u00e9reos e outros diferentes de rodovi\u00e1rios. N\u00e3o realizamos entregas na regi\u00e3o norte: Amap\u00e1, Amazonas, Par\u00e1, Roraima e Acre;<\/span><br \/>\n<span dir=\"auto\">&#8211; Temos \u00e1reas com restri\u00e7\u00f5es e dificuldades que os transportadores rodovi\u00e1rios n\u00e3o atendem. \u00c1rea de dif\u00edcil acesso, \u00e1rea de risco, \u00e1rea rural, \u00e1reas fluviais, estradas n\u00e3o pavimentadas;<\/span><br \/>\n<span dir=\"auto\">&#8211; Sendo assim, caso o seu endere\u00e7o esteja em \u00e1rea restrita de entrega, a retirada de sua compra dever\u00e1 ser realizada no CD do transportador ou indicar no momento da compra um endere\u00e7o de entrega fora da \u00e1rea restrita;<\/span><br \/>\n<span dir=\"auto\">&#8211; Caso realize pedido com entregas em locais de dif\u00edcil acesso ou \u00e1reas com restri\u00e7\u00f5es e dificuldades que os transportadores e correios pr\u00f3prios n\u00e3o atendem, a compra ser\u00e1 cancelada pela Costa Rica Colch\u00f5es, com a devida comunica\u00e7\u00e3o e estorno do pagamento ao cliente.<\/span><br \/>\n<span dir=\"auto\">Marca: Colch\u00f5es Polar<\/span><\/p>\n","protected":false},"excerpt":{"rendered":"<p>Cama Box Base Solteiro Universal R\u00fastico Marrom (88x188x20) &#8211; Polar Marca: Polar Dimens\u00f5es(Cm): Comprimento(Profundidade): 188cm x Largura: 88cm x Altura: 33cm Caracter\u00edsticas Gerais da Cama Box &#8211; N\u00e3o acompanha Cantoneira<\/p>\n","protected":false},"featured_media":15279,"comment_status":"open","ping_status":"closed","template":"","meta":[],"product_brand":[],"product_cat":[15],"product_tag":[],"class_list":{"0":"post-15277","1":"product","2":"type-product","3":"status-publish","4":"has-post-thumbnail","6":"product_cat-produtos","7":"product_shipping_class-retirar-no-local","9":"first","10":"instock","11":"shipping-taxable","12":"purchasable","13":"product-type-simple"},"_links":{"self":[{"href":"https:\/\/ambrosioeletro.com.br\/v20\/wp-json\/wp\/v2\/product\/15277","targetHints":{"allow":["GET"]}}],"collection":[{"href":"https:\/\/ambrosioeletro.com.br\/v20\/wp-json\/wp\/v2\/product"}],"about":[{"href":"https:\/\/ambrosioeletro.com.br\/v20\/wp-json\/wp\/v2\/types\/product"}],"replies":[{"embeddable":true,"href":"https:\/\/ambrosioeletro.com.br\/v20\/wp-json\/wp\/v2\/comments?post=15277"}],"wp:featuredmedia":[{"embeddable":true,"href":"https:\/\/ambrosioeletro.com.br\/v20\/wp-json\/wp\/v2\/media\/15279"}],"wp:attachment":[{"href":"https:\/\/ambrosioeletro.com.br\/v20\/wp-json\/wp\/v2\/media?parent=15277"}],"wp:term":[{"taxonomy":"product_brand","embeddable":true,"href":"https:\/\/ambrosioeletro.com.br\/v20\/wp-json\/wp\/v2\/product_brand?post=15277"},{"taxonomy":"product_cat","embeddable":true,"href":"https:\/\/ambrosioeletro.com.br\/v20\/wp-json\/wp\/v2\/product_cat?post=15277"},{"taxonomy":"product_tag","embeddable":true,"href":"https:\/\/ambrosioeletro.com.br\/v20\/wp-json\/wp\/v2\/product_tag?post=15277"}],"curies":[{"name":"wp","href":"https:\/\/api.w.org\/{rel}","templated":true}]}}