{"id":15280,"date":"2026-03-26T10:02:53","date_gmt":"2026-03-26T13:02:53","guid":{"rendered":"https:\/\/ambrosioeletro.com.br\/v20\/?post_type=product&#038;p=15280"},"modified":"2026-03-26T10:02:53","modified_gmt":"2026-03-26T13:02:53","slug":"base-box-queen-somie-158x198x25-colchoes-polar-marrom","status":"publish","type":"product","link":"https:\/\/ambrosioeletro.com.br\/v20\/produto\/base-box-queen-somie-158x198x25-colchoes-polar-marrom\/","title":{"rendered":"Base Box Queen Somie 158X198X25 \u2013 Colch\u00f5es Polar marrom"},"content":{"rendered":"<div class=\"cav--c-ifxJAl\">\n<div class=\"cav--c-lesPJm cav--c-lesPJm-ieFYkMc-css\"><span class=\"cav--c-gNPphv\">Cama Box Base Queen Universal R\u00fastico Brown (158x198x25) &#8211; Polar Brown<\/span><\/div>\n<\/div>\n<div class=\"cav--c-jPOnVL cav--c-jPOnVL-hoJSXN-sidebar-true\">\n<div class=\"cav--c-lesPJm\"><span class=\"cav--c-gNPphv cav--c-dFndkt\">Pesos e Dimens\u00f5es<\/span><\/p>\n<table class=\"cav--c-gusfms cav--c-gusfms-gjkaP-striped-odd cav--c-gusfms-cmVlgk-textAlign-left\">\n<tbody class=\"cav--c-dKpJQB\">\n<tr class=\"cav--c-PJLV\">\n<td class=\"cav--c-difWUU\"><span class=\"cav--c-gNPphv cav--c-gNPphv-hyvuql-weight-bold\">Altura dos P\u00e9s<\/span><\/td>\n<td class=\"cav--c-difWUU\">12 cm<\/td>\n<\/tr>\n<tr class=\"cav--c-PJLV\">\n<td class=\"cav--c-difWUU\"><span class=\"cav--c-gNPphv cav--c-gNPphv-hyvuql-weight-bold\">Altura (cm)<\/span><\/td>\n<td class=\"cav--c-difWUU\">20 cm<\/td>\n<\/tr>\n<tr class=\"cav--c-PJLV\">\n<td class=\"cav--c-difWUU\"><span class=\"cav--c-gNPphv cav--c-gNPphv-hyvuql-weight-bold\">Comprimento (cm)<\/span><\/td>\n<td class=\"cav--c-difWUU\">198 cm<\/td>\n<\/tr>\n<tr class=\"cav--c-PJLV\">\n<td class=\"cav--c-difWUU\"><span class=\"cav--c-gNPphv cav--c-gNPphv-hyvuql-weight-bold\">Largura (cm)<\/span><\/td>\n<td class=\"cav--c-difWUU\">158 cm<\/td>\n<\/tr>\n<tr class=\"cav--c-PJLV\">\n<td class=\"cav--c-difWUU\"><span class=\"cav--c-gNPphv cav--c-gNPphv-hyvuql-weight-bold\">Profundidade (cm)<\/span><\/td>\n<td class=\"cav--c-difWUU\">198 cm<\/td>\n<\/tr>\n<\/tbody>\n<\/table>\n<\/div>\n<div class=\"cav--c-lesPJm\"><span class=\"cav--c-gNPphv cav--c-dFndkt\">Garantia<\/span><\/p>\n<table class=\"cav--c-gusfms cav--c-gusfms-gjkaP-striped-odd cav--c-gusfms-cmVlgk-textAlign-left\">\n<tbody class=\"cav--c-dKpJQB\">\n<tr class=\"cav--c-PJLV\">\n<td class=\"cav--c-difWUU\"><span class=\"cav--c-gNPphv cav--c-gNPphv-hyvuql-weight-bold\">Garantia<\/span><\/td>\n<td class=\"cav--c-difWUU\">03 Meses<\/td>\n<\/tr>\n<\/tbody>\n<\/table>\n<\/div>\n<div class=\"cav--c-lesPJm\"><span class=\"cav--c-gNPphv cav--c-dFndkt\">Materiais e Acabamentos<\/span><\/p>\n<table class=\"cav--c-gusfms cav--c-gusfms-gjkaP-striped-odd cav--c-gusfms-cmVlgk-textAlign-left\">\n<tbody class=\"cav--c-dKpJQB\">\n<tr class=\"cav--c-PJLV\">\n<td class=\"cav--c-difWUU\"><span class=\"cav--c-gNPphv cav--c-gNPphv-hyvuql-weight-bold\">Revestimento da Base Box<\/span><\/td>\n<td class=\"cav--c-difWUU\">Poli\u00e9ster<\/td>\n<\/tr>\n<\/tbody>\n<\/table>\n<\/div>\n<\/div>\n","protected":false},"excerpt":{"rendered":"<p>Cama Box Base Queen Universal R\u00fastico Brown (158x198x25) &#8211; Polar Brown Pesos e Dimens\u00f5es Altura dos P\u00e9s 12 cm Altura (cm) 20 cm Comprimento (cm) 198 cm Largura (cm) 158<\/p>\n","protected":false},"featured_media":15282,"comment_status":"open","ping_status":"closed","template":"","meta":[],"product_brand":[],"product_cat":[15],"product_tag":[],"class_list":{"0":"post-15280","1":"product","2":"type-product","3":"status-publish","4":"has-post-thumbnail","6":"product_cat-produtos","7":"product_shipping_class-retirar-no-local","9":"first","10":"instock","11":"shipping-taxable","12":"purchasable","13":"product-type-simple"},"_links":{"self":[{"href":"https:\/\/ambrosioeletro.com.br\/v20\/wp-json\/wp\/v2\/product\/15280","targetHints":{"allow":["GET"]}}],"collection":[{"href":"https:\/\/ambrosioeletro.com.br\/v20\/wp-json\/wp\/v2\/product"}],"about":[{"href":"https:\/\/ambrosioeletro.com.br\/v20\/wp-json\/wp\/v2\/types\/product"}],"replies":[{"embeddable":true,"href":"https:\/\/ambrosioeletro.com.br\/v20\/wp-json\/wp\/v2\/comments?post=15280"}],"wp:featuredmedia":[{"embeddable":true,"href":"https:\/\/ambrosioeletro.com.br\/v20\/wp-json\/wp\/v2\/media\/15282"}],"wp:attachment":[{"href":"https:\/\/ambrosioeletro.com.br\/v20\/wp-json\/wp\/v2\/media?parent=15280"}],"wp:term":[{"taxonomy":"product_brand","embeddable":true,"href":"https:\/\/ambrosioeletro.com.br\/v20\/wp-json\/wp\/v2\/product_brand?post=15280"},{"taxonomy":"product_cat","embeddable":true,"href":"https:\/\/ambrosioeletro.com.br\/v20\/wp-json\/wp\/v2\/product_cat?post=15280"},{"taxonomy":"product_tag","embeddable":true,"href":"https:\/\/ambrosioeletro.com.br\/v20\/wp-json\/wp\/v2\/product_tag?post=15280"}],"curies":[{"name":"wp","href":"https:\/\/api.w.org\/{rel}","templated":true}]}}