{"id":15307,"date":"2026-03-26T10:36:39","date_gmt":"2026-03-26T13:36:39","guid":{"rendered":"https:\/\/ambrosioeletro.com.br\/v20\/?post_type=product&#038;p=15307"},"modified":"2026-04-17T15:23:30","modified_gmt":"2026-04-17T18:23:30","slug":"comoda-c-espelho-2-portas-3-gavetas-nt5165-notavel-moveis-cor-off-white-freijo","status":"publish","type":"product","link":"https:\/\/ambrosioeletro.com.br\/v20\/produto\/comoda-c-espelho-2-portas-3-gavetas-nt5165-notavel-moveis-cor-off-white-freijo\/","title":{"rendered":"C\u00f4moda c\/ espelho 2 portas 3 gavetas NT5165 Not\u00e1vel M\u00f3veis Cor Off White\/Freij\u00f3"},"content":{"rendered":"<div class=\"relative px-md overflow-hidden border-on-surface-8 after:pointer-events-none after:absolute after:bottom-[0] after:left-[0] after:h-[72px] after:w-full after:bg-gradient-to-b after:from-[#FFFFFF00] after:to-[#FFFFFF] md:after:content-none md:px-lg max-md:border-b-thin\" data-testid=\"tab-product-detail\">\n<h2 class=\"text-on-surface-2 font-md-bold md:font-title-large-highlight md:mb-md\" data-testid=\"product-details-title\">Descri\u00e7\u00e3o e ficha t\u00e9cnica<\/h2>\n<div data-testid=\"product-detail\">\n<p class=\"mt-2xsm text-on-surface-4 font-xsm-regular\" data-testid=\"product-detail-code\">C\u00f3digo\u00a0eh6kja13kh<\/p>\n<div class=\"mt-md font-xsm-regular\" data-testid=\"product-detail-description\">\n<p>Ideal para a organiza\u00e7\u00e3o do seu quarto, a C\u00f4moda NT 5165 da Not\u00e1vel M\u00f3veis conta com prateleira e cabideiro interno, 3 gavetas bem espa\u00e7osas, nicho, al\u00e9m de um espelho inclinado para ajudar voc\u00ea a sair todos os dias bem elegante!<\/p>\n<p>DESCRI\u00c7\u00c3O T\u00c9CNICA:<br \/>\nAltura: 1,80m<br \/>\nLargura: 1,08m<br \/>\nProfundidade: 39,5cm<br \/>\nPeso (kg): 43,3<br \/>\nPeso suportado distribu\u00eddo (kg): 29<br \/>\nPeso suportado distribu\u00eddo cada prateleira (kg): 10<br \/>\nMaterial: MDP 12\/15mm<\/p>\n<p>CARACTER\u00cdSTICAS:<br \/>\nPintura: U.V (ultravioleta)<br \/>\nAcabamento: cor freij\u00f3 (fosco); cor nogal (fosco); cor off white (brilho); cor branco (brilho); cor rosa (brilho)<br \/>\nQuantidade porta (s): 2<br \/>\nQuantidade gavetas (s): 3<br \/>\nMaterial puxador (es): pvc met\u00e1lico<\/p>\n<p>MONTAGEM FLEX:<br \/>\nA c\u00f4moda na cor branco e rosa, \u00e9 Flex, ou seja, voc\u00ea escolhe a cor que deseja na hora de montar, seja a c\u00f4moda na cor branco ou branco com rosa. Confira o manual antes da montagem e informe seu montador (a).<\/p>\n<p>EMBALAGEM (LxPxA):<br \/>\nVolume 1: 1,81m x 39,5cm x 13,2cm<br \/>\nPeso (kg): 45,14<\/p>\n<p>RECOMENDA\u00c7\u00c3O:<br \/>\n&#8211; Para maior durabilidade, recomenda-se que a limpeza seja feita com pano limpo e levemente umedecido em \u00e1gua e sab\u00e3o neutro. Em seguida, dever\u00e1 ser passado um pano limpo e seco.<\/p>\n<p>MONTAGEM E ENTREGA:<br \/>\n&#8211; N\u00e3o oferecemos montagem. Os nossos m\u00f3veis s\u00e3o entregues desmontados e todos acompanham manual com instru\u00e7\u00f5es de montagem.<br \/>\n&#8211; Sempre verifique o n\u00edvel de complexidade de montagem e em caso de d\u00favida n\u00e3o monte sozinho (a), contrate um profissional<br \/>\n&#8211; Nos responsabilizamos pela entrega dos produtos adquiridos at\u00e9 a porta de entrada ou portaria do endere\u00e7o indicado, se a portaria do condom\u00ednio permitir, as entregas s\u00e3o efetuadas no piso t\u00e9rreo e \u00e9 de responsabilidade do cliente a locomo\u00e7\u00e3o da mercadoria at\u00e9 seu apartamento ou casa. As transportadoras n\u00e3o est\u00e3o autorizadas a subir escadas, elevadores ou realizar o i\u00e7amento de produto.<\/p>\n<p>IMAGENS:<br \/>\n&#8211; As imagens ambientadas s\u00e3o meramente ilustrativas e podem apresentar itens que n\u00e3o comp\u00f5e o produto.<br \/>\n&#8211; Objetos decorativos da imagem n\u00e3o acompanham o produto.<br \/>\n&#8211; As cores do produto podem sofrer varia\u00e7\u00e3o de acordo com o seu monitor a ilumina\u00e7\u00e3o do seu ambiente ou sua percep\u00e7\u00e3o visual.<\/p>\n<\/div>\n<\/div>\n<\/div>\n<div class=\"hidden border-on-surface-8 md:px-lg md:block md:py-md\" data-testid=\"tab-product-factsheet\">\n<h2 class=\"text-on-surface-2 font-md-bold md:font-title-large-highlight md:mb-md\" data-testid=\"product-factsheet-title\">Ficha T\u00e9cnica<\/h2>\n<div class=\"pt-2xsm\">\n<table class=\"w-full list-none\" data-testid=\"table-factsheet\">\n<tbody>\n<tr class=\"text-on-surface-3 even:bg-surface-container-lower\">\n<td class=\"px-md py-sm font-xsm-bold align-top table-cell w-1\/2\" data-testid=\"table-factsheet-key\">Descri\u00e7\u00e3o do Tamanho<\/td>\n<td class=\"px-md py-sm font-xsm-regular list-item w-full align-top\">Altura: 1,80m Largura: 1,08m Profundidade: 39,5cm Peso (kg): 43,3<\/td>\n<\/tr>\n<tr class=\"text-on-surface-3 even:bg-surface-container-lower\">\n<td class=\"px-md py-sm font-xsm-bold align-top table-cell w-1\/2\" data-testid=\"table-factsheet-key\">Material para Filtro<\/td>\n<td class=\"px-md py-sm font-xsm-regular list-item w-full align-top\">MDP<\/td>\n<\/tr>\n<tr class=\"text-on-surface-3 even:bg-surface-container-lower\">\n<td class=\"px-md py-sm font-xsm-bold align-top table-cell w-1\/2\" data-testid=\"table-factsheet-key\">Peso Produto Com Embalagem (Kg)<\/td>\n<td class=\"px-md py-sm font-xsm-regular list-item w-full align-top\">45.14<\/td>\n<\/tr>\n<tr class=\"text-on-surface-3 even:bg-surface-container-lower\">\n<td class=\"px-md py-sm font-xsm-bold align-top table-cell w-1\/2\" data-testid=\"table-factsheet-key\">Peso do Produto (Kg)<\/td>\n<td class=\"px-md py-sm font-xsm-regular list-item w-full align-top\">45.14<\/td>\n<\/tr>\n<tr class=\"text-on-surface-3 even:bg-surface-container-lower\">\n<td class=\"px-md py-sm font-xsm-bold align-top table-cell w-1\/2\" data-testid=\"table-factsheet-key\">Principais Caracter\u00edsticas do Produto (bullet_point#0)<\/td>\n<td class=\"px-md py-sm font-xsm-regular list-item w-full align-top\">MDP<\/td>\n<\/tr>\n<tr class=\"text-on-surface-3 even:bg-surface-container-lower\">\n<td class=\"px-md py-sm font-xsm-bold align-top table-cell w-1\/2\" data-testid=\"table-factsheet-key\">supplier_declared_dg_hz_regulation<\/td>\n<td class=\"px-md py-sm font-xsm-regular list-item w-full align-top\">not aplicable<\/td>\n<\/tr>\n<tr class=\"text-on-surface-3 even:bg-surface-container-lower\">\n<td class=\"px-md py-sm font-xsm-bold align-top table-cell w-1\/2\" data-testid=\"table-factsheet-key\">Principais Caracter\u00edsticas do Produto (bullet_point#2)<\/td>\n<td class=\"px-md py-sm font-xsm-regular list-item w-full align-top\">Branco<\/td>\n<\/tr>\n<tr class=\"text-on-surface-3 even:bg-surface-container-lower\">\n<td class=\"px-md py-sm font-xsm-bold align-top table-cell w-1\/2\" data-testid=\"table-factsheet-key\">Principais Caracter\u00edsticas do Produto (bullet_point#3)<\/td>\n<td class=\"px-md py-sm font-xsm-regular list-item w-full align-top\">C\u00f4moda<\/td>\n<\/tr>\n<tr class=\"text-on-surface-3 even:bg-surface-container-lower\">\n<td class=\"px-md py-sm font-xsm-bold align-top table-cell w-1\/2\" data-testid=\"table-factsheet-key\">Altura do Produto (cm)<\/td>\n<td class=\"px-md py-sm font-xsm-regular list-item w-full align-top\">180<\/td>\n<\/tr>\n<tr class=\"text-on-surface-3 even:bg-surface-container-lower\">\n<td class=\"px-md py-sm font-xsm-bold align-top table-cell w-1\/2\" data-testid=\"table-factsheet-key\">Altura do Produto com Embalagem (cm)<\/td>\n<td class=\"px-md py-sm font-xsm-regular list-item w-full align-top\">13.2<\/td>\n<\/tr>\n<tr class=\"text-on-surface-3 even:bg-surface-container-lower\">\n<td class=\"px-md py-sm font-xsm-bold align-top table-cell w-1\/2\" data-testid=\"table-factsheet-key\">Comprimento do Produto (cm)<\/td>\n<td class=\"px-md py-sm font-xsm-regular list-item w-full align-top\">39.5<\/td>\n<\/tr>\n<tr class=\"text-on-surface-3 even:bg-surface-container-lower\">\n<td class=\"px-md py-sm font-xsm-bold align-top table-cell w-1\/2\" data-testid=\"table-factsheet-key\">Comprimento Produto Com Embalagem (cm)<\/td>\n<td class=\"px-md py-sm font-xsm-regular list-item w-full align-top\">39.5<\/td>\n<\/tr>\n<tr class=\"text-on-surface-3 even:bg-surface-container-lower\">\n<td class=\"px-md py-sm font-xsm-bold align-top table-cell w-1\/2\" data-testid=\"table-factsheet-key\">Largura Produto Com Embalagem (cm)<\/td>\n<td class=\"px-md py-sm font-xsm-regular list-item w-full align-top\">181<\/td>\n<\/tr>\n<tr class=\"text-on-surface-3 even:bg-surface-container-lower\">\n<td class=\"px-md py-sm font-xsm-bold align-top table-cell w-1\/2\" data-testid=\"table-factsheet-key\">Cor<\/td>\n<td class=\"px-md py-sm font-xsm-regular list-item w-full align-top\">Branco<\/td>\n<\/tr>\n<tr class=\"text-on-surface-3 even:bg-surface-container-lower\">\n<td class=\"px-md py-sm font-xsm-bold align-top table-cell w-1\/2\" data-testid=\"table-factsheet-key\">Largura do Produto (cm)<\/td>\n<td class=\"px-md py-sm font-xsm-regular list-item w-full align-top\">108<\/td>\n<\/tr>\n<tr class=\"text-on-surface-3 even:bg-surface-container-lower\">\n<td class=\"px-md py-sm font-xsm-bold align-top table-cell w-1\/2\" data-testid=\"table-factsheet-key\">Acabamento<\/td>\n<td class=\"px-md py-sm font-xsm-regular list-item w-full align-top\">fosco; brilho<\/td>\n<\/tr>\n<tr class=\"text-on-surface-3 even:bg-surface-container-lower\">\n<td class=\"px-md py-sm font-xsm-bold align-top table-cell w-1\/2\" data-testid=\"table-factsheet-key\">Classifica\u00e7\u00e3o<\/td>\n<td class=\"px-md py-sm font-xsm-regular list-item w-full align-top\">C\u00f4moda<\/td>\n<\/tr>\n<tr class=\"text-on-surface-3 even:bg-surface-container-lower\">\n<td class=\"px-md py-sm font-xsm-bold align-top table-cell w-1\/2\" data-testid=\"table-factsheet-key\">Cor<\/td>\n<td class=\"px-md py-sm font-xsm-regular list-item w-full align-top\">Off White\/Freij\u00f3<\/td>\n<\/tr>\n<tr class=\"text-on-surface-3 even:bg-surface-container-lower\">\n<td class=\"px-md py-sm font-xsm-bold align-top table-cell w-1\/2\" data-testid=\"table-factsheet-key\">Dimens\u00f5es do Produto<\/td>\n<td class=\"px-md py-sm font-xsm-regular list-item w-full align-top\">1,80m x 1,08m x 39,5cm<\/td>\n<\/tr>\n<tr class=\"text-on-surface-3 even:bg-surface-container-lower\">\n<td class=\"px-md py-sm font-xsm-bold align-top table-cell w-1\/2\" data-testid=\"table-factsheet-key\">Dimens\u00f5es do Produto com Embalagem<\/td>\n<td class=\"px-md py-sm font-xsm-regular list-item w-full align-top\">1,81m x 39,5cm x 13,2cm<\/td>\n<\/tr>\n<tr class=\"text-on-surface-3 even:bg-surface-container-lower\">\n<td class=\"px-md py-sm font-xsm-bold align-top table-cell w-1\/2\" data-testid=\"table-factsheet-key\">Gavetas<\/td>\n<td class=\"px-md py-sm font-xsm-regular list-item w-full align-top\">3<\/td>\n<\/tr>\n<tr class=\"text-on-surface-3 even:bg-surface-container-lower\">\n<td class=\"px-md py-sm font-xsm-bold align-top table-cell w-1\/2\" data-testid=\"table-factsheet-key\">Linha<\/td>\n<td class=\"px-md py-sm font-xsm-regular list-item w-full align-top\">NT5165<\/td>\n<\/tr>\n<tr class=\"text-on-surface-3 even:bg-surface-container-lower\">\n<td class=\"px-md py-sm font-xsm-bold align-top table-cell w-1\/2\" data-testid=\"table-factsheet-key\">Marca<\/td>\n<td class=\"px-md py-sm font-xsm-regular list-item w-full align-top\"><a class=\"hover:text-interaction-default underline\" href=\"https:\/\/www.magazineluiza.com.br\/marcas\/notavel-moveis\/\">Not\u00e1vel M\u00f3veis<\/a><\/td>\n<\/tr>\n<tr class=\"text-on-surface-3 even:bg-surface-container-lower\">\n<td class=\"px-md py-sm font-xsm-bold align-top table-cell w-1\/2\" data-testid=\"table-factsheet-key\">Material da Estrutura<\/td>\n<td class=\"px-md py-sm font-xsm-regular list-item w-full align-top\">MDP<\/td>\n<\/tr>\n<tr class=\"text-on-surface-3 even:bg-surface-container-lower\">\n<td class=\"px-md py-sm font-xsm-bold align-top table-cell w-1\/2\" data-testid=\"table-factsheet-key\">Modelo<\/td>\n<td class=\"px-md py-sm font-xsm-regular list-item w-full align-top\">NT5165<\/td>\n<\/tr>\n<tr class=\"text-on-surface-3 even:bg-surface-container-lower\">\n<td class=\"px-md py-sm font-xsm-bold align-top table-cell w-1\/2\" data-testid=\"table-factsheet-key\">Nichos<\/td>\n<td class=\"px-md py-sm font-xsm-regular list-item w-full align-top\">1<\/td>\n<\/tr>\n<tr class=\"text-on-surface-3 even:bg-surface-container-lower\">\n<td class=\"px-md py-sm font-xsm-bold align-top table-cell w-1\/2\" data-testid=\"table-factsheet-key\">Peso Suportado<\/td>\n<td class=\"px-md py-sm font-xsm-regular list-item w-full align-top\">29<\/td>\n<\/tr>\n<tr class=\"text-on-surface-3 even:bg-surface-container-lower\">\n<td class=\"px-md py-sm font-xsm-bold align-top table-cell w-1\/2\" data-testid=\"table-factsheet-key\">Peso do Produto<\/td>\n<td class=\"px-md py-sm font-xsm-regular list-item w-full align-top\">43,3<\/td>\n<\/tr>\n<tr class=\"text-on-surface-3 even:bg-surface-container-lower\">\n<td class=\"px-md py-sm font-xsm-bold align-top table-cell w-1\/2\" data-testid=\"table-factsheet-key\">Peso do Produto com Embalagem<\/td>\n<td class=\"px-md py-sm font-xsm-regular list-item w-full align-top\">45,14<\/td>\n<\/tr>\n<tr class=\"text-on-surface-3 even:bg-surface-container-lower\">\n<td class=\"px-md py-sm font-xsm-bold align-top table-cell w-1\/2\" data-testid=\"table-factsheet-key\">Portas<\/td>\n<td class=\"px-md py-sm font-xsm-regular list-item w-full align-top\">2<\/td>\n<\/tr>\n<tr class=\"text-on-surface-3 even:bg-surface-container-lower\">\n<td class=\"px-md py-sm font-xsm-bold align-top table-cell w-1\/2\" data-testid=\"table-factsheet-key\">Prateleiras<\/td>\n<td class=\"px-md py-sm font-xsm-regular list-item w-full align-top\">1<\/td>\n<\/tr>\n<tr class=\"text-on-surface-3 even:bg-surface-container-lower\">\n<td class=\"px-md py-sm font-xsm-bold align-top table-cell w-1\/2\" data-testid=\"table-factsheet-key\">Produto Flex<\/td>\n<td class=\"px-md py-sm font-xsm-regular list-item w-full align-top\">Sim<\/td>\n<\/tr>\n<tr class=\"text-on-surface-3 even:bg-surface-container-lower\">\n<td class=\"px-md py-sm font-xsm-bold align-top table-cell w-1\/2\" data-testid=\"table-factsheet-key\">Quantidade de Gavetas<\/td>\n<td class=\"px-md py-sm font-xsm-regular list-item w-full align-top\">3<\/td>\n<\/tr>\n<tr class=\"text-on-surface-3 even:bg-surface-container-lower\">\n<td class=\"px-md py-sm font-xsm-bold align-top table-cell w-1\/2\" data-testid=\"table-factsheet-key\">Refer\u00eancia<\/td>\n<td class=\"px-md py-sm font-xsm-regular list-item w-full align-top\">NT5165<\/td>\n<\/tr>\n<tr class=\"text-on-surface-3 even:bg-surface-container-lower\">\n<td class=\"px-md py-sm font-xsm-bold align-top table-cell w-1\/2\" data-testid=\"table-factsheet-key\">Sistema de Montagem<\/td>\n<td class=\"px-md py-sm font-xsm-regular list-item w-full align-top\">Manual<\/td>\n<\/tr>\n<\/tbody>\n<\/table>\n<\/div>\n<\/div>\n","protected":false},"excerpt":{"rendered":"<p>Descri\u00e7\u00e3o e ficha t\u00e9cnica C\u00f3digo\u00a0eh6kja13kh Ideal para a organiza\u00e7\u00e3o do seu quarto, a C\u00f4moda NT 5165 da Not\u00e1vel M\u00f3veis conta com prateleira e cabideiro interno, 3 gavetas bem espa\u00e7osas, nicho,<\/p>\n","protected":false},"featured_media":15313,"comment_status":"open","ping_status":"closed","template":"","meta":[],"product_brand":[],"product_cat":[15],"product_tag":[],"class_list":{"0":"post-15307","1":"product","2":"type-product","3":"status-publish","4":"has-post-thumbnail","6":"product_cat-produtos","7":"product_shipping_class-retirar-no-local","9":"first","10":"instock","11":"shipping-taxable","12":"purchasable","13":"product-type-simple"},"_links":{"self":[{"href":"https:\/\/ambrosioeletro.com.br\/v20\/wp-json\/wp\/v2\/product\/15307","targetHints":{"allow":["GET"]}}],"collection":[{"href":"https:\/\/ambrosioeletro.com.br\/v20\/wp-json\/wp\/v2\/product"}],"about":[{"href":"https:\/\/ambrosioeletro.com.br\/v20\/wp-json\/wp\/v2\/types\/product"}],"replies":[{"embeddable":true,"href":"https:\/\/ambrosioeletro.com.br\/v20\/wp-json\/wp\/v2\/comments?post=15307"}],"wp:featuredmedia":[{"embeddable":true,"href":"https:\/\/ambrosioeletro.com.br\/v20\/wp-json\/wp\/v2\/media\/15313"}],"wp:attachment":[{"href":"https:\/\/ambrosioeletro.com.br\/v20\/wp-json\/wp\/v2\/media?parent=15307"}],"wp:term":[{"taxonomy":"product_brand","embeddable":true,"href":"https:\/\/ambrosioeletro.com.br\/v20\/wp-json\/wp\/v2\/product_brand?post=15307"},{"taxonomy":"product_cat","embeddable":true,"href":"https:\/\/ambrosioeletro.com.br\/v20\/wp-json\/wp\/v2\/product_cat?post=15307"},{"taxonomy":"product_tag","embeddable":true,"href":"https:\/\/ambrosioeletro.com.br\/v20\/wp-json\/wp\/v2\/product_tag?post=15307"}],"curies":[{"name":"wp","href":"https:\/\/api.w.org\/{rel}","templated":true}]}}