{"id":15315,"date":"2026-03-26T10:40:56","date_gmt":"2026-03-26T13:40:56","guid":{"rendered":"https:\/\/ambrosioeletro.com.br\/v20\/?post_type=product&#038;p=15315"},"modified":"2026-04-17T15:25:56","modified_gmt":"2026-04-17T18:25:56","slug":"comoda-nt-5165-nogal-notavel-nogal","status":"publish","type":"product","link":"https:\/\/ambrosioeletro.com.br\/v20\/produto\/comoda-nt-5165-nogal-notavel-nogal\/","title":{"rendered":"Comoda NT5165 Nogal &#8211; Not\u00e1vel Nogal"},"content":{"rendered":"<div class=\"box_border-box mt_$large [&amp;:last-child]:mb_0 $md:mb_$xxlarge\"><span class=\"tracking_$medium text_$text-default fs_$body-medium leading_$body-medium fw_$medium mb_$large d_inline-block fs_$h7 fw_$medium $md:mb_$medium $md:fs_$h5\">Descri\u00e7\u00e3o<\/span><\/p>\n<div class=\"d_flex flex_column gap_$medium mb_$medium\" data-testid=\"product_information-container-product_description\">\n<p class=\"fw_$regular fs_$body-xsmall transition_max-height_0.5s_ease-in-out,_mask-image_0.5s_ease-in-out text_$text-default $md:fs_$body-small max-h_auto mask-image_none! opacity_1\">Ideal para a organiza\u00e7\u00e3o do seu quarto, a C\u00f4moda NT 5165 da Not\u00e1vel M\u00f3veis conta com prateleira e cabideiro interno, 3 gavetas bem<br \/>\nespa\u00e7osas, nicho, al\u00e9m de um espelho inclinado para ajudar voc\u00ea a sair todos os dias bem arrumado(a)!<br \/>\nDimens\u00f5es do Produto montado:<br \/>\nAltura: 178 cm<br \/>\nLargura: 107,9 cm<br \/>\nProfundidade: 39,3 cm<br \/>\nObserva\u00e7\u00f5es:<br \/>\n-Espelho inclinado<br \/>\n-Prateleira e cabideiro interno<br \/>\n-Corredi\u00e7as met\u00e1licas<br \/>\n-Puxadores em PVC<br \/>\n-Pintura Ultravioleta na cor Nogal<\/p>\n<\/div>\n<\/div>\n<div class=\"box_border-box mt_$large [&amp;:last-child]:mb_0 $md:mb_$xxlarge\"><span class=\"tracking_$medium text_$text-default fs_$body-medium leading_$body-medium fw_$medium mb_$large d_inline-block fs_$h7 fw_$medium $md:mb_$medium $md:fs_$h5\">Caracter\u00edsticas do produto<\/span><\/p>\n<div class=\"d_flex box_border-box d_grid grid-cols_1fr gap_$large pos_relative overflow_hidden transition_all_0.5s_ease-in-out $md:grid-cols_1fr_1fr min-h_100% max-h_auto mask-image_none opacity_0.7 \" data-testid=\"product_information-container-product_characteristics\">\n<div class=\"box_border-box w_100%\">\n<div class=\"d_block\"><span class=\"tracking_$medium text_$text-default fs_$body-medium leading_$body-medium fw_$medium d_inline-block fs_$body-small fw_$medium mb_$medium\">Pesos e Dimens\u00f5es<\/span><\/p>\n<div class=\"w_100% mb_$large\" data-testid=\"table-attributes\">\n<div class=\"rounded_$medium gap_$xlarge overflow_hidden\">\n<div class=\"d_flex bg_$background-neutral-subtlest [&amp;_div]:flex_1 [&amp;:nth-child(even)]:bg_$background-neutral-subtle px_$large py_$medium gap_$small\">\n<div><span class=\"tracking_$medium text_$text-default fs_$body-medium leading_$body-medium fw_$medium fs_$body-small fw_$semibold\">Altura (cm)<\/span><\/div>\n<div><span class=\"tracking_$medium text_$text-default fs_$body-medium leading_$body-medium fw_$medium fs_$body-xsmall fw_$medium!\">178 cm<\/span><\/div>\n<\/div>\n<div class=\"d_flex bg_$background-neutral-subtlest [&amp;_div]:flex_1 [&amp;:nth-child(even)]:bg_$background-neutral-subtle px_$large py_$medium gap_$small\">\n<div><span class=\"tracking_$medium text_$text-default fs_$body-medium leading_$body-medium fw_$medium fs_$body-small fw_$semibold\">Largura (cm)<\/span><\/div>\n<div><span class=\"tracking_$medium text_$text-default fs_$body-medium leading_$body-medium fw_$medium fs_$body-xsmall fw_$medium!\">107,9 cm<\/span><\/div>\n<\/div>\n<div class=\"d_flex bg_$background-neutral-subtlest [&amp;_div]:flex_1 [&amp;:nth-child(even)]:bg_$background-neutral-subtle px_$large py_$medium gap_$small\">\n<div><span class=\"tracking_$medium text_$text-default fs_$body-medium leading_$body-medium fw_$medium fs_$body-small fw_$semibold\">Profundidade (cm)<\/span><\/div>\n<div><span class=\"tracking_$medium text_$text-default fs_$body-medium leading_$body-medium fw_$medium fs_$body-xsmall fw_$medium!\">39,3 cm<\/span><\/div>\n<\/div>\n<\/div>\n<\/div>\n<\/div>\n<div class=\"d_block\"><span class=\"tracking_$medium text_$text-default fs_$body-medium leading_$body-medium fw_$medium d_inline-block fs_$body-small fw_$medium mb_$medium\">Materiais e Acabamentos<\/span><\/p>\n<div class=\"w_100% mb_$large\" data-testid=\"table-attributes\">\n<div class=\"rounded_$medium gap_$xlarge overflow_hidden\">\n<div class=\"d_flex bg_$background-neutral-subtlest [&amp;_div]:flex_1 [&amp;:nth-child(even)]:bg_$background-neutral-subtle px_$large py_$medium gap_$small\">\n<div><span class=\"tracking_$medium text_$text-default fs_$body-medium leading_$body-medium fw_$medium fs_$body-small fw_$semibold\">Material Principal<\/span><\/div>\n<div><span class=\"tracking_$medium text_$text-default fs_$body-medium leading_$body-medium fw_$medium fs_$body-xsmall fw_$medium!\">MDF<\/span><\/div>\n<\/div>\n<\/div>\n<\/div>\n<\/div>\n<\/div>\n<div class=\"box_border-box w_100%\">\n<div class=\"d_block\"><span class=\"tracking_$medium text_$text-default fs_$body-medium leading_$body-medium fw_$medium d_inline-block fs_$body-small fw_$medium mb_$medium\">Caracter\u00edsticas<\/span><\/p>\n<div class=\"w_100% mb_$large\" data-testid=\"table-attributes\">\n<div class=\"rounded_$medium gap_$xlarge overflow_hidden\">\n<div class=\"d_flex bg_$background-neutral-subtlest [&amp;_div]:flex_1 [&amp;:nth-child(even)]:bg_$background-neutral-subtle px_$large py_$medium gap_$small\">\n<div><span class=\"tracking_$medium text_$text-default fs_$body-medium leading_$body-medium fw_$medium fs_$body-small fw_$semibold\">Quantidade de Portas<\/span><\/div>\n<div><span class=\"tracking_$medium text_$text-default fs_$body-medium leading_$body-medium fw_$medium fs_$body-xsmall fw_$medium!\">N\u00e3o Possui<\/span><\/div>\n<\/div>\n<div class=\"d_flex bg_$background-neutral-subtlest [&amp;_div]:flex_1 [&amp;:nth-child(even)]:bg_$background-neutral-subtle px_$large py_$medium gap_$small\">\n<div><span class=\"tracking_$medium text_$text-default fs_$body-medium leading_$body-medium fw_$medium fs_$body-small fw_$semibold\">Quantidade de Gavetas<\/span><\/div>\n<div><span class=\"tracking_$medium text_$text-default fs_$body-medium leading_$body-medium fw_$medium fs_$body-xsmall fw_$medium!\">03 Gavetas<\/span><\/div>\n<\/div>\n<div class=\"d_flex bg_$background-neutral-subtlest [&amp;_div]:flex_1 [&amp;:nth-child(even)]:bg_$background-neutral-subtle px_$large py_$medium gap_$small\">\n<div><span class=\"tracking_$medium text_$text-default fs_$body-medium leading_$body-medium fw_$medium fs_$body-small fw_$semibold\">Marca<\/span><\/div>\n<div><span class=\"tracking_$medium text_$text-default fs_$body-medium leading_$body-medium fw_$medium fs_$body-xsmall fw_$medium!\">Not\u00e1vel<\/span><\/div>\n<\/div>\n<div class=\"d_flex bg_$background-neutral-subtlest [&amp;_div]:flex_1 [&amp;:nth-child(even)]:bg_$background-neutral-subtle px_$large py_$medium gap_$small\">\n<div><span class=\"tracking_$medium text_$text-default fs_$body-medium leading_$body-medium fw_$medium fs_$body-small fw_$semibold\">Possui Portas<\/span><\/div>\n<div><span class=\"tracking_$medium text_$text-default fs_$body-medium leading_$body-medium fw_$medium fs_$body-xsmall fw_$medium!\">N\u00e3o<\/span><\/div>\n<\/div>\n<div class=\"d_flex bg_$background-neutral-subtlest [&amp;_div]:flex_1 [&amp;:nth-child(even)]:bg_$background-neutral-subtle px_$large py_$medium gap_$small\">\n<div><span class=\"tracking_$medium text_$text-default fs_$body-medium leading_$body-medium fw_$medium fs_$body-small fw_$semibold\">Possui P\u00e9s<\/span><\/div>\n<div><span class=\"tracking_$medium text_$text-default fs_$body-medium leading_$body-medium fw_$medium fs_$body-xsmall fw_$medium!\">Sim<\/span><\/div>\n<\/div>\n<div class=\"d_flex bg_$background-neutral-subtlest [&amp;_div]:flex_1 [&amp;:nth-child(even)]:bg_$background-neutral-subtle px_$large py_$medium gap_$small\">\n<div><span class=\"tracking_$medium text_$text-default fs_$body-medium leading_$body-medium fw_$medium fs_$body-small fw_$semibold\">Cor do Produto<\/span><\/div>\n<div><span class=\"tracking_$medium text_$text-default fs_$body-medium leading_$body-medium fw_$medium fs_$body-xsmall fw_$medium!\">Nogal<\/span><\/div>\n<\/div>\n<div class=\"d_flex bg_$background-neutral-subtlest [&amp;_div]:flex_1 [&amp;:nth-child(even)]:bg_$background-neutral-subtle px_$large py_$medium gap_$small\">\n<div><span class=\"tracking_$medium text_$text-default fs_$body-medium leading_$body-medium fw_$medium fs_$body-small fw_$semibold\">Possui Espelhos<\/span><\/div>\n<div><span class=\"tracking_$medium text_$text-default fs_$body-medium leading_$body-medium fw_$medium fs_$body-xsmall fw_$medium!\">Sim<\/span><\/div>\n<\/div>\n<div class=\"d_flex bg_$background-neutral-subtlest [&amp;_div]:flex_1 [&amp;:nth-child(even)]:bg_$background-neutral-subtle px_$large py_$medium gap_$small\">\n<div><span class=\"tracking_$medium text_$text-default fs_$body-medium leading_$body-medium fw_$medium fs_$body-small fw_$semibold\">Cor Predominante<\/span><\/div>\n<div><span class=\"tracking_$medium text_$text-default fs_$body-medium leading_$body-medium fw_$medium fs_$body-xsmall fw_$medium!\">Marrom<\/span><\/div>\n<\/div>\n<\/div>\n<\/div>\n<\/div>\n<\/div>\n<\/div>\n<\/div>\n","protected":false},"excerpt":{"rendered":"<p>Descri\u00e7\u00e3o Ideal para a organiza\u00e7\u00e3o do seu quarto, a C\u00f4moda NT 5165 da Not\u00e1vel M\u00f3veis conta com prateleira e cabideiro interno, 3 gavetas bem espa\u00e7osas, nicho, al\u00e9m de um espelho<\/p>\n","protected":false},"featured_media":15316,"comment_status":"open","ping_status":"closed","template":"","meta":[],"product_brand":[],"product_cat":[15],"product_tag":[],"class_list":{"0":"post-15315","1":"product","2":"type-product","3":"status-publish","4":"has-post-thumbnail","6":"product_cat-produtos","7":"product_shipping_class-retirar-no-local","9":"first","10":"instock","11":"shipping-taxable","12":"purchasable","13":"product-type-simple"},"_links":{"self":[{"href":"https:\/\/ambrosioeletro.com.br\/v20\/wp-json\/wp\/v2\/product\/15315","targetHints":{"allow":["GET"]}}],"collection":[{"href":"https:\/\/ambrosioeletro.com.br\/v20\/wp-json\/wp\/v2\/product"}],"about":[{"href":"https:\/\/ambrosioeletro.com.br\/v20\/wp-json\/wp\/v2\/types\/product"}],"replies":[{"embeddable":true,"href":"https:\/\/ambrosioeletro.com.br\/v20\/wp-json\/wp\/v2\/comments?post=15315"}],"wp:featuredmedia":[{"embeddable":true,"href":"https:\/\/ambrosioeletro.com.br\/v20\/wp-json\/wp\/v2\/media\/15316"}],"wp:attachment":[{"href":"https:\/\/ambrosioeletro.com.br\/v20\/wp-json\/wp\/v2\/media?parent=15315"}],"wp:term":[{"taxonomy":"product_brand","embeddable":true,"href":"https:\/\/ambrosioeletro.com.br\/v20\/wp-json\/wp\/v2\/product_brand?post=15315"},{"taxonomy":"product_cat","embeddable":true,"href":"https:\/\/ambrosioeletro.com.br\/v20\/wp-json\/wp\/v2\/product_cat?post=15315"},{"taxonomy":"product_tag","embeddable":true,"href":"https:\/\/ambrosioeletro.com.br\/v20\/wp-json\/wp\/v2\/product_tag?post=15315"}],"curies":[{"name":"wp","href":"https:\/\/api.w.org\/{rel}","templated":true}]}}