{"id":15320,"date":"2026-03-26T10:47:08","date_gmt":"2026-03-26T13:47:08","guid":{"rendered":"https:\/\/ambrosioeletro.com.br\/v20\/?post_type=product&#038;p=15320"},"modified":"2026-04-16T17:37:43","modified_gmt":"2026-04-16T20:37:43","slug":"armario-de-cozinha-compacta-demobile-select-com-balcao-nicho-para-micro-ondas-6-portas-2-gavetas-cor-amendola-e-branco","status":"publish","type":"product","link":"https:\/\/ambrosioeletro.com.br\/v20\/produto\/armario-de-cozinha-compacta-demobile-select-com-balcao-nicho-para-micro-ondas-6-portas-2-gavetas-cor-amendola-e-branco\/","title":{"rendered":"Arm\u00e1rio de Cozinha Compacta Dem\u00f3bile Select com Balc\u00e3o Nicho para Micro-ondas 6 Portas 2 Gavetas Cor Am\u00eandola e Branco"},"content":{"rendered":"<p>Descri\u00e7\u00e3o e ficha t\u00e9cnica<br \/>\nC\u00f3digo 234470600<\/p>\n<p>Para quem procura por mais praticidade no dia a dia, a cozinha compacta Select da Dem\u00f3bile \u00e9 o modelo ideal. Seu design moderno nas cores Am\u00eandola e Branco, deixar\u00e1 a sua casa ainda mais bonita, organizada e funcional! Ela \u00e9 composta por arm\u00e1rio com balc\u00e3o e nicho para micro-ondas. Sua estrutura \u00e9 feita em MDP, material resistente e de qualidade. A cozinha compacta conta com 6 portas, 2 gavetas e al\u00e9m disso, conta com prateleiras internas para que voc\u00ea possa organizar panelas, mantimentos, utens\u00edlios dom\u00e9sticos e o que mais precisar, deixando a sua cozinha organizada e bonita. Este m\u00f3vel chegar\u00e1 em sua casa separado em 02 volumes.<br \/>\nFicha T\u00e9cnica<br \/>\nMarca<br \/>\nDem\u00f3bile<br \/>\nRefer\u00eancia<br \/>\n96211<br \/>\nModelo<br \/>\nSelect<br \/>\nComposi\u00e7\u00e3o<br \/>\nNicho para micro-ondas, Com balc\u00e3o<br \/>\nQuantidade de Portas<br \/>\n6<br \/>\nQuantidade de Gavetas<br \/>\n2<br \/>\nQuantidade de Pe\u00e7as<br \/>\n1<br \/>\nMaterial da Estrutura<br \/>\nMDP<br \/>\nEstilo<br \/>\nModerno<br \/>\nRevestimento<br \/>\nPintura UV<br \/>\nAcabamento<br \/>\nPintura UV<br \/>\nTampo<br \/>\nRemov\u00edvel<br \/>\nSistema de Abertura<br \/>\nDobradi\u00e7as met\u00e1licas, Pist\u00e3o a g\u00e1s<br \/>\nEspessura do Tampo<br \/>\n1,5cm<br \/>\nTipo de Porta<br \/>\nConvencional e Basculante<br \/>\nGavetas<br \/>\n2<br \/>\nPrateleiras<br \/>\n2<br \/>\nNichos<br \/>\n2<br \/>\nPuxadores<br \/>\n8<br \/>\nP\u00e9s<br \/>\nRegul\u00e1veis<br \/>\nQuantidade Total de P\u00e9s<br \/>\n7<br \/>\nMaterial<br \/>\nMDP<br \/>\nComplexidade de Montagem<br \/>\nM\u00e9dia<br \/>\nSistema de Montagem<br \/>\nParafusos e buchas<br \/>\nCor<br \/>\nAm\u00eandola e Branco<br \/>\nPeso do Produto<br \/>\n68,8kg<br \/>\nPeso do Produto com Embalagem<br \/>\n69,8kg<br \/>\nDimens\u00f5es do Produto<br \/>\nLargura: 178cm, Altura: 195cm, Profundidade paneleiro: 39cm, Profundidade a\u00e9reo: 29cm<br \/>\nDimens\u00f5es do Produto com Embalagem<br \/>\nLargura: 100cm, Altura: 100cm, Profundidade: 14cm<br \/>\nPrazo de Garantia<br \/>\n03 meses de garantia legal<br \/>\nSAC do Fornecedor<br \/>\ndemobile@demobile.com.br<br \/>\nConte\u00fado da Embalagem<br \/>\n1 Cozinha Compacta e Manual<\/p>\n","protected":false},"excerpt":{"rendered":"<p>Descri\u00e7\u00e3o e ficha t\u00e9cnica C\u00f3digo 234470600 Para quem procura por mais praticidade no dia a dia, a cozinha compacta Select da Dem\u00f3bile \u00e9 o modelo ideal. Seu design moderno nas<\/p>\n","protected":false},"featured_media":15322,"comment_status":"open","ping_status":"closed","template":"","meta":[],"product_brand":[],"product_cat":[15],"product_tag":[],"class_list":{"0":"post-15320","1":"product","2":"type-product","3":"status-publish","4":"has-post-thumbnail","6":"product_cat-produtos","7":"product_shipping_class-retirar-no-local","9":"first","10":"instock","11":"shipping-taxable","12":"purchasable","13":"product-type-simple"},"_links":{"self":[{"href":"https:\/\/ambrosioeletro.com.br\/v20\/wp-json\/wp\/v2\/product\/15320","targetHints":{"allow":["GET"]}}],"collection":[{"href":"https:\/\/ambrosioeletro.com.br\/v20\/wp-json\/wp\/v2\/product"}],"about":[{"href":"https:\/\/ambrosioeletro.com.br\/v20\/wp-json\/wp\/v2\/types\/product"}],"replies":[{"embeddable":true,"href":"https:\/\/ambrosioeletro.com.br\/v20\/wp-json\/wp\/v2\/comments?post=15320"}],"wp:featuredmedia":[{"embeddable":true,"href":"https:\/\/ambrosioeletro.com.br\/v20\/wp-json\/wp\/v2\/media\/15322"}],"wp:attachment":[{"href":"https:\/\/ambrosioeletro.com.br\/v20\/wp-json\/wp\/v2\/media?parent=15320"}],"wp:term":[{"taxonomy":"product_brand","embeddable":true,"href":"https:\/\/ambrosioeletro.com.br\/v20\/wp-json\/wp\/v2\/product_brand?post=15320"},{"taxonomy":"product_cat","embeddable":true,"href":"https:\/\/ambrosioeletro.com.br\/v20\/wp-json\/wp\/v2\/product_cat?post=15320"},{"taxonomy":"product_tag","embeddable":true,"href":"https:\/\/ambrosioeletro.com.br\/v20\/wp-json\/wp\/v2\/product_tag?post=15320"}],"curies":[{"name":"wp","href":"https:\/\/api.w.org\/{rel}","templated":true}]}}