{"id":15349,"date":"2026-03-27T08:58:23","date_gmt":"2026-03-27T11:58:23","guid":{"rendered":"https:\/\/ambrosioeletro.com.br\/v20\/?post_type=product&#038;p=15349"},"modified":"2026-03-27T08:58:23","modified_gmt":"2026-03-27T11:58:23","slug":"fogao-itatiaia-star-new-4-bocas-branco-bivolt","status":"publish","type":"product","link":"https:\/\/ambrosioeletro.com.br\/v20\/produto\/fogao-itatiaia-star-new-4-bocas-branco-bivolt\/","title":{"rendered":"Fog\u00e3o Itatiaia Star New 4 Bocas Branco Bivolt"},"content":{"rendered":"<p><span dir=\"auto\">Fog\u00e3o Itatiaia Star New 4 Bocas Branco Bivolt<\/span><\/p>\n<p><span dir=\"auto\">Fog\u00e3o Star New 4 Bocas &#8211; Branco<\/span><\/p>\n<p><span dir=\"auto\">O Fog\u00e3o Star New 4 Bocas \u00e9 o eletrodom\u00e9stico ideal para tornar sua rotina na cozinha mais pr\u00e1tico e eficiente. Com um design moderno e funcional, este fog\u00e3o da Itatiaia oferece desempenho excepcional e facilidade de uso.<\/span><\/p>\n<p><span dir=\"auto\">Caracter\u00edsticas Destacadas<\/span><\/p>\n<p><span dir=\"auto\">O Fog\u00e3o Star New 4 Bocas apresenta uma s\u00e9rie de atributos que o tornam uma escolha inteligente para sua cozinha:<\/span><\/p>\n<p><span dir=\"auto\">Desempenho \u00c1gil: Prepara\u00e7\u00e3o r\u00e1pida e eficiente de receitas.<\/span><br \/>\n<span dir=\"auto\">Design Moderno: Puxador em a\u00e7o para praticidade ao abrir a porta do forno.<\/span><br \/>\n<span dir=\"auto\">Estabilidade e Limpeza: Trempes protetores e laterais que facilitam a limpeza.<\/span><br \/>\n<span dir=\"auto\">Acendimento Autom\u00e1tico: Maior comodidade no uso di\u00e1rio.<\/span><br \/>\n<span dir=\"auto\">Forno Amplo: Revestimento limpo-f\u00e1cil para facilitar a manuten\u00e7\u00e3o.Dur\u00e1vel e Resistente: Ideal para cozinhas compactas, garantindo longa vida \u00fatil.<\/span><\/p>\n<p><span dir=\"auto\">O consumidor \u00e9 respons\u00e1vel pela montagem. Os n\u00facleos podem variar de acordo com as configura\u00e7\u00f5es do monitor.<\/span><\/p>\n<p><span dir=\"auto\">Adquira agora o Fog\u00e3o Star New 4 Bocas e transforme sua experi\u00eancia na cozinha!<\/span><\/p>\n<p><span dir=\"auto\">FATURAMOS PARA CNPJ<\/span><\/p>\n<p><span dir=\"auto\">Linha: Star Novos<\/span><br \/>\n<span dir=\"auto\">N\u00facleos: Branco<\/span><br \/>\n<span dir=\"auto\">Setor: Eletro<\/span><br \/>\n<span dir=\"auto\">Voltagem: Bivolt<\/span><br \/>\n<span dir=\"auto\">Recomenda\u00e7\u00f5es Montagem: Seguir orienta\u00e7\u00e3o de montagem conforme manual que vai junto ao produto.<\/span><br \/>\n<span dir=\"auto\">Garantia: 12 meses<\/span><br \/>\n<span dir=\"auto\">Bocas: 4 Bocas<\/span><br \/>\n<span dir=\"auto\">Tipo de Montagem: De ch\u00e3o<\/span><\/p>\n<div class=\"css-cs5a0t\">\n<div class=\"dsvia-flex css-rtcfjm\" data-testid=\"dsvia-base-div\">\n<p class=\"dsvia-text css-bqvivw\"><span dir=\"auto\">Acendimento<\/span><\/p>\n<p><span class=\"css-emfmc0\"><span dir=\"auto\">&#8211; Autom\u00e1tico &#8211; Autom\u00e1tico<\/span><\/span><\/div>\n<\/div>\n<div class=\"css-cs5a0t\">\n<div class=\"dsvia-flex css-rtcfjm\" data-testid=\"dsvia-base-div\">\n<p class=\"dsvia-text css-bqvivw\"><span dir=\"auto\">Temporizador<\/span><\/p>\n<p><span class=\"css-emfmc0\"><span dir=\"auto\">N\u00e3o<\/span><\/span><\/div>\n<\/div>\n<div class=\"css-cs5a0t\">\n<div class=\"dsvia-flex css-rtcfjm\" data-testid=\"dsvia-base-div\">\n<p class=\"dsvia-text css-bqvivw\"><span dir=\"auto\">Bot\u00f5es remov\u00edveis<\/span><\/p>\n<p><span class=\"css-emfmc0\"><span dir=\"auto\">N\u00e3o<\/span><\/span><\/div>\n<\/div>\n<div class=\"css-cs5a0t\">\n<div class=\"dsvia-flex css-rtcfjm\" data-testid=\"dsvia-base-div\">\n<p class=\"dsvia-text css-bqvivw\"><span dir=\"auto\">Forno autolimpante<\/span><\/p>\n<p><span class=\"css-emfmc0\"><span dir=\"auto\">Sim<\/span><\/span><\/div>\n<\/div>\n<div class=\"css-cs5a0t\">\n<div class=\"dsvia-flex css-rtcfjm\" data-testid=\"dsvia-base-div\">\n<p class=\"dsvia-text css-bqvivw\"><span dir=\"auto\">Luz no forno<\/span><\/p>\n<p><span class=\"css-emfmc0\"><span dir=\"auto\">Sim<\/span><\/span><\/div>\n<\/div>\n<div class=\"css-cs5a0t\">\n<div class=\"dsvia-flex css-rtcfjm\" data-testid=\"dsvia-base-div\">\n<p class=\"dsvia-text css-bqvivw\"><span dir=\"auto\">Acompanha<\/span><\/p>\n<p><span class=\"css-emfmc0\"><span dir=\"auto\">Sim<\/span><\/span><\/div>\n<\/div>\n<div class=\"css-cs5a0t\">\n<div class=\"dsvia-flex css-rtcfjm\" data-testid=\"dsvia-base-div\">\n<p class=\"dsvia-text css-bqvivw\"><span dir=\"auto\">Prateleiras do forno<\/span><\/p>\n<p><span class=\"css-emfmc0\"><span dir=\"auto\">1 prateleira<\/span><\/span><\/div>\n<\/div>\n<div class=\"css-cs5a0t\">\n<div class=\"dsvia-flex css-rtcfjm\" data-testid=\"dsvia-base-div\">\n<p class=\"dsvia-text css-bqvivw\"><span dir=\"auto\">Grelha sem forno<\/span><\/p>\n<p><span class=\"css-emfmc0\"><span dir=\"auto\">N\u00e3o<\/span><\/span><\/div>\n<\/div>\n<div class=\"css-cs5a0t\">\n<div class=\"dsvia-flex css-rtcfjm\" data-testid=\"dsvia-base-div\">\n<p class=\"dsvia-text css-bqvivw\"><span dir=\"auto\">Estufa<\/span><\/p>\n<p><span class=\"css-emfmc0\"><span dir=\"auto\">N\u00e3o<\/span><\/span><\/div>\n<\/div>\n<div class=\"css-cs5a0t\">\n<div class=\"dsvia-flex css-rtcfjm\" data-testid=\"dsvia-base-div\">\n<p class=\"dsvia-text css-bqvivw\"><span dir=\"auto\">Cozimento a vapor no forno<\/span><\/p>\n<p><span class=\"css-emfmc0\"><span dir=\"auto\">N\u00e3o<\/span><\/span><\/div>\n<\/div>\n<div class=\"css-cs5a0t\">\n<div class=\"dsvia-flex css-rtcfjm\" data-testid=\"dsvia-base-div\">\n<p class=\"dsvia-text css-bqvivw\"><span dir=\"auto\">Caracter\u00edsticas Gerais<\/span><\/p>\n<p><span class=\"css-emfmc0\"><span dir=\"auto\">Fog\u00e3o de ch\u00e3o com 4 bocas, design moderno, puxador em a\u00e7o, trempes resistentes, acendimento autom\u00e1tico, forno com revestimento limpo-f\u00e1cil.<\/span><\/span><\/div>\n<\/div>\n<div class=\"css-cs5a0t\">\n<div class=\"dsvia-flex css-rtcfjm\" data-testid=\"dsvia-base-div\">\n<p class=\"dsvia-text css-bqvivw\"><span dir=\"auto\">Tipo<\/span><\/p>\n<p><span class=\"css-emfmc0\"><span dir=\"auto\">De Piso<\/span><\/span><\/div>\n<\/div>\n<div class=\"css-cs5a0t\">\n<div class=\"dsvia-flex css-rtcfjm\" data-testid=\"dsvia-base-div\">\n<p class=\"dsvia-text css-bqvivw\"><span dir=\"auto\">N\u00famero de bocas<\/span><\/p>\n<p><span class=\"css-emfmc0\"><span dir=\"auto\">4<\/span><\/span><\/div>\n<\/div>\n<div class=\"css-cs5a0t\">\n<div class=\"dsvia-flex css-rtcfjm\" data-testid=\"dsvia-base-div\">\n<p class=\"dsvia-text css-bqvivw\"><span dir=\"auto\">Tipo de Mesa<\/span><\/p>\n<p><span class=\"css-emfmc0\"><span dir=\"auto\">Esmaltada<\/span><\/span><\/div>\n<\/div>\n<div class=\"css-cs5a0t\">\n<div class=\"dsvia-flex css-rtcfjm\" data-testid=\"dsvia-base-div\">\n<p class=\"dsvia-text css-bqvivw\"><span dir=\"auto\">Quantidade de Bocas<\/span><\/p>\n<p><span class=\"css-emfmc0\"><span dir=\"auto\">De 3 a 4 bocas<\/span><\/span><\/div>\n<\/div>\n<div data-testid=\"dsvia-base-div\">\n<div class=\"css-cs5a0t\">\n<div class=\"dsvia-flex css-rtcfjm\" data-testid=\"dsvia-base-div\">\n<p class=\"dsvia-text css-bqvivw\"><span dir=\"auto\">Cor<\/span><\/p>\n<p><span class=\"css-emfmc0\"><span dir=\"auto\">Branco<\/span><\/span><\/div>\n<\/div>\n<div class=\"css-cs5a0t\">\n<div class=\"dsvia-flex css-rtcfjm\" data-testid=\"dsvia-base-div\">\n<p class=\"dsvia-text css-bqvivw\"><span dir=\"auto\">joia do forno (litros)<\/span><\/p>\n<p><span class=\"css-emfmc0\"><span dir=\"auto\">50L<\/span><\/span><\/div>\n<\/div>\n<div class=\"css-cs5a0t\">\n<div class=\"dsvia-flex css-rtcfjm\" data-testid=\"dsvia-base-div\">\n<p class=\"dsvia-text css-bqvivw\"><span dir=\"auto\">Efici\u00eancia Energ\u00e9tica<\/span><\/p>\n<p><span class=\"css-emfmc0\"><span dir=\"auto\">A na mesa e no forno<\/span><\/span><\/div>\n<\/div>\n<div class=\"css-cs5a0t\">\n<div class=\"dsvia-flex css-rtcfjm\" data-testid=\"dsvia-base-div\">\n<p class=\"dsvia-text css-bqvivw\"><span dir=\"auto\">Pot\u00eancia dos queimadores<\/span><\/p>\n<p><span class=\"css-emfmc0\"><span dir=\"auto\">1,7 kW (semirr\u00e1pido), 2,0 kW (r\u00e1pido)<\/span><\/span><\/div>\n<\/div>\n<div class=\"css-cs5a0t\">\n<div class=\"dsvia-flex css-rtcfjm\" data-testid=\"dsvia-base-div\">\n<p class=\"dsvia-text css-bqvivw\"><span dir=\"auto\">Tens\u00e3o\/Voltagem<\/span><\/p>\n<p><span class=\"css-emfmc0\"><span dir=\"auto\">Bivolt<\/span><\/span><\/div>\n<\/div>\n<div class=\"css-cs5a0t\">\n<div class=\"dsvia-flex css-rtcfjm\" data-testid=\"dsvia-base-div\">\n<p class=\"dsvia-text css-bqvivw\"><span dir=\"auto\">Consumo de Energia<\/span><\/p>\n<p><span class=\"css-emfmc0\"><span dir=\"auto\">UM<\/span><\/span><\/div>\n<\/div>\n<div class=\"css-cs5a0t\">\n<div class=\"dsvia-flex css-rtcfjm\" data-testid=\"dsvia-base-div\">\n<p class=\"dsvia-text css-bqvivw\"><span dir=\"auto\">Altura<\/span><\/p>\n<p><span class=\"css-emfmc0\"><span dir=\"auto\">De 80 a 97 cm<\/span><\/span><\/div>\n<\/div>\n<div class=\"css-cs5a0t\">\n<div class=\"dsvia-flex css-rtcfjm\" data-testid=\"dsvia-base-div\">\n<p class=\"dsvia-text css-bqvivw\"><span dir=\"auto\">Consumo de GLP (g\/h)<\/span><\/p>\n<p><span class=\"css-emfmc0\"><span dir=\"auto\">160 g\/h<\/span><\/span><\/div>\n<\/div>\n<div class=\"css-cs5a0t\">\n<div class=\"dsvia-flex css-rtcfjm\" data-testid=\"dsvia-base-div\">\n<p class=\"dsvia-text css-bqvivw\"><span dir=\"auto\">Largura<\/span><\/p>\n<p><span class=\"css-emfmc0\"><span dir=\"auto\">De 55 a 72 cm<\/span><\/span><\/div>\n<\/div>\n<div class=\"css-cs5a0t\">\n<div class=\"dsvia-flex css-rtcfjm\" data-testid=\"dsvia-base-div\">\n<p class=\"dsvia-text css-bqvivw\"><span dir=\"auto\">Garantia<\/span><\/p>\n<p><span class=\"css-emfmc0\"><span dir=\"auto\">12 meses<\/span><\/span><\/div>\n<\/div>\n<div class=\"css-cs5a0t\">\n<div class=\"dsvia-flex css-rtcfjm\" data-testid=\"dsvia-base-div\">\n<p class=\"dsvia-text css-bqvivw\"><span dir=\"auto\">Profundidade<\/span><\/p>\n<p><span class=\"css-emfmc0\"><span dir=\"auto\">54 cm<\/span><\/span><\/div>\n<\/div>\n<div class=\"css-cs5a0t\">\n<div class=\"dsvia-flex css-rtcfjm\" data-testid=\"dsvia-base-div\">\n<p class=\"dsvia-text css-bqvivw\"><span dir=\"auto\">Conte\u00fado da embalagem<\/span><\/p>\n<p><span class=\"css-emfmc0\"><span dir=\"auto\">1 Fog\u00e3o<\/span><\/span><\/div>\n<\/div>\n<div class=\"css-cs5a0t\">\n<div class=\"dsvia-flex css-rtcfjm\" data-testid=\"dsvia-base-div\">\n<p class=\"dsvia-text css-bqvivw\"><span dir=\"auto\">Dicas de Utiliza\u00e7\u00e3o<\/span><\/p>\n<p><span class=\"css-emfmc0\"><span dir=\"auto\">Utilize o acendimento autom\u00e1tico para maior comodidade. Facilite a limpeza com as laterais laterais e o revestimento limpo-f\u00e1cil do forno.<\/span><\/span><\/div>\n<\/div>\n<div class=\"css-cs5a0t\">\n<div class=\"dsvia-flex css-rtcfjm\" data-testid=\"dsvia-base-div\">\n<p class=\"dsvia-text css-bqvivw\"><span dir=\"auto\">Observa\u00e7\u00f5es<\/span><\/p>\n<p><span class=\"css-emfmc0\"><span dir=\"auto\">O consumidor \u00e9 respons\u00e1vel pela montagem. Os n\u00facleos podem variar de acordo com as configura\u00e7\u00f5es do monitor.<\/span><\/span><\/div>\n<\/div>\n<div class=\"css-cs5a0t\">\n<div class=\"dsvia-flex css-rtcfjm\" data-testid=\"dsvia-base-div\">\n<p class=\"dsvia-text css-bqvivw\"><span dir=\"auto\">Requisitos de Instala\u00e7\u00e3o do Produto<\/span><\/p>\n<p><span class=\"css-emfmc0\"><span dir=\"auto\">Conex\u00e3o para g\u00e1s GLP ou GN. Verifique a voltagem correta para sua regi\u00e3o.<\/span><\/span><\/div>\n<\/div>\n<\/div>\n","protected":false},"excerpt":{"rendered":"<p>Fog\u00e3o Itatiaia Star New 4 Bocas Branco Bivolt Fog\u00e3o Star New 4 Bocas &#8211; Branco O Fog\u00e3o Star New 4 Bocas \u00e9 o eletrodom\u00e9stico ideal para tornar sua rotina na<\/p>\n","protected":false},"featured_media":15351,"comment_status":"open","ping_status":"closed","template":"","meta":[],"product_brand":[],"product_cat":[15],"product_tag":[],"class_list":{"0":"post-15349","1":"product","2":"type-product","3":"status-publish","4":"has-post-thumbnail","6":"product_cat-produtos","7":"product_shipping_class-retirar-no-local","9":"first","10":"instock","11":"shipping-taxable","12":"purchasable","13":"product-type-simple"},"_links":{"self":[{"href":"https:\/\/ambrosioeletro.com.br\/v20\/wp-json\/wp\/v2\/product\/15349","targetHints":{"allow":["GET"]}}],"collection":[{"href":"https:\/\/ambrosioeletro.com.br\/v20\/wp-json\/wp\/v2\/product"}],"about":[{"href":"https:\/\/ambrosioeletro.com.br\/v20\/wp-json\/wp\/v2\/types\/product"}],"replies":[{"embeddable":true,"href":"https:\/\/ambrosioeletro.com.br\/v20\/wp-json\/wp\/v2\/comments?post=15349"}],"wp:featuredmedia":[{"embeddable":true,"href":"https:\/\/ambrosioeletro.com.br\/v20\/wp-json\/wp\/v2\/media\/15351"}],"wp:attachment":[{"href":"https:\/\/ambrosioeletro.com.br\/v20\/wp-json\/wp\/v2\/media?parent=15349"}],"wp:term":[{"taxonomy":"product_brand","embeddable":true,"href":"https:\/\/ambrosioeletro.com.br\/v20\/wp-json\/wp\/v2\/product_brand?post=15349"},{"taxonomy":"product_cat","embeddable":true,"href":"https:\/\/ambrosioeletro.com.br\/v20\/wp-json\/wp\/v2\/product_cat?post=15349"},{"taxonomy":"product_tag","embeddable":true,"href":"https:\/\/ambrosioeletro.com.br\/v20\/wp-json\/wp\/v2\/product_tag?post=15349"}],"curies":[{"name":"wp","href":"https:\/\/api.w.org\/{rel}","templated":true}]}}