{"id":15357,"date":"2026-03-27T09:09:51","date_gmt":"2026-03-27T12:09:51","guid":{"rendered":"https:\/\/ambrosioeletro.com.br\/v20\/?post_type=product&#038;p=15357"},"modified":"2026-03-27T09:09:51","modified_gmt":"2026-03-27T12:09:51","slug":"guarda-roupa-4-pts-2-gavetas-lotus-demobile-cor-branco-e-rosa","status":"publish","type":"product","link":"https:\/\/ambrosioeletro.com.br\/v20\/produto\/guarda-roupa-4-pts-2-gavetas-lotus-demobile-cor-branco-e-rosa\/","title":{"rendered":"Guarda-Roupa 4 pts 2 gavetas Lotus Dem\u00f3bile Cor Branco e Rosa"},"content":{"rendered":"<div class=\"relative px-md overflow-hidden border-on-surface-8 after:pointer-events-none after:absolute after:bottom-[0] after:left-[0] after:h-[72px] after:w-full after:bg-gradient-to-b after:from-[#FFFFFF00] after:to-[#FFFFFF] md:after:content-none md:px-lg max-md:border-b-thin\" data-testid=\"tab-product-detail\">\n<h2 class=\"text-on-surface-2 font-md-bold md:font-title-large-highlight md:mb-md\" data-testid=\"product-details-title\">Descri\u00e7\u00e3o e ficha t\u00e9cnica<\/h2>\n<div data-testid=\"product-detail\">\n<p class=\"mt-2xsm text-on-surface-4 font-xsm-regular\" data-testid=\"product-detail-code\">C\u00f3digo\u00a0fcb8555d3b<\/p>\n<div class=\"mt-md font-xsm-regular\" data-testid=\"product-detail-description\">Guarda-Roupa Solteiro 4 Portas 2 Gavetas Dem\u00f3bile Lotus Se voc\u00ea busca praticidade e espa\u00e7o para manter suas roupas sempre organizadas, o Guarda-Roupa Solteiro Lotus, da Dem\u00f3bile, \u00e9 a escolha ideal! Com 04 portas e 02 gavetas espa\u00e7osas, ele oferece amplo armazenamento para roupas, acess\u00f3rios e outros itens essenciais do seu dia a dia. Seu design moderno agrega sofistica\u00e7\u00e3o ao ambiente, tornando seu quarto mais bonito e funcional. Al\u00e9m disso, sua estrutura foi projetada para garantir durabilidade e resist\u00eancia, proporcionando um excelente custo-benef\u00edcio. N\u00e3o perca a oportunidade de transformar seu espa\u00e7o com eleg\u00e2ncia e organiza\u00e7\u00e3o!<\/div>\n<\/div>\n<\/div>\n<div class=\"hidden border-on-surface-8 md:px-lg md:block md:py-md\" data-testid=\"tab-product-factsheet\">\n<h2 class=\"text-on-surface-2 font-md-bold md:font-title-large-highlight md:mb-md\" data-testid=\"product-factsheet-title\">Ficha T\u00e9cnica<\/h2>\n<div class=\"pt-2xsm\">\n<table class=\"w-full list-none\" data-testid=\"table-factsheet\">\n<tbody>\n<tr class=\"text-on-surface-3 even:bg-surface-container-lower\">\n<td class=\"px-md py-sm font-xsm-bold align-top table-cell w-1\/2\" data-testid=\"table-factsheet-key\">Marca<\/td>\n<td class=\"px-md py-sm font-xsm-regular list-item w-full align-top\"><a class=\"hover:text-interaction-default underline\" href=\"https:\/\/www.magazineluiza.com.br\/marcas\/demobile\/\">Dem\u00f3bile<\/a><\/td>\n<\/tr>\n<tr class=\"text-on-surface-3 even:bg-surface-container-lower\">\n<td class=\"px-md py-sm font-xsm-bold align-top table-cell w-1\/2\" data-testid=\"table-factsheet-key\">Refer\u00eancia<\/td>\n<td class=\"px-md py-sm font-xsm-regular list-item w-full align-top\">42060\/19<\/td>\n<\/tr>\n<tr class=\"text-on-surface-3 even:bg-surface-container-lower\">\n<td class=\"px-md py-sm font-xsm-bold align-top table-cell w-1\/2\" data-testid=\"table-factsheet-key\">Modelo<\/td>\n<td class=\"px-md py-sm font-xsm-regular list-item w-full align-top\">Lotus<\/td>\n<\/tr>\n<tr class=\"text-on-surface-3 even:bg-surface-container-lower\">\n<td class=\"px-md py-sm font-xsm-bold align-top table-cell w-1\/2\" data-testid=\"table-factsheet-key\">Tamanho<\/td>\n<td class=\"px-md py-sm font-xsm-regular list-item w-full align-top\">Solteiro<\/td>\n<\/tr>\n<tr class=\"text-on-surface-3 even:bg-surface-container-lower\">\n<td class=\"px-md py-sm font-xsm-bold align-top table-cell w-1\/2\" data-testid=\"table-factsheet-key\">Quantidade de Portas<\/td>\n<td class=\"px-md py-sm font-xsm-regular list-item w-full align-top\">04<\/td>\n<\/tr>\n<tr class=\"text-on-surface-3 even:bg-surface-container-lower\">\n<td class=\"px-md py-sm font-xsm-bold align-top table-cell w-1\/2\" data-testid=\"table-factsheet-key\">Tipo de Porta<\/td>\n<td class=\"px-md py-sm font-xsm-regular list-item w-full align-top\">&#8211; Convencional<\/td>\n<\/tr>\n<tr class=\"text-on-surface-3 even:bg-surface-container-lower\">\n<td class=\"px-md py-sm font-xsm-bold align-top table-cell w-1\/2\" data-testid=\"table-factsheet-key\">Quantidade de Gavetas<\/td>\n<td class=\"px-md py-sm font-xsm-regular list-item w-full align-top\">02<\/td>\n<\/tr>\n<tr class=\"text-on-surface-3 even:bg-surface-container-lower\">\n<td class=\"px-md py-sm font-xsm-bold align-top table-cell w-1\/2\" data-testid=\"table-factsheet-key\">Corredi\u00e7as<\/td>\n<td class=\"px-md py-sm font-xsm-regular list-item w-full align-top\">Met\u00e1licas<\/td>\n<\/tr>\n<tr class=\"text-on-surface-3 even:bg-surface-container-lower\">\n<td class=\"px-md py-sm font-xsm-bold align-top table-cell w-1\/2\" data-testid=\"table-factsheet-key\">Dobradi\u00e7as<\/td>\n<td class=\"px-md py-sm font-xsm-regular list-item w-full align-top\">Met\u00e1licas<\/td>\n<\/tr>\n<tr class=\"text-on-surface-3 even:bg-surface-container-lower\">\n<td class=\"px-md py-sm font-xsm-bold align-top table-cell w-1\/2\" data-testid=\"table-factsheet-key\">Material da Estrutura<\/td>\n<td class=\"px-md py-sm font-xsm-regular list-item w-full align-top\">MDP<\/td>\n<\/tr>\n<tr class=\"text-on-surface-3 even:bg-surface-container-lower\">\n<td class=\"px-md py-sm font-xsm-bold align-top table-cell w-1\/2\" data-testid=\"table-factsheet-key\">Revestimento<\/td>\n<td class=\"px-md py-sm font-xsm-regular list-item w-full align-top\">Pintura Ultravioleta<\/td>\n<\/tr>\n<tr class=\"text-on-surface-3 even:bg-surface-container-lower\">\n<td class=\"px-md py-sm font-xsm-bold align-top table-cell w-1\/2\" data-testid=\"table-factsheet-key\">Acabamento<\/td>\n<td class=\"px-md py-sm font-xsm-regular list-item w-full align-top\">Pintura Ultravioleta<\/td>\n<\/tr>\n<tr class=\"text-on-surface-3 even:bg-surface-container-lower\">\n<td class=\"px-md py-sm font-xsm-bold align-top table-cell w-1\/2\" data-testid=\"table-factsheet-key\">Bordas<\/td>\n<td class=\"px-md py-sm font-xsm-regular list-item w-full align-top\">Papel<\/td>\n<\/tr>\n<tr class=\"text-on-surface-3 even:bg-surface-container-lower\">\n<td class=\"px-md py-sm font-xsm-bold align-top table-cell w-1\/2\" data-testid=\"table-factsheet-key\">Material da porta<\/td>\n<td class=\"px-md py-sm font-xsm-regular list-item w-full align-top\">MDP<\/td>\n<\/tr>\n<tr class=\"text-on-surface-3 even:bg-surface-container-lower\">\n<td class=\"px-md py-sm font-xsm-bold align-top table-cell w-1\/2\" data-testid=\"table-factsheet-key\">Material das gavetas<\/td>\n<td class=\"px-md py-sm font-xsm-regular list-item w-full align-top\">MDP<\/td>\n<\/tr>\n<tr class=\"text-on-surface-3 even:bg-surface-container-lower\">\n<td class=\"px-md py-sm font-xsm-bold align-top table-cell w-1\/2\" data-testid=\"table-factsheet-key\">P\u00e9s &#8211; Rodap\u00e9<\/td>\n<td class=\"px-md py-sm font-xsm-regular list-item w-full align-top\">Sim<\/td>\n<\/tr>\n<tr class=\"text-on-surface-3 even:bg-surface-container-lower\">\n<td class=\"px-md py-sm font-xsm-bold align-top table-cell w-1\/2\" data-testid=\"table-factsheet-key\">Material das prateleiras<\/td>\n<td class=\"px-md py-sm font-xsm-regular list-item w-full align-top\">MDP<\/td>\n<\/tr>\n<tr class=\"text-on-surface-3 even:bg-surface-container-lower\">\n<td class=\"px-md py-sm font-xsm-bold align-top table-cell w-1\/2\" data-testid=\"table-factsheet-key\">Quantidade de Prateleiras<\/td>\n<td class=\"px-md py-sm font-xsm-regular list-item w-full align-top\">01<\/td>\n<\/tr>\n<tr class=\"text-on-surface-3 even:bg-surface-container-lower\">\n<td class=\"px-md py-sm font-xsm-bold align-top table-cell w-1\/2\" data-testid=\"table-factsheet-key\">Compartimentos<\/td>\n<td class=\"px-md py-sm font-xsm-regular list-item w-full align-top\">Cabideiro<\/td>\n<\/tr>\n<tr class=\"text-on-surface-3 even:bg-surface-container-lower\">\n<td class=\"px-md py-sm font-xsm-bold align-top table-cell w-1\/2\" data-testid=\"table-factsheet-key\">Ecologicamente correto<\/td>\n<td class=\"px-md py-sm font-xsm-regular list-item w-full align-top\">Sim<\/td>\n<\/tr>\n<tr class=\"text-on-surface-3 even:bg-surface-container-lower\">\n<td class=\"px-md py-sm font-xsm-bold align-top table-cell w-1\/2\" data-testid=\"table-factsheet-key\">Material dos puxadores<\/td>\n<td class=\"px-md py-sm font-xsm-regular list-item w-full align-top\">ABS<\/td>\n<\/tr>\n<tr class=\"text-on-surface-3 even:bg-surface-container-lower\">\n<td class=\"px-md py-sm font-xsm-bold align-top table-cell w-1\/2\" data-testid=\"table-factsheet-key\">Peso aproximado &#8211; Peso do produto com embalagem<\/td>\n<td class=\"px-md py-sm font-xsm-regular list-item w-full align-top\">51,4kg<\/td>\n<\/tr>\n<tr class=\"text-on-surface-3 even:bg-surface-container-lower\">\n<td class=\"px-md py-sm font-xsm-bold align-top table-cell w-1\/2\" data-testid=\"table-factsheet-key\">Dimens\u00f5es do produto &#8211; Largura<\/td>\n<td class=\"px-md py-sm font-xsm-regular list-item w-full align-top\">100cm<\/td>\n<\/tr>\n<tr class=\"text-on-surface-3 even:bg-surface-container-lower\">\n<td class=\"px-md py-sm font-xsm-bold align-top table-cell w-1\/2\" data-testid=\"table-factsheet-key\">Dimens\u00f5es do produto &#8211; Altura<\/td>\n<td class=\"px-md py-sm font-xsm-regular list-item w-full align-top\">190cm<\/td>\n<\/tr>\n<tr class=\"text-on-surface-3 even:bg-surface-container-lower\">\n<td class=\"px-md py-sm font-xsm-bold align-top table-cell w-1\/2\" data-testid=\"table-factsheet-key\">Dimens\u00f5es do produto &#8211; Profundidade<\/td>\n<td class=\"px-md py-sm font-xsm-regular list-item w-full align-top\">47cm<\/td>\n<\/tr>\n<tr class=\"text-on-surface-3 even:bg-surface-container-lower\">\n<td class=\"px-md py-sm font-xsm-bold align-top table-cell w-1\/2\" data-testid=\"table-factsheet-key\">Quantidade de Puxadores<\/td>\n<td class=\"px-md py-sm font-xsm-regular list-item w-full align-top\">04<\/td>\n<\/tr>\n<tr class=\"text-on-surface-3 even:bg-surface-container-lower\">\n<td class=\"px-md py-sm font-xsm-bold align-top table-cell w-1\/2\" data-testid=\"table-factsheet-key\">Material dos p\u00e9s<\/td>\n<td class=\"px-md py-sm font-xsm-regular list-item w-full align-top\">MDP<\/td>\n<\/tr>\n<tr class=\"text-on-surface-3 even:bg-surface-container-lower\">\n<td class=\"px-md py-sm font-xsm-bold align-top table-cell w-1\/2\" data-testid=\"table-factsheet-key\">Quantidade Total de P\u00e9s<\/td>\n<td class=\"px-md py-sm font-xsm-regular list-item w-full align-top\">04<\/td>\n<\/tr>\n<tr class=\"text-on-surface-3 even:bg-surface-container-lower\">\n<td class=\"px-md py-sm font-xsm-bold align-top table-cell w-1\/2\" data-testid=\"table-factsheet-key\">Sistema de Montagem<\/td>\n<td class=\"px-md py-sm font-xsm-regular list-item w-full align-top\">Porcas cil\u00edndricas e parafusos com rosca soberba, cavilhas e cola.<\/td>\n<\/tr>\n<tr class=\"text-on-surface-3 even:bg-surface-container-lower\">\n<td class=\"px-md py-sm font-xsm-bold align-top table-cell w-1\/2\" data-testid=\"table-factsheet-key\">Produto Flex<\/td>\n<td class=\"px-md py-sm font-xsm-regular list-item w-full align-top\">Este produto \u00e9 flex, sendo assim no momento da montagem o cliente pode escolher entre as cores branco ou rosa.<\/td>\n<\/tr>\n<tr class=\"text-on-surface-3 even:bg-surface-container-lower\">\n<td class=\"px-md py-sm font-xsm-bold align-top table-cell w-1\/2\" data-testid=\"table-factsheet-key\">Cor<\/td>\n<td class=\"px-md py-sm font-xsm-regular list-item w-full align-top\">Branco e Rosa<\/td>\n<\/tr>\n<tr class=\"text-on-surface-3 even:bg-surface-container-lower\">\n<td class=\"px-md py-sm font-xsm-bold align-top table-cell w-1\/2\" data-testid=\"table-factsheet-key\">Peso do Produto<\/td>\n<td class=\"px-md py-sm font-xsm-regular list-item w-full align-top\">50,4kg<\/td>\n<\/tr>\n<tr class=\"text-on-surface-3 even:bg-surface-container-lower\">\n<td class=\"px-md py-sm font-xsm-bold align-top table-cell w-1\/2\" data-testid=\"table-factsheet-key\">Prazo de Garantia<\/td>\n<td class=\"px-md py-sm font-xsm-regular list-item w-full align-top\">03 meses de garantia legal.<\/td>\n<\/tr>\n<tr class=\"text-on-surface-3 even:bg-surface-container-lower\">\n<td class=\"px-md py-sm font-xsm-bold align-top table-cell w-1\/2\" data-testid=\"table-factsheet-key\">SAC do Fornecedor<\/td>\n<td class=\"px-md py-sm font-xsm-regular list-item w-full align-top\">demobile@demobile.com.br<\/td>\n<\/tr>\n<tr class=\"text-on-surface-3 even:bg-surface-container-lower\">\n<td class=\"px-md py-sm font-xsm-bold align-top table-cell w-1\/2\" data-testid=\"table-factsheet-key\">Conte\u00fado da Embalagem<\/td>\n<td class=\"px-md py-sm font-xsm-regular list-item w-full align-top\">&#8211; 01 Guarda-roupa &#8211; Manual &#8211; Caixa de acess\u00f3rios<\/td>\n<\/tr>\n<\/tbody>\n<\/table>\n<\/div>\n<\/div>\n","protected":false},"excerpt":{"rendered":"<p>Descri\u00e7\u00e3o e ficha t\u00e9cnica C\u00f3digo\u00a0fcb8555d3b Guarda-Roupa Solteiro 4 Portas 2 Gavetas Dem\u00f3bile Lotus Se voc\u00ea busca praticidade e espa\u00e7o para manter suas roupas sempre organizadas, o Guarda-Roupa Solteiro Lotus, da<\/p>\n","protected":false},"featured_media":15361,"comment_status":"open","ping_status":"closed","template":"","meta":[],"product_brand":[],"product_cat":[15],"product_tag":[],"class_list":{"0":"post-15357","1":"product","2":"type-product","3":"status-publish","4":"has-post-thumbnail","6":"product_cat-produtos","7":"product_shipping_class-retirar-no-local","9":"first","10":"instock","11":"shipping-taxable","12":"purchasable","13":"product-type-simple"},"_links":{"self":[{"href":"https:\/\/ambrosioeletro.com.br\/v20\/wp-json\/wp\/v2\/product\/15357","targetHints":{"allow":["GET"]}}],"collection":[{"href":"https:\/\/ambrosioeletro.com.br\/v20\/wp-json\/wp\/v2\/product"}],"about":[{"href":"https:\/\/ambrosioeletro.com.br\/v20\/wp-json\/wp\/v2\/types\/product"}],"replies":[{"embeddable":true,"href":"https:\/\/ambrosioeletro.com.br\/v20\/wp-json\/wp\/v2\/comments?post=15357"}],"wp:featuredmedia":[{"embeddable":true,"href":"https:\/\/ambrosioeletro.com.br\/v20\/wp-json\/wp\/v2\/media\/15361"}],"wp:attachment":[{"href":"https:\/\/ambrosioeletro.com.br\/v20\/wp-json\/wp\/v2\/media?parent=15357"}],"wp:term":[{"taxonomy":"product_brand","embeddable":true,"href":"https:\/\/ambrosioeletro.com.br\/v20\/wp-json\/wp\/v2\/product_brand?post=15357"},{"taxonomy":"product_cat","embeddable":true,"href":"https:\/\/ambrosioeletro.com.br\/v20\/wp-json\/wp\/v2\/product_cat?post=15357"},{"taxonomy":"product_tag","embeddable":true,"href":"https:\/\/ambrosioeletro.com.br\/v20\/wp-json\/wp\/v2\/product_tag?post=15357"}],"curies":[{"name":"wp","href":"https:\/\/api.w.org\/{rel}","templated":true}]}}