{"id":15387,"date":"2026-03-27T10:59:48","date_gmt":"2026-03-27T13:59:48","guid":{"rendered":"https:\/\/ambrosioeletro.com.br\/v20\/?post_type=product&#038;p=15387"},"modified":"2026-04-17T15:35:47","modified_gmt":"2026-04-17T18:35:47","slug":"balcao-de-cozinha-mila-3-portas-1-gaveta-fiorello-cor-grafite","status":"publish","type":"product","link":"https:\/\/ambrosioeletro.com.br\/v20\/produto\/balcao-de-cozinha-mila-3-portas-1-gaveta-fiorello-cor-grafite\/","title":{"rendered":"Balcao de Cozinha Mila 3 Portas 1 Gaveta &#8211; Fiorello Cor Grafite"},"content":{"rendered":"<div class=\"relative px-md overflow-hidden border-on-surface-8 after:pointer-events-none after:absolute after:bottom-[0] after:left-[0] after:h-[72px] after:w-full after:bg-gradient-to-b after:from-[#FFFFFF00] after:to-[#FFFFFF] md:after:content-none md:px-lg max-md:border-b-thin\" data-testid=\"tab-product-detail\">\n<h2 class=\"text-on-surface-2 font-md-bold md:font-title-large-highlight md:mb-md\" data-testid=\"product-details-title\">Descri\u00e7\u00e3o e ficha t\u00e9cnica<\/h2>\n<div data-testid=\"product-detail\">\n<p class=\"mt-2xsm text-on-surface-4 font-xsm-regular\" data-testid=\"product-detail-code\">C\u00f3digo\u00a0bg41452kae<\/p>\n<div class=\"mt-md font-xsm-regular\" data-testid=\"product-detail-description\">\n<p>O balc\u00e3o de cozinha proporciona mais praticidade e organiza\u00e7\u00e3o no dia a dia. Al\u00e9m de servir como suporte para a pia, o balc\u00e3o de pia tamb\u00e9m ajuda a organizar utens\u00edlios e eletrodom\u00e9sticos, que comp\u00f5em a decora\u00e7\u00e3o da sua cozinha.<\/p>\n<\/div>\n<\/div>\n<\/div>\n<div class=\"hidden border-on-surface-8 md:px-lg md:block md:py-md\" data-testid=\"tab-product-factsheet\">\n<h2 class=\"text-on-surface-2 font-md-bold md:font-title-large-highlight md:mb-md\" data-testid=\"product-factsheet-title\">Ficha T\u00e9cnica<\/h2>\n<div class=\"pt-2xsm\">\n<table class=\"w-full list-none\" data-testid=\"table-factsheet\">\n<tbody>\n<tr class=\"text-on-surface-3 even:bg-surface-container-lower\">\n<td class=\"px-md py-sm font-xsm-bold align-top table-cell w-1\/2\" data-testid=\"table-factsheet-key\">Registro do produto ANVISA<\/td>\n<td class=\"px-md py-sm font-xsm-regular list-item w-full align-top\">N\u00e3o se aplica<\/td>\n<\/tr>\n<tr class=\"text-on-surface-3 even:bg-surface-container-lower\">\n<td class=\"px-md py-sm font-xsm-bold align-top table-cell w-1\/2\" data-testid=\"table-factsheet-key\">Registro do produto Minist\u00e9rio da Agricultura (MAPA)<\/td>\n<td class=\"px-md py-sm font-xsm-regular list-item w-full align-top\">N\u00e3o se aplica<\/td>\n<\/tr>\n<tr class=\"text-on-surface-3 even:bg-surface-container-lower\">\n<td class=\"px-md py-sm font-xsm-bold align-top table-cell w-1\/2\" data-testid=\"table-factsheet-key\">Modelo<\/td>\n<td class=\"px-md py-sm font-xsm-regular list-item w-full align-top\">cozinha<\/td>\n<\/tr>\n<tr class=\"text-on-surface-3 even:bg-surface-container-lower\">\n<td class=\"px-md py-sm font-xsm-bold align-top table-cell w-1\/2\" data-testid=\"table-factsheet-key\">Garantia<\/td>\n<td class=\"px-md py-sm font-xsm-regular list-item w-full align-top\">3 meses<\/td>\n<\/tr>\n<tr class=\"text-on-surface-3 even:bg-surface-container-lower\">\n<td class=\"px-md py-sm font-xsm-bold align-top table-cell w-1\/2\" data-testid=\"table-factsheet-key\">Prazo de Garantia<\/td>\n<td class=\"px-md py-sm font-xsm-regular list-item w-full align-top\">3 meses<\/td>\n<\/tr>\n<tr class=\"text-on-surface-3 even:bg-surface-container-lower\">\n<td class=\"px-md py-sm font-xsm-bold align-top table-cell w-1\/2\" data-testid=\"table-factsheet-key\">T\u00edtulo<\/td>\n<td class=\"px-md py-sm font-xsm-regular list-item w-full align-top\">Balc\u00e3o de Cozinha Mila 3 Portas 1 Gaveta<\/td>\n<\/tr>\n<\/tbody>\n<\/table>\n<\/div>\n<div class=\"px-md pt-sm text-on-surface-2 font-xsm-regular md:pt-md text-center md:text-start\" data-testid=\"attribute-label\">Material\u00a0<span class=\"font-xsm-bold\" data-testid=\"attribute-value\">MDP<\/span><\/div>\n<div class=\"relative\">\n<div class=\"mt-xsm gap-xsm pl-md pr-md hidden-scrollbar flex snap-mandatory flex-nowrap overflow-x-auto justify-center md:justify-start\" data-testid=\"attribute-selector-container\"><a class=\"chip chip-primary chip-md selected text-on-surface-2 text-nowrap pointer-events-none cursor-none\" href=\"https:\/\/www.magazineluiza.com.br\/balcao-de-cozinha-mila-3-portas-1-gaveta-fiorello\/p\/bg41452kae\/li\/lgas\/?seller_id=belezademoveis\" type=\"button\" aria-disabled=\"false\" data-testid=\"attribute-option\" aria-label=\"Material MDP\">MDP<\/a><\/div>\n<div data-testid=\"attribute-selector-container\">\n<table class=\"w-full\">\n<tbody>\n<tr class=\"text-zinc-medium text-sm bg-background-gray\">\n<td class=\"p-2 w-1\/3\">Dimens\u00f5es aproximadas do produto (AxLxP)<\/td>\n<td class=\"p-2 w-2\/3\">12x40x123<\/td>\n<\/tr>\n<tr class=\"text-zinc-medium text-sm \">\n<td class=\"p-2 w-1\/3\">Peso aproximado do produto sem embalagem<\/td>\n<td class=\"p-2 w-2\/3\">28 kg<\/td>\n<\/tr>\n<\/tbody>\n<\/table>\n<table class=\"w-full\">\n<thead>\n<tr>\n<th class=\"text-left table-fixed font-bold text-zinc-medium p-2\" colspan=\"2\">Variantes<\/th>\n<\/tr>\n<\/thead>\n<tbody>\n<tr class=\"text-zinc-medium text-sm bg-background-gray\">\n<td class=\"p-2 w-1\/3\">Variante_Cor<\/td>\n<td class=\"p-2 w-2\/3\">Freij\u00f3 Com Grafite<\/td>\n<\/tr>\n<\/tbody>\n<\/table>\n<\/div>\n<\/div>\n<\/div>\n","protected":false},"excerpt":{"rendered":"<p>Descri\u00e7\u00e3o e ficha t\u00e9cnica C\u00f3digo\u00a0bg41452kae O balc\u00e3o de cozinha proporciona mais praticidade e organiza\u00e7\u00e3o no dia a dia. Al\u00e9m de servir como suporte para a pia, o balc\u00e3o de pia<\/p>\n","protected":false},"featured_media":15389,"comment_status":"open","ping_status":"closed","template":"","meta":[],"product_brand":[],"product_cat":[15],"product_tag":[],"class_list":{"0":"post-15387","1":"product","2":"type-product","3":"status-publish","4":"has-post-thumbnail","6":"product_cat-produtos","7":"product_shipping_class-retirar-no-local","9":"first","10":"instock","11":"shipping-taxable","12":"purchasable","13":"product-type-simple"},"_links":{"self":[{"href":"https:\/\/ambrosioeletro.com.br\/v20\/wp-json\/wp\/v2\/product\/15387","targetHints":{"allow":["GET"]}}],"collection":[{"href":"https:\/\/ambrosioeletro.com.br\/v20\/wp-json\/wp\/v2\/product"}],"about":[{"href":"https:\/\/ambrosioeletro.com.br\/v20\/wp-json\/wp\/v2\/types\/product"}],"replies":[{"embeddable":true,"href":"https:\/\/ambrosioeletro.com.br\/v20\/wp-json\/wp\/v2\/comments?post=15387"}],"wp:featuredmedia":[{"embeddable":true,"href":"https:\/\/ambrosioeletro.com.br\/v20\/wp-json\/wp\/v2\/media\/15389"}],"wp:attachment":[{"href":"https:\/\/ambrosioeletro.com.br\/v20\/wp-json\/wp\/v2\/media?parent=15387"}],"wp:term":[{"taxonomy":"product_brand","embeddable":true,"href":"https:\/\/ambrosioeletro.com.br\/v20\/wp-json\/wp\/v2\/product_brand?post=15387"},{"taxonomy":"product_cat","embeddable":true,"href":"https:\/\/ambrosioeletro.com.br\/v20\/wp-json\/wp\/v2\/product_cat?post=15387"},{"taxonomy":"product_tag","embeddable":true,"href":"https:\/\/ambrosioeletro.com.br\/v20\/wp-json\/wp\/v2\/product_tag?post=15387"}],"curies":[{"name":"wp","href":"https:\/\/api.w.org\/{rel}","templated":true}]}}