{"id":15390,"date":"2026-03-27T11:03:39","date_gmt":"2026-03-27T14:03:39","guid":{"rendered":"https:\/\/ambrosioeletro.com.br\/v20\/?post_type=product&#038;p=15390"},"modified":"2026-04-17T15:37:14","modified_gmt":"2026-04-17T18:37:14","slug":"armario-aereo-cozinha-120cm-3-portas-com-divisoria-home-freijo-off-white-fiorello","status":"publish","type":"product","link":"https:\/\/ambrosioeletro.com.br\/v20\/produto\/armario-aereo-cozinha-120cm-3-portas-com-divisoria-home-freijo-off-white-fiorello\/","title":{"rendered":"Arm\u00e1rio A\u00e9reo Cozinha Mila 120cm 3 Portas Com Divis\u00f3ria Home &#8211; Freij\u00f3 Off White &#8211; Fiorello"},"content":{"rendered":"<div class=\"relative px-md overflow-hidden border-on-surface-8 after:pointer-events-none after:absolute after:bottom-[0] after:left-[0] after:h-[72px] after:w-full after:bg-gradient-to-b after:from-[#FFFFFF00] after:to-[#FFFFFF] md:after:content-none md:px-lg max-md:border-b-thin\" data-testid=\"tab-product-detail\">\n<h2 class=\"text-on-surface-2 font-md-bold md:font-title-large-highlight md:mb-md\" data-testid=\"product-details-title\">Descri\u00e7\u00e3o e ficha t\u00e9cnica<\/h2>\n<div data-testid=\"product-detail\">\n<p class=\"mt-2xsm text-on-surface-4 font-xsm-regular\" data-testid=\"product-detail-code\">C\u00f3digo\u00a0gace77gj1j<\/p>\n<div class=\"mt-md font-xsm-regular\" data-testid=\"product-detail-description\">\n<p><strong>ATEN\u00c7\u00c3O<\/strong><\/p>\n<p><strong>EVITE ATRASOS NO ENVIO DO SEU PEDIDO!<\/strong><\/p>\n<p>*O n\u00famero de telefone deve ser informado no campo COMPLEMENTO, junto com o endere\u00e7o de entrega.<\/p>\n<p>*Devido a nova lei de prote\u00e7\u00e3o de dados, a plataforma n\u00e3o est\u00e1 repassando o n\u00famero de telefone informado no cadastro. Sendo essa, uma informa\u00e7\u00e3o obrigat\u00f3ria pela transportadora que far\u00e1 a sua entrega.<\/p>\n<p>Portanto, informe o telefone no campo COMPLEMENTO, junto ao endere\u00e7o de entrega, ou envie uma mensagem atrav\u00e9s do seu pedido, informando o n\u00famero.<\/p>\n<p><strong><em>DESCRI\u00c7\u00c3O DO PRODUTO<\/em>\u00a0:<\/strong><\/p>\n<p><strong>Compacto &amp; Funcional<\/strong><\/p>\n<p>Com o melhor custo benef\u00edcio<\/p>\n<p><em>&#8211; Estilo: Moderno\/minimalista<\/em><\/p>\n<p><em>&#8211; Com divis\u00f3rias internas<\/em><\/p>\n<p><strong>Cor:<\/strong>\u00a0Freij\u00f3 com off-white<\/p>\n<p><strong>Dimens\u00f5es<\/strong><\/p>\n<p>Largura (frente): 120cm<\/p>\n<p>Altura: 54cm<\/p>\n<p>Profundidade: 29cm<\/p>\n<p><strong>Material:<\/strong>\u00a0MDP<\/p>\n<p><strong>Peso:<\/strong>\u00a018kg<\/p>\n<p><strong>Informa\u00e7\u00f5es importantes:<\/strong><\/p>\n<p>Acompanha manual de montagem<\/p>\n<p>Acompanha acess\u00f3rios<\/p>\n<p>Montagem n\u00e3o inclusa<\/p>\n<p>Imagens meramente ilustrativas<\/p>\n<\/div>\n<\/div>\n<\/div>\n<div class=\"hidden border-on-surface-8 md:px-lg md:block md:py-md\" data-testid=\"tab-product-factsheet\">\n<h2 class=\"text-on-surface-2 font-md-bold md:font-title-large-highlight md:mb-md\" data-testid=\"product-factsheet-title\">Ficha T\u00e9cnica<\/h2>\n<div class=\"pt-2xsm\">\n<table class=\"w-full list-none\" data-testid=\"table-factsheet\">\n<tbody>\n<tr class=\"text-on-surface-3 even:bg-surface-container-lower\">\n<td class=\"px-md py-sm font-xsm-bold align-top table-cell w-1\/2\" data-testid=\"table-factsheet-key\">Ambiente<\/td>\n<td class=\"px-md py-sm font-xsm-regular list-item w-full align-top\">Cozinha<\/td>\n<\/tr>\n<tr class=\"text-on-surface-3 even:bg-surface-container-lower\">\n<td class=\"px-md py-sm font-xsm-bold align-top table-cell w-1\/2\" data-testid=\"table-factsheet-key\">Cor<\/td>\n<td class=\"px-md py-sm font-xsm-regular list-item w-full align-top\">Freij\u00f3 com off-white<\/td>\n<\/tr>\n<tr class=\"text-on-surface-3 even:bg-surface-container-lower\">\n<td class=\"px-md py-sm font-xsm-bold align-top table-cell w-1\/2\" data-testid=\"table-factsheet-key\">Dimens\u00f5es do Produto<\/td>\n<td class=\"px-md py-sm font-xsm-regular list-item w-full align-top\">Largura (frente): 120cm Altura: 54cm Profundidade: 29cm<\/td>\n<\/tr>\n<tr class=\"text-on-surface-3 even:bg-surface-container-lower\">\n<td class=\"px-md py-sm font-xsm-bold align-top table-cell w-1\/2\" data-testid=\"table-factsheet-key\">Estilo do M\u00f3vel<\/td>\n<td class=\"px-md py-sm font-xsm-regular list-item w-full align-top\">Moderno\/minimalista<\/td>\n<\/tr>\n<tr class=\"text-on-surface-3 even:bg-surface-container-lower\">\n<td class=\"px-md py-sm font-xsm-bold align-top table-cell w-1\/2\" data-testid=\"table-factsheet-key\">Material da Estrutura<\/td>\n<td class=\"px-md py-sm font-xsm-regular list-item w-full align-top\">MDP<\/td>\n<\/tr>\n<tr class=\"text-on-surface-3 even:bg-surface-container-lower\">\n<td class=\"px-md py-sm font-xsm-bold align-top table-cell w-1\/2\" data-testid=\"table-factsheet-key\">Modelo<\/td>\n<td class=\"px-md py-sm font-xsm-regular list-item w-full align-top\">Home<\/td>\n<\/tr>\n<tr class=\"text-on-surface-3 even:bg-surface-container-lower\">\n<td class=\"px-md py-sm font-xsm-bold align-top table-cell w-1\/2\" data-testid=\"table-factsheet-key\">Peso do Produto<\/td>\n<td class=\"px-md py-sm font-xsm-regular list-item w-full align-top\">18kg<\/td>\n<\/tr>\n<tr class=\"text-on-surface-3 even:bg-surface-container-lower\">\n<td class=\"px-md py-sm font-xsm-bold align-top table-cell w-1\/2\" data-testid=\"table-factsheet-key\">Quantidade de Portas<\/td>\n<td class=\"px-md py-sm font-xsm-regular list-item w-full align-top\">3<\/td>\n<\/tr>\n<tr class=\"text-on-surface-3 even:bg-surface-container-lower\">\n<td class=\"px-md py-sm font-xsm-bold align-top table-cell w-1\/2\" data-testid=\"table-factsheet-key\">Tipo<\/td>\n<td class=\"px-md py-sm font-xsm-regular list-item w-full align-top\">A\u00e9reo<\/td>\n<\/tr>\n<tr class=\"text-on-surface-3 even:bg-surface-container-lower\">\n<td class=\"px-md py-sm font-xsm-bold align-top table-cell w-1\/2\" data-testid=\"table-factsheet-key\">Tipo de M\u00f3vel<\/td>\n<td class=\"px-md py-sm font-xsm-regular list-item w-full align-top\">Arm\u00e1rio<\/td>\n<\/tr>\n<\/tbody>\n<\/table>\n<\/div>\n<\/div>\n","protected":false},"excerpt":{"rendered":"<p>Descri\u00e7\u00e3o e ficha t\u00e9cnica C\u00f3digo\u00a0gace77gj1j ATEN\u00c7\u00c3O EVITE ATRASOS NO ENVIO DO SEU PEDIDO! *O n\u00famero de telefone deve ser informado no campo COMPLEMENTO, junto com o endere\u00e7o de entrega. *Devido<\/p>\n","protected":false},"featured_media":15391,"comment_status":"open","ping_status":"closed","template":"","meta":[],"product_brand":[],"product_cat":[15],"product_tag":[],"class_list":{"0":"post-15390","1":"product","2":"type-product","3":"status-publish","4":"has-post-thumbnail","6":"product_cat-produtos","7":"product_shipping_class-retirar-no-local","9":"first","10":"instock","11":"shipping-taxable","12":"purchasable","13":"product-type-simple"},"_links":{"self":[{"href":"https:\/\/ambrosioeletro.com.br\/v20\/wp-json\/wp\/v2\/product\/15390","targetHints":{"allow":["GET"]}}],"collection":[{"href":"https:\/\/ambrosioeletro.com.br\/v20\/wp-json\/wp\/v2\/product"}],"about":[{"href":"https:\/\/ambrosioeletro.com.br\/v20\/wp-json\/wp\/v2\/types\/product"}],"replies":[{"embeddable":true,"href":"https:\/\/ambrosioeletro.com.br\/v20\/wp-json\/wp\/v2\/comments?post=15390"}],"wp:featuredmedia":[{"embeddable":true,"href":"https:\/\/ambrosioeletro.com.br\/v20\/wp-json\/wp\/v2\/media\/15391"}],"wp:attachment":[{"href":"https:\/\/ambrosioeletro.com.br\/v20\/wp-json\/wp\/v2\/media?parent=15390"}],"wp:term":[{"taxonomy":"product_brand","embeddable":true,"href":"https:\/\/ambrosioeletro.com.br\/v20\/wp-json\/wp\/v2\/product_brand?post=15390"},{"taxonomy":"product_cat","embeddable":true,"href":"https:\/\/ambrosioeletro.com.br\/v20\/wp-json\/wp\/v2\/product_cat?post=15390"},{"taxonomy":"product_tag","embeddable":true,"href":"https:\/\/ambrosioeletro.com.br\/v20\/wp-json\/wp\/v2\/product_tag?post=15390"}],"curies":[{"name":"wp","href":"https:\/\/api.w.org\/{rel}","templated":true}]}}