{"id":15413,"date":"2026-03-27T16:03:39","date_gmt":"2026-03-27T19:03:39","guid":{"rendered":"https:\/\/ambrosioeletro.com.br\/v20\/?post_type=product&#038;p=15413"},"modified":"2026-04-16T08:55:26","modified_gmt":"2026-04-16T11:55:26","slug":"guarda-roupa-casal-6-portas-4-gavetas-veneza-cinamomo-off-white","status":"publish","type":"product","link":"https:\/\/ambrosioeletro.com.br\/v20\/produto\/guarda-roupa-casal-6-portas-4-gavetas-veneza-cinamomo-off-white\/","title":{"rendered":"Guarda Roupa Casal 6 Portas 4 Gavetas  Veneza Cinamomo\/Off White"},"content":{"rendered":"<div class=\"box_border-box mt_$large [&amp;:last-child]:mb_0 $md:mb_$xxlarge\">\n<p><span class=\"tracking_$medium text_$text-default fs_$body-medium leading_$body-medium fw_$medium mb_$large d_inline-block fs_$h7 fw_$medium $md:mb_$medium $md:fs_$h5\">Descri\u00e7\u00e3o<\/span><\/p>\n<div class=\"d_flex flex_column gap_$medium mb_$medium\" data-testid=\"product_information-container-product_description\">\n<p class=\"fw_$regular fs_$body-xsmall transition_max-height_0.5s_ease-in-out,_mask-image_0.5s_ease-in-out text_$text-default $md:fs_$body-small max-h_4000px! mask-image_none opacity_0.7 overflow_hidden\">Cansado da desorganiza\u00e7\u00e3o e do espa\u00e7o mal aproveitado? Deixe seu quarto muito mais bonito e funcional com o Guarda-Roupa Casal 6 Portas 4 Gavetas 239cm Veneza! Ele \u00e9 a escolha ideal para quem busca praticidade e um aproveitamento inteligente do espa\u00e7o sem abrir m\u00e3o do estilo.<\/p>\n<p>Com um design moderno e funcional, o Guarda-Roupa Veneza oferece uma excelente organiza\u00e7\u00e3o interna para todas as suas necessidades:<\/p>\n<p>Espa\u00e7o Inteligente: Conte com 8 prateleiras individuais, perfeitas para suas roupas dobradas, acess\u00f3rios e objetos.<\/p>\n<p>Cabideiros Resistentes: Seus 2 cabideiros em alum\u00ednio s\u00e3o ideais para manter suas roupas impec\u00e1veis e sem amassar.<\/p>\n<p>Maleiros Pr\u00e1ticos: Os 2 maleiros individuais garantem espa\u00e7o para itens maiores ou de uso menos frequente.<\/p>\n<p>Gavetas Suaves e Seguras: As 4 gavetas internas com puxadores em PVC e corredi\u00e7as telesc\u00f3picas proporcionam um deslizamento suave, firme e silencioso, oferecendo maior praticidade e seguran\u00e7a ao produto.<\/p>\n<p>O Guarda-Roupa Casal 6 Portas 4 Gavetas 239cm Veneza \u00e9 sin\u00f4nimo de robustez e eleg\u00e2ncia. Produzido em MDP e MDF, ele conta com puxadores em MDF que agregam um toque de sofistica\u00e7\u00e3o ao design. As dobradi\u00e7as de 26mm por porta garantem maior durabilidade e resist\u00eancia no uso di\u00e1rio.<\/p>\n<p>Com 239cm de largura, 234cm de altura e 55cm de profundidade (MAIOR DA CATEGORIA), este roupeiro foi pensado para otimizar seu ambiente, tornando-o muito mais bonito e funcional.<\/p>\n<p>N\u00e3o espere mais para ter o quarto dos seus sonhos! Invista no Guarda-Roupa Casal 6 Portas 4 Gavetas 239cm Veneza e experimente a uni\u00e3o perfeita de beleza, funcionalidade e a organiza\u00e7\u00e3o que voc\u00ea merece.<\/p>\n<p>Pronto para transformar seu espa\u00e7o?<\/p>\n<\/div>\n<p><button class=\"fw_$medium fs_$body-small cursor_pointer text-decor_none! d_flex items_center gap_$xsmall text_$text-link-default [&amp;_svg]:text_$text-link-default $md:fs_$body-small\" type=\"button\" aria-expanded=\"true\" data-testid=\"product_description-button-see_more\">Ver menos descri\u00e7\u00e3o<\/button><\/p>\n<\/div>\n<div class=\"box_border-box mt_$large [&amp;:last-child]:mb_0 $md:mb_$xxlarge\">\n<p><span class=\"tracking_$medium text_$text-default fs_$body-medium leading_$body-medium fw_$medium mb_$large d_inline-block fs_$h7 fw_$medium $md:mb_$medium $md:fs_$h5\">Caracter\u00edsticas do produto<\/span><\/p>\n<div class=\"d_flex box_border-box d_grid grid-cols_1fr gap_$large pos_relative overflow_hidden transition_all_0.5s_ease-in-out $md:grid-cols_1fr_1fr min-h_100% max-h_auto mask-image_none opacity_0.7 \" data-testid=\"product_information-container-product_characteristics\">\n<div class=\"box_border-box w_100%\">\n<div class=\"d_block\">\n<p><span class=\"tracking_$medium text_$text-default fs_$body-medium leading_$body-medium fw_$medium d_inline-block fs_$body-small fw_$medium mb_$medium\">Pesos e Dimens\u00f5es<\/span><\/p>\n<div class=\"w_100% mb_$large\" data-testid=\"table-attributes\">\n<div class=\"rounded_$medium gap_$xlarge overflow_hidden\">\n<div class=\"d_flex bg_$background-neutral-subtlest [&amp;_div]:flex_1 [&amp;:nth-child(even)]:bg_$background-neutral-subtle px_$large py_$medium gap_$small\">\n<div><span class=\"tracking_$medium text_$text-default fs_$body-medium leading_$body-medium fw_$medium fs_$body-small fw_$semibold\">Espessura do Fundo (mm)<\/span><\/div>\n<div><span class=\"tracking_$medium text_$text-default fs_$body-medium leading_$body-medium fw_$medium fs_$body-xsmall fw_$medium!\">2,5 mm<\/span><\/div>\n<\/div>\n<div class=\"d_flex bg_$background-neutral-subtlest [&amp;_div]:flex_1 [&amp;:nth-child(even)]:bg_$background-neutral-subtle px_$large py_$medium gap_$small\">\n<div><span class=\"tracking_$medium text_$text-default fs_$body-medium leading_$body-medium fw_$medium fs_$body-small fw_$semibold\">Espessura das Portas (mm)<\/span><\/div>\n<div><span class=\"tracking_$medium text_$text-default fs_$body-medium leading_$body-medium fw_$medium fs_$body-xsmall fw_$medium!\">15 mm<\/span><\/div>\n<\/div>\n<div class=\"d_flex bg_$background-neutral-subtlest [&amp;_div]:flex_1 [&amp;:nth-child(even)]:bg_$background-neutral-subtle px_$large py_$medium gap_$small\">\n<div><span class=\"tracking_$medium text_$text-default fs_$body-medium leading_$body-medium fw_$medium fs_$body-small fw_$semibold\">Espessura da Estrutura (mm)<\/span><\/div>\n<div><span class=\"tracking_$medium text_$text-default fs_$body-medium leading_$body-medium fw_$medium fs_$body-xsmall fw_$medium!\">15 mm<\/span><\/div>\n<\/div>\n<div class=\"d_flex bg_$background-neutral-subtlest [&amp;_div]:flex_1 [&amp;:nth-child(even)]:bg_$background-neutral-subtle px_$large py_$medium gap_$small\">\n<div><span class=\"tracking_$medium text_$text-default fs_$body-medium leading_$body-medium fw_$medium fs_$body-small fw_$semibold\">Espessura das Prateleiras (mm)<\/span><\/div>\n<div><span class=\"tracking_$medium text_$text-default fs_$body-medium leading_$body-medium fw_$medium fs_$body-xsmall fw_$medium!\">15 mm<\/span><\/div>\n<\/div>\n<div class=\"d_flex bg_$background-neutral-subtlest [&amp;_div]:flex_1 [&amp;:nth-child(even)]:bg_$background-neutral-subtle px_$large py_$medium gap_$small\">\n<div><span class=\"tracking_$medium text_$text-default fs_$body-medium leading_$body-medium fw_$medium fs_$body-small fw_$semibold\">Espessura do Fundo das Gavetas (mm)<\/span><\/div>\n<div><span class=\"tracking_$medium text_$text-default fs_$body-medium leading_$body-medium fw_$medium fs_$body-xsmall fw_$medium!\">2,5 mm<\/span><\/div>\n<\/div>\n<div class=\"d_flex bg_$background-neutral-subtlest [&amp;_div]:flex_1 [&amp;:nth-child(even)]:bg_$background-neutral-subtle px_$large py_$medium gap_$small\">\n<div><span class=\"tracking_$medium text_$text-default fs_$body-medium leading_$body-medium fw_$medium fs_$body-small fw_$semibold\">Altura (cm)<\/span><\/div>\n<div><span class=\"tracking_$medium text_$text-default fs_$body-medium leading_$body-medium fw_$medium fs_$body-xsmall fw_$medium!\">234 cm<\/span><\/div>\n<\/div>\n<div class=\"d_flex bg_$background-neutral-subtlest [&amp;_div]:flex_1 [&amp;:nth-child(even)]:bg_$background-neutral-subtle px_$large py_$medium gap_$small\">\n<div><span class=\"tracking_$medium text_$text-default fs_$body-medium leading_$body-medium fw_$medium fs_$body-small fw_$semibold\">Largura (cm)<\/span><\/div>\n<div><span class=\"tracking_$medium text_$text-default fs_$body-medium leading_$body-medium fw_$medium fs_$body-xsmall fw_$medium!\">239 cm<\/span><\/div>\n<\/div>\n<div class=\"d_flex bg_$background-neutral-subtlest [&amp;_div]:flex_1 [&amp;:nth-child(even)]:bg_$background-neutral-subtle px_$large py_$medium gap_$small\">\n<div><span class=\"tracking_$medium text_$text-default fs_$body-medium leading_$body-medium fw_$medium fs_$body-small fw_$semibold\">Profundidade (cm)<\/span><\/div>\n<div><span class=\"tracking_$medium text_$text-default fs_$body-medium leading_$body-medium fw_$medium fs_$body-xsmall fw_$medium!\">55 cm<\/span><\/div>\n<\/div>\n<div class=\"d_flex bg_$background-neutral-subtlest [&amp;_div]:flex_1 [&amp;:nth-child(even)]:bg_$background-neutral-subtle px_$large py_$medium gap_$small\">\n<div><span class=\"tracking_$medium text_$text-default fs_$body-medium leading_$body-medium fw_$medium fs_$body-small fw_$semibold\">Peso (kg)<\/span><\/div>\n<div><span class=\"tracking_$medium text_$text-default fs_$body-medium leading_$body-medium fw_$medium fs_$body-xsmall fw_$medium!\">183,2 kg<\/span><\/div>\n<\/div>\n<\/div>\n<\/div>\n<\/div>\n<div class=\"d_block\">\n<p><span class=\"tracking_$medium text_$text-default fs_$body-medium leading_$body-medium fw_$medium d_inline-block fs_$body-small fw_$medium mb_$medium\">Garantia<\/span><\/p>\n<div class=\"w_100% mb_$large\" data-testid=\"table-attributes\">\n<div class=\"rounded_$medium gap_$xlarge overflow_hidden\">\n<div class=\"d_flex bg_$background-neutral-subtlest [&amp;_div]:flex_1 [&amp;:nth-child(even)]:bg_$background-neutral-subtle px_$large py_$medium gap_$small\">\n<div><span class=\"tracking_$medium text_$text-default fs_$body-medium leading_$body-medium fw_$medium fs_$body-small fw_$semibold\">Garantia<\/span><\/div>\n<div><span class=\"tracking_$medium text_$text-default fs_$body-medium leading_$body-medium fw_$medium fs_$body-xsmall fw_$medium!\">03 Meses<\/span><\/div>\n<\/div>\n<\/div>\n<\/div>\n<\/div>\n<div class=\"d_block\">\n<p><span class=\"tracking_$medium text_$text-default fs_$body-medium leading_$body-medium fw_$medium d_inline-block fs_$body-small fw_$medium mb_$medium\">Materiais e Acabamentos<\/span><\/p>\n<div class=\"w_100% mb_$large\" data-testid=\"table-attributes\">\n<div class=\"rounded_$medium gap_$xlarge overflow_hidden\">\n<div class=\"d_flex bg_$background-neutral-subtlest [&amp;_div]:flex_1 [&amp;:nth-child(even)]:bg_$background-neutral-subtle px_$large py_$medium gap_$small\">\n<div><span class=\"tracking_$medium text_$text-default fs_$body-medium leading_$body-medium fw_$medium fs_$body-small fw_$semibold\">Material Principal<\/span><\/div>\n<div><span class=\"tracking_$medium text_$text-default fs_$body-medium leading_$body-medium fw_$medium fs_$body-xsmall fw_$medium!\">MDP<\/span><\/div>\n<\/div>\n<div class=\"d_flex bg_$background-neutral-subtlest [&amp;_div]:flex_1 [&amp;:nth-child(even)]:bg_$background-neutral-subtle px_$large py_$medium gap_$small\">\n<div><span class=\"tracking_$medium text_$text-default fs_$body-medium leading_$body-medium fw_$medium fs_$body-small fw_$semibold\">Material da Porta<\/span><\/div>\n<div><span class=\"tracking_$medium text_$text-default fs_$body-medium leading_$body-medium fw_$medium fs_$body-xsmall fw_$medium!\">MDF<\/span><\/div>\n<\/div>\n<div class=\"d_flex bg_$background-neutral-subtlest [&amp;_div]:flex_1 [&amp;:nth-child(even)]:bg_$background-neutral-subtle px_$large py_$medium gap_$small\">\n<div><span class=\"tracking_$medium text_$text-default fs_$body-medium leading_$body-medium fw_$medium fs_$body-small fw_$semibold\">Acabamento<\/span><\/div>\n<div><span class=\"tracking_$medium text_$text-default fs_$body-medium leading_$body-medium fw_$medium fs_$body-xsmall fw_$medium!\">Pintura UV<\/span><\/div>\n<\/div>\n<div class=\"d_flex bg_$background-neutral-subtlest [&amp;_div]:flex_1 [&amp;:nth-child(even)]:bg_$background-neutral-subtle px_$large py_$medium gap_$small\">\n<div><span class=\"tracking_$medium text_$text-default fs_$body-medium leading_$body-medium fw_$medium fs_$body-small fw_$semibold\">Material da Gaveta<\/span><\/div>\n<div><span class=\"tracking_$medium text_$text-default fs_$body-medium leading_$body-medium fw_$medium fs_$body-xsmall fw_$medium!\">MDP<\/span><\/div>\n<\/div>\n<div class=\"d_flex bg_$background-neutral-subtlest [&amp;_div]:flex_1 [&amp;:nth-child(even)]:bg_$background-neutral-subtle px_$large py_$medium gap_$small\">\n<div><span class=\"tracking_$medium text_$text-default fs_$body-medium leading_$body-medium fw_$medium fs_$body-small fw_$semibold\">Tipo de Corredi\u00e7a da Gaveta<\/span><\/div>\n<div><span class=\"tracking_$medium text_$text-default fs_$body-medium leading_$body-medium fw_$medium fs_$body-xsmall fw_$medium!\">Met\u00e1lica Telesc\u00f3pica<\/span><\/div>\n<\/div>\n<div class=\"d_flex bg_$background-neutral-subtlest [&amp;_div]:flex_1 [&amp;:nth-child(even)]:bg_$background-neutral-subtle px_$large py_$medium gap_$small\">\n<div><span class=\"tracking_$medium text_$text-default fs_$body-medium leading_$body-medium fw_$medium fs_$body-small fw_$semibold\">Material do Puxador da Porta<\/span><\/div>\n<div><span class=\"tracking_$medium text_$text-default fs_$body-medium leading_$body-medium fw_$medium fs_$body-xsmall fw_$medium!\">MDF<\/span><\/div>\n<\/div>\n<div class=\"d_flex bg_$background-neutral-subtlest [&amp;_div]:flex_1 [&amp;:nth-child(even)]:bg_$background-neutral-subtle px_$large py_$medium gap_$small\">\n<div><span class=\"tracking_$medium text_$text-default fs_$body-medium leading_$body-medium fw_$medium fs_$body-small fw_$semibold\">Material da Prateleira<\/span><\/div>\n<div><span class=\"tracking_$medium text_$text-default fs_$body-medium leading_$body-medium fw_$medium fs_$body-xsmall fw_$medium!\">MDP<\/span><\/div>\n<\/div>\n<\/div>\n<\/div>\n<\/div>\n<div class=\"d_block\">\n<p><span class=\"tracking_$medium text_$text-default fs_$body-medium leading_$body-medium fw_$medium d_inline-block fs_$body-small fw_$medium mb_$medium\">Montagem<\/span><\/p>\n<div class=\"w_100% mb_$large\" data-testid=\"table-attributes\">\n<div class=\"rounded_$medium gap_$xlarge overflow_hidden\">\n<div class=\"d_flex bg_$background-neutral-subtlest [&amp;_div]:flex_1 [&amp;:nth-child(even)]:bg_$background-neutral-subtle px_$large py_$medium gap_$small\">\n<div><span class=\"tracking_$medium text_$text-default fs_$body-medium leading_$body-medium fw_$medium fs_$body-small fw_$semibold\">Necessita Montagem<\/span><\/div>\n<div><span class=\"tracking_$medium text_$text-default fs_$body-medium leading_$body-medium fw_$medium fs_$body-xsmall fw_$medium!\">Sim<\/span><\/div>\n<\/div>\n<div class=\"d_flex bg_$background-neutral-subtlest [&amp;_div]:flex_1 [&amp;:nth-child(even)]:bg_$background-neutral-subtle px_$large py_$medium gap_$small\">\n<div><span class=\"tracking_$medium text_$text-default fs_$body-medium leading_$body-medium fw_$medium fs_$body-small fw_$semibold\">Complexidade da Montagem<\/span><\/div>\n<div><span class=\"tracking_$medium text_$text-default fs_$body-medium leading_$body-medium fw_$medium fs_$body-xsmall fw_$medium!\">Alta: deve ser montado por um montador especializado<\/span><\/div>\n<\/div>\n<div class=\"d_flex bg_$background-neutral-subtlest [&amp;_div]:flex_1 [&amp;:nth-child(even)]:bg_$background-neutral-subtle px_$large py_$medium gap_$small\">\n<div><span class=\"tracking_$medium text_$text-default fs_$body-medium leading_$body-medium fw_$medium fs_$body-small fw_$semibold\">Sistema de Montagem<\/span><\/div>\n<div><span class=\"tracking_$medium text_$text-default fs_$body-medium leading_$body-medium fw_$medium fs_$body-xsmall fw_$medium!\">Parafusos, pregos, cavilhas, entre outros.<\/span><\/div>\n<\/div>\n<div class=\"d_flex bg_$background-neutral-subtlest [&amp;_div]:flex_1 [&amp;:nth-child(even)]:bg_$background-neutral-subtle px_$large py_$medium gap_$small\">\n<div><span class=\"tracking_$medium text_$text-default fs_$body-medium leading_$body-medium fw_$medium fs_$body-small fw_$semibold\">Recomenda\u00e7\u00f5es de Uso, Manuten\u00e7\u00e3o e Limpeza<\/span><\/div>\n<div><span class=\"tracking_$medium text_$text-default fs_$body-medium leading_$body-medium fw_$medium fs_$body-xsmall fw_$medium!\">N\u00e3o colocar o produto em lugar \u00famido, n\u00e3o arrastar, limpar somente com pano macio e seco, n\u00e3o expor o produto a incid\u00eancia de luz solar, n\u00e3o colocar peso superior ao indicado.<\/span><\/div>\n<\/div>\n<\/div>\n<\/div>\n<\/div>\n<\/div>\n<\/div>\n<\/div>\n","protected":false},"excerpt":{"rendered":"<p>Descri\u00e7\u00e3o Cansado da desorganiza\u00e7\u00e3o e do espa\u00e7o mal aproveitado? Deixe seu quarto muito mais bonito e funcional com o Guarda-Roupa Casal 6 Portas 4 Gavetas 239cm Veneza! Ele \u00e9 a<\/p>\n","protected":false},"featured_media":15780,"comment_status":"open","ping_status":"closed","template":"","meta":[],"product_brand":[],"product_cat":[15],"product_tag":[],"class_list":{"0":"post-15413","1":"product","2":"type-product","3":"status-publish","4":"has-post-thumbnail","6":"product_cat-produtos","7":"product_shipping_class-retirar-no-local","9":"first","10":"instock","11":"shipping-taxable","12":"purchasable","13":"product-type-simple"},"_links":{"self":[{"href":"https:\/\/ambrosioeletro.com.br\/v20\/wp-json\/wp\/v2\/product\/15413","targetHints":{"allow":["GET"]}}],"collection":[{"href":"https:\/\/ambrosioeletro.com.br\/v20\/wp-json\/wp\/v2\/product"}],"about":[{"href":"https:\/\/ambrosioeletro.com.br\/v20\/wp-json\/wp\/v2\/types\/product"}],"replies":[{"embeddable":true,"href":"https:\/\/ambrosioeletro.com.br\/v20\/wp-json\/wp\/v2\/comments?post=15413"}],"wp:featuredmedia":[{"embeddable":true,"href":"https:\/\/ambrosioeletro.com.br\/v20\/wp-json\/wp\/v2\/media\/15780"}],"wp:attachment":[{"href":"https:\/\/ambrosioeletro.com.br\/v20\/wp-json\/wp\/v2\/media?parent=15413"}],"wp:term":[{"taxonomy":"product_brand","embeddable":true,"href":"https:\/\/ambrosioeletro.com.br\/v20\/wp-json\/wp\/v2\/product_brand?post=15413"},{"taxonomy":"product_cat","embeddable":true,"href":"https:\/\/ambrosioeletro.com.br\/v20\/wp-json\/wp\/v2\/product_cat?post=15413"},{"taxonomy":"product_tag","embeddable":true,"href":"https:\/\/ambrosioeletro.com.br\/v20\/wp-json\/wp\/v2\/product_tag?post=15413"}],"curies":[{"name":"wp","href":"https:\/\/api.w.org\/{rel}","templated":true}]}}