{"id":15421,"date":"2026-03-28T09:02:08","date_gmt":"2026-03-28T12:02:08","guid":{"rendered":"https:\/\/ambrosioeletro.com.br\/v20\/?post_type=product&#038;p=15421"},"modified":"2026-03-28T09:02:08","modified_gmt":"2026-03-28T12:02:08","slug":"painel-home-p-tv-ate-50-polegadas-dunas-ripado-c-prateleiras-135x108cm-off-white-nature-permobili","status":"publish","type":"product","link":"https:\/\/ambrosioeletro.com.br\/v20\/produto\/painel-home-p-tv-ate-50-polegadas-dunas-ripado-c-prateleiras-135x108cm-off-white-nature-permobili\/","title":{"rendered":"Painel Home p\/TV at\u00e9 50 Polegadas Dunas Ripado c\/ Prateleiras 135x108cm Off White\/Nature &#8211; Perm\u00f3bili"},"content":{"rendered":"<div class=\"relative px-md overflow-hidden border-on-surface-8 after:pointer-events-none after:absolute after:bottom-[0] after:left-[0] after:h-[72px] after:w-full after:bg-gradient-to-b after:from-[#FFFFFF00] after:to-[#FFFFFF] md:after:content-none md:px-lg max-md:border-b-thin\" data-testid=\"tab-product-detail\">\n<h2 class=\"text-on-surface-2 font-md-bold md:font-title-large-highlight md:mb-md\" data-testid=\"product-details-title\">Descri\u00e7\u00e3o e ficha t\u00e9cnica<\/h2>\n<div data-testid=\"product-detail\">\n<p class=\"mt-2xsm text-on-surface-4 font-xsm-regular\" data-testid=\"product-detail-code\">C\u00f3digo\u00a0ch109f613c<\/p>\n<div class=\"mt-md font-xsm-regular\" data-testid=\"product-detail-description\">\nPainel Home p\/ TV at\u00e9 50 Pol Dunas Ripado c\/ Prateleiras 135x108cm Off White\/Nature &#8211; Perm\u00f3bili<\/p>\n<p>Marca: Perm\u00f3bili<\/p>\n<p>Dimens\u00f5es(Cm): Comprimento(Profundidade): 20,5cm x Largura: 135cm x Altura: 108cm<\/p>\n<p>Material de Estrutura<br \/>\n&#8211; Estrutura 100% MDP<br \/>\nTipo de Pintura<br \/>\n&#8211; UV<br \/>\nTipo de Acabamento da Pintura<br \/>\n&#8211; Pintura Semi Brilho<\/p>\n<p>Quantidade de Prateleiras<br \/>\n&#8211; 2 Prateleiras<br \/>\nIdeal para TVs at\u00e9 (Polegadas)<br \/>\n&#8211; 50<\/p>\n<p>Garantia<br \/>\n&#8211; 3 meses<\/p>\n<p>Imagens Meramente Ilustrativas.<br \/>\nN\u00e3o nos responsabilizamos pela montagem\/instala\u00e7\u00e3o dos produtos.<br \/>\nTodas as informa\u00e7\u00f5es divulgadas s\u00e3o de responsabilidade exclusiva do fabricante\/fornecedor.<\/p>\n<p>&#8211; Verifique com os fabricantes do produto e de seus componentes eventuais limita\u00e7\u00f5es \u00e0 utiliza\u00e7\u00e3o de todos os recursos e funcionalidades<br \/>\n&#8211; Confira as dimens\u00f5es do produto e analise se ir\u00e3o passar normalmente por elevadores, portas, escadas e corredores, pois n\u00e3o nos responsabilizamos caso o produto necessite durante a entrega de: Desmontagem, subir escadas ou ser transportado por guincho, cordas para apartamentos. A entrega limita-se ao descarregamento em local que tenha e ofere\u00e7a total facilidade de acesso normal;<br \/>\n&#8211; S\u00f3 fazemos entregas por transportes rodovi\u00e1rios. N\u00e3o realizamos entregas por transportes fluviais, a\u00e9reos e outros diferente de rodovi\u00e1rio. N\u00e3o realizamos entregas na regi\u00e3o norte: Amap\u00e1, Amazonas, Par\u00e1, Roraima e Acre;<br \/>\n&#8211; Temos \u00e1reas com restri\u00e7\u00e3o e dificuldades que os transportadores rodovi\u00e1rios n\u00e3o atendem. \u00c1rea de dif\u00edcil acesso, \u00e1rea de risco, \u00e1rea rural, \u00e1reas fluviais, estradas n\u00e3o pavimentadas;<br \/>\n&#8211; Sendo assim, caso seu endere\u00e7o esteja em \u00e1rea restrita de entrega, a retirada de sua compra dever\u00e1 ser realizada no CD do transportador ou indicar no momento da compra um endere\u00e7o entrega fora da \u00e1rea restrita;<br \/>\n&#8211; Caso realize pedido com entregas em locais de dif\u00edcil acesso ou \u00e1reas com restri\u00e7\u00e3o e dificuldades que os transportadores e proprio correios n\u00e3o atendem, a compra sera cancelada pela Costa Rica Colch\u00f5es, com a devida comunica\u00e7\u00e3o e estorno do pagamento ao cliente.<\/p><\/div>\n<\/div>\n<\/div>\n<div class=\"hidden border-on-surface-8 md:px-lg md:block md:py-md\" data-testid=\"tab-product-factsheet\">\n<h2 class=\"text-on-surface-2 font-md-bold md:font-title-large-highlight md:mb-md\" data-testid=\"product-factsheet-title\">Ficha T\u00e9cnica<\/h2>\n<div class=\"pt-2xsm\">\n<table class=\"w-full list-none\" data-testid=\"table-factsheet\">\n<tbody>\n<tr class=\"text-on-surface-3 even:bg-surface-container-lower\">\n<td class=\"px-md py-sm font-xsm-bold align-top table-cell w-1\/2\" data-testid=\"table-factsheet-key\">M3<\/td>\n<td class=\"px-md py-sm font-xsm-regular list-item w-full align-top\">0.05<\/td>\n<\/tr>\n<tr class=\"text-on-surface-3 even:bg-surface-container-lower\">\n<td class=\"px-md py-sm font-xsm-bold align-top table-cell w-1\/2\" data-testid=\"table-factsheet-key\">Largura<\/td>\n<td class=\"px-md py-sm font-xsm-regular list-item w-full align-top\">135 cm<\/td>\n<\/tr>\n<tr class=\"text-on-surface-3 even:bg-surface-container-lower\">\n<td class=\"px-md py-sm font-xsm-bold align-top table-cell w-1\/2\" data-testid=\"table-factsheet-key\">Tamanho Montado<\/td>\n<td class=\"px-md py-sm font-xsm-regular list-item w-full align-top\">Larg:135.00 x Comp\/Prof:20.50 x Alt: 108.00<\/td>\n<\/tr>\n<tr class=\"text-on-surface-3 even:bg-surface-container-lower\">\n<td class=\"px-md py-sm font-xsm-bold align-top table-cell w-1\/2\" data-testid=\"table-factsheet-key\">ID Youtube<\/td>\n<td class=\"px-md py-sm font-xsm-regular list-item w-full align-top\">ccdeC_qK2QI<\/td>\n<\/tr>\n<tr class=\"text-on-surface-3 even:bg-surface-container-lower\">\n<td class=\"px-md py-sm font-xsm-bold align-top table-cell w-1\/2\" data-testid=\"table-factsheet-key\">Quantidade de P\u00e9s<\/td>\n<td class=\"px-md py-sm font-xsm-regular list-item w-full align-top\">Sem P\u00e9s<\/td>\n<\/tr>\n<tr class=\"text-on-surface-3 even:bg-surface-container-lower\">\n<td class=\"px-md py-sm font-xsm-bold align-top table-cell w-1\/2\" data-testid=\"table-factsheet-key\">Link Site<\/td>\n<td class=\"px-md py-sm font-xsm-regular list-item w-full align-top\">https:\/\/www.costaricacolchoes.com.br\/produtos\/38513S6882\/<\/td>\n<\/tr>\n<tr class=\"text-on-surface-3 even:bg-surface-container-lower\">\n<td class=\"px-md py-sm font-xsm-bold align-top table-cell w-1\/2\" data-testid=\"table-factsheet-key\">Ideal para TVs at\u00e9 (Polegadas)<\/td>\n<td class=\"px-md py-sm font-xsm-regular list-item w-full align-top\">50<\/td>\n<\/tr>\n<tr class=\"text-on-surface-3 even:bg-surface-container-lower\">\n<td class=\"px-md py-sm font-xsm-bold align-top table-cell w-1\/2\" data-testid=\"table-factsheet-key\">Numeral<\/td>\n<td class=\"px-md py-sm font-xsm-regular list-item w-full align-top\">0<\/td>\n<\/tr>\n<tr class=\"text-on-surface-3 even:bg-surface-container-lower\">\n<td class=\"px-md py-sm font-xsm-bold align-top table-cell w-1\/2\" data-testid=\"table-factsheet-key\">Tipo de Pintura<\/td>\n<td class=\"px-md py-sm font-xsm-regular list-item w-full align-top\">UV<\/td>\n<\/tr>\n<tr class=\"text-on-surface-3 even:bg-surface-container-lower\">\n<td class=\"px-md py-sm font-xsm-bold align-top table-cell w-1\/2\" data-testid=\"table-factsheet-key\">Pa\u00eds de origem<\/td>\n<td class=\"px-md py-sm font-xsm-regular list-item w-full align-top\">Nacional<\/td>\n<\/tr>\n<tr class=\"text-on-surface-3 even:bg-surface-container-lower\">\n<td class=\"px-md py-sm font-xsm-bold align-top table-cell w-1\/2\" data-testid=\"table-factsheet-key\">N\u00e3o Possui<\/td>\n<td class=\"px-md py-sm font-xsm-regular list-item w-full align-top\">N\u00e3o<\/td>\n<\/tr>\n<tr class=\"text-on-surface-3 even:bg-surface-container-lower\">\n<td class=\"px-md py-sm font-xsm-bold align-top table-cell w-1\/2\" data-testid=\"table-factsheet-key\">Peso Cubado<\/td>\n<td class=\"px-md py-sm font-xsm-regular list-item w-full align-top\">11.94<\/td>\n<\/tr>\n<tr class=\"text-on-surface-3 even:bg-surface-container-lower\">\n<td class=\"px-md py-sm font-xsm-bold align-top table-cell w-1\/2\" data-testid=\"table-factsheet-key\">Linha\/Modelo<\/td>\n<td class=\"px-md py-sm font-xsm-regular list-item w-full align-top\">Perm\u00f3bili<\/td>\n<\/tr>\n<tr class=\"text-on-surface-3 even:bg-surface-container-lower\">\n<td class=\"px-md py-sm font-xsm-bold align-top table-cell w-1\/2\" data-testid=\"table-factsheet-key\">Material de Estrutura<\/td>\n<td class=\"px-md py-sm font-xsm-regular list-item w-full align-top\">Estrutura 100% MDP<\/td>\n<\/tr>\n<tr class=\"text-on-surface-3 even:bg-surface-container-lower\">\n<td class=\"px-md py-sm font-xsm-bold align-top table-cell w-1\/2\" data-testid=\"table-factsheet-key\">Quantidade de Prateleiras<\/td>\n<td class=\"px-md py-sm font-xsm-regular list-item w-full align-top\">2 Prateleiras<\/td>\n<\/tr>\n<tr class=\"text-on-surface-3 even:bg-surface-container-lower\">\n<td class=\"px-md py-sm font-xsm-bold align-top table-cell w-1\/2\" data-testid=\"table-factsheet-key\">Kit<\/td>\n<td class=\"px-md py-sm font-xsm-regular list-item w-full align-top\">0<\/td>\n<\/tr>\n<tr class=\"text-on-surface-3 even:bg-surface-container-lower\">\n<td class=\"px-md py-sm font-xsm-bold align-top table-cell w-1\/2\" data-testid=\"table-factsheet-key\">Garantia<\/td>\n<td class=\"px-md py-sm font-xsm-regular list-item w-full align-top\">3 meses<\/td>\n<\/tr>\n<tr class=\"text-on-surface-3 even:bg-surface-container-lower\">\n<td class=\"px-md py-sm font-xsm-bold align-top table-cell w-1\/2\" data-testid=\"table-factsheet-key\">Material das gavetas<\/td>\n<td class=\"px-md py-sm font-xsm-regular list-item w-full align-top\">Melamina<\/td>\n<\/tr>\n<tr class=\"text-on-surface-3 even:bg-surface-container-lower\">\n<td class=\"px-md py-sm font-xsm-bold align-top table-cell w-1\/2\" data-testid=\"table-factsheet-key\">Tipo de Produto<\/td>\n<td class=\"px-md py-sm font-xsm-regular list-item w-full align-top\">N\/A<\/td>\n<\/tr>\n<tr class=\"text-on-surface-3 even:bg-surface-container-lower\">\n<td class=\"px-md py-sm font-xsm-bold align-top table-cell w-1\/2\" data-testid=\"table-factsheet-key\">Tamanho m\u00e1ximo de TV<\/td>\n<td class=\"px-md py-sm font-xsm-regular list-item w-full align-top\">N\/A<\/td>\n<\/tr>\n<tr class=\"text-on-surface-3 even:bg-surface-container-lower\">\n<td class=\"px-md py-sm font-xsm-bold align-top table-cell w-1\/2\" data-testid=\"table-factsheet-key\">Material das al\u00e7as<\/td>\n<td class=\"px-md py-sm font-xsm-regular list-item w-full align-top\">Pl\u00e1stico<\/td>\n<\/tr>\n<tr class=\"text-on-surface-3 even:bg-surface-container-lower\">\n<td class=\"px-md py-sm font-xsm-bold align-top table-cell w-1\/2\" data-testid=\"table-factsheet-key\">Com compartimento para alto-falantes<\/td>\n<td class=\"px-md py-sm font-xsm-regular list-item w-full align-top\">N\u00e3o<\/td>\n<\/tr>\n<tr class=\"text-on-surface-3 even:bg-surface-container-lower\">\n<td class=\"px-md py-sm font-xsm-bold align-top table-cell w-1\/2\" data-testid=\"table-factsheet-key\">MPN<\/td>\n<td class=\"px-md py-sm font-xsm-regular list-item w-full align-top\">49.23<\/td>\n<\/tr>\n<tr class=\"text-on-surface-3 even:bg-surface-container-lower\">\n<td class=\"px-md py-sm font-xsm-bold align-top table-cell w-1\/2\" data-testid=\"table-factsheet-key\">Fonte do produto<\/td>\n<td class=\"px-md py-sm font-xsm-regular list-item w-full align-top\">N\/A<\/td>\n<\/tr>\n<tr class=\"text-on-surface-3 even:bg-surface-container-lower\">\n<td class=\"px-md py-sm font-xsm-bold align-top table-cell w-1\/2\" data-testid=\"table-factsheet-key\">Fabricante<\/td>\n<td class=\"px-md py-sm font-xsm-regular list-item w-full align-top\">Perm\u00f3bili<\/td>\n<\/tr>\n<tr class=\"text-on-surface-3 even:bg-surface-container-lower\">\n<td class=\"px-md py-sm font-xsm-bold align-top table-cell w-1\/2\" data-testid=\"table-factsheet-key\">Com rodas?<\/td>\n<td class=\"px-md py-sm font-xsm-regular list-item w-full align-top\">N\u00e3o<\/td>\n<\/tr>\n<tr class=\"text-on-surface-3 even:bg-surface-container-lower\">\n<td class=\"px-md py-sm font-xsm-bold align-top table-cell w-1\/2\" data-testid=\"table-factsheet-key\">\u00c9 kit?<\/td>\n<td class=\"px-md py-sm font-xsm-regular list-item w-full align-top\">N\u00e3o<\/td>\n<\/tr>\n<tr class=\"text-on-surface-3 even:bg-surface-container-lower\">\n<td class=\"px-md py-sm font-xsm-bold align-top table-cell w-1\/2\" data-testid=\"table-factsheet-key\">Formato do M\u00f3vel de TV<\/td>\n<td class=\"px-md py-sm font-xsm-regular list-item w-full align-top\">Painel<\/td>\n<\/tr>\n<tr class=\"text-on-surface-3 even:bg-surface-container-lower\">\n<td class=\"px-md py-sm font-xsm-bold align-top table-cell w-1\/2\" data-testid=\"table-factsheet-key\">Linha<\/td>\n<td class=\"px-md py-sm font-xsm-regular list-item w-full align-top\">Perm\u00f3bili<\/td>\n<\/tr>\n<tr class=\"text-on-surface-3 even:bg-surface-container-lower\">\n<td class=\"px-md py-sm font-xsm-bold align-top table-cell w-1\/2\" data-testid=\"table-factsheet-key\">Necessita Montagem<\/td>\n<td class=\"px-md py-sm font-xsm-regular list-item w-full align-top\">Sim<\/td>\n<\/tr>\n<tr class=\"text-on-surface-3 even:bg-surface-container-lower\">\n<td class=\"px-md py-sm font-xsm-bold align-top table-cell w-1\/2\" data-testid=\"table-factsheet-key\">Acompanha Manual de Instala\u00e7\u00e3o e Montagem?<\/td>\n<td class=\"px-md py-sm font-xsm-regular list-item w-full align-top\">Sim<\/td>\n<\/tr>\n<tr class=\"text-on-surface-3 even:bg-surface-container-lower\">\n<td class=\"px-md py-sm font-xsm-bold align-top table-cell w-1\/2\" data-testid=\"table-factsheet-key\">Possui Garantia Complementar de F\u00e1brica ap\u00f3s Prazo Legal<\/td>\n<td class=\"px-md py-sm font-xsm-regular list-item w-full align-top\">N\u00e3o<\/td>\n<\/tr>\n<tr class=\"text-on-surface-3 even:bg-surface-container-lower\">\n<td class=\"px-md py-sm font-xsm-bold align-top table-cell w-1\/2\" data-testid=\"table-factsheet-key\">Manual de Montagem<\/td>\n<td class=\"px-md py-sm font-xsm-regular list-item w-full align-top\">https:\/\/www.costaricacolchoes.com.br\/manual\/38513\/<\/td>\n<\/tr>\n<tr class=\"text-on-surface-3 even:bg-surface-container-lower\">\n<td class=\"px-md py-sm font-xsm-bold align-top table-cell w-1\/2\" data-testid=\"table-factsheet-key\">Material da estrutura<\/td>\n<td class=\"px-md py-sm font-xsm-regular list-item w-full align-top\">N\/A<\/td>\n<\/tr>\n<tr class=\"text-on-surface-3 even:bg-surface-container-lower\">\n<td class=\"px-md py-sm font-xsm-bold align-top table-cell w-1\/2\" data-testid=\"table-factsheet-key\">Contatos Sac F\u00e1brica<\/td>\n<td class=\"px-md py-sm font-xsm-regular list-item w-full align-top\">permobili@permobili.com.br<\/td>\n<\/tr>\n<tr class=\"text-on-surface-3 even:bg-surface-container-lower\">\n<td class=\"px-md py-sm font-xsm-bold align-top table-cell w-1\/2\" data-testid=\"table-factsheet-key\">Requer montagem<\/td>\n<td class=\"px-md py-sm font-xsm-regular list-item w-full align-top\">Sim<\/td>\n<\/tr>\n<tr class=\"text-on-surface-3 even:bg-surface-container-lower\">\n<td class=\"px-md py-sm font-xsm-bold align-top table-cell w-1\/2\" data-testid=\"table-factsheet-key\">Volumes<\/td>\n<td class=\"px-md py-sm font-xsm-regular list-item w-full align-top\">1<\/td>\n<\/tr>\n<tr class=\"text-on-surface-3 even:bg-surface-container-lower\">\n<td class=\"px-md py-sm font-xsm-bold align-top table-cell w-1\/2\" data-testid=\"table-factsheet-key\">Link Youtube<\/td>\n<td class=\"px-md py-sm font-xsm-regular list-item w-full align-top\">https:\/\/www.youtube.com\/watch?v=ccdeC_qK2QI<\/td>\n<\/tr>\n<tr class=\"text-on-surface-3 even:bg-surface-container-lower\">\n<td class=\"px-md py-sm font-xsm-bold align-top table-cell w-1\/2\" data-testid=\"table-factsheet-key\">Tipo de Acabamento da Pintura<\/td>\n<td class=\"px-md py-sm font-xsm-regular list-item w-full align-top\">Pintura Semi Brilho<\/td>\n<\/tr>\n<tr class=\"text-on-surface-3 even:bg-surface-container-lower\">\n<td class=\"px-md py-sm font-xsm-bold align-top table-cell w-1\/2\" data-testid=\"table-factsheet-key\">Categoria &#8211; Pai<\/td>\n<td class=\"px-md py-sm font-xsm-regular list-item w-full align-top\">Sala de Estar<\/td>\n<\/tr>\n<tr class=\"text-on-surface-3 even:bg-surface-container-lower\">\n<td class=\"px-md py-sm font-xsm-bold align-top table-cell w-1\/2\" data-testid=\"table-factsheet-key\">Altura<\/td>\n<td class=\"px-md py-sm font-xsm-regular list-item w-full align-top\">108 cm<\/td>\n<\/tr>\n<tr class=\"text-on-surface-3 even:bg-surface-container-lower\">\n<td class=\"px-md py-sm font-xsm-bold align-top table-cell w-1\/2\" data-testid=\"table-factsheet-key\">C\u00f3digo universal de produto (GTIN)<\/td>\n<td class=\"px-md py-sm font-xsm-regular list-item w-full align-top\">7908547700007<\/td>\n<\/tr>\n<tr class=\"text-on-surface-3 even:bg-surface-container-lower\">\n<td class=\"px-md py-sm font-xsm-bold align-top table-cell w-1\/2\" data-testid=\"table-factsheet-key\">Comprimento\/Profundidade<\/td>\n<td class=\"px-md py-sm font-xsm-regular list-item w-full align-top\">20 cm<\/td>\n<\/tr>\n<tr class=\"text-on-surface-3 even:bg-surface-container-lower\">\n<td class=\"px-md py-sm font-xsm-bold align-top table-cell w-1\/2\" data-testid=\"table-factsheet-key\">Condi\u00e7\u00e3o do Item<\/td>\n<td class=\"px-md py-sm font-xsm-regular list-item w-full align-top\">Novo<\/td>\n<\/tr>\n<tr class=\"text-on-surface-3 even:bg-surface-container-lower\">\n<td class=\"px-md py-sm font-xsm-bold align-top table-cell w-1\/2\" data-testid=\"table-factsheet-key\">Peso<\/td>\n<td class=\"px-md py-sm font-xsm-regular list-item w-full align-top\">21.00 Kg<\/td>\n<\/tr>\n<tr class=\"text-on-surface-3 even:bg-surface-container-lower\">\n<td class=\"px-md py-sm font-xsm-bold align-top table-cell w-1\/2\" data-testid=\"table-factsheet-key\">Acabamento<\/td>\n<td class=\"px-md py-sm font-xsm-regular list-item w-full align-top\">Pintura Semi Brilho<\/td>\n<\/tr>\n<tr class=\"text-on-surface-3 even:bg-surface-container-lower\">\n<td class=\"px-md py-sm font-xsm-bold align-top table-cell w-1\/2\" data-testid=\"table-factsheet-key\">Complexidade de Montagem<\/td>\n<td class=\"px-md py-sm font-xsm-regular list-item w-full align-top\">Sim<\/td>\n<\/tr>\n<tr class=\"text-on-surface-3 even:bg-surface-container-lower\">\n<td class=\"px-md py-sm font-xsm-bold align-top table-cell w-1\/2\" data-testid=\"table-factsheet-key\">Cor<\/td>\n<td class=\"px-md py-sm font-xsm-regular list-item w-full align-top\">Off White\/Nature<\/td>\n<\/tr>\n<tr class=\"text-on-surface-3 even:bg-surface-container-lower\">\n<td class=\"px-md py-sm font-xsm-bold align-top table-cell w-1\/2\" data-testid=\"table-factsheet-key\">Dimens\u00f5es do Produto<\/td>\n<td class=\"px-md py-sm font-xsm-regular list-item w-full align-top\">135x108cm<\/td>\n<\/tr>\n<tr class=\"text-on-surface-3 even:bg-surface-container-lower\">\n<td class=\"px-md py-sm font-xsm-bold align-top table-cell w-1\/2\" data-testid=\"table-factsheet-key\">Linha<\/td>\n<td class=\"px-md py-sm font-xsm-regular list-item w-full align-top\">Perm\u00f3bili<\/td>\n<\/tr>\n<tr class=\"text-on-surface-3 even:bg-surface-container-lower\">\n<td class=\"px-md py-sm font-xsm-bold align-top table-cell w-1\/2\" data-testid=\"table-factsheet-key\">Marca<\/td>\n<td class=\"px-md py-sm font-xsm-regular list-item w-full align-top\"><a class=\"hover:text-interaction-default underline\" href=\"https:\/\/www.magazineluiza.com.br\/marcas\/permobili\/\">Perm\u00f3bili<\/a><\/td>\n<\/tr>\n<tr class=\"text-on-surface-3 even:bg-surface-container-lower\">\n<td class=\"px-md py-sm font-xsm-bold align-top table-cell w-1\/2\" data-testid=\"table-factsheet-key\">Material da Estrutura<\/td>\n<td class=\"px-md py-sm font-xsm-regular list-item w-full align-top\">Estrutura 100% MDP<\/td>\n<\/tr>\n<tr class=\"text-on-surface-3 even:bg-surface-container-lower\">\n<td class=\"px-md py-sm font-xsm-bold align-top table-cell w-1\/2\" data-testid=\"table-factsheet-key\">Modelo<\/td>\n<td class=\"px-md py-sm font-xsm-regular list-item w-full align-top\">Dunas<\/td>\n<\/tr>\n<tr class=\"text-on-surface-3 even:bg-surface-container-lower\">\n<td class=\"px-md py-sm font-xsm-bold align-top table-cell w-1\/2\" data-testid=\"table-factsheet-key\">Peso do Produto<\/td>\n<td class=\"px-md py-sm font-xsm-regular list-item w-full align-top\">21.00 Kg<\/td>\n<\/tr>\n<tr class=\"text-on-surface-3 even:bg-surface-container-lower\">\n<td class=\"px-md py-sm font-xsm-bold align-top table-cell w-1\/2\" data-testid=\"table-factsheet-key\">Polegadas da TV<\/td>\n<td class=\"px-md py-sm font-xsm-regular list-item w-full align-top\">50<\/td>\n<\/tr>\n<tr class=\"text-on-surface-3 even:bg-surface-container-lower\">\n<td class=\"px-md py-sm font-xsm-bold align-top table-cell w-1\/2\" data-testid=\"table-factsheet-key\">Prateleiras<\/td>\n<td class=\"px-md py-sm font-xsm-regular list-item w-full align-top\">2 Prateleiras<\/td>\n<\/tr>\n<tr class=\"text-on-surface-3 even:bg-surface-container-lower\">\n<td class=\"px-md py-sm font-xsm-bold align-top table-cell w-1\/2\" data-testid=\"table-factsheet-key\">Prazo de Garantia<\/td>\n<td class=\"px-md py-sm font-xsm-regular list-item w-full align-top\">3 meses<\/td>\n<\/tr>\n<tr class=\"text-on-surface-3 even:bg-surface-container-lower\">\n<td class=\"px-md py-sm font-xsm-bold align-top table-cell w-1\/2\" data-testid=\"table-factsheet-key\">P\u00e9s<\/td>\n<td class=\"px-md py-sm font-xsm-regular list-item w-full align-top\">Sem P\u00e9s<\/td>\n<\/tr>\n<tr class=\"text-on-surface-3 even:bg-surface-container-lower\">\n<td class=\"px-md py-sm font-xsm-bold align-top table-cell w-1\/2\" data-testid=\"table-factsheet-key\">SAC do Fornecedor<\/td>\n<td class=\"px-md py-sm font-xsm-regular list-item w-full align-top\">permobili@permobili.com.br<\/td>\n<\/tr>\n<tr class=\"text-on-surface-3 even:bg-surface-container-lower\">\n<td class=\"px-md py-sm font-xsm-bold align-top table-cell w-1\/2\" data-testid=\"table-factsheet-key\">Tipo de M\u00f3vel<\/td>\n<td class=\"px-md py-sm font-xsm-regular list-item w-full align-top\">Painel<\/td>\n<\/tr>\n<\/tbody>\n<\/table>\n<\/div>\n<\/div>\n","protected":false},"excerpt":{"rendered":"<p>Descri\u00e7\u00e3o e ficha t\u00e9cnica C\u00f3digo\u00a0ch109f613c Painel Home p\/ TV at\u00e9 50 Pol Dunas Ripado c\/ Prateleiras 135x108cm Off White\/Nature &#8211; Perm\u00f3bili Marca: Perm\u00f3bili Dimens\u00f5es(Cm): Comprimento(Profundidade): 20,5cm x Largura: 135cm x<\/p>\n","protected":false},"featured_media":15423,"comment_status":"open","ping_status":"closed","template":"","meta":[],"product_brand":[],"product_cat":[15],"product_tag":[],"class_list":{"0":"post-15421","1":"product","2":"type-product","3":"status-publish","4":"has-post-thumbnail","6":"product_cat-produtos","7":"product_shipping_class-retirar-no-local","9":"first","10":"instock","11":"shipping-taxable","12":"purchasable","13":"product-type-simple"},"_links":{"self":[{"href":"https:\/\/ambrosioeletro.com.br\/v20\/wp-json\/wp\/v2\/product\/15421","targetHints":{"allow":["GET"]}}],"collection":[{"href":"https:\/\/ambrosioeletro.com.br\/v20\/wp-json\/wp\/v2\/product"}],"about":[{"href":"https:\/\/ambrosioeletro.com.br\/v20\/wp-json\/wp\/v2\/types\/product"}],"replies":[{"embeddable":true,"href":"https:\/\/ambrosioeletro.com.br\/v20\/wp-json\/wp\/v2\/comments?post=15421"}],"wp:featuredmedia":[{"embeddable":true,"href":"https:\/\/ambrosioeletro.com.br\/v20\/wp-json\/wp\/v2\/media\/15423"}],"wp:attachment":[{"href":"https:\/\/ambrosioeletro.com.br\/v20\/wp-json\/wp\/v2\/media?parent=15421"}],"wp:term":[{"taxonomy":"product_brand","embeddable":true,"href":"https:\/\/ambrosioeletro.com.br\/v20\/wp-json\/wp\/v2\/product_brand?post=15421"},{"taxonomy":"product_cat","embeddable":true,"href":"https:\/\/ambrosioeletro.com.br\/v20\/wp-json\/wp\/v2\/product_cat?post=15421"},{"taxonomy":"product_tag","embeddable":true,"href":"https:\/\/ambrosioeletro.com.br\/v20\/wp-json\/wp\/v2\/product_tag?post=15421"}],"curies":[{"name":"wp","href":"https:\/\/api.w.org\/{rel}","templated":true}]}}