{"id":15443,"date":"2026-03-28T09:47:10","date_gmt":"2026-03-28T12:47:10","guid":{"rendered":"https:\/\/ambrosioeletro.com.br\/v20\/?post_type=product&#038;p=15443"},"modified":"2026-04-17T15:30:52","modified_gmt":"2026-04-17T18:30:52","slug":"armario-multiuso-valdemoveis-natal-com-pes-e-2-portas-imbuia-linheiro","status":"publish","type":"product","link":"https:\/\/ambrosioeletro.com.br\/v20\/produto\/armario-multiuso-valdemoveis-natal-com-pes-e-2-portas-imbuia-linheiro\/","title":{"rendered":"Arm\u00e1rio Multiuso Valdemoveis Natal com P\u00e9s e 2 Portas Imbuia Linheiro"},"content":{"rendered":"<div class=\"box_border-box mt_$large [&amp;:last-child]:mb_0 $md:mb_$xxlarge\"><span class=\"tracking_$medium text_$text-default fs_$body-medium leading_$body-medium fw_$medium mb_$large d_inline-block fs_$h7 fw_$medium $md:mb_$medium $md:fs_$h5\">Descri\u00e7\u00e3o<\/span><\/p>\n<div class=\"d_flex flex_column gap_$medium mb_$medium\" data-testid=\"product_information-container-product_description\">\n<p class=\"fw_$regular fs_$body-xsmall transition_max-height_0.5s_ease-in-out,_mask-image_0.5s_ease-in-out text_$text-default $md:fs_$body-small max-h_auto mask-image_none! opacity_1\">Caracter\u00edsticas:<br \/>\nMarca: Valdemoveis<br \/>\nModelo: Natal<br \/>\nMaterial: MDP 12 mm<br \/>\nAcabamento: Pintura UV<br \/>\nP\u00e9s: 4 P\u00e9s Inclusos<br \/>\nMaterial do P\u00e9: Pl\u00e1stico<br \/>\nP\u00e9s Niveladores: N\u00e3o<br \/>\nPrateleiras: 5<br \/>\nPortas: 2 Portas<br \/>\nTipo de Porta: Bater<br \/>\nTipo de Puxador da Porta: Externo<br \/>\nTipo de Dobradi\u00e7a da Porta: Met\u00e1lica de Press\u00e3o<br \/>\nMaterial do Puxador da Porta: ABS<br \/>\nDimens\u00f5es do Produto:<br \/>\nAltura: 188 cm<br \/>\nLargura: 60,8 cm<br \/>\nProfundidade: 36 cm<br \/>\nGarantia do Fornecedor: 3 meses.<\/p>\n<\/div>\n<\/div>\n<div class=\"box_border-box mt_$large [&amp;:last-child]:mb_0 $md:mb_$xxlarge\"><span class=\"tracking_$medium text_$text-default fs_$body-medium leading_$body-medium fw_$medium mb_$large d_inline-block fs_$h7 fw_$medium $md:mb_$medium $md:fs_$h5\">Caracter\u00edsticas do produto<\/span><\/p>\n<div class=\"d_flex box_border-box d_grid grid-cols_1fr gap_$large pos_relative overflow_hidden transition_all_0.5s_ease-in-out $md:grid-cols_1fr_1fr min-h_100% max-h_auto mask-image_none opacity_0.7 \" data-testid=\"product_information-container-product_characteristics\">\n<div class=\"box_border-box w_100%\">\n<div class=\"d_block\"><span class=\"tracking_$medium text_$text-default fs_$body-medium leading_$body-medium fw_$medium d_inline-block fs_$body-small fw_$medium mb_$medium\">Pesos e Dimens\u00f5es<\/span><\/p>\n<div class=\"w_100% mb_$large\" data-testid=\"table-attributes\">\n<div class=\"rounded_$medium gap_$xlarge overflow_hidden\">\n<div class=\"d_flex bg_$background-neutral-subtlest [&amp;_div]:flex_1 [&amp;:nth-child(even)]:bg_$background-neutral-subtle px_$large py_$medium gap_$small\">\n<div><span class=\"tracking_$medium text_$text-default fs_$body-medium leading_$body-medium fw_$medium fs_$body-small fw_$semibold\">Altura (cm)<\/span><\/div>\n<div><span class=\"tracking_$medium text_$text-default fs_$body-medium leading_$body-medium fw_$medium fs_$body-xsmall fw_$medium!\">188 cm<\/span><\/div>\n<\/div>\n<div class=\"d_flex bg_$background-neutral-subtlest [&amp;_div]:flex_1 [&amp;:nth-child(even)]:bg_$background-neutral-subtle px_$large py_$medium gap_$small\">\n<div><span class=\"tracking_$medium text_$text-default fs_$body-medium leading_$body-medium fw_$medium fs_$body-small fw_$semibold\">Largura (cm)<\/span><\/div>\n<div><span class=\"tracking_$medium text_$text-default fs_$body-medium leading_$body-medium fw_$medium fs_$body-xsmall fw_$medium!\">60,8 cm<\/span><\/div>\n<\/div>\n<div class=\"d_flex bg_$background-neutral-subtlest [&amp;_div]:flex_1 [&amp;:nth-child(even)]:bg_$background-neutral-subtle px_$large py_$medium gap_$small\">\n<div><span class=\"tracking_$medium text_$text-default fs_$body-medium leading_$body-medium fw_$medium fs_$body-small fw_$semibold\">Profundidade (cm)<\/span><\/div>\n<div><span class=\"tracking_$medium text_$text-default fs_$body-medium leading_$body-medium fw_$medium fs_$body-xsmall fw_$medium!\">36 cm<\/span><\/div>\n<\/div>\n<\/div>\n<\/div>\n<\/div>\n<div class=\"d_block\"><span class=\"tracking_$medium text_$text-default fs_$body-medium leading_$body-medium fw_$medium d_inline-block fs_$body-small fw_$medium mb_$medium\">Garantia<\/span><\/p>\n<div class=\"w_100% mb_$large\" data-testid=\"table-attributes\">\n<div class=\"rounded_$medium gap_$xlarge overflow_hidden\">\n<div class=\"d_flex bg_$background-neutral-subtlest [&amp;_div]:flex_1 [&amp;:nth-child(even)]:bg_$background-neutral-subtle px_$large py_$medium gap_$small\">\n<div><span class=\"tracking_$medium text_$text-default fs_$body-medium leading_$body-medium fw_$medium fs_$body-small fw_$semibold\">Garantia<\/span><\/div>\n<div><span class=\"tracking_$medium text_$text-default fs_$body-medium leading_$body-medium fw_$medium fs_$body-xsmall fw_$medium!\">03 Meses<\/span><\/div>\n<\/div>\n<\/div>\n<\/div>\n<\/div>\n<div class=\"d_block\"><span class=\"tracking_$medium text_$text-default fs_$body-medium leading_$body-medium fw_$medium d_inline-block fs_$body-small fw_$medium mb_$medium\">Materiais e Acabamentos<\/span><\/p>\n<div class=\"w_100% mb_$large\" data-testid=\"table-attributes\">\n<div class=\"rounded_$medium gap_$xlarge overflow_hidden\">\n<div class=\"d_flex bg_$background-neutral-subtlest [&amp;_div]:flex_1 [&amp;:nth-child(even)]:bg_$background-neutral-subtle px_$large py_$medium gap_$small\">\n<div><span class=\"tracking_$medium text_$text-default fs_$body-medium leading_$body-medium fw_$medium fs_$body-small fw_$semibold\">Material Principal<\/span><\/div>\n<div><span class=\"tracking_$medium text_$text-default fs_$body-medium leading_$body-medium fw_$medium fs_$body-xsmall fw_$medium!\">MDP<\/span><\/div>\n<\/div>\n<\/div>\n<\/div>\n<\/div>\n<\/div>\n<div class=\"box_border-box w_100%\">\n<div class=\"d_block\"><span class=\"tracking_$medium text_$text-default fs_$body-medium leading_$body-medium fw_$medium d_inline-block fs_$body-small fw_$medium mb_$medium\">Caracter\u00edsticas<\/span><\/p>\n<div class=\"w_100% mb_$large\" data-testid=\"table-attributes\">\n<div class=\"rounded_$medium gap_$xlarge overflow_hidden\">\n<div class=\"d_flex bg_$background-neutral-subtlest [&amp;_div]:flex_1 [&amp;:nth-child(even)]:bg_$background-neutral-subtle px_$large py_$medium gap_$small\">\n<div><span class=\"tracking_$medium text_$text-default fs_$body-medium leading_$body-medium fw_$medium fs_$body-small fw_$semibold\">Quantidade de Prateleiras<\/span><\/div>\n<div><span class=\"tracking_$medium text_$text-default fs_$body-medium leading_$body-medium fw_$medium fs_$body-xsmall fw_$medium!\">05 Prateleiras<\/span><\/div>\n<\/div>\n<div class=\"d_flex bg_$background-neutral-subtlest [&amp;_div]:flex_1 [&amp;:nth-child(even)]:bg_$background-neutral-subtle px_$large py_$medium gap_$small\">\n<div><span class=\"tracking_$medium text_$text-default fs_$body-medium leading_$body-medium fw_$medium fs_$body-small fw_$semibold\">Quantidade de Portas<\/span><\/div>\n<div><span class=\"tracking_$medium text_$text-default fs_$body-medium leading_$body-medium fw_$medium fs_$body-xsmall fw_$medium!\">2 Portas<\/span><\/div>\n<\/div>\n<div class=\"d_flex bg_$background-neutral-subtlest [&amp;_div]:flex_1 [&amp;:nth-child(even)]:bg_$background-neutral-subtle px_$large py_$medium gap_$small\">\n<div><span class=\"tracking_$medium text_$text-default fs_$body-medium leading_$body-medium fw_$medium fs_$body-small fw_$semibold\">Quantidade de Gavetas<\/span><\/div>\n<div><span class=\"tracking_$medium text_$text-default fs_$body-medium leading_$body-medium fw_$medium fs_$body-xsmall fw_$medium!\">N\u00e3o Possui<\/span><\/div>\n<\/div>\n<div class=\"d_flex bg_$background-neutral-subtlest [&amp;_div]:flex_1 [&amp;:nth-child(even)]:bg_$background-neutral-subtle px_$large py_$medium gap_$small\">\n<div><span class=\"tracking_$medium text_$text-default fs_$body-medium leading_$body-medium fw_$medium fs_$body-small fw_$semibold\">Marca<\/span><\/div>\n<div><span class=\"tracking_$medium text_$text-default fs_$body-medium leading_$body-medium fw_$medium fs_$body-xsmall fw_$medium!\">Valdemoveis<\/span><\/div>\n<\/div>\n<div class=\"d_flex bg_$background-neutral-subtlest [&amp;_div]:flex_1 [&amp;:nth-child(even)]:bg_$background-neutral-subtle px_$large py_$medium gap_$small\">\n<div><span class=\"tracking_$medium text_$text-default fs_$body-medium leading_$body-medium fw_$medium fs_$body-small fw_$semibold\">Possui Prateleiras<\/span><\/div>\n<div><span class=\"tracking_$medium text_$text-default fs_$body-medium leading_$body-medium fw_$medium fs_$body-xsmall fw_$medium!\">Sim<\/span><\/div>\n<\/div>\n<div class=\"d_flex bg_$background-neutral-subtlest [&amp;_div]:flex_1 [&amp;:nth-child(even)]:bg_$background-neutral-subtle px_$large py_$medium gap_$small\">\n<div><span class=\"tracking_$medium text_$text-default fs_$body-medium leading_$body-medium fw_$medium fs_$body-small fw_$semibold\">Possui Portas<\/span><\/div>\n<div><span class=\"tracking_$medium text_$text-default fs_$body-medium leading_$body-medium fw_$medium fs_$body-xsmall fw_$medium!\">Sim<\/span><\/div>\n<\/div>\n<div class=\"d_flex bg_$background-neutral-subtlest [&amp;_div]:flex_1 [&amp;:nth-child(even)]:bg_$background-neutral-subtle px_$large py_$medium gap_$small\">\n<div><span class=\"tracking_$medium text_$text-default fs_$body-medium leading_$body-medium fw_$medium fs_$body-small fw_$semibold\">Possui P\u00e9s<\/span><\/div>\n<div><span class=\"tracking_$medium text_$text-default fs_$body-medium leading_$body-medium fw_$medium fs_$body-xsmall fw_$medium!\">Sim<\/span><\/div>\n<\/div>\n<div class=\"d_flex bg_$background-neutral-subtlest [&amp;_div]:flex_1 [&amp;:nth-child(even)]:bg_$background-neutral-subtle px_$large py_$medium gap_$small\">\n<div><span class=\"tracking_$medium text_$text-default fs_$body-medium leading_$body-medium fw_$medium fs_$body-small fw_$semibold\">Possui Gavetas<\/span><\/div>\n<div><span class=\"tracking_$medium text_$text-default fs_$body-medium leading_$body-medium fw_$medium fs_$body-xsmall fw_$medium!\">N\u00e3o<\/span><\/div>\n<\/div>\n<div class=\"d_flex bg_$background-neutral-subtlest [&amp;_div]:flex_1 [&amp;:nth-child(even)]:bg_$background-neutral-subtle px_$large py_$medium gap_$small\">\n<div><span class=\"tracking_$medium text_$text-default fs_$body-medium leading_$body-medium fw_$medium fs_$body-small fw_$semibold\">Cor do Produto<\/span><\/div>\n<div><span class=\"tracking_$medium text_$text-default fs_$body-medium leading_$body-medium fw_$medium fs_$body-xsmall fw_$medium!\">Imbuia Linheiro<\/span><\/div>\n<\/div>\n<div class=\"d_flex bg_$background-neutral-subtlest [&amp;_div]:flex_1 [&amp;:nth-child(even)]:bg_$background-neutral-subtle px_$large py_$medium gap_$small\">\n<div><span class=\"tracking_$medium text_$text-default fs_$body-medium leading_$body-medium fw_$medium fs_$body-small fw_$semibold\">Cor Predominante<\/span><\/div>\n<div><span class=\"tracking_$medium text_$text-default fs_$body-medium leading_$body-medium fw_$medium fs_$body-xsmall fw_$medium!\">Branco<\/span><\/div>\n<\/div>\n<\/div>\n<\/div>\n<\/div>\n<\/div>\n<\/div>\n<\/div>\n","protected":false},"excerpt":{"rendered":"<p>Descri\u00e7\u00e3o Caracter\u00edsticas: Marca: Valdemoveis Modelo: Natal Material: MDP 12 mm Acabamento: Pintura UV P\u00e9s: 4 P\u00e9s Inclusos Material do P\u00e9: Pl\u00e1stico P\u00e9s Niveladores: N\u00e3o Prateleiras: 5 Portas: 2 Portas Tipo<\/p>\n","protected":false},"featured_media":15445,"comment_status":"open","ping_status":"closed","template":"","meta":[],"product_brand":[],"product_cat":[15],"product_tag":[],"class_list":{"0":"post-15443","1":"product","2":"type-product","3":"status-publish","4":"has-post-thumbnail","6":"product_cat-produtos","7":"product_shipping_class-retirar-no-local","9":"first","10":"instock","11":"shipping-taxable","12":"purchasable","13":"product-type-simple"},"_links":{"self":[{"href":"https:\/\/ambrosioeletro.com.br\/v20\/wp-json\/wp\/v2\/product\/15443","targetHints":{"allow":["GET"]}}],"collection":[{"href":"https:\/\/ambrosioeletro.com.br\/v20\/wp-json\/wp\/v2\/product"}],"about":[{"href":"https:\/\/ambrosioeletro.com.br\/v20\/wp-json\/wp\/v2\/types\/product"}],"replies":[{"embeddable":true,"href":"https:\/\/ambrosioeletro.com.br\/v20\/wp-json\/wp\/v2\/comments?post=15443"}],"wp:featuredmedia":[{"embeddable":true,"href":"https:\/\/ambrosioeletro.com.br\/v20\/wp-json\/wp\/v2\/media\/15445"}],"wp:attachment":[{"href":"https:\/\/ambrosioeletro.com.br\/v20\/wp-json\/wp\/v2\/media?parent=15443"}],"wp:term":[{"taxonomy":"product_brand","embeddable":true,"href":"https:\/\/ambrosioeletro.com.br\/v20\/wp-json\/wp\/v2\/product_brand?post=15443"},{"taxonomy":"product_cat","embeddable":true,"href":"https:\/\/ambrosioeletro.com.br\/v20\/wp-json\/wp\/v2\/product_cat?post=15443"},{"taxonomy":"product_tag","embeddable":true,"href":"https:\/\/ambrosioeletro.com.br\/v20\/wp-json\/wp\/v2\/product_tag?post=15443"}],"curies":[{"name":"wp","href":"https:\/\/api.w.org\/{rel}","templated":true}]}}