{"id":15461,"date":"2026-03-30T08:51:45","date_gmt":"2026-03-30T11:51:45","guid":{"rendered":"https:\/\/ambrosioeletro.com.br\/v20\/?post_type=product&#038;p=15461"},"modified":"2026-04-16T17:46:15","modified_gmt":"2026-04-16T20:46:15","slug":"guarda-roupa-6-portas-4-gavetas-bertha-moveis-lopas","status":"publish","type":"product","link":"https:\/\/ambrosioeletro.com.br\/v20\/produto\/guarda-roupa-6-portas-4-gavetas-bertha-moveis-lopas\/","title":{"rendered":"Guarda-roupa 6 Portas 4 Gavetas Bertha &#8211; M\u00f3veis Lopas"},"content":{"rendered":"<div class=\"relative px-md overflow-hidden border-on-surface-8 after:pointer-events-none after:absolute after:bottom-[0] after:left-[0] after:h-[72px] after:w-full after:bg-gradient-to-b after:from-[#FFFFFF00] after:to-[#FFFFFF] md:after:content-none md:px-lg max-md:border-b-thin\" data-testid=\"tab-product-detail\">\n<h2 class=\"text-on-surface-2 font-md-bold md:font-title-large-highlight md:mb-md\" data-testid=\"product-details-title\">Descri\u00e7\u00e3o e ficha t\u00e9cnica<\/h2>\n<div data-testid=\"product-detail\">\n<p class=\"mt-2xsm text-on-surface-4 font-xsm-regular\" data-testid=\"product-detail-code\">C\u00f3digo\u00a0ehc20a3bb4<\/p>\n<div class=\"mt-md font-xsm-regular\" data-testid=\"product-detail-description\">Se voc\u00ea busca espa\u00e7o e organiza\u00e7\u00e3o, o nosso guarda roupa 6 portas \u00e9 a escolha ideal! Com um espa\u00e7o interno amplo, ele acomoda facilmente suas roupas, acess\u00f3rios, sapatos e muito mais, mantendo tudo organizado e ao seu alcance. Seus cabideiros e compartimentos bem distribu\u00eddos tornam a organiza\u00e7\u00e3o simples e pr\u00e1tica. Com design moderno e acabamento de qualidade, ele combina estilo e funcionalidade, trazendo sofistica\u00e7\u00e3o para o seu quarto. Transforme sua decora\u00e7\u00e3o para quarto e aproveite cada detalhe indispens\u00e1vel. Posso us\u00e1-lo para dividir entre duas pessoas? Sim, ele \u00e9 espa\u00e7oso e pr\u00e1tico para organizar as roupas de duas pessoas, ideal para ser um guarda roupa de casal. \u00c9 seguro para usar como guarda roupa infantil? Claro! Ele tem acabamento seguro, ideal para qualquer idade.<\/div>\n<\/div>\n<\/div>\n<div class=\"hidden border-on-surface-8 md:px-lg md:block md:py-md\" data-testid=\"tab-product-factsheet\">\n<h2 class=\"text-on-surface-2 font-md-bold md:font-title-large-highlight md:mb-md\" data-testid=\"product-factsheet-title\">Ficha T\u00e9cnica<\/h2>\n<div class=\"pt-2xsm\">\n<table class=\"w-full list-none\" data-testid=\"table-factsheet\">\n<tbody>\n<tr class=\"text-on-surface-3 even:bg-surface-container-lower\">\n<td class=\"px-md py-sm font-xsm-bold align-top table-cell w-1\/2\" data-testid=\"table-factsheet-key\">Estilo<\/td>\n<td class=\"px-md py-sm font-xsm-regular list-item w-full align-top\">Moderno<\/td>\n<\/tr>\n<tr class=\"text-on-surface-3 even:bg-surface-container-lower\">\n<td class=\"px-md py-sm font-xsm-bold align-top table-cell w-1\/2\" data-testid=\"table-factsheet-key\">Modular<\/td>\n<td class=\"px-md py-sm font-xsm-regular list-item w-full align-top\">N\u00e3o<\/td>\n<\/tr>\n<tr class=\"text-on-surface-3 even:bg-surface-container-lower\">\n<td class=\"px-md py-sm font-xsm-bold align-top table-cell w-1\/2\" data-testid=\"table-factsheet-key\">Peso (kg)<\/td>\n<td class=\"px-md py-sm font-xsm-regular list-item w-full align-top\">201.3<\/td>\n<\/tr>\n<tr class=\"text-on-surface-3 even:bg-surface-container-lower\">\n<td class=\"px-md py-sm font-xsm-bold align-top table-cell w-1\/2\" data-testid=\"table-factsheet-key\">Garantia<\/td>\n<td class=\"px-md py-sm font-xsm-regular list-item w-full align-top\">03 Meses<\/td>\n<\/tr>\n<tr class=\"text-on-surface-3 even:bg-surface-container-lower\">\n<td class=\"px-md py-sm font-xsm-bold align-top table-cell w-1\/2\" data-testid=\"table-factsheet-key\">Altura (cm)<\/td>\n<td class=\"px-md py-sm font-xsm-regular list-item w-full align-top\">230<\/td>\n<\/tr>\n<tr class=\"text-on-surface-3 even:bg-surface-container-lower\">\n<td class=\"px-md py-sm font-xsm-bold align-top table-cell w-1\/2\" data-testid=\"table-factsheet-key\">Largura (cm)<\/td>\n<td class=\"px-md py-sm font-xsm-regular list-item w-full align-top\">270<\/td>\n<\/tr>\n<tr class=\"text-on-surface-3 even:bg-surface-container-lower\">\n<td class=\"px-md py-sm font-xsm-bold align-top table-cell w-1\/2\" data-testid=\"table-factsheet-key\">Possui P\u00e9s<\/td>\n<td class=\"px-md py-sm font-xsm-regular list-item w-full align-top\">N\u00e3o<\/td>\n<\/tr>\n<tr class=\"text-on-surface-3 even:bg-surface-container-lower\">\n<td class=\"px-md py-sm font-xsm-bold align-top table-cell w-1\/2\" data-testid=\"table-factsheet-key\">Possui Portas<\/td>\n<td class=\"px-md py-sm font-xsm-regular list-item w-full align-top\">Sim<\/td>\n<\/tr>\n<tr class=\"text-on-surface-3 even:bg-surface-container-lower\">\n<td class=\"px-md py-sm font-xsm-bold align-top table-cell w-1\/2\" data-testid=\"table-factsheet-key\">Tipo de Porta<\/td>\n<td class=\"px-md py-sm font-xsm-regular list-item w-full align-top\">Bater<\/td>\n<\/tr>\n<tr class=\"text-on-surface-3 even:bg-surface-container-lower\">\n<td class=\"px-md py-sm font-xsm-bold align-top table-cell w-1\/2\" data-testid=\"table-factsheet-key\">Possui Gavetas<\/td>\n<td class=\"px-md py-sm font-xsm-regular list-item w-full align-top\">Sim<\/td>\n<\/tr>\n<tr class=\"text-on-surface-3 even:bg-surface-container-lower\">\n<td class=\"px-md py-sm font-xsm-bold align-top table-cell w-1\/2\" data-testid=\"table-factsheet-key\">Tipo de Gaveta<\/td>\n<td class=\"px-md py-sm font-xsm-regular list-item w-full align-top\">Interna<\/td>\n<\/tr>\n<tr class=\"text-on-surface-3 even:bg-surface-container-lower\">\n<td class=\"px-md py-sm font-xsm-bold align-top table-cell w-1\/2\" data-testid=\"table-factsheet-key\">Possui Espelhos<\/td>\n<td class=\"px-md py-sm font-xsm-regular list-item w-full align-top\">N\u00e3o<\/td>\n<\/tr>\n<tr class=\"text-on-surface-3 even:bg-surface-container-lower\">\n<td class=\"px-md py-sm font-xsm-bold align-top table-cell w-1\/2\" data-testid=\"table-factsheet-key\">Profundidade (cm)<\/td>\n<td class=\"px-md py-sm font-xsm-regular list-item w-full align-top\">51.8<\/td>\n<\/tr>\n<tr class=\"text-on-surface-3 even:bg-surface-container-lower\">\n<td class=\"px-md py-sm font-xsm-bold align-top table-cell w-1\/2\" data-testid=\"table-factsheet-key\">Gaveta com Chave<\/td>\n<td class=\"px-md py-sm font-xsm-regular list-item w-full align-top\">N\u00e3o<\/td>\n<\/tr>\n<tr class=\"text-on-surface-3 even:bg-surface-container-lower\">\n<td class=\"px-md py-sm font-xsm-bold align-top table-cell w-1\/2\" data-testid=\"table-factsheet-key\">Possui Calceiros<\/td>\n<td class=\"px-md py-sm font-xsm-regular list-item w-full align-top\">N\u00e3o<\/td>\n<\/tr>\n<tr class=\"text-on-surface-3 even:bg-surface-container-lower\">\n<td class=\"px-md py-sm font-xsm-bold align-top table-cell w-1\/2\" data-testid=\"table-factsheet-key\">Servi\u00e7o Montagem<\/td>\n<td class=\"px-md py-sm font-xsm-regular list-item w-full align-top\">114259443<\/td>\n<\/tr>\n<tr class=\"text-on-surface-3 even:bg-surface-container-lower\">\n<td class=\"px-md py-sm font-xsm-bold align-top table-cell w-1\/2\" data-testid=\"table-factsheet-key\">Material da Porta<\/td>\n<td class=\"px-md py-sm font-xsm-regular list-item w-full align-top\">MDP<\/td>\n<\/tr>\n<tr class=\"text-on-surface-3 even:bg-surface-container-lower\">\n<td class=\"px-md py-sm font-xsm-bold align-top table-cell w-1\/2\" data-testid=\"table-factsheet-key\">Origem do Produto<\/td>\n<td class=\"px-md py-sm font-xsm-regular list-item w-full align-top\">Nacional<\/td>\n<\/tr>\n<tr class=\"text-on-surface-3 even:bg-surface-container-lower\">\n<td class=\"px-md py-sm font-xsm-bold align-top table-cell w-1\/2\" data-testid=\"table-factsheet-key\">Possui Cabideiros<\/td>\n<td class=\"px-md py-sm font-xsm-regular list-item w-full align-top\">Sim<\/td>\n<\/tr>\n<tr class=\"text-on-surface-3 even:bg-surface-container-lower\">\n<td class=\"px-md py-sm font-xsm-bold align-top table-cell w-1\/2\" data-testid=\"table-factsheet-key\">Ambiente Principal<\/td>\n<td class=\"px-md py-sm font-xsm-regular list-item w-full align-top\">Quarto<\/td>\n<\/tr>\n<tr class=\"text-on-surface-3 even:bg-surface-container-lower\">\n<td class=\"px-md py-sm font-xsm-bold align-top table-cell w-1\/2\" data-testid=\"table-factsheet-key\">Material da Gaveta<\/td>\n<td class=\"px-md py-sm font-xsm-regular list-item w-full align-top\">MDP<\/td>\n<\/tr>\n<tr class=\"text-on-surface-3 even:bg-surface-container-lower\">\n<td class=\"px-md py-sm font-xsm-bold align-top table-cell w-1\/2\" data-testid=\"table-factsheet-key\">Material Principal<\/td>\n<td class=\"px-md py-sm font-xsm-regular list-item w-full align-top\">MDP<\/td>\n<\/tr>\n<tr class=\"text-on-surface-3 even:bg-surface-container-lower\">\n<td class=\"px-md py-sm font-xsm-bold align-top table-cell w-1\/2\" data-testid=\"table-factsheet-key\">Possui Prateleiras<\/td>\n<td class=\"px-md py-sm font-xsm-regular list-item w-full align-top\">Sim<\/td>\n<\/tr>\n<tr class=\"text-on-surface-3 even:bg-surface-container-lower\">\n<td class=\"px-md py-sm font-xsm-bold align-top table-cell w-1\/2\" data-testid=\"table-factsheet-key\">Nicho com Cabideiro<\/td>\n<td class=\"px-md py-sm font-xsm-regular list-item w-full align-top\">N\u00e3o<\/td>\n<\/tr>\n<tr class=\"text-on-surface-3 even:bg-surface-container-lower\">\n<td class=\"px-md py-sm font-xsm-bold align-top table-cell w-1\/2\" data-testid=\"table-factsheet-key\">Tipo de Guarda-roupa<\/td>\n<td class=\"px-md py-sm font-xsm-regular list-item w-full align-top\">Casal<\/td>\n<\/tr>\n<tr class=\"text-on-surface-3 even:bg-surface-container-lower\">\n<td class=\"px-md py-sm font-xsm-bold align-top table-cell w-1\/2\" data-testid=\"table-factsheet-key\">Espessura do Fundo (mm)<\/td>\n<td class=\"px-md py-sm font-xsm-regular list-item w-full align-top\">2.7<\/td>\n<\/tr>\n<tr class=\"text-on-surface-3 even:bg-surface-container-lower\">\n<td class=\"px-md py-sm font-xsm-bold align-top table-cell w-1\/2\" data-testid=\"table-factsheet-key\">Material da Prateleira<\/td>\n<td class=\"px-md py-sm font-xsm-regular list-item w-full align-top\">MDP<\/td>\n<\/tr>\n<tr class=\"text-on-surface-3 even:bg-surface-container-lower\">\n<td class=\"px-md py-sm font-xsm-bold align-top table-cell w-1\/2\" data-testid=\"table-factsheet-key\">Peso M\u00e1ximo por Gaveta<\/td>\n<td class=\"px-md py-sm font-xsm-regular list-item w-full align-top\">4<\/td>\n<\/tr>\n<tr class=\"text-on-surface-3 even:bg-surface-container-lower\">\n<td class=\"px-md py-sm font-xsm-bold align-top table-cell w-1\/2\" data-testid=\"table-factsheet-key\">Espessura das Portas (mm)<\/td>\n<td class=\"px-md py-sm font-xsm-regular list-item w-full align-top\">15<\/td>\n<\/tr>\n<tr class=\"text-on-surface-3 even:bg-surface-container-lower\">\n<td class=\"px-md py-sm font-xsm-bold align-top table-cell w-1\/2\" data-testid=\"table-factsheet-key\">Tipo de Puxador da Porta<\/td>\n<td class=\"px-md py-sm font-xsm-regular list-item w-full align-top\">Externo<\/td>\n<\/tr>\n<tr class=\"text-on-surface-3 even:bg-surface-container-lower\">\n<td class=\"px-md py-sm font-xsm-bold align-top table-cell w-1\/2\" data-testid=\"table-factsheet-key\">Espessura da Estrutura (mm)<\/td>\n<td class=\"px-md py-sm font-xsm-regular list-item w-full align-top\">15<\/td>\n<\/tr>\n<tr class=\"text-on-surface-3 even:bg-surface-container-lower\">\n<td class=\"px-md py-sm font-xsm-bold align-top table-cell w-1\/2\" data-testid=\"table-factsheet-key\">Tipo de Puxador da Gaveta<\/td>\n<td class=\"px-md py-sm font-xsm-regular list-item w-full align-top\">Embutido<\/td>\n<\/tr>\n<tr class=\"text-on-surface-3 even:bg-surface-container-lower\">\n<td class=\"px-md py-sm font-xsm-bold align-top table-cell w-1\/2\" data-testid=\"table-factsheet-key\">Peso M\u00e1ximo por Prateleira<\/td>\n<td class=\"px-md py-sm font-xsm-regular list-item w-full align-top\">6<\/td>\n<\/tr>\n<tr class=\"text-on-surface-3 even:bg-surface-container-lower\">\n<td class=\"px-md py-sm font-xsm-bold align-top table-cell w-1\/2\" data-testid=\"table-factsheet-key\">Tipo de Corredi\u00e7a da Gaveta<\/td>\n<td class=\"px-md py-sm font-xsm-regular list-item w-full align-top\">Met\u00e1lica Telesc\u00f3pica<\/td>\n<\/tr>\n<tr class=\"text-on-surface-3 even:bg-surface-container-lower\">\n<td class=\"px-md py-sm font-xsm-bold align-top table-cell w-1\/2\" data-testid=\"table-factsheet-key\">Espessura das Prateleiras (mm)<\/td>\n<td class=\"px-md py-sm font-xsm-regular list-item w-full align-top\">12<\/td>\n<\/tr>\n<tr class=\"text-on-surface-3 even:bg-surface-container-lower\">\n<td class=\"px-md py-sm font-xsm-bold align-top table-cell w-1\/2\" data-testid=\"table-factsheet-key\">Material do Puxador da Porta<\/td>\n<td class=\"px-md py-sm font-xsm-regular list-item w-full align-top\">MDF<\/td>\n<\/tr>\n<tr class=\"text-on-surface-3 even:bg-surface-container-lower\">\n<td class=\"px-md py-sm font-xsm-bold align-top table-cell w-1\/2\" data-testid=\"table-factsheet-key\">Possui Organizador de Gaveta<\/td>\n<td class=\"px-md py-sm font-xsm-regular list-item w-full align-top\">N\u00e3o<\/td>\n<\/tr>\n<tr class=\"text-on-surface-3 even:bg-surface-container-lower\">\n<td class=\"px-md py-sm font-xsm-bold align-top table-cell w-1\/2\" data-testid=\"table-factsheet-key\">Espessura do Fundo das Gavetas (mm)<\/td>\n<td class=\"px-md py-sm font-xsm-regular list-item w-full align-top\">12<\/td>\n<\/tr>\n<tr class=\"text-on-surface-3 even:bg-surface-container-lower\">\n<td class=\"px-md py-sm font-xsm-bold align-top table-cell w-1\/2\" data-testid=\"table-factsheet-key\">Possui Espa\u00e7o para Vestidos Longos<\/td>\n<td class=\"px-md py-sm font-xsm-regular list-item w-full align-top\">N\u00e3o<\/td>\n<\/tr>\n<tr class=\"text-on-surface-3 even:bg-surface-container-lower\">\n<td class=\"px-md py-sm font-xsm-bold align-top table-cell w-1\/2\" data-testid=\"table-factsheet-key\">Tipo de Dobradi\u00e7a\/Corredi\u00e7a da Porta<\/td>\n<td class=\"px-md py-sm font-xsm-regular list-item w-full align-top\">Met\u00e1lica<\/td>\n<\/tr>\n<tr class=\"text-on-surface-3 even:bg-surface-container-lower\">\n<td class=\"px-md py-sm font-xsm-bold align-top table-cell w-1\/2\" data-testid=\"table-factsheet-key\">Marca<\/td>\n<td class=\"px-md py-sm font-xsm-regular list-item w-full align-top\"><a class=\"hover:text-interaction-default underline\" href=\"https:\/\/www.magazineluiza.com.br\/marcas\/moveis-lopas\/\">M\u00f3veis Lopas<\/a><\/td>\n<\/tr>\n<tr class=\"text-on-surface-3 even:bg-surface-container-lower\">\n<td class=\"px-md py-sm font-xsm-bold align-top table-cell w-1\/2\" data-testid=\"table-factsheet-key\">Cor<\/td>\n<td class=\"px-md py-sm font-xsm-regular list-item w-full align-top\">Am\u00eandoa Clean<\/td>\n<\/tr>\n<tr class=\"text-on-surface-3 even:bg-surface-container-lower\">\n<td class=\"px-md py-sm font-xsm-bold align-top table-cell w-1\/2\" data-testid=\"table-factsheet-key\">Itens Inclusos<\/td>\n<td class=\"px-md py-sm font-xsm-regular list-item w-full align-top\">1 Guarda-Roupa, Kit Ferragens e Manual de Montagem<\/td>\n<\/tr>\n<tr class=\"text-on-surface-3 even:bg-surface-container-lower\">\n<td class=\"px-md py-sm font-xsm-bold align-top table-cell w-1\/2\" data-testid=\"table-factsheet-key\">Linha ou Cole\u00e7\u00e3o<\/td>\n<td class=\"px-md py-sm font-xsm-regular list-item w-full align-top\">Bertha<\/td>\n<\/tr>\n<tr class=\"text-on-surface-3 even:bg-surface-container-lower\">\n<td class=\"px-md py-sm font-xsm-bold align-top table-cell w-1\/2\" data-testid=\"table-factsheet-key\">Cor do Puxador<\/td>\n<td class=\"px-md py-sm font-xsm-regular list-item w-full align-top\">Marrom<\/td>\n<\/tr>\n<tr class=\"text-on-surface-3 even:bg-surface-container-lower\">\n<td class=\"px-md py-sm font-xsm-bold align-top table-cell w-1\/2\" data-testid=\"table-factsheet-key\">Quantidade de Cabideiros<\/td>\n<td class=\"px-md py-sm font-xsm-regular list-item w-full align-top\">02 Cabideiros<\/td>\n<\/tr>\n<tr class=\"text-on-surface-3 even:bg-surface-container-lower\">\n<td class=\"px-md py-sm font-xsm-bold align-top table-cell w-1\/2\" data-testid=\"table-factsheet-key\">Quantidade de Prateleiras<\/td>\n<td class=\"px-md py-sm font-xsm-regular list-item w-full align-top\">06 Prateleiras<\/td>\n<\/tr>\n<tr class=\"text-on-surface-3 even:bg-surface-container-lower\">\n<td class=\"px-md py-sm font-xsm-bold align-top table-cell w-1\/2\" data-testid=\"table-factsheet-key\">Quantidade de Portas<\/td>\n<td class=\"px-md py-sm font-xsm-regular list-item w-full align-top\">6 Portas<\/td>\n<\/tr>\n<tr class=\"text-on-surface-3 even:bg-surface-container-lower\">\n<td class=\"px-md py-sm font-xsm-bold align-top table-cell w-1\/2\" data-testid=\"table-factsheet-key\">Quantidade de Gavetas<\/td>\n<td class=\"px-md py-sm font-xsm-regular list-item w-full align-top\">04 Gavetas<\/td>\n<\/tr>\n<tr class=\"text-on-surface-3 even:bg-surface-container-lower\">\n<td class=\"px-md py-sm font-xsm-bold align-top table-cell w-1\/2\" data-testid=\"table-factsheet-key\">Gavetas<\/td>\n<td class=\"px-md py-sm font-xsm-regular list-item w-full align-top\">4 Gavetas<\/td>\n<\/tr>\n<tr class=\"text-on-surface-3 even:bg-surface-container-lower\">\n<td class=\"px-md py-sm font-xsm-bold align-top table-cell w-1\/2\" data-testid=\"table-factsheet-key\">Modelo<\/td>\n<td class=\"px-md py-sm font-xsm-regular list-item w-full align-top\">Bertha<\/td>\n<\/tr>\n<tr class=\"text-on-surface-3 even:bg-surface-container-lower\">\n<td class=\"px-md py-sm font-xsm-bold align-top table-cell w-1\/2\" data-testid=\"table-factsheet-key\">Quantidade de Gavetas<\/td>\n<td class=\"px-md py-sm font-xsm-regular list-item w-full align-top\">4<\/td>\n<\/tr>\n<tr class=\"text-on-surface-3 even:bg-surface-container-lower\">\n<td class=\"px-md py-sm font-xsm-bold align-top table-cell w-1\/2\" data-testid=\"table-factsheet-key\">Quantidade de Portas<\/td>\n<td class=\"px-md py-sm font-xsm-regular list-item w-full align-top\">6 Portas<\/td>\n<\/tr>\n<tr class=\"text-on-surface-3 even:bg-surface-container-lower\">\n<td class=\"px-md py-sm font-xsm-bold align-top table-cell w-1\/2\" data-testid=\"table-factsheet-key\">Tipo de M\u00f3vel<\/td>\n<td class=\"px-md py-sm font-xsm-regular list-item w-full align-top\">Guarda-roupa<\/td>\n<\/tr>\n<\/tbody>\n<\/table>\n<\/div>\n<\/div>\n","protected":false},"excerpt":{"rendered":"<p>Descri\u00e7\u00e3o e ficha t\u00e9cnica C\u00f3digo\u00a0ehc20a3bb4 Se voc\u00ea busca espa\u00e7o e organiza\u00e7\u00e3o, o nosso guarda roupa 6 portas \u00e9 a escolha ideal! Com um espa\u00e7o interno amplo, ele acomoda facilmente suas<\/p>\n","protected":false},"featured_media":15464,"comment_status":"open","ping_status":"closed","template":"","meta":[],"product_brand":[],"product_cat":[15],"product_tag":[],"class_list":{"0":"post-15461","1":"product","2":"type-product","3":"status-publish","4":"has-post-thumbnail","6":"product_cat-produtos","7":"product_shipping_class-retirar-no-local","9":"first","10":"instock","11":"shipping-taxable","12":"purchasable","13":"product-type-simple"},"_links":{"self":[{"href":"https:\/\/ambrosioeletro.com.br\/v20\/wp-json\/wp\/v2\/product\/15461","targetHints":{"allow":["GET"]}}],"collection":[{"href":"https:\/\/ambrosioeletro.com.br\/v20\/wp-json\/wp\/v2\/product"}],"about":[{"href":"https:\/\/ambrosioeletro.com.br\/v20\/wp-json\/wp\/v2\/types\/product"}],"replies":[{"embeddable":true,"href":"https:\/\/ambrosioeletro.com.br\/v20\/wp-json\/wp\/v2\/comments?post=15461"}],"wp:featuredmedia":[{"embeddable":true,"href":"https:\/\/ambrosioeletro.com.br\/v20\/wp-json\/wp\/v2\/media\/15464"}],"wp:attachment":[{"href":"https:\/\/ambrosioeletro.com.br\/v20\/wp-json\/wp\/v2\/media?parent=15461"}],"wp:term":[{"taxonomy":"product_brand","embeddable":true,"href":"https:\/\/ambrosioeletro.com.br\/v20\/wp-json\/wp\/v2\/product_brand?post=15461"},{"taxonomy":"product_cat","embeddable":true,"href":"https:\/\/ambrosioeletro.com.br\/v20\/wp-json\/wp\/v2\/product_cat?post=15461"},{"taxonomy":"product_tag","embeddable":true,"href":"https:\/\/ambrosioeletro.com.br\/v20\/wp-json\/wp\/v2\/product_tag?post=15461"}],"curies":[{"name":"wp","href":"https:\/\/api.w.org\/{rel}","templated":true}]}}