{"id":15465,"date":"2026-03-30T08:56:33","date_gmt":"2026-03-30T11:56:33","guid":{"rendered":"https:\/\/ambrosioeletro.com.br\/v20\/?post_type=product&#038;p=15465"},"modified":"2026-04-17T10:48:46","modified_gmt":"2026-04-17T13:48:46","slug":"cabeceira-regulavel-lopas-like-140-160cm-com-mesas-de-apoio-cor-amendoa-clean","status":"publish","type":"product","link":"https:\/\/ambrosioeletro.com.br\/v20\/produto\/cabeceira-regulavel-lopas-like-140-160cm-com-mesas-de-apoio-cor-amendoa-clean\/","title":{"rendered":"Cabeceira Regul\u00e1vel Lopas Like 140\/160cm Com Mesas de Apoio Cor Am\u00eandoa clean"},"content":{"rendered":"<p>Descri\u00e7\u00e3o e ficha t\u00e9cnica<br \/>\nC\u00f3digo ach68g9g3a<\/p>\n<p>Cabeceira Regul\u00e1vel Lopas Like 140\/160cm Com Mesas de Apoio<\/p>\n<p>Imagens Meramente Ilustrativas<\/p>\n<p>A Cabeceira Regul\u00e1vel Lopas Like 140\/160cm Com Mesas de Apoio valoriza o ambiente da sua casa, dando eleg\u00e2ncia ao quarto. Al\u00e9m da cor e sua estrutura que d\u00e3o um charme para o m\u00f3vel, ela oferece toda funcionalidade das suas mesas laterais que s\u00e3o acopladas a cabeceira.<\/p>\n<p>O Que Voc\u00ea Precisa Saber Sobre Este Produto<\/p>\n<p>&#8211; Estrutura: MDP;<\/p>\n<p>&#8211; Ideal para base box e colch\u00f5es: Casal e queen;<\/p>\n<p>&#8211; N\u00e3o acompanha base box e colch\u00e3o;<\/p>\n<p>&#8211; 02 Mesas de cabeceira acopladas;<\/p>\n<p>&#8211; 02 Gavetas;<\/p>\n<p>&#8211; 02 Nichos;<\/p>\n<p>&#8211; Gavetas com corredi\u00e7as telesc\u00f3picas 300mm;<\/p>\n<p>&#8211; Produzido com equipamentos de alta tecnologia;<\/p>\n<p>&#8211; Produto avaliado e aprovado por um rigoroso controle de qualidade;<\/p>\n<p>&#8211; F\u00e1cil montagem e manual simplificado;<\/p>\n<p>&#8211; Pintura U.V. e acabamento em micro textura;<\/p>\n<p>&#8211; P\u00e9s C\u00f4nico de madeira;<\/p>\n<p>Dimens\u00f5es<\/p>\n<p>&#8211; Altura: 111cm<\/p>\n<p>&#8211; Largura: 140\/160cm<\/p>\n<p>&#8211; Profundidade: 42cm<br \/>\nFicha T\u00e9cnica<br \/>\nTamanhos da Cama<br \/>\nCasal\/Queen<br \/>\nPrazo de Garantia<br \/>\n&#8211; O prazo de garantia ser\u00e1 de noventa (90) dias, conforme previsto no artigo 26 do C\u00f3digo do Consumidor, a contar da efetiva entrega do produto, desde que observadas as condi\u00e7\u00f5es normais de uso e conserva\u00e7\u00e3o. Essa garantia cobre defeitos de fabrica\u00e7\u00e3o.<br \/>\nConserva\u00e7\u00e3o e Limpeza<br \/>\n&#8211; Para melhor conserva\u00e7\u00e3o, seguir orienta\u00e7\u00f5es do manual de instru\u00e7\u00f5es que acompanha o produto.<br \/>\nAten\u00e7\u00e3o<br \/>\n&#8211; N\u00e3o nos responsabilizamos de no ato da entrega, por desmontagens, subir escadas | elevadores ou transporte por guincho para apartamentos ou casas, sendo essas despesas de total responsabilidade do cliente. Verifique as dimens\u00f5es antecipadamente.<br \/>\nMarca<br \/>\n&#8211; Lopas<br \/>\nModelo<br \/>\n&#8211; Like<br \/>\nTipo<br \/>\n&#8211; Cabeceira regul\u00e1vel<br \/>\nQuantidade de Nichos<br \/>\n&#8211; 02 Nichos<br \/>\nRequer Montagem<br \/>\n&#8211; Sim<br \/>\nMaterial<br \/>\n&#8211; MDP<br \/>\nLargura<br \/>\n&#8211; 140\/160cm<br \/>\nInforma\u00e7\u00f5es Importantes<br \/>\n&#8211; Objetos de cena n\u00e3o acompanham o produto &#8211; As cores podem sofrer altera\u00e7\u00f5es devido \u00e0 luminosidade, configura\u00e7\u00f5es do monitor e at\u00e9 mesmo a percep\u00e7\u00e3o do usu\u00e1rio. &#8211; Imagens meramente ilustrativas.<br \/>\nQuantidade de Mesas de Apoio<br \/>\n&#8211; 02 Mesas de apoio<br \/>\nPeso<br \/>\n&#8211; 44Kg<br \/>\nNecessita de Montagem?<br \/>\n&#8211; Sim. A montagem dever\u00e1 ser feita obedecendo \u00e0s instru\u00e7\u00f5es do manual de montagem que ser\u00e1 fornecido com o produto, ficando assim sob responsabilidade do cliente.<br \/>\nQuantidade de Gavetas<br \/>\n&#8211; 02 Gavetas<br \/>\nQuantidade de Caixa de Embalagem<br \/>\n&#8211; 01 Caixa<br \/>\nInclui Manual de Montagem<br \/>\n&#8211; Sim<br \/>\nCor<br \/>\n&#8211; Am\u00eandoa<br \/>\nComprimento<br \/>\n&#8211; 42cm<br \/>\nAltura<br \/>\n&#8211; 111cm<br \/>\nConte\u00fado da Embalagem<br \/>\n&#8211; 01 Cabeceira Regul\u00e1vel Lopas Like 140\/160cm Com Mesas de Apoio &#8211; 01 Manual de instru\u00e7\u00e3o<br \/>\nAcabamento<br \/>\nmicro textura<br \/>\nComplexidade de Montagem<br \/>\nF\u00e1cil montagem e manual simplificado<br \/>\nConte\u00fado da Embalagem<br \/>\n01 Cabeceira Regul\u00e1vel Lopas Like 140\/160cm Com Mesas de Apoio &#8211; 01 Manual de instru\u00e7\u00e3o<br \/>\nCor<br \/>\nAm\u00eandoa<br \/>\nDimens\u00f5es do Produto<br \/>\nAltura: 111cm &#8211; Largura: 140\/160cm &#8211; Profundidade: 42cm<br \/>\nLinha<br \/>\nLike<br \/>\nMarca<br \/>\nLopas<br \/>\nMaterial da Estrutura<br \/>\nMDP<br \/>\nModelo<br \/>\nLike<br \/>\nPeso do Produto<br \/>\n44Kg<br \/>\nPrazo de Garantia<br \/>\nnoventa (90) dias, conforme previsto no artigo 26 do C\u00f3digo do Consumidor, a contar da efetiva entrega do produto, desde que observadas as condi\u00e7\u00f5es normais de uso e conserva\u00e7\u00e3o. Essa garantia cobre defeitos de fabrica\u00e7\u00e3o.<br \/>\nP\u00e9s<br \/>\nC\u00f4nico de madeira<br \/>\nQuantidade de Gavetas<br \/>\n02 Gavetas<br \/>\nQuantidade de Nichos<br \/>\n02 Nichos<br \/>\nTamanho do M\u00f3vel<br \/>\nCasal\/Queen<br \/>\nTipo de M\u00f3vel<br \/>\nCabeceira<br \/>\nTipo de P\u00e9s<br \/>\nC\u00f4nico de madeira<\/p>\n","protected":false},"excerpt":{"rendered":"<p>Descri\u00e7\u00e3o e ficha t\u00e9cnica C\u00f3digo ach68g9g3a Cabeceira Regul\u00e1vel Lopas Like 140\/160cm Com Mesas de Apoio Imagens Meramente Ilustrativas A Cabeceira Regul\u00e1vel Lopas Like 140\/160cm Com Mesas de Apoio valoriza o<\/p>\n","protected":false},"featured_media":15765,"comment_status":"open","ping_status":"closed","template":"","meta":[],"product_brand":[],"product_cat":[15],"product_tag":[],"class_list":{"0":"post-15465","1":"product","2":"type-product","3":"status-publish","4":"has-post-thumbnail","6":"product_cat-produtos","7":"product_shipping_class-retirar-no-local","9":"first","10":"instock","11":"shipping-taxable","12":"purchasable","13":"product-type-simple"},"_links":{"self":[{"href":"https:\/\/ambrosioeletro.com.br\/v20\/wp-json\/wp\/v2\/product\/15465","targetHints":{"allow":["GET"]}}],"collection":[{"href":"https:\/\/ambrosioeletro.com.br\/v20\/wp-json\/wp\/v2\/product"}],"about":[{"href":"https:\/\/ambrosioeletro.com.br\/v20\/wp-json\/wp\/v2\/types\/product"}],"replies":[{"embeddable":true,"href":"https:\/\/ambrosioeletro.com.br\/v20\/wp-json\/wp\/v2\/comments?post=15465"}],"wp:featuredmedia":[{"embeddable":true,"href":"https:\/\/ambrosioeletro.com.br\/v20\/wp-json\/wp\/v2\/media\/15765"}],"wp:attachment":[{"href":"https:\/\/ambrosioeletro.com.br\/v20\/wp-json\/wp\/v2\/media?parent=15465"}],"wp:term":[{"taxonomy":"product_brand","embeddable":true,"href":"https:\/\/ambrosioeletro.com.br\/v20\/wp-json\/wp\/v2\/product_brand?post=15465"},{"taxonomy":"product_cat","embeddable":true,"href":"https:\/\/ambrosioeletro.com.br\/v20\/wp-json\/wp\/v2\/product_cat?post=15465"},{"taxonomy":"product_tag","embeddable":true,"href":"https:\/\/ambrosioeletro.com.br\/v20\/wp-json\/wp\/v2\/product_tag?post=15465"}],"curies":[{"name":"wp","href":"https:\/\/api.w.org\/{rel}","templated":true}]}}