{"id":15472,"date":"2026-03-30T09:10:28","date_gmt":"2026-03-30T12:10:28","guid":{"rendered":"https:\/\/ambrosioeletro.com.br\/v20\/?post_type=product&#038;p=15472"},"modified":"2026-04-16T08:56:05","modified_gmt":"2026-04-16T11:56:05","slug":"guarda-roupa-solteiro-2-portas-1-c-espelho-e-6-gavetas-buriti-jequitiba-neve-novo-horizonte","status":"publish","type":"product","link":"https:\/\/ambrosioeletro.com.br\/v20\/produto\/guarda-roupa-solteiro-2-portas-1-c-espelho-e-6-gavetas-buriti-jequitiba-neve-novo-horizonte\/","title":{"rendered":"Guarda Roupa Solteiro 2 Portas (1 c\/ Espelho) e 6 Gavetas Buriti\/Jequitib\u00e1 Neve &#8211; Novo Horizonte"},"content":{"rendered":"<div class=\"relative px-md overflow-hidden border-on-surface-8 after:pointer-events-none after:absolute after:bottom-[0] after:left-[0] after:h-[72px] after:w-full after:bg-gradient-to-b after:from-[#FFFFFF00] after:to-[#FFFFFF] md:after:content-none md:px-lg max-md:border-b-thin\" data-testid=\"tab-product-detail\">\n<h2 class=\"text-on-surface-2 font-md-bold md:font-title-large-highlight md:mb-md\" data-testid=\"product-details-title\">Descri\u00e7\u00e3o e ficha t\u00e9cnica<\/h2>\n<div data-testid=\"product-detail\">\n<p class=\"mt-2xsm text-on-surface-4 font-xsm-regular\" data-testid=\"product-detail-code\">C\u00f3digo\u00a0ea298e66k9<\/p>\n<div class=\"mt-md font-xsm-regular\" data-testid=\"product-detail-description\">\nGuarda Roupa Solteiro 2 Portas (1 c\/ Espelho) e 6 Gavetas Buriti\/Jequitib\u00e1 Neve &#8211; Novo Horizonte<\/p>\n<p>Marca: Novo Horizonte<\/p>\n<p>Dimens\u00f5es(Cm): Comprimento(Profundidade): 47cm x Largura: 121cm x Altura: 205cm<\/p>\n<p>Material de Estrutura<br \/>\n&#8211; Estrutura 100% MDP<br \/>\nTipo de Modulado<br \/>\n&#8211; Kit Espelho<\/p>\n<p>Material dos Cabideiros<br \/>\n&#8211; Cabideira Met\u00e1lico<br \/>\nTipo de Porta do Guarda-Roupa<br \/>\n&#8211; Portas Correr com Roldanas de Molas<br \/>\nMaterial das Portas<br \/>\n&#8211; Portas em MDP<br \/>\nDiferenciais das Portas<br \/>\n&#8211; Porta c\/ Espelho<br \/>\nQuantidade de Portas<br \/>\n&#8211; 2 Portas de Correr<br \/>\nQuantidade de Portas com Espelho<br \/>\n&#8211; 1 Porta com Espelho<br \/>\nTipo de Espelho<br \/>\n&#8211; Espelho Externo<br \/>\nMaterial das Gavetas<br \/>\n&#8211; Gavetas em MDP<br \/>\nTipo de Corredi\u00e7a<br \/>\n&#8211; c\/ Corredi\u00e7as Telesc\u00f3picas<br \/>\nQuantidade de Gavetas<br \/>\n&#8211; 6 Gavetas<br \/>\nQuantidade de P\u00e9s<br \/>\n&#8211; 6 p\u00e9s<br \/>\nMaterial das Prateleiras<br \/>\n&#8211; Prateleiras em MDP<\/p>\n<p>Recomenda\u00e7\u00f5es de Uso<br \/>\n&#8211; Recomenda\u00e7\u00f5es de Uso<br \/>\nMontagem do Produto<br \/>\n&#8211; Desmont\u00e1vel<br \/>\n&#8211; Necessita de montagem<br \/>\n&#8211; Acompanha Manual de Instala\u00e7\u00e3o e Montagem<br \/>\n&#8211; Complexidade da Montagem M\u00e9dia<br \/>\nSistema de Montagem<br \/>\n&#8211; Inclui kit de instala\u00e7\u00e3o<br \/>\nNossa Avalia\u00e7\u00e3o<br \/>\n&#8211; Classifica\u00e7\u00e3o de Qualidade Excelente<br \/>\nCertifica\u00e7\u00e3o de Qualidade<br \/>\n&#8211; Qualidade Aprovada<br \/>\nGarantia<br \/>\n&#8211; Garantia de 90 Dias<\/p>\n<p>Imagens Meramente Ilustrativas.<br \/>\nN\u00e3o nos responsabilizamos pela montagem\/instala\u00e7\u00e3o dos produtos.<br \/>\nTodas as informa\u00e7\u00f5es divulgadas s\u00e3o de responsabilidade exclusiva do fabricante\/fornecedor.<\/p>\n<p>&#8211; Verifique com os fabricantes do produto e de seus componentes eventuais limita\u00e7\u00f5es \u00e0 utiliza\u00e7\u00e3o de todos os recursos e funcionalidades<br \/>\n&#8211; Confira as dimens\u00f5es do produto e analise se ir\u00e3o passar normalmente por elevadores, portas, escadas e corredores, pois n\u00e3o nos responsabilizamos caso o produto necessite durante a entrega de: Desmontagem, subir escadas ou ser transportado por guincho, cordas para apartamentos. A entrega limita-se ao descarregamento em local que tenha e ofere\u00e7a total facilidade de acesso normal;<br \/>\n&#8211; S\u00f3 fazemos entregas por transportes rodovi\u00e1rios. N\u00e3o realizamos entregas por transportes fluviais, a\u00e9reos e outros diferente de rodovi\u00e1rio. N\u00e3o realizamos entregas na regi\u00e3o norte: Amap\u00e1, Amazonas, Par\u00e1, Roraima e Acre;<br \/>\n&#8211; Temos \u00e1reas com restri\u00e7\u00e3o e dificuldades que os transportadores rodovi\u00e1rios n\u00e3o atendem. \u00c1rea de dif\u00edcil acesso, \u00e1rea de risco, \u00e1rea rural, \u00e1reas fluviais, estradas n\u00e3o pavimentadas;<br \/>\n&#8211; Sendo assim, caso seu endere\u00e7o esteja em \u00e1rea restrita de entrega, a retirada de sua compra dever\u00e1 ser realizada no CD do transportador ou indicar no momento da compra um endere\u00e7o entrega fora da \u00e1rea restrita;<br \/>\n&#8211; Caso realize pedido com entregas em locais de dif\u00edcil acesso ou \u00e1reas com restri\u00e7\u00e3o e dificuldades que os transportadores e proprio correios n\u00e3o atendem, a compra sera cancelada pela Costa Rica Colch\u00f5es, com a devida comunica\u00e7\u00e3o e estorno do pagamento ao cliente.<\/p><\/div>\n<\/div>\n<\/div>\n<div class=\"hidden border-on-surface-8 md:px-lg md:block md:py-md\" data-testid=\"tab-product-factsheet\">\n<h2 class=\"text-on-surface-2 font-md-bold md:font-title-large-highlight md:mb-md\" data-testid=\"product-factsheet-title\">Ficha T\u00e9cnica<\/h2>\n<div class=\"pt-2xsm\">\n<table class=\"w-full list-none\" data-testid=\"table-factsheet\">\n<tbody>\n<tr class=\"text-on-surface-3 even:bg-surface-container-lower\">\n<td class=\"px-md py-sm font-xsm-bold align-top table-cell w-1\/2\" data-testid=\"table-factsheet-key\">Altura<\/td>\n<td class=\"px-md py-sm font-xsm-regular list-item w-full align-top\">205 cm<\/td>\n<\/tr>\n<tr class=\"text-on-surface-3 even:bg-surface-container-lower\">\n<td class=\"px-md py-sm font-xsm-bold align-top table-cell w-1\/2\" data-testid=\"table-factsheet-key\">Tamanho Montado<\/td>\n<td class=\"px-md py-sm font-xsm-regular list-item w-full align-top\">Larg:121.00 x Comp\/Prof:47.00 x Alt: 205.00<\/td>\n<\/tr>\n<tr class=\"text-on-surface-3 even:bg-surface-container-lower\">\n<td class=\"px-md py-sm font-xsm-bold align-top table-cell w-1\/2\" data-testid=\"table-factsheet-key\">M3<\/td>\n<td class=\"px-md py-sm font-xsm-regular list-item w-full align-top\">0.19<\/td>\n<\/tr>\n<tr class=\"text-on-surface-3 even:bg-surface-container-lower\">\n<td class=\"px-md py-sm font-xsm-bold align-top table-cell w-1\/2\" data-testid=\"table-factsheet-key\">Volumes<\/td>\n<td class=\"px-md py-sm font-xsm-regular list-item w-full align-top\">3<\/td>\n<\/tr>\n<tr class=\"text-on-surface-3 even:bg-surface-container-lower\">\n<td class=\"px-md py-sm font-xsm-bold align-top table-cell w-1\/2\" data-testid=\"table-factsheet-key\">Categoria &#8211; Pai<\/td>\n<td class=\"px-md py-sm font-xsm-regular list-item w-full align-top\">Quarto Juvenil e Solteiro<\/td>\n<\/tr>\n<tr class=\"text-on-surface-3 even:bg-surface-container-lower\">\n<td class=\"px-md py-sm font-xsm-bold align-top table-cell w-1\/2\" data-testid=\"table-factsheet-key\">Peso Cubado<\/td>\n<td class=\"px-md py-sm font-xsm-regular list-item w-full align-top\">46.32<\/td>\n<\/tr>\n<tr class=\"text-on-surface-3 even:bg-surface-container-lower\">\n<td class=\"px-md py-sm font-xsm-bold align-top table-cell w-1\/2\" data-testid=\"table-factsheet-key\">Fabricante<\/td>\n<td class=\"px-md py-sm font-xsm-regular list-item w-full align-top\">Novo Horizonte<\/td>\n<\/tr>\n<tr class=\"text-on-surface-3 even:bg-surface-container-lower\">\n<td class=\"px-md py-sm font-xsm-bold align-top table-cell w-1\/2\" data-testid=\"table-factsheet-key\">Numeral<\/td>\n<td class=\"px-md py-sm font-xsm-regular list-item w-full align-top\">0<\/td>\n<\/tr>\n<tr class=\"text-on-surface-3 even:bg-surface-container-lower\">\n<td class=\"px-md py-sm font-xsm-bold align-top table-cell w-1\/2\" data-testid=\"table-factsheet-key\">Kit<\/td>\n<td class=\"px-md py-sm font-xsm-regular list-item w-full align-top\">0<\/td>\n<\/tr>\n<tr class=\"text-on-surface-3 even:bg-surface-container-lower\">\n<td class=\"px-md py-sm font-xsm-bold align-top table-cell w-1\/2\" data-testid=\"table-factsheet-key\">Peso<\/td>\n<td class=\"px-md py-sm font-xsm-regular list-item w-full align-top\">89.00 Kg<\/td>\n<\/tr>\n<tr class=\"text-on-surface-3 even:bg-surface-container-lower\">\n<td class=\"px-md py-sm font-xsm-bold align-top table-cell w-1\/2\" data-testid=\"table-factsheet-key\">N\u00e3o Possui<\/td>\n<td class=\"px-md py-sm font-xsm-regular list-item w-full align-top\">N\u00e3o<\/td>\n<\/tr>\n<tr class=\"text-on-surface-3 even:bg-surface-container-lower\">\n<td class=\"px-md py-sm font-xsm-bold align-top table-cell w-1\/2\" data-testid=\"table-factsheet-key\">Contatos Sac F\u00e1brica<\/td>\n<td class=\"px-md py-sm font-xsm-regular list-item w-full align-top\">Site: www.moveisnovohorizonte.com.br<\/td>\n<\/tr>\n<tr class=\"text-on-surface-3 even:bg-surface-container-lower\">\n<td class=\"px-md py-sm font-xsm-bold align-top table-cell w-1\/2\" data-testid=\"table-factsheet-key\">Linha\/Modelo<\/td>\n<td class=\"px-md py-sm font-xsm-regular list-item w-full align-top\">Novo Horizonte<\/td>\n<\/tr>\n<tr class=\"text-on-surface-3 even:bg-surface-container-lower\">\n<td class=\"px-md py-sm font-xsm-bold align-top table-cell w-1\/2\" data-testid=\"table-factsheet-key\">Linha<\/td>\n<td class=\"px-md py-sm font-xsm-regular list-item w-full align-top\">Novo Horizonte<\/td>\n<\/tr>\n<tr class=\"text-on-surface-3 even:bg-surface-container-lower\">\n<td class=\"px-md py-sm font-xsm-bold align-top table-cell w-1\/2\" data-testid=\"table-factsheet-key\">Condi\u00e7\u00e3o do Item<\/td>\n<td class=\"px-md py-sm font-xsm-regular list-item w-full align-top\">Novo<\/td>\n<\/tr>\n<tr class=\"text-on-surface-3 even:bg-surface-container-lower\">\n<td class=\"px-md py-sm font-xsm-bold align-top table-cell w-1\/2\" data-testid=\"table-factsheet-key\">Pa\u00eds de origem<\/td>\n<td class=\"px-md py-sm font-xsm-regular list-item w-full align-top\">Nacional<\/td>\n<\/tr>\n<tr class=\"text-on-surface-3 even:bg-surface-container-lower\">\n<td class=\"px-md py-sm font-xsm-bold align-top table-cell w-1\/2\" data-testid=\"table-factsheet-key\">Material de Estrutura<\/td>\n<td class=\"px-md py-sm font-xsm-regular list-item w-full align-top\">Estrutura 100% MDP<\/td>\n<\/tr>\n<tr class=\"text-on-surface-3 even:bg-surface-container-lower\">\n<td class=\"px-md py-sm font-xsm-bold align-top table-cell w-1\/2\" data-testid=\"table-factsheet-key\">Link Site<\/td>\n<td class=\"px-md py-sm font-xsm-regular list-item w-full align-top\">https:\/\/www.costaricacolchoes.com.br\/produtos\/44670S6081\/<\/td>\n<\/tr>\n<tr class=\"text-on-surface-3 even:bg-surface-container-lower\">\n<td class=\"px-md py-sm font-xsm-bold align-top table-cell w-1\/2\" data-testid=\"table-factsheet-key\">Material dos Cabideiros<\/td>\n<td class=\"px-md py-sm font-xsm-regular list-item w-full align-top\">Cabideira Met\u00e1lico<\/td>\n<\/tr>\n<tr class=\"text-on-surface-3 even:bg-surface-container-lower\">\n<td class=\"px-md py-sm font-xsm-bold align-top table-cell w-1\/2\" data-testid=\"table-factsheet-key\">Material das Gavetas<\/td>\n<td class=\"px-md py-sm font-xsm-regular list-item w-full align-top\">Gavetas em MDP<\/td>\n<\/tr>\n<tr class=\"text-on-surface-3 even:bg-surface-container-lower\">\n<td class=\"px-md py-sm font-xsm-bold align-top table-cell w-1\/2\" data-testid=\"table-factsheet-key\">Quantidade de Cabideiros<\/td>\n<td class=\"px-md py-sm font-xsm-regular list-item w-full align-top\">2 Cabideiros<\/td>\n<\/tr>\n<tr class=\"text-on-surface-3 even:bg-surface-container-lower\">\n<td class=\"px-md py-sm font-xsm-bold align-top table-cell w-1\/2\" data-testid=\"table-factsheet-key\">Tipo de Porta do Guarda-Roupa<\/td>\n<td class=\"px-md py-sm font-xsm-regular list-item w-full align-top\">Portas Correr com Roldanas de Molas<\/td>\n<\/tr>\n<tr class=\"text-on-surface-3 even:bg-surface-container-lower\">\n<td class=\"px-md py-sm font-xsm-bold align-top table-cell w-1\/2\" data-testid=\"table-factsheet-key\">Diferenciais das Portas<\/td>\n<td class=\"px-md py-sm font-xsm-regular list-item w-full align-top\">Porta c\/ Espelho<\/td>\n<\/tr>\n<tr class=\"text-on-surface-3 even:bg-surface-container-lower\">\n<td class=\"px-md py-sm font-xsm-bold align-top table-cell w-1\/2\" data-testid=\"table-factsheet-key\">Montagem do Produto<\/td>\n<td class=\"px-md py-sm font-xsm-regular list-item w-full align-top\">Desmont\u00e1vel<\/td>\n<\/tr>\n<tr class=\"text-on-surface-3 even:bg-surface-container-lower\">\n<td class=\"px-md py-sm font-xsm-bold align-top table-cell w-1\/2\" data-testid=\"table-factsheet-key\">Tipo de Puxador<\/td>\n<td class=\"px-md py-sm font-xsm-regular list-item w-full align-top\">Madeira<\/td>\n<\/tr>\n<tr class=\"text-on-surface-3 even:bg-surface-container-lower\">\n<td class=\"px-md py-sm font-xsm-bold align-top table-cell w-1\/2\" data-testid=\"table-factsheet-key\">Quantidade de Portas com Espelho<\/td>\n<td class=\"px-md py-sm font-xsm-regular list-item w-full align-top\">1 Porta com Espelho<\/td>\n<\/tr>\n<tr class=\"text-on-surface-3 even:bg-surface-container-lower\">\n<td class=\"px-md py-sm font-xsm-bold align-top table-cell w-1\/2\" data-testid=\"table-factsheet-key\">Tipo de Modulado<\/td>\n<td class=\"px-md py-sm font-xsm-regular list-item w-full align-top\">Kit Espelho<\/td>\n<\/tr>\n<tr class=\"text-on-surface-3 even:bg-surface-container-lower\">\n<td class=\"px-md py-sm font-xsm-bold align-top table-cell w-1\/2\" data-testid=\"table-factsheet-key\">Sistema de Montagem<\/td>\n<td class=\"px-md py-sm font-xsm-regular list-item w-full align-top\">Inclui kit de instala\u00e7\u00e3o<\/td>\n<\/tr>\n<tr class=\"text-on-surface-3 even:bg-surface-container-lower\">\n<td class=\"px-md py-sm font-xsm-bold align-top table-cell w-1\/2\" data-testid=\"table-factsheet-key\">Quantidade de P\u00e9s<\/td>\n<td class=\"px-md py-sm font-xsm-regular list-item w-full align-top\">6 p\u00e9s<\/td>\n<\/tr>\n<tr class=\"text-on-surface-3 even:bg-surface-container-lower\">\n<td class=\"px-md py-sm font-xsm-bold align-top table-cell w-1\/2\" data-testid=\"table-factsheet-key\">Quantidade de Gavetas<\/td>\n<td class=\"px-md py-sm font-xsm-regular list-item w-full align-top\">6 Gavetas<\/td>\n<\/tr>\n<tr class=\"text-on-surface-3 even:bg-surface-container-lower\">\n<td class=\"px-md py-sm font-xsm-bold align-top table-cell w-1\/2\" data-testid=\"table-factsheet-key\">Recomenda\u00e7\u00f5es de Uso<\/td>\n<td class=\"px-md py-sm font-xsm-regular list-item w-full align-top\">Recomenda\u00e7\u00f5es de Uso<\/td>\n<\/tr>\n<tr class=\"text-on-surface-3 even:bg-surface-container-lower\">\n<td class=\"px-md py-sm font-xsm-bold align-top table-cell w-1\/2\" data-testid=\"table-factsheet-key\">Garantia<\/td>\n<td class=\"px-md py-sm font-xsm-regular list-item w-full align-top\">Garantia de 90 Dias<\/td>\n<\/tr>\n<tr class=\"text-on-surface-3 even:bg-surface-container-lower\">\n<td class=\"px-md py-sm font-xsm-bold align-top table-cell w-1\/2\" data-testid=\"table-factsheet-key\">Tipo de Corredi\u00e7a<\/td>\n<td class=\"px-md py-sm font-xsm-regular list-item w-full align-top\">c\/ Corredi\u00e7as Telesc\u00f3picas<\/td>\n<\/tr>\n<tr class=\"text-on-surface-3 even:bg-surface-container-lower\">\n<td class=\"px-md py-sm font-xsm-bold align-top table-cell w-1\/2\" data-testid=\"table-factsheet-key\">Certifica\u00e7\u00e3o de Qualidade<\/td>\n<td class=\"px-md py-sm font-xsm-regular list-item w-full align-top\">Qualidade Aprovada<\/td>\n<\/tr>\n<tr class=\"text-on-surface-3 even:bg-surface-container-lower\">\n<td class=\"px-md py-sm font-xsm-bold align-top table-cell w-1\/2\" data-testid=\"table-factsheet-key\">MPN<\/td>\n<td class=\"px-md py-sm font-xsm-regular list-item w-full align-top\">18577.396<\/td>\n<\/tr>\n<tr class=\"text-on-surface-3 even:bg-surface-container-lower\">\n<td class=\"px-md py-sm font-xsm-bold align-top table-cell w-1\/2\" data-testid=\"table-factsheet-key\">Comprimento\/Profundidade<\/td>\n<td class=\"px-md py-sm font-xsm-regular list-item w-full align-top\">47 cm<\/td>\n<\/tr>\n<tr class=\"text-on-surface-3 even:bg-surface-container-lower\">\n<td class=\"px-md py-sm font-xsm-bold align-top table-cell w-1\/2\" data-testid=\"table-factsheet-key\">Largura<\/td>\n<td class=\"px-md py-sm font-xsm-regular list-item w-full align-top\">121 cm<\/td>\n<\/tr>\n<tr class=\"text-on-surface-3 even:bg-surface-container-lower\">\n<td class=\"px-md py-sm font-xsm-bold align-top table-cell w-1\/2\" data-testid=\"table-factsheet-key\">Cor Meli<\/td>\n<td class=\"px-md py-sm font-xsm-regular list-item w-full align-top\">Branco<\/td>\n<\/tr>\n<tr class=\"text-on-surface-3 even:bg-surface-container-lower\">\n<td class=\"px-md py-sm font-xsm-bold align-top table-cell w-1\/2\" data-testid=\"table-factsheet-key\">Tipo de Espelho<\/td>\n<td class=\"px-md py-sm font-xsm-regular list-item w-full align-top\">Espelho Externo<\/td>\n<\/tr>\n<tr class=\"text-on-surface-3 even:bg-surface-container-lower\">\n<td class=\"px-md py-sm font-xsm-bold align-top table-cell w-1\/2\" data-testid=\"table-factsheet-key\">Material das Portas<\/td>\n<td class=\"px-md py-sm font-xsm-regular list-item w-full align-top\">Portas em MDP<\/td>\n<\/tr>\n<tr class=\"text-on-surface-3 even:bg-surface-container-lower\">\n<td class=\"px-md py-sm font-xsm-bold align-top table-cell w-1\/2\" data-testid=\"table-factsheet-key\">Nossa Avalia\u00e7\u00e3o<\/td>\n<td class=\"px-md py-sm font-xsm-regular list-item w-full align-top\">Classifica\u00e7\u00e3o de Qualidade Excelente<\/td>\n<\/tr>\n<tr class=\"text-on-surface-3 even:bg-surface-container-lower\">\n<td class=\"px-md py-sm font-xsm-bold align-top table-cell w-1\/2\" data-testid=\"table-factsheet-key\">Material das Prateleiras<\/td>\n<td class=\"px-md py-sm font-xsm-regular list-item w-full align-top\">Prateleiras em MDP<\/td>\n<\/tr>\n<tr class=\"text-on-surface-3 even:bg-surface-container-lower\">\n<td class=\"px-md py-sm font-xsm-bold align-top table-cell w-1\/2\" data-testid=\"table-factsheet-key\">C\u00f3digo universal de produto (GTIN)<\/td>\n<td class=\"px-md py-sm font-xsm-regular list-item w-full align-top\">7899959654197<\/td>\n<\/tr>\n<tr class=\"text-on-surface-3 even:bg-surface-container-lower\">\n<td class=\"px-md py-sm font-xsm-bold align-top table-cell w-1\/2\" data-testid=\"table-factsheet-key\">Complexidade de Montagem<\/td>\n<td class=\"px-md py-sm font-xsm-regular list-item w-full align-top\">M\u00e9dia<\/td>\n<\/tr>\n<tr class=\"text-on-surface-3 even:bg-surface-container-lower\">\n<td class=\"px-md py-sm font-xsm-bold align-top table-cell w-1\/2\" data-testid=\"table-factsheet-key\">Cor<\/td>\n<td class=\"px-md py-sm font-xsm-regular list-item w-full align-top\">Buriti\/Jequitib\u00e1 Neve<\/td>\n<\/tr>\n<tr class=\"text-on-surface-3 even:bg-surface-container-lower\">\n<td class=\"px-md py-sm font-xsm-bold align-top table-cell w-1\/2\" data-testid=\"table-factsheet-key\">Dimens\u00f5es do Produto<\/td>\n<td class=\"px-md py-sm font-xsm-regular list-item w-full align-top\">Comprimento(Profundidade): 47cm x Largura: 121cm x Altura: 205cm<\/td>\n<\/tr>\n<tr class=\"text-on-surface-3 even:bg-surface-container-lower\">\n<td class=\"px-md py-sm font-xsm-bold align-top table-cell w-1\/2\" data-testid=\"table-factsheet-key\">Gavetas<\/td>\n<td class=\"px-md py-sm font-xsm-regular list-item w-full align-top\">Gavetas em MDP<\/td>\n<\/tr>\n<tr class=\"text-on-surface-3 even:bg-surface-container-lower\">\n<td class=\"px-md py-sm font-xsm-bold align-top table-cell w-1\/2\" data-testid=\"table-factsheet-key\">Marca<\/td>\n<td class=\"px-md py-sm font-xsm-regular list-item w-full align-top\"><a class=\"hover:text-interaction-default underline\" href=\"https:\/\/www.magazineluiza.com.br\/marcas\/novo-horizonte\/\">Novo Horizonte<\/a><\/td>\n<\/tr>\n<tr class=\"text-on-surface-3 even:bg-surface-container-lower\">\n<td class=\"px-md py-sm font-xsm-bold align-top table-cell w-1\/2\" data-testid=\"table-factsheet-key\">Material da Estrutura<\/td>\n<td class=\"px-md py-sm font-xsm-regular list-item w-full align-top\">Estrutura 100% MDP<\/td>\n<\/tr>\n<tr class=\"text-on-surface-3 even:bg-surface-container-lower\">\n<td class=\"px-md py-sm font-xsm-bold align-top table-cell w-1\/2\" data-testid=\"table-factsheet-key\">Prateleiras<\/td>\n<td class=\"px-md py-sm font-xsm-regular list-item w-full align-top\">Prateleiras em MDP<\/td>\n<\/tr>\n<tr class=\"text-on-surface-3 even:bg-surface-container-lower\">\n<td class=\"px-md py-sm font-xsm-bold align-top table-cell w-1\/2\" data-testid=\"table-factsheet-key\">Prazo de Garantia<\/td>\n<td class=\"px-md py-sm font-xsm-regular list-item w-full align-top\">90 Dias<\/td>\n<\/tr>\n<tr class=\"text-on-surface-3 even:bg-surface-container-lower\">\n<td class=\"px-md py-sm font-xsm-bold align-top table-cell w-1\/2\" data-testid=\"table-factsheet-key\">P\u00e9s<\/td>\n<td class=\"px-md py-sm font-xsm-regular list-item w-full align-top\">6 p\u00e9s<\/td>\n<\/tr>\n<tr class=\"text-on-surface-3 even:bg-surface-container-lower\">\n<td class=\"px-md py-sm font-xsm-bold align-top table-cell w-1\/2\" data-testid=\"table-factsheet-key\">Quantidade de Gavetas<\/td>\n<td class=\"px-md py-sm font-xsm-regular list-item w-full align-top\">6 Gavetas<\/td>\n<\/tr>\n<tr class=\"text-on-surface-3 even:bg-surface-container-lower\">\n<td class=\"px-md py-sm font-xsm-bold align-top table-cell w-1\/2\" data-testid=\"table-factsheet-key\">Quantidade de Portas<\/td>\n<td class=\"px-md py-sm font-xsm-regular list-item w-full align-top\">2 Portas<\/td>\n<\/tr>\n<tr class=\"text-on-surface-3 even:bg-surface-container-lower\">\n<td class=\"px-md py-sm font-xsm-bold align-top table-cell w-1\/2\" data-testid=\"table-factsheet-key\">Sistema de Montagem<\/td>\n<td class=\"px-md py-sm font-xsm-regular list-item w-full align-top\">Inclui kit de instala\u00e7\u00e3o<\/td>\n<\/tr>\n<tr class=\"text-on-surface-3 even:bg-surface-container-lower\">\n<td class=\"px-md py-sm font-xsm-bold align-top table-cell w-1\/2\" data-testid=\"table-factsheet-key\">Tamanho do M\u00f3vel<\/td>\n<td class=\"px-md py-sm font-xsm-regular list-item w-full align-top\">Solteiro<\/td>\n<\/tr>\n<tr class=\"text-on-surface-3 even:bg-surface-container-lower\">\n<td class=\"px-md py-sm font-xsm-bold align-top table-cell w-1\/2\" data-testid=\"table-factsheet-key\">Tipo de M\u00f3vel<\/td>\n<td class=\"px-md py-sm font-xsm-regular list-item w-full align-top\">Guarda-Roupa<\/td>\n<\/tr>\n<tr class=\"text-on-surface-3 even:bg-surface-container-lower\">\n<td class=\"px-md py-sm font-xsm-bold align-top table-cell w-1\/2\" data-testid=\"table-factsheet-key\">Tipo de Porta<\/td>\n<td class=\"px-md py-sm font-xsm-regular list-item w-full align-top\">Portas Correr com Roldanas de Molas<\/td>\n<\/tr>\n<\/tbody>\n<\/table>\n<\/div>\n<\/div>\n","protected":false},"excerpt":{"rendered":"<p>Descri\u00e7\u00e3o e ficha t\u00e9cnica C\u00f3digo\u00a0ea298e66k9 Guarda Roupa Solteiro 2 Portas (1 c\/ Espelho) e 6 Gavetas Buriti\/Jequitib\u00e1 Neve &#8211; Novo Horizonte Marca: Novo Horizonte Dimens\u00f5es(Cm): Comprimento(Profundidade): 47cm x Largura: 121cm<\/p>\n","protected":false},"featured_media":15475,"comment_status":"open","ping_status":"closed","template":"","meta":[],"product_brand":[],"product_cat":[15],"product_tag":[],"class_list":{"0":"post-15472","1":"product","2":"type-product","3":"status-publish","4":"has-post-thumbnail","6":"product_cat-produtos","7":"product_shipping_class-retirar-no-local","9":"first","10":"instock","11":"shipping-taxable","12":"purchasable","13":"product-type-simple"},"_links":{"self":[{"href":"https:\/\/ambrosioeletro.com.br\/v20\/wp-json\/wp\/v2\/product\/15472","targetHints":{"allow":["GET"]}}],"collection":[{"href":"https:\/\/ambrosioeletro.com.br\/v20\/wp-json\/wp\/v2\/product"}],"about":[{"href":"https:\/\/ambrosioeletro.com.br\/v20\/wp-json\/wp\/v2\/types\/product"}],"replies":[{"embeddable":true,"href":"https:\/\/ambrosioeletro.com.br\/v20\/wp-json\/wp\/v2\/comments?post=15472"}],"wp:featuredmedia":[{"embeddable":true,"href":"https:\/\/ambrosioeletro.com.br\/v20\/wp-json\/wp\/v2\/media\/15475"}],"wp:attachment":[{"href":"https:\/\/ambrosioeletro.com.br\/v20\/wp-json\/wp\/v2\/media?parent=15472"}],"wp:term":[{"taxonomy":"product_brand","embeddable":true,"href":"https:\/\/ambrosioeletro.com.br\/v20\/wp-json\/wp\/v2\/product_brand?post=15472"},{"taxonomy":"product_cat","embeddable":true,"href":"https:\/\/ambrosioeletro.com.br\/v20\/wp-json\/wp\/v2\/product_cat?post=15472"},{"taxonomy":"product_tag","embeddable":true,"href":"https:\/\/ambrosioeletro.com.br\/v20\/wp-json\/wp\/v2\/product_tag?post=15472"}],"curies":[{"name":"wp","href":"https:\/\/api.w.org\/{rel}","templated":true}]}}