{"id":15476,"date":"2026-03-30T15:14:33","date_gmt":"2026-03-30T18:14:33","guid":{"rendered":"https:\/\/ambrosioeletro.com.br\/v20\/?post_type=product&#038;p=15476"},"modified":"2026-04-16T08:59:44","modified_gmt":"2026-04-16T11:59:44","slug":"guarda-roupa-casal-joinville-6-portas-4-gavetas-cinamomo-tcil-moveis","status":"publish","type":"product","link":"https:\/\/ambrosioeletro.com.br\/v20\/produto\/guarda-roupa-casal-joinville-6-portas-4-gavetas-cinamomo-tcil-moveis\/","title":{"rendered":"Guarda-Roupa Casal Joinville 6 Portas 4 Gavetas Cinamomo &#8211; Tcil M\u00f3veis"},"content":{"rendered":"<p>Descri\u00e7\u00e3o e ficha t\u00e9cnica<br \/>\nC\u00f3digo dc5ck3k3h2<\/p>\n<p>Descri\u00e7\u00e3o:<\/p>\n<p>O(a) Guarda-Roupa Casal Joinville 6 Portas 4 Gavetas Cinamomo &#8211; Tcil M\u00f3veis \u00e9 produzido em MDF na escala de brilho Fosco, e possui um grau de dificuldade de montagem: M\u00e9dio.<br \/>\nSeu revestimento\/acabamento \u00e9: Pintura UV.<\/p>\n<p>Infelizmente a Loja n\u00e3o oferece servi\u00e7o de montagem, deixamos essa informa\u00e7\u00e3o bem clara em todas as nossas p\u00e1ginas de produto.<br \/>\nOnde especificamos que os m\u00f3veis chegar\u00e3o desmontados, e que a montagem fica por conta do cliente.<\/p>\n<p>&nbsp;<\/p>\n<p>Como n\u00e3o oferecemos esse servi\u00e7o n\u00e3o embutimos o mesmo no pre\u00e7o dos produtos, ou seja, maior economia para voc\u00ea!<br \/>\nTodos os nossos m\u00f3veis tamb\u00e9m acompanham o manual de montagem, e caso voc\u00ea queira, pode realizar a montagem voc\u00ea mesmo, sempre especificamos os graus de montagem dos produtos.<\/p>\n<p>&nbsp;<\/p>\n<p>Nos casos de grau baixo e m\u00e9dio, com pouco ou nenhum conhecimento, voc\u00ea mesmo pode efetuar a montagem, e fazer essa economia.<br \/>\nApenas nos graus de montagem alto, recomendamos a contrata\u00e7\u00e3o de um montador com experi\u00eancia, visto que s\u00e3o montagens mais complicadas.<br \/>\nA montagem \u00e9 feita com Parafusos, cavilhas e Minifix..<\/p>\n<p>&nbsp;<\/p>\n<p>Este m\u00f3vel \u00e9 indicado para que seja utilizado no(a) Quarto, dando um toque especial no c\u00f4modo de sua casa.<br \/>\nPara que voc\u00ea mantenha seu produto sempre em \u00f3timo estado, recomendamos que use apenas um pano seco ou levemente umedecido,<br \/>\nsem o uso de quaisquer produtos abrasivos.<\/p>\n<p>&nbsp;<\/p>\n<p>A Loja garante aos clientes, 90 dias de garantia nos produtos, por\u00e9m, recomendamos que entre em contato com o fornecedor\/marca do produto, pois o mesmo(a), pode garantir um prazo maior de garantia.<\/p>\n<p>&nbsp;<\/p>\n<p>Lembrando ainda que: quaisquer objetos decorativos que aparecem nas imagens, n\u00e3o acompanham o produto.<br \/>\n!<\/p>\n<p>Caracter\u00edsticas:<\/p>\n<p>&#8211; Espessura da Estrutura: 15mm<br \/>\n&#8211; Possui Gavetas?: Sim<br \/>\n&#8211; Quantidade de Gavetas: 4<br \/>\n&#8211; Peso Suportado nas Gavetas (Kg): 5 Kg<br \/>\n&#8211; Material das Corredi\u00e7as: Met\u00e1lica<br \/>\n&#8211; Tipo da Corredi\u00e7a: Telesc\u00f3pica<br \/>\n&#8211; Possui Portas?: Sim<br \/>\n&#8211; Quantidade de Portas: 6<br \/>\n&#8211; Material da Porta: MDF<br \/>\n&#8211; Espessura da Porta: 15 mm<br \/>\n&#8211; Tipo de Porta: Portas de Bater<br \/>\n&#8211; Material das Dobradi\u00e7as: Met\u00e1lica<br \/>\n&#8211; Possui Vidro?: N\u00e3o<br \/>\n&#8211; Possui Espelho?: N\u00e3o<br \/>\n&#8211; Possui Prateleiras?: Sim<br \/>\n&#8211; Quantidade de Prateleiras: 5<br \/>\n&#8211; Peso Suportado nas Prateleiras:: 5 Kg<br \/>\n&#8211; Possui Puxadores?: Sim<br \/>\n&#8211; Material do Puxador: MDF<br \/>\n&#8211; Possui Ripamento?: N\u00e3o<br \/>\n&#8211; Linha ou Cole\u00e7\u00e3o: Joinville<br \/>\n&#8211; Montagem Invertida?: N\u00e3o Pode ser Montado Invertido<br \/>\n&#8211; \u00c9 fr\u00e1gil?: N\u00e3o<br \/>\n&#8211; Possui Nicho?: N\u00e3o<br \/>\n&#8211; Material da Estrutura: MDF<br \/>\n&#8211; Escala de Brilho: Fosco<br \/>\n&#8211; Material do Tampo: MDF<br \/>\n&#8211; Espessura do Tampo (mm): 12<br \/>\n&#8211; Possui Rod\u00edzios?: N\u00e3o<br \/>\n&#8211; Possui Sapatas?: N\u00e3o<br \/>\n&#8211; Possui P\u00e9s?: N\u00e3o<br \/>\n&#8211; P\u00e9s com regulagem de altura?: N\u00e3o<br \/>\n&#8211; Acompanha: Guarda-Roupa + Kit Ferragem + Manual de Montagem<br \/>\n&#8211; Acompanha Manual de Montagem: Sim<br \/>\n&#8211; Como os M\u00f3veis Chegar\u00e3o na Minha Casa: Desmontado em caixas, acompanhado de todas as pe\u00e7as, ferragens e manuais para montagem.<br \/>\n&#8211; Grau de Dificuldade da Montagem: M\u00e9dio<br \/>\n&#8211; Necessita de Montagem: Sim<br \/>\n&#8211; Sistema de Montagem: Parafusos, cavilhas e Minifix.<br \/>\n&#8211; Garantia (dias): 90<br \/>\n&#8211; Indica\u00e7\u00e3o de Uso: Quarto<br \/>\n&#8211; Observa\u00e7\u00e3o: Objetos decorativos que aparecem nas imagens, n\u00e3o acompanham o produto.<br \/>\n&#8211; Recomenda\u00e7\u00e3o de Manuten\u00e7\u00e3o: Utilizar pano levemente umedecido, seguido de pano seco. N\u00e3o utilizar quaisquer produtos abrasivos.<br \/>\n&#8211; Revestimento \/Acabamento: Pintura UV<br \/>\n&#8211; Material do Cabideiro: Alum\u00ednio<br \/>\n&#8211; Modelo: Casal<br \/>\n&#8211; Peso Suportado no Cabideiro (Kg): 10<br \/>\n&#8211; Quantidade de Cabideiros: 2<br \/>\n&#8211; Tipo de Guarda-Roupa\/Closet: Convencional<br \/>\nFicha T\u00e9cnica<br \/>\nMaterial da Estrutura<br \/>\nMDF<br \/>\nComo os M\u00f3veis Chegar\u00e3o na Minha Casa<br \/>\nDesmontado em caixas, acompanhado de todas as pe\u00e7as, ferragens e manuais para montagem.<br \/>\nGrau de Dificuldade da Montagem<br \/>\nM\u00e9dio<br \/>\nSistema de Montagem<br \/>\nParafusos, cavilhas e Minifix.<br \/>\nObserva\u00e7\u00e3o<br \/>\nObjetos decorativos que aparecem nas imagens, n\u00e3o acompanham o produto.<br \/>\nRecomenda\u00e7\u00e3o de Manuten\u00e7\u00e3o<br \/>\nUtilizar pano levemente umedecido, seguido de pano seco. N\u00e3o utilizar quaisquer produtos abrasivos.<br \/>\nIndica\u00e7\u00e3o de Uso<br \/>\nQuarto<br \/>\nGarantia (dias)<br \/>\n90<br \/>\nMaterial do Tampo<br \/>\nMDF<br \/>\nEscala de Brilho<br \/>\nFosco<br \/>\nAcompanha<br \/>\nGuarda-Roupa + Kit Ferragem + Manual de Montagem<br \/>\nMaterial do Cabideiro<br \/>\nAlum\u00ednio<br \/>\nPeso Suportado no Cabideiro (Kg)<br \/>\n10<br \/>\nEspessura do Tampo (mm)<br \/>\n12<br \/>\nModelo<br \/>\nCasal<br \/>\nQuantidade de Cabideiros<br \/>\n2<br \/>\nRevestimento \/Acabamento<br \/>\nPintura UV<br \/>\nQuantidade de Calceiros<br \/>\n0<br \/>\nQuantidade de Portas<br \/>\n6<br \/>\nTipo de Porta<br \/>\nPortas de Bater<br \/>\nQuantidade de Gavetas<br \/>\n4<br \/>\nPeso Suportado nas Gavetas (Kg)<br \/>\n5 Kg<br \/>\nMaterial das Corredi\u00e7as<br \/>\nMet\u00e1lica<br \/>\nMaterial das Dobradi\u00e7as<br \/>\nMet\u00e1lica<br \/>\nMaterial do Puxador<br \/>\nMDF<br \/>\nEspessura da Estrutura<br \/>\n15mm<br \/>\nTipo da Corredi\u00e7a<br \/>\nTelesc\u00f3pica<br \/>\nMaterial da Porta<br \/>\nMDF<br \/>\nEspessura da Porta<br \/>\n15 mm<br \/>\nQuantidade de Prateleiras<br \/>\n5<br \/>\nPeso Suportado nas Prateleiras:<br \/>\n5 Kg<br \/>\nLinha ou Cole\u00e7\u00e3o<br \/>\nJoinville<br \/>\nTipo de Guarda-Roupa\/Closet<br \/>\nConvencional<br \/>\nMontagem Invertida?<br \/>\nN\u00e3o Pode ser Montado Invertido<br \/>\nPossui Nicho?<br \/>\nN\u00e3o<br \/>\nPossui Puxadores?<br \/>\nSim<br \/>\nPossui P\u00e9s?<br \/>\nN\u00e3o<br \/>\n\u00c9 fr\u00e1gil?<br \/>\nN\u00e3o<br \/>\nPossui Ripamento?<br \/>\nN\u00e3o<br \/>\nPossui Prateleiras?<br \/>\nSim<br \/>\nAcompanha Manual de Montagem<br \/>\nSim<br \/>\nNecessita de Montagem<br \/>\nSim<br \/>\nP\u00e9s com regulagem de altura?<br \/>\nN\u00e3o<br \/>\nPossui Sapatas?<br \/>\nN\u00e3o<br \/>\nPossui Rod\u00edzios?<br \/>\nN\u00e3o<br \/>\nPossui Espelho?<br \/>\nN\u00e3o<br \/>\nPossui Vidro?<br \/>\nN\u00e3o<br \/>\nPossui Gavetas?<br \/>\nSim<br \/>\nPossui Portas?<br \/>\nSim<br \/>\nPeso<br \/>\n137,300 kg<br \/>\nLargura<br \/>\n218,00 cm<br \/>\nAltura<br \/>\n217,00 cm<br \/>\nComprimento<br \/>\n46,00 cm<br \/>\nAcabamento<br \/>\nPintura UV<br \/>\nComplexidade de Montagem<br \/>\nM\u00e9dio<br \/>\nConte\u00fado da Embalagem<br \/>\nGuarda-Roupa + Kit Ferragem + Manual de Montagem<br \/>\nCor<br \/>\nMarrom Claro<br \/>\nDimens\u00f5es do Produto<br \/>\n218,00 cm x 217,00 cm x 46,00 cm<br \/>\nEstilo do M\u00f3vel<br \/>\nModerno<br \/>\nGavetas<br \/>\nSim<br \/>\nLinha<br \/>\nJoinville<br \/>\nMarca<br \/>\nTcil M\u00f3veis<br \/>\nMaterial da Estrutura<br \/>\nMDF<br \/>\nMaterial dos Componentes do M\u00f3vel<br \/>\nMDF<br \/>\nModelo<br \/>\nCasal<br \/>\nPeso do Produto<br \/>\n137,300 kg<br \/>\nPortas<br \/>\n6<br \/>\nPrateleiras<br \/>\nSim<br \/>\nPrazo de Garantia<br \/>\n90 dias<br \/>\nP\u00e9s<br \/>\nN\u00e3o<br \/>\nQuantidade de Gavetas<br \/>\n4<br \/>\nRevestimento<br \/>\nPintura UV<br \/>\nSistema de Montagem<br \/>\nParafusos, cavilhas e Minifix.<br \/>\nTipo de M\u00f3vel<br \/>\nGuarda-roupa<br \/>\nTipo de Portas<br \/>\nPortas de Bater<\/p>\n","protected":false},"excerpt":{"rendered":"<p>Descri\u00e7\u00e3o e ficha t\u00e9cnica C\u00f3digo dc5ck3k3h2 Descri\u00e7\u00e3o: O(a) Guarda-Roupa Casal Joinville 6 Portas 4 Gavetas Cinamomo &#8211; Tcil M\u00f3veis \u00e9 produzido em MDF na escala de brilho Fosco, e possui<\/p>\n","protected":false},"featured_media":15477,"comment_status":"open","ping_status":"closed","template":"","meta":[],"product_brand":[],"product_cat":[15],"product_tag":[],"class_list":{"0":"post-15476","1":"product","2":"type-product","3":"status-publish","4":"has-post-thumbnail","6":"product_cat-produtos","7":"product_shipping_class-retirar-no-local","9":"first","10":"instock","11":"shipping-taxable","12":"purchasable","13":"product-type-simple"},"_links":{"self":[{"href":"https:\/\/ambrosioeletro.com.br\/v20\/wp-json\/wp\/v2\/product\/15476","targetHints":{"allow":["GET"]}}],"collection":[{"href":"https:\/\/ambrosioeletro.com.br\/v20\/wp-json\/wp\/v2\/product"}],"about":[{"href":"https:\/\/ambrosioeletro.com.br\/v20\/wp-json\/wp\/v2\/types\/product"}],"replies":[{"embeddable":true,"href":"https:\/\/ambrosioeletro.com.br\/v20\/wp-json\/wp\/v2\/comments?post=15476"}],"wp:featuredmedia":[{"embeddable":true,"href":"https:\/\/ambrosioeletro.com.br\/v20\/wp-json\/wp\/v2\/media\/15477"}],"wp:attachment":[{"href":"https:\/\/ambrosioeletro.com.br\/v20\/wp-json\/wp\/v2\/media?parent=15476"}],"wp:term":[{"taxonomy":"product_brand","embeddable":true,"href":"https:\/\/ambrosioeletro.com.br\/v20\/wp-json\/wp\/v2\/product_brand?post=15476"},{"taxonomy":"product_cat","embeddable":true,"href":"https:\/\/ambrosioeletro.com.br\/v20\/wp-json\/wp\/v2\/product_cat?post=15476"},{"taxonomy":"product_tag","embeddable":true,"href":"https:\/\/ambrosioeletro.com.br\/v20\/wp-json\/wp\/v2\/product_tag?post=15476"}],"curies":[{"name":"wp","href":"https:\/\/api.w.org\/{rel}","templated":true}]}}