{"id":15495,"date":"2026-03-30T16:27:26","date_gmt":"2026-03-30T19:27:26","guid":{"rendered":"https:\/\/ambrosioeletro.com.br\/v20\/?post_type=product&#038;p=15495"},"modified":"2026-04-23T12:45:47","modified_gmt":"2026-04-23T15:45:47","slug":"berco-americano-mini-cama-q-encanto-slim-freijo-toq-branco-acetinado-ambiente-qmovi","status":"publish","type":"product","link":"https:\/\/ambrosioeletro.com.br\/v20\/produto\/berco-americano-mini-cama-q-encanto-slim-freijo-toq-branco-acetinado-ambiente-qmovi\/","title":{"rendered":"Ber\u00e7o Americano Mini Cama Q Encanto Slim Freij\u00f3 TOQ Branco Acetinado Ambiente &#8211; Qmovi"},"content":{"rendered":"<p>Ber\u00e7o Americano Mini Cama Q Encanto Slim Freij\u00f3 TOQ Branco Acetinado &#8211; Qmovi<\/p>\n<p>Para quem procura conforto e modernidade, o Ber\u00e7o Mini Cama Q Encanto da linha Slim \u00e9 uma \u00f3tima op\u00e7\u00e3o! Fabricado pela Q Movi, possui padr\u00e3o americano e pode ser transformado em uma linda Mini Cama para acompanhar o desenvolvimento da crian\u00e7a. Aproveite esta \u00f3tima oportunidade que une charme e praticidade!<\/p>\n<p>Caracter\u00edsticas t\u00e9cnicas:<br \/>\n&#8211; Desenvolvido em MDP de 15mm<br \/>\n&#8211; Acabamento em pintura UV na cor Freij\u00f3 TOQ Branco Acetinado<br \/>\n&#8211; Pintura at\u00f3xica e livre de materiais pesados<br \/>\n&#8211; Padr\u00e3o Americano<br \/>\n&#8211; Utiliza colch\u00e3o 70x130cm (Vendido separadamente)<br \/>\n&#8211; Suporta at\u00e9 40kg distribu\u00eddos e sem impacto<br \/>\n&#8211; Estrado regul\u00e1vel em tr\u00eas alturas<br \/>\n&#8211; Pode ser transformado em mini cama para acompanhar o crescimento da crian\u00e7a com o uso do mesmo colch\u00e3o ap\u00f3s a transforma\u00e7\u00e3o<br \/>\n&#8211; Acompanha suporte do mosquiteiro<br \/>\n&#8211; P\u00e9s em MDF de 25mm<br \/>\n&#8211; Lindo design<\/p>\n<p>Dimens\u00f5es:<br \/>\nAltura: 83cm<br \/>\nLargura: 74cm<br \/>\nProfundidade: 133cm<\/p>\n<p>Informa\u00e7\u00f5es importantes:<br \/>\n&#8211; N\u00e3o realizamos a montagem ou instala\u00e7\u00e3o do produto, por\u00e9m acompanha manual de instru\u00e7\u00f5es.<br \/>\n&#8211; Toda mercadoria segue segurada contra qualquer sinistro, em caso de anormalidade, recuse.<br \/>\n&#8211; As caixas ou pacotes possuem identifica\u00e7\u00e3o com o nome, cidade e quantidades de volumes relativos \u00e0 compra para confer\u00eancia do recebedor.<\/p>\n","protected":false},"excerpt":{"rendered":"<p>Ber\u00e7o Americano Mini Cama Q Encanto Slim Freij\u00f3 TOQ Branco Acetinado &#8211; Qmovi Para quem procura conforto e modernidade, o Ber\u00e7o Mini Cama Q Encanto da linha Slim \u00e9 uma<\/p>\n","protected":false},"featured_media":15499,"comment_status":"open","ping_status":"closed","template":"","meta":[],"product_brand":[],"product_cat":[15],"product_tag":[],"class_list":{"0":"post-15495","1":"product","2":"type-product","3":"status-publish","4":"has-post-thumbnail","6":"product_cat-produtos","7":"product_shipping_class-retirar-no-local","9":"first","10":"instock","11":"shipping-taxable","12":"purchasable","13":"product-type-simple"},"_links":{"self":[{"href":"https:\/\/ambrosioeletro.com.br\/v20\/wp-json\/wp\/v2\/product\/15495","targetHints":{"allow":["GET"]}}],"collection":[{"href":"https:\/\/ambrosioeletro.com.br\/v20\/wp-json\/wp\/v2\/product"}],"about":[{"href":"https:\/\/ambrosioeletro.com.br\/v20\/wp-json\/wp\/v2\/types\/product"}],"replies":[{"embeddable":true,"href":"https:\/\/ambrosioeletro.com.br\/v20\/wp-json\/wp\/v2\/comments?post=15495"}],"wp:featuredmedia":[{"embeddable":true,"href":"https:\/\/ambrosioeletro.com.br\/v20\/wp-json\/wp\/v2\/media\/15499"}],"wp:attachment":[{"href":"https:\/\/ambrosioeletro.com.br\/v20\/wp-json\/wp\/v2\/media?parent=15495"}],"wp:term":[{"taxonomy":"product_brand","embeddable":true,"href":"https:\/\/ambrosioeletro.com.br\/v20\/wp-json\/wp\/v2\/product_brand?post=15495"},{"taxonomy":"product_cat","embeddable":true,"href":"https:\/\/ambrosioeletro.com.br\/v20\/wp-json\/wp\/v2\/product_cat?post=15495"},{"taxonomy":"product_tag","embeddable":true,"href":"https:\/\/ambrosioeletro.com.br\/v20\/wp-json\/wp\/v2\/product_tag?post=15495"}],"curies":[{"name":"wp","href":"https:\/\/api.w.org\/{rel}","templated":true}]}}