{"id":15549,"date":"2026-04-01T16:37:04","date_gmt":"2026-04-01T19:37:04","guid":{"rendered":"https:\/\/ambrosioeletro.com.br\/v20\/?post_type=product&#038;p=15549"},"modified":"2026-04-01T16:37:04","modified_gmt":"2026-04-01T19:37:04","slug":"notebook-ultra-15-6p-cel-n4020c-4gb-128-emmc-w11-ub261-cinza-bivolt","status":"publish","type":"product","link":"https:\/\/ambrosioeletro.com.br\/v20\/produto\/notebook-ultra-15-6p-cel-n4020c-4gb-128-emmc-w11-ub261-cinza-bivolt\/","title":{"rendered":"Notebook ULTRA 15.6P CEL-N4020C 4GB 128 EMMC W11 &#8211; UB261 Cinza Bivolt"},"content":{"rendered":"<div class=\"flex flex-col mt-xsm bg-surface-container-lowest px-md py-md md:rounded-lg md:px-lg\" data-testid=\"key-selling-points-container\">\n<h2 class=\"text-on-surface-2 font-md-bold md:font-lg-bold\" data-testid=\"key-selling-points-title\">Principais caracter\u00edsticas<\/h2>\n<ul class=\"mt-md px-md md:mt-xsm list-disc\">\n<li class=\"text-on-surface-2 font-xsm-regular\">Processador Intel Celeron N4020C<\/li>\n<li class=\"text-on-surface-2 font-xsm-regular\">4GB de Mem\u00f3ria RAM<\/li>\n<li class=\"text-on-surface-2 font-xsm-regular\">128GB de armazenamento eMMC<\/li>\n<li class=\"text-on-surface-2 font-xsm-regular\">Tela LCD de 15,6&#8243;<\/li>\n<li class=\"text-on-surface-2 font-xsm-regular\">Windows 11 Home<\/li>\n<li class=\"text-on-surface-2 font-xsm-regular\">Placa de v\u00eddeo integrada Intel UHD Graphics 600<\/li>\n<\/ul>\n<p class=\"mt-md text-on-surface-3 font-2xsm-regular flex items-center text-justify\" data-testid=\"key-selling-points-info\"><i class=\"icon icon-sumarizacao-ia mr-xsm text-interaction-default font-lg-bold\" aria-hidden=\"true\"><\/i>Informa\u00e7\u00f5es geradas pela Lu<\/p>\n<\/div>\n<div class=\"flex mt-xsm pt-md flex flex-col bg-surface-container-lowest md:rounded-lg\" data-testid=\"row\">\n<div class=\"relative max-h-[445px] overflow-hidden md:max-h-none md:pb-md\" data-testid=\"tab-product-detail-view-container\">\n<div data-testid=\"tab-product-active-section-container\">\n<div class=\"relative px-md overflow-hidden border-on-surface-8 after:pointer-events-none after:absolute after:bottom-[0] after:left-[0] after:h-[72px] after:w-full after:bg-gradient-to-b after:from-[#FFFFFF00] after:to-[#FFFFFF] md:after:content-none md:px-lg max-md:border-b-thin\" data-testid=\"tab-product-detail\">\n<h2 class=\"text-on-surface-2 font-md-bold md:font-title-large-highlight md:mb-md\" data-testid=\"product-details-title\">Descri\u00e7\u00e3o e ficha t\u00e9cnica<\/h2>\n<div data-testid=\"product-detail\">\n<p class=\"mt-2xsm text-on-surface-4 font-xsm-regular\" data-testid=\"product-detail-code\">C\u00f3digo\u00a0bdd999d4f9<\/p>\n<div class=\"mt-md font-xsm-regular\" data-testid=\"product-detail-description\">Para quem busca tecnologia, acessibilidade e mobilidade, tudo em um \u00fanico notebook. O notebook Ultra UB261, al\u00e9m de possuir sistema operacional Windows 11 Home, conta com 4GB de Mem\u00f3ria RAM e 128GB de armazenamento eMMC, entregando uma velocidade maior na utiliza\u00e7\u00e3o di\u00e1ria e armazenamento para suprir a necessidade de quem precisa de espa\u00e7o para suas fotos, v\u00eddeos e arquivos no dia a dia. Possui tela LCD de 15,6&#8243; com resolu\u00e7\u00e3o HD (1366&#215;768). Com processador Intel Celeron N4020C de 8\u00aa gera\u00e7\u00e3o, \u00e9 ideal para quem quer tecnologia e pot\u00eancia aliadas \u00e0 mobilidade. Em parceria com a Microsoft, este modelo acompanha uma assinatura de 1 ano do Microsoft 365 Personal. Al\u00e9m disso, voc\u00ea tem acesso a 1TB de armazenamento na Nuvem via OneDrive, para aumentar ainda mais a capacidade e guardar todas as suas fotos, v\u00eddeos, m\u00fasicas e arquivos e acess\u00e1-los de qualquer lugar em qualquer momento. Com design elegante, ainda conta com teclas de atalho.<\/div>\n<\/div>\n<\/div>\n<div class=\"hidden border-on-surface-8 md:px-lg md:block md:py-md\" data-testid=\"tab-product-factsheet\">\n<h2 class=\"text-on-surface-2 font-md-bold md:font-title-large-highlight md:mb-md\" data-testid=\"product-factsheet-title\">Ficha T\u00e9cnica<\/h2>\n<div class=\"pt-2xsm\">\n<table class=\"w-full list-none\" data-testid=\"table-factsheet\">\n<tbody>\n<tr class=\"text-on-surface-3 even:bg-surface-container-lower\">\n<td class=\"px-md py-sm font-xsm-bold align-top table-cell w-1\/2\" data-testid=\"table-factsheet-key\">Marca<\/td>\n<td class=\"px-md py-sm font-xsm-regular list-item w-full align-top\"><a class=\"hover:text-interaction-default underline\" href=\"https:\/\/www.magazineluiza.com.br\/marcas\/ultra\/\">Ultra<\/a><\/td>\n<\/tr>\n<tr class=\"text-on-surface-3 even:bg-surface-container-lower\">\n<td class=\"px-md py-sm font-xsm-bold align-top table-cell w-1\/2\" data-testid=\"table-factsheet-key\">Refer\u00eancia<\/td>\n<td class=\"px-md py-sm font-xsm-regular list-item w-full align-top\">UB261<\/td>\n<\/tr>\n<tr class=\"text-on-surface-3 even:bg-surface-container-lower\">\n<td class=\"px-md py-sm font-xsm-bold align-top table-cell w-1\/2\" data-testid=\"table-factsheet-key\">Modelo<\/td>\n<td class=\"px-md py-sm font-xsm-regular list-item w-full align-top\">UB261<\/td>\n<\/tr>\n<tr class=\"text-on-surface-3 even:bg-surface-container-lower\">\n<td class=\"px-md py-sm font-xsm-bold align-top table-cell w-1\/2\" data-testid=\"table-factsheet-key\">Processador<\/td>\n<td class=\"px-md py-sm font-xsm-regular list-item w-full align-top\">Intel Celeron<\/td>\n<\/tr>\n<tr class=\"text-on-surface-3 even:bg-surface-container-lower\">\n<td class=\"px-md py-sm font-xsm-bold align-top table-cell w-1\/2\" data-testid=\"table-factsheet-key\">Modelo do Processador<\/td>\n<td class=\"px-md py-sm font-xsm-regular list-item w-full align-top\">N4020C<\/td>\n<\/tr>\n<tr class=\"text-on-surface-3 even:bg-surface-container-lower\">\n<td class=\"px-md py-sm font-xsm-bold align-top table-cell w-1\/2\" data-testid=\"table-factsheet-key\">Gera\u00e7\u00e3o do Processador<\/td>\n<td class=\"px-md py-sm font-xsm-regular list-item w-full align-top\">8\u00aa gera\u00e7\u00e3o<\/td>\n<\/tr>\n<tr class=\"text-on-surface-3 even:bg-surface-container-lower\">\n<td class=\"px-md py-sm font-xsm-bold align-top table-cell w-1\/2\" data-testid=\"table-factsheet-key\">Velocidade do Processador \/ Frequ\u00eancia Base<\/td>\n<td class=\"px-md py-sm font-xsm-regular list-item w-full align-top\">1,1GHz<\/td>\n<\/tr>\n<tr class=\"text-on-surface-3 even:bg-surface-container-lower\">\n<td class=\"px-md py-sm font-xsm-bold align-top table-cell w-1\/2\" data-testid=\"table-factsheet-key\">Velocidade do Processador \/ Frequ\u00eancia Aumentada<\/td>\n<td class=\"px-md py-sm font-xsm-regular list-item w-full align-top\">2,8GHz<\/td>\n<\/tr>\n<tr class=\"text-on-surface-3 even:bg-surface-container-lower\">\n<td class=\"px-md py-sm font-xsm-bold align-top table-cell w-1\/2\" data-testid=\"table-factsheet-key\">Mem\u00f3ria Cache<\/td>\n<td class=\"px-md py-sm font-xsm-regular list-item w-full align-top\">4MB<\/td>\n<\/tr>\n<tr class=\"text-on-surface-3 even:bg-surface-container-lower\">\n<td class=\"px-md py-sm font-xsm-bold align-top table-cell w-1\/2\" data-testid=\"table-factsheet-key\">Mem\u00f3ria RAM<\/td>\n<td class=\"px-md py-sm font-xsm-regular list-item w-full align-top\">4GB<\/td>\n<\/tr>\n<tr class=\"text-on-surface-3 even:bg-surface-container-lower\">\n<td class=\"px-md py-sm font-xsm-bold align-top table-cell w-1\/2\" data-testid=\"table-factsheet-key\">Barramento da Mem\u00f3ria<\/td>\n<td class=\"px-md py-sm font-xsm-regular list-item w-full align-top\">LPDDR4<\/td>\n<\/tr>\n<tr class=\"text-on-surface-3 even:bg-surface-container-lower\">\n<td class=\"px-md py-sm font-xsm-bold align-top table-cell w-1\/2\" data-testid=\"table-factsheet-key\">Clock da Mem\u00f3ria<\/td>\n<td class=\"px-md py-sm font-xsm-regular list-item w-full align-top\">2400MHz<\/td>\n<\/tr>\n<tr class=\"text-on-surface-3 even:bg-surface-container-lower\">\n<td class=\"px-md py-sm font-xsm-bold align-top table-cell w-1\/2\" data-testid=\"table-factsheet-key\">Capacidade do eMMC<\/td>\n<td class=\"px-md py-sm font-xsm-regular list-item w-full align-top\">128GB<\/td>\n<\/tr>\n<tr class=\"text-on-surface-3 even:bg-surface-container-lower\">\n<td class=\"px-md py-sm font-xsm-bold align-top table-cell w-1\/2\" data-testid=\"table-factsheet-key\">Armazenamento em Nuvem<\/td>\n<td class=\"px-md py-sm font-xsm-regular list-item w-full align-top\">1TB na nuvem via OneDrive<\/td>\n<\/tr>\n<tr class=\"text-on-surface-3 even:bg-surface-container-lower\">\n<td class=\"px-md py-sm font-xsm-bold align-top table-cell w-1\/2\" data-testid=\"table-factsheet-key\">Sistema Operacional<\/td>\n<td class=\"px-md py-sm font-xsm-regular list-item w-full align-top\">Windows 11<\/td>\n<\/tr>\n<tr class=\"text-on-surface-3 even:bg-surface-container-lower\">\n<td class=\"px-md py-sm font-xsm-bold align-top table-cell w-1\/2\" data-testid=\"table-factsheet-key\">Vers\u00e3o do Sistema Operacional<\/td>\n<td class=\"px-md py-sm font-xsm-regular list-item w-full align-top\">Home<\/td>\n<\/tr>\n<tr class=\"text-on-surface-3 even:bg-surface-container-lower\">\n<td class=\"px-md py-sm font-xsm-bold align-top table-cell w-1\/2\" data-testid=\"table-factsheet-key\">Tipo de Tela<\/td>\n<td class=\"px-md py-sm font-xsm-regular list-item w-full align-top\">LCD<\/td>\n<\/tr>\n<tr class=\"text-on-surface-3 even:bg-surface-container-lower\">\n<td class=\"px-md py-sm font-xsm-bold align-top table-cell w-1\/2\" data-testid=\"table-factsheet-key\">Painel<\/td>\n<td class=\"px-md py-sm font-xsm-regular list-item w-full align-top\">TN<\/td>\n<\/tr>\n<tr class=\"text-on-surface-3 even:bg-surface-container-lower\">\n<td class=\"px-md py-sm font-xsm-bold align-top table-cell w-1\/2\" data-testid=\"table-factsheet-key\">Tamanho da Tela<\/td>\n<td class=\"px-md py-sm font-xsm-regular list-item w-full align-top\">15,6&#8243;<\/td>\n<\/tr>\n<tr class=\"text-on-surface-3 even:bg-surface-container-lower\">\n<td class=\"px-md py-sm font-xsm-bold align-top table-cell w-1\/2\" data-testid=\"table-factsheet-key\">Resolu\u00e7\u00e3o da Tela<\/td>\n<td class=\"px-md py-sm font-xsm-regular list-item w-full align-top\">HD (1366&#215;768)<\/td>\n<\/tr>\n<tr class=\"text-on-surface-3 even:bg-surface-container-lower\">\n<td class=\"px-md py-sm font-xsm-bold align-top table-cell w-1\/2\" data-testid=\"table-factsheet-key\">Formato de Tela<\/td>\n<td class=\"px-md py-sm font-xsm-regular list-item w-full align-top\">16:9<\/td>\n<\/tr>\n<tr class=\"text-on-surface-3 even:bg-surface-container-lower\">\n<td class=\"px-md py-sm font-xsm-bold align-top table-cell w-1\/2\" data-testid=\"table-factsheet-key\">Mem\u00f3ria da Placa de V\u00eddeo<\/td>\n<td class=\"px-md py-sm font-xsm-regular list-item w-full align-top\">Compartilhada<\/td>\n<\/tr>\n<tr class=\"text-on-surface-3 even:bg-surface-container-lower\">\n<td class=\"px-md py-sm font-xsm-bold align-top table-cell w-1\/2\" data-testid=\"table-factsheet-key\">Tipo de Placa de V\u00eddeo<\/td>\n<td class=\"px-md py-sm font-xsm-regular list-item w-full align-top\">Integrada<\/td>\n<\/tr>\n<tr class=\"text-on-surface-3 even:bg-surface-container-lower\">\n<td class=\"px-md py-sm font-xsm-bold align-top table-cell w-1\/2\" data-testid=\"table-factsheet-key\">Modelo da Placa de V\u00eddeo<\/td>\n<td class=\"px-md py-sm font-xsm-regular list-item w-full align-top\">Intel UHD Graphics 600<\/td>\n<\/tr>\n<tr class=\"text-on-surface-3 even:bg-surface-container-lower\">\n<td class=\"px-md py-sm font-xsm-bold align-top table-cell w-1\/2\" data-testid=\"table-factsheet-key\">Caracter\u00edsticas do Notebook<\/td>\n<td class=\"px-md py-sm font-xsm-regular list-item w-full align-top\">1 ano de licen\u00e7a de Microsoft 365. Teclas de atalho. Design elegante<\/td>\n<\/tr>\n<tr class=\"text-on-surface-3 even:bg-surface-container-lower\">\n<td class=\"px-md py-sm font-xsm-bold align-top table-cell w-1\/2\" data-testid=\"table-factsheet-key\">Conex\u00f5es<\/td>\n<td class=\"px-md py-sm font-xsm-regular list-item w-full align-top\">2 USB3.2, 1 micro SD, 1 HDMI, 1 Audio Combo, 1 DC, Kensington Lock<\/td>\n<\/tr>\n<tr class=\"text-on-surface-3 even:bg-surface-container-lower\">\n<td class=\"px-md py-sm font-xsm-bold align-top table-cell w-1\/2\" data-testid=\"table-factsheet-key\">Conectividade<\/td>\n<td class=\"px-md py-sm font-xsm-regular list-item w-full align-top\">Wi-Fi e Bluetooth<\/td>\n<\/tr>\n<tr class=\"text-on-surface-3 even:bg-surface-container-lower\">\n<td class=\"px-md py-sm font-xsm-bold align-top table-cell w-1\/2\" data-testid=\"table-factsheet-key\">Seguran\u00e7a<\/td>\n<td class=\"px-md py-sm font-xsm-regular list-item w-full align-top\">Slot para Trava Kensignton, fTPM 2.0<\/td>\n<\/tr>\n<tr class=\"text-on-surface-3 even:bg-surface-container-lower\">\n<td class=\"px-md py-sm font-xsm-bold align-top table-cell w-1\/2\" data-testid=\"table-factsheet-key\">Placa Wireless<\/td>\n<td class=\"px-md py-sm font-xsm-regular list-item w-full align-top\">Rede sem fio IEEE 802.11 b\/g\/n 2.4GHz<\/td>\n<\/tr>\n<tr class=\"text-on-surface-3 even:bg-surface-container-lower\">\n<td class=\"px-md py-sm font-xsm-bold align-top table-cell w-1\/2\" data-testid=\"table-factsheet-key\">Webcam<\/td>\n<td class=\"px-md py-sm font-xsm-regular list-item w-full align-top\">2MP com cover<\/td>\n<\/tr>\n<tr class=\"text-on-surface-3 even:bg-surface-container-lower\">\n<td class=\"px-md py-sm font-xsm-bold align-top table-cell w-1\/2\" data-testid=\"table-factsheet-key\">Leitor de Cart\u00f5es<\/td>\n<td class=\"px-md py-sm font-xsm-regular list-item w-full align-top\">microSD<\/td>\n<\/tr>\n<tr class=\"text-on-surface-3 even:bg-surface-container-lower\">\n<td class=\"px-md py-sm font-xsm-bold align-top table-cell w-1\/2\" data-testid=\"table-factsheet-key\">Tipo de Teclado<\/td>\n<td class=\"px-md py-sm font-xsm-regular list-item w-full align-top\">ABNT2<\/td>\n<\/tr>\n<tr class=\"text-on-surface-3 even:bg-surface-container-lower\">\n<td class=\"px-md py-sm font-xsm-bold align-top table-cell w-1\/2\" data-testid=\"table-factsheet-key\">Touchpad<\/td>\n<td class=\"px-md py-sm font-xsm-regular list-item w-full align-top\">Padr\u00e3o<\/td>\n<\/tr>\n<tr class=\"text-on-surface-3 even:bg-surface-container-lower\">\n<td class=\"px-md py-sm font-xsm-bold align-top table-cell w-1\/2\" data-testid=\"table-factsheet-key\">\u00c1udio<\/td>\n<td class=\"px-md py-sm font-xsm-regular list-item w-full align-top\">2 Speakers de alta defini\u00e7\u00e3o<\/td>\n<\/tr>\n<tr class=\"text-on-surface-3 even:bg-surface-container-lower\">\n<td class=\"px-md py-sm font-xsm-bold align-top table-cell w-1\/2\" data-testid=\"table-factsheet-key\">Modelo da Placa M\u00e3e<\/td>\n<td class=\"px-md py-sm font-xsm-regular list-item w-full align-top\">Multilaser<\/td>\n<\/tr>\n<tr class=\"text-on-surface-3 even:bg-surface-container-lower\">\n<td class=\"px-md py-sm font-xsm-bold align-top table-cell w-1\/2\" data-testid=\"table-factsheet-key\">Chipset<\/td>\n<td class=\"px-md py-sm font-xsm-regular list-item w-full align-top\">Intel SoC<\/td>\n<\/tr>\n<tr class=\"text-on-surface-3 even:bg-surface-container-lower\">\n<td class=\"px-md py-sm font-xsm-bold align-top table-cell w-1\/2\" data-testid=\"table-factsheet-key\">Tipo de Bateria<\/td>\n<td class=\"px-md py-sm font-xsm-regular list-item w-full align-top\">\u00cdon-L\u00edtio<\/td>\n<\/tr>\n<tr class=\"text-on-surface-3 even:bg-surface-container-lower\">\n<td class=\"px-md py-sm font-xsm-bold align-top table-cell w-1\/2\" data-testid=\"table-factsheet-key\">Caracter\u00edsticas da Bateria<\/td>\n<td class=\"px-md py-sm font-xsm-regular list-item w-full align-top\">7,6V, 4000mAh<\/td>\n<\/tr>\n<tr class=\"text-on-surface-3 even:bg-surface-container-lower\">\n<td class=\"px-md py-sm font-xsm-bold align-top table-cell w-1\/2\" data-testid=\"table-factsheet-key\">Fonte<\/td>\n<td class=\"px-md py-sm font-xsm-regular list-item w-full align-top\">24W<\/td>\n<\/tr>\n<tr class=\"text-on-surface-3 even:bg-surface-container-lower\">\n<td class=\"px-md py-sm font-xsm-bold align-top table-cell w-1\/2\" data-testid=\"table-factsheet-key\">Voltagem da Fonte<\/td>\n<td class=\"px-md py-sm font-xsm-regular list-item w-full align-top\">Bivolt<\/td>\n<\/tr>\n<tr class=\"text-on-surface-3 even:bg-surface-container-lower\">\n<td class=\"px-md py-sm font-xsm-bold align-top table-cell w-1\/2\" data-testid=\"table-factsheet-key\">Tipo de Tomada<\/td>\n<td class=\"px-md py-sm font-xsm-regular list-item w-full align-top\">Padr\u00e3o 3 Pinos NBR 14136<\/td>\n<\/tr>\n<tr class=\"text-on-surface-3 even:bg-surface-container-lower\">\n<td class=\"px-md py-sm font-xsm-bold align-top table-cell w-1\/2\" data-testid=\"table-factsheet-key\">Cor<\/td>\n<td class=\"px-md py-sm font-xsm-regular list-item w-full align-top\">Preto<\/td>\n<\/tr>\n<tr class=\"text-on-surface-3 even:bg-surface-container-lower\">\n<td class=\"px-md py-sm font-xsm-bold align-top table-cell w-1\/2\" data-testid=\"table-factsheet-key\">Certificado Homologado pela Anatel N\u00famero<\/td>\n<td class=\"px-md py-sm font-xsm-regular list-item w-full align-top\">15777-22-03111<\/td>\n<\/tr>\n<tr class=\"text-on-surface-3 even:bg-surface-container-lower\">\n<td class=\"px-md py-sm font-xsm-bold align-top table-cell w-1\/2\" data-testid=\"table-factsheet-key\">Peso do Produto<\/td>\n<td class=\"px-md py-sm font-xsm-regular list-item w-full align-top\">1,45kg<\/td>\n<\/tr>\n<tr class=\"text-on-surface-3 even:bg-surface-container-lower\">\n<td class=\"px-md py-sm font-xsm-bold align-top table-cell w-1\/2\" data-testid=\"table-factsheet-key\">Dimens\u00f5es do Produto<\/td>\n<td class=\"px-md py-sm font-xsm-regular list-item w-full align-top\">Largura 35,7cm Altura 1,9cm Profundidade 23,3cm<\/td>\n<\/tr>\n<tr class=\"text-on-surface-3 even:bg-surface-container-lower\">\n<td class=\"px-md py-sm font-xsm-bold align-top table-cell w-1\/2\" data-testid=\"table-factsheet-key\">Prazo de Garantia<\/td>\n<td class=\"px-md py-sm font-xsm-regular list-item w-full align-top\">01 ano (3 meses de garantia legal e mais 9 meses de garantia especial concedida pelo fabricante)<\/td>\n<\/tr>\n<tr class=\"text-on-surface-3 even:bg-surface-container-lower\">\n<td class=\"px-md py-sm font-xsm-bold align-top table-cell w-1\/2\" data-testid=\"table-factsheet-key\">SAC do Fornecedor<\/td>\n<td class=\"px-md py-sm font-xsm-regular list-item w-full align-top\">suporte.multilaser.com.br<\/td>\n<\/tr>\n<tr class=\"text-on-surface-3 even:bg-surface-container-lower\">\n<td class=\"px-md py-sm font-xsm-bold align-top table-cell w-1\/2\" data-testid=\"table-factsheet-key\">Conte\u00fado da Embalagem<\/td>\n<td class=\"px-md py-sm font-xsm-regular list-item w-full align-top\">1 Notebook, 1 Fonte de alimenta\u00e7\u00e3o e Guia r\u00e1pido<\/td>\n<\/tr>\n<\/tbody>\n<\/table>\n<\/div>\n<\/div>\n<\/div>\n<\/div>\n<\/div>\n","protected":false},"excerpt":{"rendered":"<p>Principais caracter\u00edsticas Processador Intel Celeron N4020C 4GB de Mem\u00f3ria RAM 128GB de armazenamento eMMC Tela LCD de 15,6&#8243; Windows 11 Home Placa de v\u00eddeo integrada Intel UHD Graphics 600 Informa\u00e7\u00f5es<\/p>\n","protected":false},"featured_media":15556,"comment_status":"open","ping_status":"closed","template":"","meta":[],"product_brand":[],"product_cat":[15],"product_tag":[],"class_list":{"0":"post-15549","1":"product","2":"type-product","3":"status-publish","4":"has-post-thumbnail","6":"product_cat-produtos","7":"product_shipping_class-pac","9":"first","10":"instock","11":"shipping-taxable","12":"purchasable","13":"product-type-simple"},"_links":{"self":[{"href":"https:\/\/ambrosioeletro.com.br\/v20\/wp-json\/wp\/v2\/product\/15549","targetHints":{"allow":["GET"]}}],"collection":[{"href":"https:\/\/ambrosioeletro.com.br\/v20\/wp-json\/wp\/v2\/product"}],"about":[{"href":"https:\/\/ambrosioeletro.com.br\/v20\/wp-json\/wp\/v2\/types\/product"}],"replies":[{"embeddable":true,"href":"https:\/\/ambrosioeletro.com.br\/v20\/wp-json\/wp\/v2\/comments?post=15549"}],"wp:featuredmedia":[{"embeddable":true,"href":"https:\/\/ambrosioeletro.com.br\/v20\/wp-json\/wp\/v2\/media\/15556"}],"wp:attachment":[{"href":"https:\/\/ambrosioeletro.com.br\/v20\/wp-json\/wp\/v2\/media?parent=15549"}],"wp:term":[{"taxonomy":"product_brand","embeddable":true,"href":"https:\/\/ambrosioeletro.com.br\/v20\/wp-json\/wp\/v2\/product_brand?post=15549"},{"taxonomy":"product_cat","embeddable":true,"href":"https:\/\/ambrosioeletro.com.br\/v20\/wp-json\/wp\/v2\/product_cat?post=15549"},{"taxonomy":"product_tag","embeddable":true,"href":"https:\/\/ambrosioeletro.com.br\/v20\/wp-json\/wp\/v2\/product_tag?post=15549"}],"curies":[{"name":"wp","href":"https:\/\/api.w.org\/{rel}","templated":true}]}}