{"id":15573,"date":"2026-04-01T17:00:59","date_gmt":"2026-04-01T20:00:59","guid":{"rendered":"https:\/\/ambrosioeletro.com.br\/v20\/?post_type=product&#038;p=15573"},"modified":"2026-04-18T09:19:02","modified_gmt":"2026-04-18T12:19:02","slug":"cantinho-do-cafe-aconchego-patrimar-nature-off-white","status":"publish","type":"product","link":"https:\/\/ambrosioeletro.com.br\/v20\/produto\/cantinho-do-cafe-aconchego-patrimar-nature-off-white\/","title":{"rendered":"Cantinho do Caf\u00e9 Aconchego Patrimar Nature\/Off White"},"content":{"rendered":"<div class=\"relative px-md overflow-hidden border-on-surface-8 after:pointer-events-none after:absolute after:bottom-[0] after:left-[0] after:h-[72px] after:w-full after:bg-gradient-to-b after:from-[#FFFFFF00] after:to-[#FFFFFF] md:after:content-none md:px-lg max-md:border-b-thin\" data-testid=\"tab-product-detail\">\n<h2 class=\"text-on-surface-2 font-md-bold md:font-title-large-highlight md:mb-md\" data-testid=\"product-details-title\">Descri\u00e7\u00e3o e ficha t\u00e9cnica<\/h2>\n<div data-testid=\"product-detail\">\n<p class=\"mt-2xsm text-on-surface-4 font-xsm-regular\" data-testid=\"product-detail-code\">C\u00f3digo\u00a0ad8248h7h8<\/p>\n<div class=\"mt-md font-xsm-regular\" data-testid=\"product-detail-description\">Cantinho do Caf\u00e9 Aconchego PatrimarCombinando funcionalidade e charme, este m\u00f3vel \u00e9 ideal para preparar e desfrutar de momentos especiais com amigos, familiares ou colegas de trabalho. Criado com criatividade e aten\u00e7\u00e3o aos detalhes, o Cantinho do Caf\u00e9 Aconchego valoriza as conex\u00f5es e transforma simples encontros em experi\u00eancias inesquec\u00edveis. Adicione um toque de calor e hospitalidade ao seu lar ou ambiente corporativo com este cantinho encantador.<\/p>\n<p>Dimens\u00f5es Cantinho Caf\u00e9 Aconchego Montado<br \/>\nAltura: 157.7 cm<\/p>\n<p>Largura: 90 cm<\/p>\n<p>Profundidade: 38.5 cm<\/p>\n<p>Caracter\u00edsticas Cantinho Caf\u00e9 Aconchego<br \/>\nTampo de 25 mm<\/p>\n<p>Ganchos para 12 x\u00edcaras<\/p>\n<p>Prateleiras<\/p>\n<p>Puxadores de metal<\/p>\n<p>Nicho para micro-ondas<\/p>\n<p>Rod\u00edzios de silicone com trava<\/p>\n<p>Confira a linha completa de produtos da Patrimar M\u00f3veis na Loja de M\u00f3veis Online<\/p>\n<p>Loja de M\u00f3veis Online \u00e9 um prazer vender mais barato<\/p>\n<\/div>\n<\/div>\n<\/div>\n<div class=\"hidden border-on-surface-8 md:px-lg md:block md:py-md\" data-testid=\"tab-product-factsheet\">\n<h2 class=\"text-on-surface-2 font-md-bold md:font-title-large-highlight md:mb-md\" data-testid=\"product-factsheet-title\">Ficha T\u00e9cnica<\/h2>\n<div class=\"pt-2xsm\">\n<table class=\"w-full list-none\" data-testid=\"table-factsheet\">\n<tbody>\n<tr class=\"text-on-surface-3 even:bg-surface-container-lower\">\n<td class=\"px-md py-sm font-xsm-bold align-top table-cell w-1\/2\" data-testid=\"table-factsheet-key\">acabamento<\/td>\n<td class=\"px-md py-sm font-xsm-regular list-item w-full align-top\">Pintura U.V ( Fosco Texturizado)<\/td>\n<\/tr>\n<tr class=\"text-on-surface-3 even:bg-surface-container-lower\">\n<td class=\"px-md py-sm font-xsm-bold align-top table-cell w-1\/2\" data-testid=\"table-factsheet-key\">acabamento_cor_secundaria<\/td>\n<td class=\"px-md py-sm font-xsm-regular list-item w-full align-top\">Pintura U.V (Brilho)<\/td>\n<\/tr>\n<tr class=\"text-on-surface-3 even:bg-surface-container-lower\">\n<td class=\"px-md py-sm font-xsm-bold align-top table-cell w-1\/2\" data-testid=\"table-factsheet-key\">altura<\/td>\n<td class=\"px-md py-sm font-xsm-regular list-item w-full align-top\">De 161 at\u00e9 180 cm<\/td>\n<\/tr>\n<tr class=\"text-on-surface-3 even:bg-surface-container-lower\">\n<td class=\"px-md py-sm font-xsm-bold align-top table-cell w-1\/2\" data-testid=\"table-factsheet-key\">color<\/td>\n<td class=\"px-md py-sm font-xsm-regular list-item w-full align-top\">Madeirado\/Off White<\/td>\n<\/tr>\n<tr class=\"text-on-surface-3 even:bg-surface-container-lower\">\n<td class=\"px-md py-sm font-xsm-bold align-top table-cell w-1\/2\" data-testid=\"table-factsheet-key\">complexidade_montagem<\/td>\n<td class=\"px-md py-sm font-xsm-regular list-item w-full align-top\">M\u00e9dio (necessita de maior conhecimento de montagem)<\/td>\n<\/tr>\n<tr class=\"text-on-surface-3 even:bg-surface-container-lower\">\n<td class=\"px-md py-sm font-xsm-bold align-top table-cell w-1\/2\" data-testid=\"table-factsheet-key\">condicao<\/td>\n<td class=\"px-md py-sm font-xsm-regular list-item w-full align-top\">Novo<\/td>\n<\/tr>\n<tr class=\"text-on-surface-3 even:bg-surface-container-lower\">\n<td class=\"px-md py-sm font-xsm-bold align-top table-cell w-1\/2\" data-testid=\"table-factsheet-key\">escala_de_brilho<\/td>\n<td class=\"px-md py-sm font-xsm-regular list-item w-full align-top\">Fosco<\/td>\n<\/tr>\n<tr class=\"text-on-surface-3 even:bg-surface-container-lower\">\n<td class=\"px-md py-sm font-xsm-bold align-top table-cell w-1\/2\" data-testid=\"table-factsheet-key\">estilo<\/td>\n<td class=\"px-md py-sm font-xsm-regular list-item w-full align-top\">Moderno<\/td>\n<\/tr>\n<tr class=\"text-on-surface-3 even:bg-surface-container-lower\">\n<td class=\"px-md py-sm font-xsm-bold align-top table-cell w-1\/2\" data-testid=\"table-factsheet-key\">manual_montagem<\/td>\n<td class=\"px-md py-sm font-xsm-regular list-item w-full align-top\">Sim<\/td>\n<\/tr>\n<tr class=\"text-on-surface-3 even:bg-surface-container-lower\">\n<td class=\"px-md py-sm font-xsm-bold align-top table-cell w-1\/2\" data-testid=\"table-factsheet-key\">marca<\/td>\n<td class=\"px-md py-sm font-xsm-regular list-item w-full align-top\"><a class=\"hover:text-interaction-default underline\" href=\"https:\/\/www.magazineluiza.com.br\/marcas\/patrimar\/\">Patrimar<\/a><\/td>\n<\/tr>\n<tr class=\"text-on-surface-3 even:bg-surface-container-lower\">\n<td class=\"px-md py-sm font-xsm-bold align-top table-cell w-1\/2\" data-testid=\"table-factsheet-key\">material<\/td>\n<td class=\"px-md py-sm font-xsm-regular list-item w-full align-top\">MDF\/MDP<\/td>\n<\/tr>\n<tr class=\"text-on-surface-3 even:bg-surface-container-lower\">\n<td class=\"px-md py-sm font-xsm-bold align-top table-cell w-1\/2\" data-testid=\"table-factsheet-key\">modelo<\/td>\n<td class=\"px-md py-sm font-xsm-regular list-item w-full align-top\">Cantinho do Caf\u00e9<\/td>\n<\/tr>\n<tr class=\"text-on-surface-3 even:bg-surface-container-lower\">\n<td class=\"px-md py-sm font-xsm-bold align-top table-cell w-1\/2\" data-testid=\"table-factsheet-key\">necessita_montagem<\/td>\n<td class=\"px-md py-sm font-xsm-regular list-item w-full align-top\">Sim, produto desmontado<\/td>\n<\/tr>\n<tr class=\"text-on-surface-3 even:bg-surface-container-lower\">\n<td class=\"px-md py-sm font-xsm-bold align-top table-cell w-1\/2\" data-testid=\"table-factsheet-key\">origin_type<\/td>\n<td class=\"px-md py-sm font-xsm-regular list-item w-full align-top\">Revendedor<\/td>\n<\/tr>\n<tr class=\"text-on-surface-3 even:bg-surface-container-lower\">\n<td class=\"px-md py-sm font-xsm-bold align-top table-cell w-1\/2\" data-testid=\"table-factsheet-key\">recomendacao_de_limpeza<\/td>\n<td class=\"px-md py-sm font-xsm-regular list-item w-full align-top\">Limpar apenas com um pano \u00famido. N\u00e3o utilizar produtos qu\u00edmicos ou abrasivos.<\/td>\n<\/tr>\n<tr class=\"text-on-surface-3 even:bg-surface-container-lower\">\n<td class=\"px-md py-sm font-xsm-bold align-top table-cell w-1\/2\" data-testid=\"table-factsheet-key\">sku<\/td>\n<td class=\"px-md py-sm font-xsm-regular list-item w-full align-top\">102.006.078<\/td>\n<\/tr>\n<tr class=\"text-on-surface-3 even:bg-surface-container-lower\">\n<td class=\"px-md py-sm font-xsm-bold align-top table-cell w-1\/2\" data-testid=\"table-factsheet-key\">tom_de_cor<\/td>\n<td class=\"px-md py-sm font-xsm-regular list-item w-full align-top\">M\u00e9dio<\/td>\n<\/tr>\n<tr class=\"text-on-surface-3 even:bg-surface-container-lower\">\n<td class=\"px-md py-sm font-xsm-bold align-top table-cell w-1\/2\" data-testid=\"table-factsheet-key\">volume_altura<\/td>\n<td class=\"px-md py-sm font-xsm-regular list-item w-full align-top\">158<\/td>\n<\/tr>\n<tr class=\"text-on-surface-3 even:bg-surface-container-lower\">\n<td class=\"px-md py-sm font-xsm-bold align-top table-cell w-1\/2\" data-testid=\"table-factsheet-key\">volume_largura<\/td>\n<td class=\"px-md py-sm font-xsm-regular list-item w-full align-top\">90<\/td>\n<\/tr>\n<tr class=\"text-on-surface-3 even:bg-surface-container-lower\">\n<td class=\"px-md py-sm font-xsm-bold align-top table-cell w-1\/2\" data-testid=\"table-factsheet-key\">volume_profundidade<\/td>\n<td class=\"px-md py-sm font-xsm-regular list-item w-full align-top\">45<\/td>\n<\/tr>\n<tr class=\"text-on-surface-3 even:bg-surface-container-lower\">\n<td class=\"px-md py-sm font-xsm-bold align-top table-cell w-1\/2\" data-testid=\"table-factsheet-key\">volumes<\/td>\n<td class=\"px-md py-sm font-xsm-regular list-item w-full align-top\">1<\/td>\n<\/tr>\n<tr class=\"text-on-surface-3 even:bg-surface-container-lower\">\n<td class=\"px-md py-sm font-xsm-bold align-top table-cell w-1\/2\" data-testid=\"table-factsheet-key\">weight<\/td>\n<td class=\"px-md py-sm font-xsm-regular list-item w-full align-top\">37.0000<\/td>\n<\/tr>\n<tr class=\"text-on-surface-3 even:bg-surface-container-lower\">\n<td class=\"px-md py-sm font-xsm-bold align-top table-cell w-1\/2\" data-testid=\"table-factsheet-key\">Acabamento<\/td>\n<td class=\"px-md py-sm font-xsm-regular list-item w-full align-top\">Pintura U.V ( Fosco Texturizado)<\/td>\n<\/tr>\n<tr class=\"text-on-surface-3 even:bg-surface-container-lower\">\n<td class=\"px-md py-sm font-xsm-bold align-top table-cell w-1\/2\" data-testid=\"table-factsheet-key\">Complexidade de Montagem<\/td>\n<td class=\"px-md py-sm font-xsm-regular list-item w-full align-top\">M\u00e9dio (necessita de maior conhecimento de montagem)<\/td>\n<\/tr>\n<tr class=\"text-on-surface-3 even:bg-surface-container-lower\">\n<td class=\"px-md py-sm font-xsm-bold align-top table-cell w-1\/2\" data-testid=\"table-factsheet-key\">Cor<\/td>\n<td class=\"px-md py-sm font-xsm-regular list-item w-full align-top\">Madeirado\/Off White<\/td>\n<\/tr>\n<tr class=\"text-on-surface-3 even:bg-surface-container-lower\">\n<td class=\"px-md py-sm font-xsm-bold align-top table-cell w-1\/2\" data-testid=\"table-factsheet-key\">Dimens\u00f5es do Produto<\/td>\n<td class=\"px-md py-sm font-xsm-regular list-item w-full align-top\">Altura: 157.7 cm Largura: 90 cm Profundidade: 38.5 cm<\/td>\n<\/tr>\n<tr class=\"text-on-surface-3 even:bg-surface-container-lower\">\n<td class=\"px-md py-sm font-xsm-bold align-top table-cell w-1\/2\" data-testid=\"table-factsheet-key\">Dimens\u00f5es do Produto com Embalagem<\/td>\n<td class=\"px-md py-sm font-xsm-regular list-item w-full align-top\">Altura: 158 cm Largura: 90 cm Profundidade: 45 cm<\/td>\n<\/tr>\n<tr class=\"text-on-surface-3 even:bg-surface-container-lower\">\n<td class=\"px-md py-sm font-xsm-bold align-top table-cell w-1\/2\" data-testid=\"table-factsheet-key\">Estilo do M\u00f3vel<\/td>\n<td class=\"px-md py-sm font-xsm-regular list-item w-full align-top\">Moderno<\/td>\n<\/tr>\n<tr class=\"text-on-surface-3 even:bg-surface-container-lower\">\n<td class=\"px-md py-sm font-xsm-bold align-top table-cell w-1\/2\" data-testid=\"table-factsheet-key\">Linha<\/td>\n<td class=\"px-md py-sm font-xsm-regular list-item w-full align-top\">Aconchego<\/td>\n<\/tr>\n<tr class=\"text-on-surface-3 even:bg-surface-container-lower\">\n<td class=\"px-md py-sm font-xsm-bold align-top table-cell w-1\/2\" data-testid=\"table-factsheet-key\">Marca<\/td>\n<td class=\"px-md py-sm font-xsm-regular list-item w-full align-top\"><a class=\"hover:text-interaction-default underline\" href=\"https:\/\/www.magazineluiza.com.br\/marcas\/patrimar\/\">Patrimar<\/a><\/td>\n<\/tr>\n<tr class=\"text-on-surface-3 even:bg-surface-container-lower\">\n<td class=\"px-md py-sm font-xsm-bold align-top table-cell w-1\/2\" data-testid=\"table-factsheet-key\">Material<\/td>\n<td class=\"px-md py-sm font-xsm-regular list-item w-full align-top\">MDF\/MDP<\/td>\n<\/tr>\n<tr class=\"text-on-surface-3 even:bg-surface-container-lower\">\n<td class=\"px-md py-sm font-xsm-bold align-top table-cell w-1\/2\" data-testid=\"table-factsheet-key\">Modelo<\/td>\n<td class=\"px-md py-sm font-xsm-regular list-item w-full align-top\">Cantinho do Caf\u00e9<\/td>\n<\/tr>\n<tr class=\"text-on-surface-3 even:bg-surface-container-lower\">\n<td class=\"px-md py-sm font-xsm-bold align-top table-cell w-1\/2\" data-testid=\"table-factsheet-key\">Peso do Produto<\/td>\n<td class=\"px-md py-sm font-xsm-regular list-item w-full align-top\">37.0000<\/td>\n<\/tr>\n<tr class=\"text-on-surface-3 even:bg-surface-container-lower\">\n<td class=\"px-md py-sm font-xsm-bold align-top table-cell w-1\/2\" data-testid=\"table-factsheet-key\">Recomenda\u00e7\u00f5es de Uso<\/td>\n<td class=\"px-md py-sm font-xsm-regular list-item w-full align-top\">Limpar apenas com um pano \u00famido. N\u00e3o utilizar produtos qu\u00edmicos ou abrasivos.<\/td>\n<\/tr>\n<tr class=\"text-on-surface-3 even:bg-surface-container-lower\">\n<td class=\"px-md py-sm font-xsm-bold align-top table-cell w-1\/2\" data-testid=\"table-factsheet-key\">Refer\u00eancia<\/td>\n<td class=\"px-md py-sm font-xsm-regular list-item w-full align-top\">102.006.078<\/td>\n<\/tr>\n<tr class=\"text-on-surface-3 even:bg-surface-container-lower\">\n<td class=\"px-md py-sm font-xsm-bold align-top table-cell w-1\/2\" data-testid=\"table-factsheet-key\">Tipo de M\u00f3vel<\/td>\n<td class=\"px-md py-sm font-xsm-regular list-item w-full align-top\">Cantinho do Caf\u00e9<\/td>\n<\/tr>\n<tr class=\"text-on-surface-3 even:bg-surface-container-lower\">\n<td class=\"px-md py-sm font-xsm-bold align-top table-cell w-1\/2\" data-testid=\"table-factsheet-key\">Tipo de P\u00e9 do Rack<\/td>\n<td class=\"px-md py-sm font-xsm-regular list-item w-full align-top\">Rod\u00edzios de silicone com trava<\/td>\n<\/tr>\n<\/tbody>\n<\/table>\n<\/div>\n<\/div>\n","protected":false},"excerpt":{"rendered":"<p>Descri\u00e7\u00e3o e ficha t\u00e9cnica C\u00f3digo\u00a0ad8248h7h8 Cantinho do Caf\u00e9 Aconchego PatrimarCombinando funcionalidade e charme, este m\u00f3vel \u00e9 ideal para preparar e desfrutar de momentos especiais com amigos, familiares ou colegas de<\/p>\n","protected":false},"featured_media":15576,"comment_status":"open","ping_status":"closed","template":"","meta":[],"product_brand":[],"product_cat":[15],"product_tag":[],"class_list":{"0":"post-15573","1":"product","2":"type-product","3":"status-publish","4":"has-post-thumbnail","6":"product_cat-produtos","7":"product_shipping_class-retirar-no-local","9":"first","10":"instock","11":"shipping-taxable","12":"purchasable","13":"product-type-simple"},"_links":{"self":[{"href":"https:\/\/ambrosioeletro.com.br\/v20\/wp-json\/wp\/v2\/product\/15573","targetHints":{"allow":["GET"]}}],"collection":[{"href":"https:\/\/ambrosioeletro.com.br\/v20\/wp-json\/wp\/v2\/product"}],"about":[{"href":"https:\/\/ambrosioeletro.com.br\/v20\/wp-json\/wp\/v2\/types\/product"}],"replies":[{"embeddable":true,"href":"https:\/\/ambrosioeletro.com.br\/v20\/wp-json\/wp\/v2\/comments?post=15573"}],"wp:featuredmedia":[{"embeddable":true,"href":"https:\/\/ambrosioeletro.com.br\/v20\/wp-json\/wp\/v2\/media\/15576"}],"wp:attachment":[{"href":"https:\/\/ambrosioeletro.com.br\/v20\/wp-json\/wp\/v2\/media?parent=15573"}],"wp:term":[{"taxonomy":"product_brand","embeddable":true,"href":"https:\/\/ambrosioeletro.com.br\/v20\/wp-json\/wp\/v2\/product_brand?post=15573"},{"taxonomy":"product_cat","embeddable":true,"href":"https:\/\/ambrosioeletro.com.br\/v20\/wp-json\/wp\/v2\/product_cat?post=15573"},{"taxonomy":"product_tag","embeddable":true,"href":"https:\/\/ambrosioeletro.com.br\/v20\/wp-json\/wp\/v2\/product_tag?post=15573"}],"curies":[{"name":"wp","href":"https:\/\/api.w.org\/{rel}","templated":true}]}}