{"id":15577,"date":"2026-04-02T09:25:17","date_gmt":"2026-04-02T12:25:17","guid":{"rendered":"https:\/\/ambrosioeletro.com.br\/v20\/?post_type=product&#038;p=15577"},"modified":"2026-04-02T17:26:07","modified_gmt":"2026-04-02T20:26:07","slug":"notebook-lenovo-ideapad-1i-intel-core-i3-1315u-8gb-ram-256gb-ssd-156-fhd-windows-11-83qj0001bo-cor-cinza","status":"publish","type":"product","link":"https:\/\/ambrosioeletro.com.br\/v20\/produto\/notebook-lenovo-ideapad-1i-intel-core-i3-1315u-8gb-ram-256gb-ssd-156-fhd-windows-11-83qj0001bo-cor-cinza\/","title":{"rendered":"Notebook Lenovo IdeaPad 1i Intel Core i3-1315U 8GB RAM 256GB SSD 15,6&#8243; FHD Windows 11 83QJ0001BO Cor Cinza"},"content":{"rendered":"<div class=\"flex flex-col mt-xsm bg-surface-container-lowest px-md py-md md:rounded-lg md:px-lg\" data-testid=\"key-selling-points-container\">\n<h2 class=\"text-on-surface-2 font-md-bold md:font-lg-bold\" data-testid=\"key-selling-points-title\">Principais caracter\u00edsticas<\/h2>\n<ul class=\"mt-md px-md md:mt-xsm list-disc\">\n<li class=\"text-on-surface-2 font-xsm-regular\">Processador Intel Core i3-1315U<\/li>\n<li class=\"text-on-surface-2 font-xsm-regular\">8GB de Mem\u00f3ria RAM<\/li>\n<li class=\"text-on-surface-2 font-xsm-regular\">256GB de Armazenamento SSD<\/li>\n<li class=\"text-on-surface-2 font-xsm-regular\">Tela de 15,6&#8243; FHD<\/li>\n<li class=\"text-on-surface-2 font-xsm-regular\">Sistema Operacional Windows 11<\/li>\n<li class=\"text-on-surface-2 font-xsm-regular\">Placa de V\u00eddeo Integrada Intel UHD<\/li>\n<\/ul>\n<p class=\"mt-md text-on-surface-3 font-2xsm-regular flex items-center text-justify\" data-testid=\"key-selling-points-info\"><i class=\"icon icon-sumarizacao-ia mr-xsm text-interaction-default font-lg-bold\" aria-hidden=\"true\"><\/i>Informa\u00e7\u00f5es geradas pela Lu<\/p>\n<\/div>\n<div class=\"flex mt-xsm pt-md flex flex-col bg-surface-container-lowest md:rounded-lg\" data-testid=\"row\">\n<div class=\"relative max-h-[445px] overflow-hidden md:max-h-none md:pb-md\" data-testid=\"tab-product-detail-view-container\">\n<div data-testid=\"tab-product-active-section-container\">\n<div class=\"relative px-md overflow-hidden border-on-surface-8 after:pointer-events-none after:absolute after:bottom-[0] after:left-[0] after:h-[72px] after:w-full after:bg-gradient-to-b after:from-[#FFFFFF00] after:to-[#FFFFFF] md:after:content-none md:px-lg max-md:border-b-thin\" data-testid=\"tab-product-detail\">\n<h2 class=\"text-on-surface-2 font-md-bold md:font-title-large-highlight md:mb-md\" data-testid=\"product-details-title\">Descri\u00e7\u00e3o e ficha t\u00e9cnica<\/h2>\n<div data-testid=\"product-detail\">\n<p class=\"mt-2xsm text-on-surface-4 font-xsm-regular\" data-testid=\"product-detail-code\">C\u00f3digo\u00a0240787400<\/p>\n<div class=\"mt-md font-xsm-regular\" data-testid=\"product-detail-description\">Descubra o equil\u00edbrio perfeito entre design e desempenho com o notebook Lenovo IdeaPad 1i (83QJ0001BO). Projetado para a produtividade moderna, este notebook \u00e9 impulsionado pelo processador Intel Core i3-1315U de 13\u00aa gera\u00e7\u00e3o, oferecendo velocidade e efici\u00eancia energ\u00e9tica para todas as suas tarefas di\u00e1rias, desde navega\u00e7\u00e3o intensa at\u00e9 trabalhos acad\u00eamicos. A performance \u00e1gil \u00e9 garantida pelos 8GB de RAM, que permitem multitarefa fluida sem travamentos. Experimente a velocidade superior do armazenamento com 256GB de SSD, que assegura a inicializa\u00e7\u00e3o do sistema em segundos e o carregamento instant\u00e2neo de aplicativos. Desfrute de uma experi\u00eancia visual superior na tela LCD de 15,6&#8243; com resolu\u00e7\u00e3o FHD (1920&#215;1080). A tecnologia antirreflexo reduz o cansa\u00e7o ocular e permite o uso confort\u00e1vel em ambientes claros. Ele tem o sistema operacional Windows 11 Home, oferecendo uma interface intuitiva, seguran\u00e7a robusta e todos os recursos mais recentes da Microsoft.<\/div>\n<\/div>\n<\/div>\n<div class=\"hidden border-on-surface-8 md:px-lg md:block md:py-md\" data-testid=\"tab-product-factsheet\">\n<h2 class=\"text-on-surface-2 font-md-bold md:font-title-large-highlight md:mb-md\" data-testid=\"product-factsheet-title\">Ficha T\u00e9cnica<\/h2>\n<div class=\"pt-2xsm\">\n<table class=\"w-full list-none\" data-testid=\"table-factsheet\">\n<tbody>\n<tr class=\"text-on-surface-3 even:bg-surface-container-lower\">\n<td class=\"px-md py-sm font-xsm-bold align-top table-cell w-1\/2\" data-testid=\"table-factsheet-key\">Marca<\/td>\n<td class=\"px-md py-sm font-xsm-regular list-item w-full align-top\"><a class=\"hover:text-interaction-default underline\" href=\"https:\/\/www.magazineluiza.com.br\/marcas\/lenovo\/\">Lenovo<\/a><\/td>\n<\/tr>\n<tr class=\"text-on-surface-3 even:bg-surface-container-lower\">\n<td class=\"px-md py-sm font-xsm-bold align-top table-cell w-1\/2\" data-testid=\"table-factsheet-key\">Refer\u00eancia<\/td>\n<td class=\"px-md py-sm font-xsm-regular list-item w-full align-top\">83QJ0001BO<\/td>\n<\/tr>\n<tr class=\"text-on-surface-3 even:bg-surface-container-lower\">\n<td class=\"px-md py-sm font-xsm-bold align-top table-cell w-1\/2\" data-testid=\"table-factsheet-key\">Modelo<\/td>\n<td class=\"px-md py-sm font-xsm-regular list-item w-full align-top\">IdeaPad 1i<\/td>\n<\/tr>\n<tr class=\"text-on-surface-3 even:bg-surface-container-lower\">\n<td class=\"px-md py-sm font-xsm-bold align-top table-cell w-1\/2\" data-testid=\"table-factsheet-key\">Processador<\/td>\n<td class=\"px-md py-sm font-xsm-regular list-item w-full align-top\">Intel Core i3-1315U (n\u00facleos de efici\u00eancia de at\u00e9 3,30GHz n\u00facleos de desempenho de at\u00e9 4,50GHz)<\/td>\n<\/tr>\n<tr class=\"text-on-surface-3 even:bg-surface-container-lower\">\n<td class=\"px-md py-sm font-xsm-bold align-top table-cell w-1\/2\" data-testid=\"table-factsheet-key\">Gera\u00e7\u00e3o do Processador<\/td>\n<td class=\"px-md py-sm font-xsm-regular list-item w-full align-top\">13\u00aa gera\u00e7\u00e3o<\/td>\n<\/tr>\n<tr class=\"text-on-surface-3 even:bg-surface-container-lower\">\n<td class=\"px-md py-sm font-xsm-bold align-top table-cell w-1\/2\" data-testid=\"table-factsheet-key\">Mem\u00f3ria RAM<\/td>\n<td class=\"px-md py-sm font-xsm-regular list-item w-full align-top\">8GB<\/td>\n<\/tr>\n<tr class=\"text-on-surface-3 even:bg-surface-container-lower\">\n<td class=\"px-md py-sm font-xsm-bold align-top table-cell w-1\/2\" data-testid=\"table-factsheet-key\">Mem\u00f3ria Expans\u00edvel<\/td>\n<td class=\"px-md py-sm font-xsm-regular list-item w-full align-top\">At\u00e9 16GB (8GB soldados + 8GB SO-DIMM)<\/td>\n<\/tr>\n<tr class=\"text-on-surface-3 even:bg-surface-container-lower\">\n<td class=\"px-md py-sm font-xsm-bold align-top table-cell w-1\/2\" data-testid=\"table-factsheet-key\">Barramento da Mem\u00f3ria<\/td>\n<td class=\"px-md py-sm font-xsm-regular list-item w-full align-top\">DDR4-3200<\/td>\n<\/tr>\n<tr class=\"text-on-surface-3 even:bg-surface-container-lower\">\n<td class=\"px-md py-sm font-xsm-bold align-top table-cell w-1\/2\" data-testid=\"table-factsheet-key\">Capacidade do SSD<\/td>\n<td class=\"px-md py-sm font-xsm-regular list-item w-full align-top\">256GB<\/td>\n<\/tr>\n<tr class=\"text-on-surface-3 even:bg-surface-container-lower\">\n<td class=\"px-md py-sm font-xsm-bold align-top table-cell w-1\/2\" data-testid=\"table-factsheet-key\">Sistema Operacional<\/td>\n<td class=\"px-md py-sm font-xsm-regular list-item w-full align-top\">Windows 11<\/td>\n<\/tr>\n<tr class=\"text-on-surface-3 even:bg-surface-container-lower\">\n<td class=\"px-md py-sm font-xsm-bold align-top table-cell w-1\/2\" data-testid=\"table-factsheet-key\">Vers\u00e3o do Sistema Operacional<\/td>\n<td class=\"px-md py-sm font-xsm-regular list-item w-full align-top\">Home<\/td>\n<\/tr>\n<tr class=\"text-on-surface-3 even:bg-surface-container-lower\">\n<td class=\"px-md py-sm font-xsm-bold align-top table-cell w-1\/2\" data-testid=\"table-factsheet-key\">Tipo de Display<\/td>\n<td class=\"px-md py-sm font-xsm-regular list-item w-full align-top\">LCD antirreflexo<\/td>\n<\/tr>\n<tr class=\"text-on-surface-3 even:bg-surface-container-lower\">\n<td class=\"px-md py-sm font-xsm-bold align-top table-cell w-1\/2\" data-testid=\"table-factsheet-key\">Painel da Tela<\/td>\n<td class=\"px-md py-sm font-xsm-regular list-item w-full align-top\">TN<\/td>\n<\/tr>\n<tr class=\"text-on-surface-3 even:bg-surface-container-lower\">\n<td class=\"px-md py-sm font-xsm-bold align-top table-cell w-1\/2\" data-testid=\"table-factsheet-key\">Tamanho da Tela<\/td>\n<td class=\"px-md py-sm font-xsm-regular list-item w-full align-top\">15,6&#8243;<\/td>\n<\/tr>\n<tr class=\"text-on-surface-3 even:bg-surface-container-lower\">\n<td class=\"px-md py-sm font-xsm-bold align-top table-cell w-1\/2\" data-testid=\"table-factsheet-key\">Resolu\u00e7\u00e3o da Tela<\/td>\n<td class=\"px-md py-sm font-xsm-regular list-item w-full align-top\">FHD (1920&#215;1080)<\/td>\n<\/tr>\n<tr class=\"text-on-surface-3 even:bg-surface-container-lower\">\n<td class=\"px-md py-sm font-xsm-bold align-top table-cell w-1\/2\" data-testid=\"table-factsheet-key\">Taxa de Atualiza\u00e7\u00e3o da Tela<\/td>\n<td class=\"px-md py-sm font-xsm-regular list-item w-full align-top\">60Hz<\/td>\n<\/tr>\n<tr class=\"text-on-surface-3 even:bg-surface-container-lower\">\n<td class=\"px-md py-sm font-xsm-bold align-top table-cell w-1\/2\" data-testid=\"table-factsheet-key\">Tipo de Placa de V\u00eddeo<\/td>\n<td class=\"px-md py-sm font-xsm-regular list-item w-full align-top\">Integrada<\/td>\n<\/tr>\n<tr class=\"text-on-surface-3 even:bg-surface-container-lower\">\n<td class=\"px-md py-sm font-xsm-bold align-top table-cell w-1\/2\" data-testid=\"table-factsheet-key\">Placa de V\u00eddeo<\/td>\n<td class=\"px-md py-sm font-xsm-regular list-item w-full align-top\">Intel UHD Graphics<\/td>\n<\/tr>\n<tr class=\"text-on-surface-3 even:bg-surface-container-lower\">\n<td class=\"px-md py-sm font-xsm-bold align-top table-cell w-1\/2\" data-testid=\"table-factsheet-key\">Conex\u00f5es<\/td>\n<td class=\"px-md py-sm font-xsm-regular list-item w-full align-top\">1 USB 2.0, 1 USB 3.2 Gen 1, 1 USB-C 3.2 Gen 1 (apenas transfer\u00eancia de dados) 1x HDMI 1.4b, 1 Headphone\/microphone combo jack (3,5mm), 1 Card reader, 1 Power connector<\/td>\n<\/tr>\n<tr class=\"text-on-surface-3 even:bg-surface-container-lower\">\n<td class=\"px-md py-sm font-xsm-bold align-top table-cell w-1\/2\" data-testid=\"table-factsheet-key\">Conectividade<\/td>\n<td class=\"px-md py-sm font-xsm-regular list-item w-full align-top\">Wi-Fi 6 e Bluetooth<\/td>\n<\/tr>\n<tr class=\"text-on-surface-3 even:bg-surface-container-lower\">\n<td class=\"px-md py-sm font-xsm-bold align-top table-cell w-1\/2\" data-testid=\"table-factsheet-key\">Multim\u00eddia<\/td>\n<td class=\"px-md py-sm font-xsm-regular list-item w-full align-top\">Webcam HD 720p com Obturador de Privacidade<\/td>\n<\/tr>\n<tr class=\"text-on-surface-3 even:bg-surface-container-lower\">\n<td class=\"px-md py-sm font-xsm-bold align-top table-cell w-1\/2\" data-testid=\"table-factsheet-key\">Leitor de Cart\u00f5es<\/td>\n<td class=\"px-md py-sm font-xsm-regular list-item w-full align-top\">Sim<\/td>\n<\/tr>\n<tr class=\"text-on-surface-3 even:bg-surface-container-lower\">\n<td class=\"px-md py-sm font-xsm-bold align-top table-cell w-1\/2\" data-testid=\"table-factsheet-key\">Padr\u00e3o de Teclado<\/td>\n<td class=\"px-md py-sm font-xsm-regular list-item w-full align-top\">ABNT<\/td>\n<\/tr>\n<tr class=\"text-on-surface-3 even:bg-surface-container-lower\">\n<td class=\"px-md py-sm font-xsm-bold align-top table-cell w-1\/2\" data-testid=\"table-factsheet-key\">Softwares Inclusos<\/td>\n<td class=\"px-md py-sm font-xsm-regular list-item w-full align-top\">Windows 11 Home\/Pro, Lenovo Vantage, Microsoft 365 Trial, McAfee LiveSafe, Dolby Audio, Smart Connect<\/td>\n<\/tr>\n<tr class=\"text-on-surface-3 even:bg-surface-container-lower\">\n<td class=\"px-md py-sm font-xsm-bold align-top table-cell w-1\/2\" data-testid=\"table-factsheet-key\">Tipo de Bateria<\/td>\n<td class=\"px-md py-sm font-xsm-regular list-item w-full align-top\">\u00cdon de l\u00edtio recarreg\u00e1vel com 3 c\u00e9lulas 42Wh<\/td>\n<\/tr>\n<tr class=\"text-on-surface-3 even:bg-surface-container-lower\">\n<td class=\"px-md py-sm font-xsm-bold align-top table-cell w-1\/2\" data-testid=\"table-factsheet-key\">Voltagem da Fonte<\/td>\n<td class=\"px-md py-sm font-xsm-regular list-item w-full align-top\">Bivolt<\/td>\n<\/tr>\n<tr class=\"text-on-surface-3 even:bg-surface-container-lower\">\n<td class=\"px-md py-sm font-xsm-bold align-top table-cell w-1\/2\" data-testid=\"table-factsheet-key\">Cor<\/td>\n<td class=\"px-md py-sm font-xsm-regular list-item w-full align-top\">Cinza<\/td>\n<\/tr>\n<tr class=\"text-on-surface-3 even:bg-surface-container-lower\">\n<td class=\"px-md py-sm font-xsm-bold align-top table-cell w-1\/2\" data-testid=\"table-factsheet-key\">Certificado Homologado pela Anatel N\u00famero<\/td>\n<td class=\"px-md py-sm font-xsm-regular list-item w-full align-top\">06970-18-04423<\/td>\n<\/tr>\n<tr class=\"text-on-surface-3 even:bg-surface-container-lower\">\n<td class=\"px-md py-sm font-xsm-bold align-top table-cell w-1\/2\" data-testid=\"table-factsheet-key\">Peso do Produto<\/td>\n<td class=\"px-md py-sm font-xsm-regular list-item w-full align-top\">1,62kg<\/td>\n<\/tr>\n<tr class=\"text-on-surface-3 even:bg-surface-container-lower\">\n<td class=\"px-md py-sm font-xsm-bold align-top table-cell w-1\/2\" data-testid=\"table-factsheet-key\">Peso do Produto com Embalagem<\/td>\n<td class=\"px-md py-sm font-xsm-regular list-item w-full align-top\">2,1kg<\/td>\n<\/tr>\n<tr class=\"text-on-surface-3 even:bg-surface-container-lower\">\n<td class=\"px-md py-sm font-xsm-bold align-top table-cell w-1\/2\" data-testid=\"table-factsheet-key\">Dimens\u00f5es do Produto<\/td>\n<td class=\"px-md py-sm font-xsm-regular list-item w-full align-top\">Largura 36,02cm Altura 1,79cm Profundidade 23,6cm<\/td>\n<\/tr>\n<tr class=\"text-on-surface-3 even:bg-surface-container-lower\">\n<td class=\"px-md py-sm font-xsm-bold align-top table-cell w-1\/2\" data-testid=\"table-factsheet-key\">Dimens\u00f5es do Produto com Embalagem<\/td>\n<td class=\"px-md py-sm font-xsm-regular list-item w-full align-top\">Largura 44cm Altura 22cm Profundidade 30cm<\/td>\n<\/tr>\n<tr class=\"text-on-surface-3 even:bg-surface-container-lower\">\n<td class=\"px-md py-sm font-xsm-bold align-top table-cell w-1\/2\" data-testid=\"table-factsheet-key\">Prazo de Garantia<\/td>\n<td class=\"px-md py-sm font-xsm-regular list-item w-full align-top\">01 ano (3 meses de garantia legal e mais 9 meses de garantia especial concedida pelo fabricante)<\/td>\n<\/tr>\n<tr class=\"text-on-surface-3 even:bg-surface-container-lower\">\n<td class=\"px-md py-sm font-xsm-bold align-top table-cell w-1\/2\" data-testid=\"table-factsheet-key\">Conte\u00fado da Embalagem<\/td>\n<td class=\"px-md py-sm font-xsm-regular list-item w-full align-top\">1 Notebook<\/td>\n<\/tr>\n<\/tbody>\n<\/table>\n<\/div>\n<\/div>\n<\/div>\n<\/div>\n<\/div>\n","protected":false},"excerpt":{"rendered":"<p>Principais caracter\u00edsticas Processador Intel Core i3-1315U 8GB de Mem\u00f3ria RAM 256GB de Armazenamento SSD Tela de 15,6&#8243; FHD Sistema Operacional Windows 11 Placa de V\u00eddeo Integrada Intel UHD Informa\u00e7\u00f5es geradas<\/p>\n","protected":false},"featured_media":15581,"comment_status":"open","ping_status":"closed","template":"","meta":[],"product_brand":[],"product_cat":[15],"product_tag":[],"class_list":{"0":"post-15577","1":"product","2":"type-product","3":"status-publish","4":"has-post-thumbnail","6":"product_cat-produtos","7":"product_shipping_class-pac","9":"first","10":"instock","11":"shipping-taxable","12":"purchasable","13":"product-type-simple"},"_links":{"self":[{"href":"https:\/\/ambrosioeletro.com.br\/v20\/wp-json\/wp\/v2\/product\/15577","targetHints":{"allow":["GET"]}}],"collection":[{"href":"https:\/\/ambrosioeletro.com.br\/v20\/wp-json\/wp\/v2\/product"}],"about":[{"href":"https:\/\/ambrosioeletro.com.br\/v20\/wp-json\/wp\/v2\/types\/product"}],"replies":[{"embeddable":true,"href":"https:\/\/ambrosioeletro.com.br\/v20\/wp-json\/wp\/v2\/comments?post=15577"}],"wp:featuredmedia":[{"embeddable":true,"href":"https:\/\/ambrosioeletro.com.br\/v20\/wp-json\/wp\/v2\/media\/15581"}],"wp:attachment":[{"href":"https:\/\/ambrosioeletro.com.br\/v20\/wp-json\/wp\/v2\/media?parent=15577"}],"wp:term":[{"taxonomy":"product_brand","embeddable":true,"href":"https:\/\/ambrosioeletro.com.br\/v20\/wp-json\/wp\/v2\/product_brand?post=15577"},{"taxonomy":"product_cat","embeddable":true,"href":"https:\/\/ambrosioeletro.com.br\/v20\/wp-json\/wp\/v2\/product_cat?post=15577"},{"taxonomy":"product_tag","embeddable":true,"href":"https:\/\/ambrosioeletro.com.br\/v20\/wp-json\/wp\/v2\/product_tag?post=15577"}],"curies":[{"name":"wp","href":"https:\/\/api.w.org\/{rel}","templated":true}]}}