{"id":15582,"date":"2026-04-02T09:38:10","date_gmt":"2026-04-02T12:38:10","guid":{"rendered":"https:\/\/ambrosioeletro.com.br\/v20\/?post_type=product&#038;p=15582"},"modified":"2026-04-17T10:48:08","modified_gmt":"2026-04-17T13:48:08","slug":"escrivaninha-penteadeira-camarim-princess-com-porta-joias-mavaular-branco-branco","status":"publish","type":"product","link":"https:\/\/ambrosioeletro.com.br\/v20\/produto\/escrivaninha-penteadeira-camarim-princess-com-porta-joias-mavaular-branco-branco\/","title":{"rendered":"Escrivaninha Penteadeira Camarim Princess com Porta Joias Mavaular Branco Branco"},"content":{"rendered":"<div class=\"cav--c-eNhzRw cav--c-eNhzRw-fiXSPN-sm-12\">\n<div class=\"cav--c-lesPJm cav--c-lesPJm-ijxRAPk-css\"><span class=\"cav--c-gNPphv cav--c-dFndkt\">Descri\u00e7\u00e3o<\/span><\/div>\n<div class=\"cav--c-lesPJm cav--c-lesPJm-ijxRAPk-css\"><span class=\"cav--c-gNPphv cav--c-gNPphv-hyvuql-weight-bold\">Escrivaninha Penteadeira Camarim Princess com Porta Joias Mavaular Branco<\/span><\/div>\n<div class=\"cav--c-lesPJm cav--c-lesPJm-ijxRAPk-css\">\n<div class=\"cav--c-gNPphv cav--c-gNPphv-fekvRC-textStyle-bodyMediumRegular cav--c-gNPphv-igBCBxe-css\">Escrivaninha Camarim Princess com Porta joias Mavaular<br \/>\nDimensoes:<br \/>\nAltura: 75 cm<br \/>\nLargura: 135 cm<br \/>\nProfundidade: 44 cm<br \/>\nMaterial Principal: MDF<br \/>\nTampo Reclinado Com espelho<br \/>\nPist\u00e3o a Gas<br \/>\nGaveta com corredi\u00e7a telescopica<br \/>\nProduto desmontado (necessita de montagem): Sim<br \/>\nMontagem: N\u00e3o Oferecemos servi\u00e7o de montagem<br \/>\nRecomenda\u00e7\u00f5es de limpeza e manuten\u00e7\u00e3o: Utilizar pano macio, seco ou ligeiramente umedecido com \u00e1gua.<br \/>\nAten\u00e7\u00e3o:<br \/>\nPode existir alguma diferen\u00e7a de tonalidade entre a foto e o produto, devido ao tratamento de imagens e \u00e0 calibra\u00e7\u00e3o de cores do monitor.<br \/>\nN\u00e3o oferecemos servi\u00e7o de montagem, mas todos os nossos m\u00f3veis possuem manual.<br \/>\nGarantia: 90 Dias<\/div>\n<\/div>\n<\/div>\n<div class=\"cav--c-eNhzRw cav--c-eNhzRw-fiXSPN-sm-12 cav--c-eNhzRw-ilRjaj-lg-6\">\n<div class=\"cav--c-lesPJm\">\n<div class=\"cav--c-lesPJm\"><span class=\"cav--c-gNPphv cav--c-dFndkt\">Pesos e Dimens\u00f5es<\/span><\/p>\n<table class=\"cav--c-gusfms cav--c-gusfms-gjkaP-striped-odd cav--c-gusfms-cmVlgk-textAlign-left\">\n<tbody class=\"cav--c-dKpJQB\">\n<tr class=\"cav--c-PJLV\">\n<td class=\"cav--c-difWUU\"><span class=\"cav--c-gNPphv cav--c-gNPphv-hyvuql-weight-bold\">Altura (cm)<\/span><\/td>\n<td class=\"cav--c-difWUU\">75 cm<\/td>\n<\/tr>\n<tr class=\"cav--c-PJLV\">\n<td class=\"cav--c-difWUU\"><span class=\"cav--c-gNPphv cav--c-gNPphv-hyvuql-weight-bold\">Largura (cm)<\/span><\/td>\n<td class=\"cav--c-difWUU\">135 cm<\/td>\n<\/tr>\n<tr class=\"cav--c-PJLV\">\n<td class=\"cav--c-difWUU\"><span class=\"cav--c-gNPphv cav--c-gNPphv-hyvuql-weight-bold\">Profundidade (cm)<\/span><\/td>\n<td class=\"cav--c-difWUU\">44 cm<\/td>\n<\/tr>\n<\/tbody>\n<\/table>\n<\/div>\n<div class=\"cav--c-lesPJm\"><span class=\"cav--c-gNPphv cav--c-dFndkt\">Materiais e Acabamentos<\/span><\/p>\n<table class=\"cav--c-gusfms cav--c-gusfms-gjkaP-striped-odd cav--c-gusfms-cmVlgk-textAlign-left\">\n<tbody class=\"cav--c-dKpJQB\">\n<tr class=\"cav--c-PJLV\">\n<td class=\"cav--c-difWUU\"><span class=\"cav--c-gNPphv cav--c-gNPphv-hyvuql-weight-bold\">Material Principal<\/span><\/td>\n<td class=\"cav--c-difWUU\">MDF<\/td>\n<\/tr>\n<\/tbody>\n<\/table>\n<\/div>\n<\/div>\n<\/div>\n<div class=\"cav--c-eNhzRw cav--c-eNhzRw-fiXSPN-sm-12 cav--c-eNhzRw-ilRjaj-lg-6\">\n<div class=\"cav--c-lesPJm\">\n<div class=\"cav--c-lesPJm\"><span class=\"cav--c-gNPphv cav--c-dFndkt\">Caracter\u00edsticas<\/span><\/p>\n<table class=\"cav--c-gusfms cav--c-gusfms-gjkaP-striped-odd cav--c-gusfms-cmVlgk-textAlign-left\">\n<tbody class=\"cav--c-dKpJQB\">\n<tr class=\"cav--c-PJLV\">\n<td class=\"cav--c-difWUU\"><span class=\"cav--c-gNPphv cav--c-gNPphv-hyvuql-weight-bold\">Marca<\/span><\/td>\n<td class=\"cav--c-difWUU\">Mavaular<\/td>\n<\/tr>\n<tr class=\"cav--c-PJLV\">\n<td class=\"cav--c-difWUU\"><span class=\"cav--c-gNPphv cav--c-gNPphv-hyvuql-weight-bold\">Possui Vidro<\/span><\/td>\n<td class=\"cav--c-difWUU\">Sim<\/td>\n<\/tr>\n<tr class=\"cav--c-PJLV\">\n<td class=\"cav--c-difWUU\"><span class=\"cav--c-gNPphv cav--c-gNPphv-hyvuql-weight-bold\">Possui Prateleiras<\/span><\/td>\n<td class=\"cav--c-difWUU\">N\u00e3o<\/td>\n<\/tr>\n<tr class=\"cav--c-PJLV\">\n<td class=\"cav--c-difWUU\"><span class=\"cav--c-gNPphv cav--c-gNPphv-hyvuql-weight-bold\">Possui P\u00e9s<\/span><\/td>\n<td class=\"cav--c-difWUU\">Sim<\/td>\n<\/tr>\n<tr class=\"cav--c-PJLV\">\n<td class=\"cav--c-difWUU\"><span class=\"cav--c-gNPphv cav--c-gNPphv-hyvuql-weight-bold\">Possui Ilumina\u00e7\u00e3o<\/span><\/td>\n<td class=\"cav--c-difWUU\">N\u00e3o<\/td>\n<\/tr>\n<tr class=\"cav--c-PJLV\">\n<td class=\"cav--c-difWUU\"><span class=\"cav--c-gNPphv cav--c-gNPphv-hyvuql-weight-bold\">Possui Gavetas<\/span><\/td>\n<td class=\"cav--c-difWUU\">Sim<\/td>\n<\/tr>\n<tr class=\"cav--c-PJLV\">\n<td class=\"cav--c-difWUU\"><span class=\"cav--c-gNPphv cav--c-gNPphv-hyvuql-weight-bold\">Cor do Produto<\/span><\/td>\n<td class=\"cav--c-difWUU\">Branco<\/td>\n<\/tr>\n<tr class=\"cav--c-PJLV\">\n<td class=\"cav--c-difWUU\"><span class=\"cav--c-gNPphv cav--c-gNPphv-hyvuql-weight-bold\">Possui Espelhos<\/span><\/td>\n<td class=\"cav--c-difWUU\">Sim<\/td>\n<\/tr>\n<tr class=\"cav--c-PJLV\">\n<td class=\"cav--c-difWUU\"><span class=\"cav--c-gNPphv cav--c-gNPphv-hyvuql-weight-bold\">Cor Predominante<\/span><\/td>\n<td class=\"cav--c-difWUU\">Branco<\/td>\n<\/tr>\n<\/tbody>\n<\/table>\n<\/div>\n<div class=\"cav--c-lesPJm\"><span class=\"cav--c-gNPphv cav--c-dFndkt\">Itens Inclusos<\/span><\/p>\n<table class=\"cav--c-gusfms cav--c-gusfms-gjkaP-striped-odd cav--c-gusfms-cmVlgk-textAlign-left\">\n<tbody class=\"cav--c-dKpJQB\">\n<tr class=\"cav--c-PJLV\">\n<td class=\"cav--c-difWUU\"><span class=\"cav--c-gNPphv cav--c-gNPphv-hyvuql-weight-bold\">Acompanha Banqueta<\/span><\/td>\n<td class=\"cav--c-difWUU\">N\u00e3o<\/td>\n<\/tr>\n<\/tbody>\n<\/table>\n<\/div>\n<\/div>\n<\/div>\n","protected":false},"excerpt":{"rendered":"<p>Descri\u00e7\u00e3o Escrivaninha Penteadeira Camarim Princess com Porta Joias Mavaular Branco Escrivaninha Camarim Princess com Porta joias Mavaular Dimensoes: Altura: 75 cm Largura: 135 cm Profundidade: 44 cm Material Principal: MDF<\/p>\n","protected":false},"featured_media":15584,"comment_status":"open","ping_status":"closed","template":"","meta":[],"product_brand":[],"product_cat":[15],"product_tag":[],"class_list":{"0":"post-15582","1":"product","2":"type-product","3":"status-publish","4":"has-post-thumbnail","6":"product_cat-produtos","7":"product_shipping_class-retirar-no-local","9":"first","10":"instock","11":"shipping-taxable","12":"purchasable","13":"product-type-simple"},"_links":{"self":[{"href":"https:\/\/ambrosioeletro.com.br\/v20\/wp-json\/wp\/v2\/product\/15582","targetHints":{"allow":["GET"]}}],"collection":[{"href":"https:\/\/ambrosioeletro.com.br\/v20\/wp-json\/wp\/v2\/product"}],"about":[{"href":"https:\/\/ambrosioeletro.com.br\/v20\/wp-json\/wp\/v2\/types\/product"}],"replies":[{"embeddable":true,"href":"https:\/\/ambrosioeletro.com.br\/v20\/wp-json\/wp\/v2\/comments?post=15582"}],"wp:featuredmedia":[{"embeddable":true,"href":"https:\/\/ambrosioeletro.com.br\/v20\/wp-json\/wp\/v2\/media\/15584"}],"wp:attachment":[{"href":"https:\/\/ambrosioeletro.com.br\/v20\/wp-json\/wp\/v2\/media?parent=15582"}],"wp:term":[{"taxonomy":"product_brand","embeddable":true,"href":"https:\/\/ambrosioeletro.com.br\/v20\/wp-json\/wp\/v2\/product_brand?post=15582"},{"taxonomy":"product_cat","embeddable":true,"href":"https:\/\/ambrosioeletro.com.br\/v20\/wp-json\/wp\/v2\/product_cat?post=15582"},{"taxonomy":"product_tag","embeddable":true,"href":"https:\/\/ambrosioeletro.com.br\/v20\/wp-json\/wp\/v2\/product_tag?post=15582"}],"curies":[{"name":"wp","href":"https:\/\/api.w.org\/{rel}","templated":true}]}}