{"id":15585,"date":"2026-04-02T09:40:52","date_gmt":"2026-04-02T12:40:52","guid":{"rendered":"https:\/\/ambrosioeletro.com.br\/v20\/?post_type=product&#038;p=15585"},"modified":"2026-04-17T10:48:00","modified_gmt":"2026-04-17T13:48:00","slug":"escrivaninha-penteadeira-camarim-princess-com-porta-joias-mavaular-naturale-naturale","status":"publish","type":"product","link":"https:\/\/ambrosioeletro.com.br\/v20\/produto\/escrivaninha-penteadeira-camarim-princess-com-porta-joias-mavaular-naturale-naturale\/","title":{"rendered":"Escrivaninha Penteadeira Camarim Princess com Porta Joias Mavaular Naturale Naturale"},"content":{"rendered":"<div class=\"box_border-box mt_$large [&amp;:last-child]:mb_0 $md:mb_$xxlarge\"><span class=\"tracking_$medium text_$text-default fs_$body-medium leading_$body-medium fw_$medium mb_$large d_inline-block fs_$h7 fw_$medium $md:mb_$medium $md:fs_$h5\">Descri\u00e7\u00e3o<\/span><\/p>\n<div class=\"d_flex flex_column gap_$medium mb_$medium\" data-testid=\"product_information-container-product_description\">\n<p class=\"fw_$regular fs_$body-xsmall transition_max-height_0.5s_ease-in-out,_mask-image_0.5s_ease-in-out text_$text-default $md:fs_$body-small max-h_4000px! mask-image_none opacity_0.7 overflow_hidden\">Escrivaninha Penteadeira Camarim Princess Com Porta Joias Mavaular Naturale<br \/>\nEscrivaninha Camarim Princess com Porta joias Mavaular<br \/>\nDimensoes:<br \/>\nAltura: 75 cm<br \/>\nLargura: 135 cm<br \/>\nProfundidade: 44 cm<br \/>\nMaterial Principal: MDF<br \/>\nTampo Reclinado Com espelho<br \/>\nPist\u00e3o a Gas<br \/>\nGaveta com corredi\u00e7a telescopica<br \/>\nProduto desmontado (necessita de montagem): Sim<br \/>\nMontagem: N\u00e3o Oferecemos servi\u00e7o de montagem<br \/>\nRecomenda\u00e7\u00f5es de limpeza e manuten\u00e7\u00e3o: Utilizar pano macio, seco ou ligeiramente umedecido com \u00e1gua.<br \/>\nAten\u00e7\u00e3o:<br \/>\nPode existir alguma diferen\u00e7a de tonalidade entre a foto e o produto, devido ao tratamento de imagens e \u00e0 calibra\u00e7\u00e3o de cores do monitor.<br \/>\nN\u00e3o oferecemos servi\u00e7o de montagem, mas todos os nossos m\u00f3veis possuem manual.<br \/>\nGarantia: 90 Dias<\/p>\n<\/div>\n<p><button class=\"fw_$medium fs_$body-small cursor_pointer text-decor_none! d_flex items_center gap_$xsmall text_$text-link-default [&amp;_svg]:text_$text-link-default $md:fs_$body-small\" type=\"button\" aria-expanded=\"true\" data-testid=\"product_description-button-see_more\">Ver menos descri\u00e7\u00e3o<\/button><\/div>\n<div class=\"box_border-box mt_$large [&amp;:last-child]:mb_0 $md:mb_$xxlarge\"><span class=\"tracking_$medium text_$text-default fs_$body-medium leading_$body-medium fw_$medium mb_$large d_inline-block fs_$h7 fw_$medium $md:mb_$medium $md:fs_$h5\">Caracter\u00edsticas do produto<\/span><\/p>\n<div class=\"d_flex box_border-box d_grid grid-cols_1fr gap_$large pos_relative overflow_hidden transition_all_0.5s_ease-in-out $md:grid-cols_1fr_1fr max-h_300px mask-image_linear-gradient(to_bottom,_black_70%,_transparent_100%) opacity_0.7 \" data-testid=\"product_information-container-product_characteristics\">\n<div class=\"box_border-box w_100%\">\n<div class=\"d_block\"><span class=\"tracking_$medium text_$text-default fs_$body-medium leading_$body-medium fw_$medium d_inline-block fs_$body-small fw_$medium mb_$medium\">Pesos e Dimens\u00f5es<\/span><\/p>\n<div class=\"w_100% mb_$large\" data-testid=\"table-attributes\">\n<div class=\"rounded_$medium gap_$xlarge overflow_hidden\">\n<div class=\"d_flex bg_$background-neutral-subtlest [&amp;_div]:flex_1 [&amp;:nth-child(even)]:bg_$background-neutral-subtle px_$large py_$medium gap_$small\">\n<div><span class=\"tracking_$medium text_$text-default fs_$body-medium leading_$body-medium fw_$medium fs_$body-small fw_$semibold\">Altura (cm)<\/span><\/div>\n<div><span class=\"tracking_$medium text_$text-default fs_$body-medium leading_$body-medium fw_$medium fs_$body-xsmall fw_$medium!\">75 cm<\/span><\/div>\n<\/div>\n<div class=\"d_flex bg_$background-neutral-subtlest [&amp;_div]:flex_1 [&amp;:nth-child(even)]:bg_$background-neutral-subtle px_$large py_$medium gap_$small\">\n<div><span class=\"tracking_$medium text_$text-default fs_$body-medium leading_$body-medium fw_$medium fs_$body-small fw_$semibold\">Largura (cm)<\/span><\/div>\n<div><span class=\"tracking_$medium text_$text-default fs_$body-medium leading_$body-medium fw_$medium fs_$body-xsmall fw_$medium!\">135 cm<\/span><\/div>\n<\/div>\n<div class=\"d_flex bg_$background-neutral-subtlest [&amp;_div]:flex_1 [&amp;:nth-child(even)]:bg_$background-neutral-subtle px_$large py_$medium gap_$small\">\n<div><span class=\"tracking_$medium text_$text-default fs_$body-medium leading_$body-medium fw_$medium fs_$body-small fw_$semibold\">Profundidade (cm)<\/span><\/div>\n<div><span class=\"tracking_$medium text_$text-default fs_$body-medium leading_$body-medium fw_$medium fs_$body-xsmall fw_$medium!\">44 cm<\/span><\/div>\n<\/div>\n<\/div>\n<\/div>\n<\/div>\n<div class=\"d_block\"><span class=\"tracking_$medium text_$text-default fs_$body-medium leading_$body-medium fw_$medium d_inline-block fs_$body-small fw_$medium mb_$medium\">Materiais e Acabamentos<\/span><\/p>\n<div class=\"w_100% mb_$large\" data-testid=\"table-attributes\">\n<div class=\"rounded_$medium gap_$xlarge overflow_hidden\">\n<div class=\"d_flex bg_$background-neutral-subtlest [&amp;_div]:flex_1 [&amp;:nth-child(even)]:bg_$background-neutral-subtle px_$large py_$medium gap_$small\">\n<div><span class=\"tracking_$medium text_$text-default fs_$body-medium leading_$body-medium fw_$medium fs_$body-small fw_$semibold\">Material Principal<\/span><\/div>\n<div><span class=\"tracking_$medium text_$text-default fs_$body-medium leading_$body-medium fw_$medium fs_$body-xsmall fw_$medium!\">MDF<\/span><\/div>\n<\/div>\n<\/div>\n<\/div>\n<\/div>\n<\/div>\n<div class=\"box_border-box w_100%\">\n<div class=\"d_block\"><span class=\"tracking_$medium text_$text-default fs_$body-medium leading_$body-medium fw_$medium d_inline-block fs_$body-small fw_$medium mb_$medium\">Caracter\u00edsticas<\/span><\/p>\n<div class=\"w_100% mb_$large\" data-testid=\"table-attributes\">\n<div class=\"rounded_$medium gap_$xlarge overflow_hidden\">\n<div class=\"d_flex bg_$background-neutral-subtlest [&amp;_div]:flex_1 [&amp;:nth-child(even)]:bg_$background-neutral-subtle px_$large py_$medium gap_$small\">\n<div><span class=\"tracking_$medium text_$text-default fs_$body-medium leading_$body-medium fw_$medium fs_$body-small fw_$semibold\">Marca<\/span><\/div>\n<div><span class=\"tracking_$medium text_$text-default fs_$body-medium leading_$body-medium fw_$medium fs_$body-xsmall fw_$medium!\">MAVAULAR M\u00d3VEIS<\/span><\/div>\n<\/div>\n<div class=\"d_flex bg_$background-neutral-subtlest [&amp;_div]:flex_1 [&amp;:nth-child(even)]:bg_$background-neutral-subtle px_$large py_$medium gap_$small\">\n<div><span class=\"tracking_$medium text_$text-default fs_$body-medium leading_$body-medium fw_$medium fs_$body-small fw_$semibold\">Possui Prateleiras<\/span><\/div>\n<div><span class=\"tracking_$medium text_$text-default fs_$body-medium leading_$body-medium fw_$medium fs_$body-xsmall fw_$medium!\">N\u00e3o<\/span><\/div>\n<\/div>\n<div class=\"d_flex bg_$background-neutral-subtlest [&amp;_div]:flex_1 [&amp;:nth-child(even)]:bg_$background-neutral-subtle px_$large py_$medium gap_$small\">\n<div><span class=\"tracking_$medium text_$text-default fs_$body-medium leading_$body-medium fw_$medium fs_$body-small fw_$semibold\">Possui P\u00e9s<\/span><\/div>\n<div><span class=\"tracking_$medium text_$text-default fs_$body-medium leading_$body-medium fw_$medium fs_$body-xsmall fw_$medium!\">Sim<\/span><\/div>\n<\/div>\n<div class=\"d_flex bg_$background-neutral-subtlest [&amp;_div]:flex_1 [&amp;:nth-child(even)]:bg_$background-neutral-subtle px_$large py_$medium gap_$small\">\n<div><span class=\"tracking_$medium text_$text-default fs_$body-medium leading_$body-medium fw_$medium fs_$body-small fw_$semibold\">Possui Gavetas<\/span><\/div>\n<div><span class=\"tracking_$medium text_$text-default fs_$body-medium leading_$body-medium fw_$medium fs_$body-xsmall fw_$medium!\">Sim<\/span><\/div>\n<\/div>\n<div class=\"d_flex bg_$background-neutral-subtlest [&amp;_div]:flex_1 [&amp;:nth-child(even)]:bg_$background-neutral-subtle px_$large py_$medium gap_$small\">\n<div><span class=\"tracking_$medium text_$text-default fs_$body-medium leading_$body-medium fw_$medium fs_$body-small fw_$semibold\">Cor do Produto<\/span><\/div>\n<div><span class=\"tracking_$medium text_$text-default fs_$body-medium leading_$body-medium fw_$medium fs_$body-xsmall fw_$medium!\">Naturale<\/span><\/div>\n<\/div>\n<\/div>\n<\/div>\n<\/div>\n<\/div>\n<\/div>\n<\/div>\n","protected":false},"excerpt":{"rendered":"<p>Descri\u00e7\u00e3o Escrivaninha Penteadeira Camarim Princess Com Porta Joias Mavaular Naturale Escrivaninha Camarim Princess com Porta joias Mavaular Dimensoes: Altura: 75 cm Largura: 135 cm Profundidade: 44 cm Material Principal: MDF<\/p>\n","protected":false},"featured_media":15588,"comment_status":"open","ping_status":"closed","template":"","meta":[],"product_brand":[],"product_cat":[15],"product_tag":[],"class_list":{"0":"post-15585","1":"product","2":"type-product","3":"status-publish","4":"has-post-thumbnail","6":"product_cat-produtos","7":"product_shipping_class-retirar-no-local","9":"first","10":"instock","11":"shipping-taxable","12":"purchasable","13":"product-type-simple"},"_links":{"self":[{"href":"https:\/\/ambrosioeletro.com.br\/v20\/wp-json\/wp\/v2\/product\/15585","targetHints":{"allow":["GET"]}}],"collection":[{"href":"https:\/\/ambrosioeletro.com.br\/v20\/wp-json\/wp\/v2\/product"}],"about":[{"href":"https:\/\/ambrosioeletro.com.br\/v20\/wp-json\/wp\/v2\/types\/product"}],"replies":[{"embeddable":true,"href":"https:\/\/ambrosioeletro.com.br\/v20\/wp-json\/wp\/v2\/comments?post=15585"}],"wp:featuredmedia":[{"embeddable":true,"href":"https:\/\/ambrosioeletro.com.br\/v20\/wp-json\/wp\/v2\/media\/15588"}],"wp:attachment":[{"href":"https:\/\/ambrosioeletro.com.br\/v20\/wp-json\/wp\/v2\/media?parent=15585"}],"wp:term":[{"taxonomy":"product_brand","embeddable":true,"href":"https:\/\/ambrosioeletro.com.br\/v20\/wp-json\/wp\/v2\/product_brand?post=15585"},{"taxonomy":"product_cat","embeddable":true,"href":"https:\/\/ambrosioeletro.com.br\/v20\/wp-json\/wp\/v2\/product_cat?post=15585"},{"taxonomy":"product_tag","embeddable":true,"href":"https:\/\/ambrosioeletro.com.br\/v20\/wp-json\/wp\/v2\/product_tag?post=15585"}],"curies":[{"name":"wp","href":"https:\/\/api.w.org\/{rel}","templated":true}]}}