{"id":15589,"date":"2026-04-02T09:52:53","date_gmt":"2026-04-02T12:52:53","guid":{"rendered":"https:\/\/ambrosioeletro.com.br\/v20\/?post_type=product&#038;p=15589"},"modified":"2026-04-02T09:53:39","modified_gmt":"2026-04-02T12:53:39","slug":"guarda-roupa-milano-cinamomo-off-white-3-portas-com-espelho-4-gavetas-leifer-moveis","status":"publish","type":"product","link":"https:\/\/ambrosioeletro.com.br\/v20\/produto\/guarda-roupa-milano-cinamomo-off-white-3-portas-com-espelho-4-gavetas-leifer-moveis\/","title":{"rendered":"Guarda Roupa Milano Cinamomo Off White 3 Portas com Espelho 4 Gavetas Leifer M\u00f3veis"},"content":{"rendered":"<p><strong>Guarda Roupa Milano Cinamomo Off White 3 Portas com Espelho 4 Gavetas Leifer M\u00f3veis<\/strong><\/p>\n<p>Um dormit\u00f3rio completo pede um bom guarda-roupa, n\u00e3o \u00e9? Este Roupeiro \u00e9 maravilhoso, moderno e atende bem \u00e0s suas necessidades. Espa\u00e7oso, ele possui os compartimentos ideais para acomodar todas as suas coisas, desde as roupas at\u00e9 os sapatos e acess\u00f3rios.<\/p>\n<p>Especifica\u00e7\u00f5es<\/p>\n<p>&#8211; Medida Produto Montado: 218 (A) x 211 (L) x 52 (C) cm;<\/p>\n<p>&#8211; Cor: Cinamomo\/Off White;<\/p>\n<p>&#8211; Acabamento: Pintura UV;<\/p>\n<p>&#8211; Estrutura: 100% MDF;<\/p>\n<p>&#8211; Portas: Sim, 3, de correr, sendo 1 com espelho e puxadores de madeira;<\/p>\n<p>&#8211; Gavetas: Sim, 4 com corredi\u00e7as telesc\u00f3pica;<\/p>\n<p>&#8211; Prateleiras: Sim, 6;<\/p>\n<p>&#8211; Cabideiro: Sim, em alum\u00ednio;<\/p>\n<p>&#8211; Suporte de Cabideiro: Sim, met\u00e1lico;<\/p>\n<p>&#8211; Necessita de Montagem: Sim;<\/p>\n<p>&#8211; Complexidade da Montagem: Alta;<\/p>\n<p>&#8211; Peso do Produto: 138 Kg;<\/p>\n<p>&#8211; Acompanha Manual de Montagem e Kit Ferragens;<\/p>\n<p>Informa\u00e7\u00f5es Importantes<\/p>\n<p>&#8211; A &#8220;disponibilidade&#8221; se refere ao prazo para o envio do produto encomendado.<\/p>\n<p>&#8211; A cor do produto pode variar em rela\u00e7\u00e3o \u00e0 foto devido a fatores como tratamento de imagem e calibra\u00e7\u00e3o do monitor.<\/p>\n<p>&#8211; Detalhes e acabamentos podem n\u00e3o ser evidentes nas imagens, que s\u00e3o meramente ilustrativas.<\/p>\n<p>&#8211; Objetos que aparecem nas fotos n\u00e3o acompanham o produto.<\/p>\n<p>&#8211; A instala\u00e7\u00e3o deve ser realizada por um t\u00e9cnico de confian\u00e7a do cliente, pois n\u00e3o nos responsabilizamos por montagens.<\/p>\n<p>&#8211; A transportadora n\u00e3o realiza entregas com subida de escada ou i\u00e7amento de produtos; despesas desse tipo s\u00e3o de responsabilidade do cliente.<\/p>\n<p>&#8211; Limpeza e cuidados, limpeza com flanela ou pano macio. N\u00e3o utilizar produtos qu\u00edmicos, lustra m\u00f3veis, abrasivos, \u00e1lcool ou limpeza a vapor. Evitar exposi\u00e7\u00e3o prolongada ao sol, pois pode causar ressecamento de sua estrutura, danificando-o.<\/p>\n<p>&nbsp;<\/p>\n","protected":false},"excerpt":{"rendered":"<p>Guarda Roupa Milano Cinamomo Off White 3 Portas com Espelho 4 Gavetas Leifer M\u00f3veis Um dormit\u00f3rio completo pede um bom guarda-roupa, n\u00e3o \u00e9? Este Roupeiro \u00e9 maravilhoso, moderno e atende<\/p>\n","protected":false},"featured_media":15592,"comment_status":"open","ping_status":"closed","template":"","meta":[],"product_brand":[],"product_cat":[15],"product_tag":[],"class_list":{"0":"post-15589","1":"product","2":"type-product","3":"status-publish","4":"has-post-thumbnail","6":"product_cat-produtos","7":"product_shipping_class-retirar-no-local","9":"first","10":"instock","11":"shipping-taxable","12":"purchasable","13":"product-type-simple"},"_links":{"self":[{"href":"https:\/\/ambrosioeletro.com.br\/v20\/wp-json\/wp\/v2\/product\/15589","targetHints":{"allow":["GET"]}}],"collection":[{"href":"https:\/\/ambrosioeletro.com.br\/v20\/wp-json\/wp\/v2\/product"}],"about":[{"href":"https:\/\/ambrosioeletro.com.br\/v20\/wp-json\/wp\/v2\/types\/product"}],"replies":[{"embeddable":true,"href":"https:\/\/ambrosioeletro.com.br\/v20\/wp-json\/wp\/v2\/comments?post=15589"}],"wp:featuredmedia":[{"embeddable":true,"href":"https:\/\/ambrosioeletro.com.br\/v20\/wp-json\/wp\/v2\/media\/15592"}],"wp:attachment":[{"href":"https:\/\/ambrosioeletro.com.br\/v20\/wp-json\/wp\/v2\/media?parent=15589"}],"wp:term":[{"taxonomy":"product_brand","embeddable":true,"href":"https:\/\/ambrosioeletro.com.br\/v20\/wp-json\/wp\/v2\/product_brand?post=15589"},{"taxonomy":"product_cat","embeddable":true,"href":"https:\/\/ambrosioeletro.com.br\/v20\/wp-json\/wp\/v2\/product_cat?post=15589"},{"taxonomy":"product_tag","embeddable":true,"href":"https:\/\/ambrosioeletro.com.br\/v20\/wp-json\/wp\/v2\/product_tag?post=15589"}],"curies":[{"name":"wp","href":"https:\/\/api.w.org\/{rel}","templated":true}]}}