{"id":15593,"date":"2026-04-02T10:36:09","date_gmt":"2026-04-02T13:36:09","guid":{"rendered":"https:\/\/ambrosioeletro.com.br\/v20\/?post_type=product&#038;p=15593"},"modified":"2026-04-02T10:36:09","modified_gmt":"2026-04-02T13:36:09","slug":"fogao-atlas-4-bocas-monaco-plus-com-mesa-de-inox-e-acendimento-automatico-bivolt-preto","status":"publish","type":"product","link":"https:\/\/ambrosioeletro.com.br\/v20\/produto\/fogao-atlas-4-bocas-monaco-plus-com-mesa-de-inox-e-acendimento-automatico-bivolt-preto\/","title":{"rendered":"Fog\u00e3o Atlas 4 Bocas M\u00f4naco Plus com Mesa de Inox e Acendimento Autom\u00e1tico Bivolt \u2013 Preto"},"content":{"rendered":"<div class=\"css-cs5a0t\">\n<div class=\"dsvia-flex css-rtcfjm\" data-testid=\"dsvia-base-div\">\n<p class=\"dsvia-text css-bqvivw\"><span dir=\"auto\">Acendimento<\/span><\/p>\n<p><span class=\"css-emfmc0\"><span dir=\"auto\">&#8211; Autom\u00e1tico &#8211; Autom\u00e1tico<\/span><\/span><\/div>\n<\/div>\n<div class=\"css-cs5a0t\">\n<div class=\"dsvia-flex css-rtcfjm\" data-testid=\"dsvia-base-div\">\n<p class=\"dsvia-text css-bqvivw\"><span dir=\"auto\">Temporizador<\/span><\/p>\n<p><span class=\"css-emfmc0\"><span dir=\"auto\">N\u00e3o<\/span><\/span><\/div>\n<\/div>\n<div class=\"css-cs5a0t\">\n<div class=\"dsvia-flex css-rtcfjm\" data-testid=\"dsvia-base-div\">\n<p class=\"dsvia-text css-bqvivw\"><span dir=\"auto\">Bot\u00f5es remov\u00edveis<\/span><\/p>\n<p><span class=\"css-emfmc0\"><span dir=\"auto\">Sim<\/span><\/span><\/div>\n<\/div>\n<div class=\"css-cs5a0t\">\n<div class=\"dsvia-flex css-rtcfjm\" data-testid=\"dsvia-base-div\">\n<p class=\"dsvia-text css-bqvivw\"><span dir=\"auto\">Luz no forno<\/span><\/p>\n<p><span class=\"css-emfmc0\"><span dir=\"auto\">N\u00e3o<\/span><\/span><\/div>\n<\/div>\n<div class=\"css-cs5a0t\">\n<div class=\"dsvia-flex css-rtcfjm\" data-testid=\"dsvia-base-div\">\n<p class=\"dsvia-text css-bqvivw\"><span dir=\"auto\">Acompanha<\/span><\/p>\n<p><span class=\"css-emfmc0\"><span dir=\"auto\">N\u00e3o<\/span><\/span><\/div>\n<\/div>\n<div class=\"css-cs5a0t\">\n<div class=\"dsvia-flex css-rtcfjm\" data-testid=\"dsvia-base-div\">\n<p class=\"dsvia-text css-bqvivw\"><span dir=\"auto\">Prateleiras do forno<\/span><\/p>\n<p><span class=\"css-emfmc0\"><span dir=\"auto\">01 prateleira parti<\/span><\/span><\/div>\n<\/div>\n<div class=\"css-cs5a0t\">\n<div class=\"dsvia-flex css-rtcfjm\" data-testid=\"dsvia-base-div\">\n<p class=\"dsvia-text css-bqvivw\"><span dir=\"auto\">Grelha sem forno<\/span><\/p>\n<p><span class=\"css-emfmc0\"><span dir=\"auto\">N\u00e3o<\/span><\/span><\/div>\n<\/div>\n<div class=\"css-1h51iw\">\n<div class=\"dsvia-flex css-rtcfjm\" data-testid=\"dsvia-base-div\">\n<p class=\"dsvia-text css-bqvivw\"><span dir=\"auto\">Caracter\u00edsticas Gerais<\/span><\/p>\n<p><span class=\"css-emfmc0\"><span dir=\"auto\">Facilidade para limpar<\/span><br \/>\n<span dir=\"auto\">seu forno, conta com o sistema Limpa F\u00e1cil, onde sua cavidade interna \u00e9 esmaltada e lisa, evitando o ac\u00famulo de gordura e sujeiras.<\/span><\/p>\n<p><span dir=\"auto\">Mais pot\u00eancia e rapidez no cozimento dos alimentos.<\/span><br \/>\n<span dir=\"auto\">Seus dois queimadores tamanho fam\u00edlia ir\u00e3o agilizar muito o preparo dos alimentos. Al\u00e9m disso, \u00e9 claro de mais dois queimadores Ramal de pot\u00eancia de 1,7 kw.<\/span><\/p>\n<p><span dir=\"auto\">Vidro interno amig\u00e1vel<\/span><br \/>\n<span dir=\"auto\">Pra descomplicar na hora da limpeza, o vidro interno do forno \u00e9 comprado. E para maior seguran\u00e7a, o vidro da porta \u00e9 Duplo.<\/span><\/p>\n<p><span dir=\"auto\">P\u00e9s altos e limpos<\/span><br \/>\n<span dir=\"auto\">Ele conta com p\u00e9s em um novo design, que s\u00e3o mais altos por\u00e9m discretos, pois acompanham o formato frontal do fog\u00e3o.<\/span><\/span><\/div>\n<\/div>\n<div class=\"css-cs5a0t\">\n<div class=\"dsvia-flex css-rtcfjm\" data-testid=\"dsvia-base-div\">\n<p class=\"dsvia-text css-bqvivw\"><span dir=\"auto\">Tipo<\/span><\/p>\n<p><span class=\"css-emfmc0\"><span dir=\"auto\">De Piso<\/span><\/span><\/div>\n<\/div>\n<div class=\"css-cs5a0t\">\n<div class=\"dsvia-flex css-rtcfjm\" data-testid=\"dsvia-base-div\">\n<p class=\"dsvia-text css-bqvivw\"><span dir=\"auto\">N\u00famero de bocas<\/span><\/p>\n<p><span class=\"css-emfmc0\"><span dir=\"auto\">4<\/span><\/span><\/div>\n<\/div>\n<div class=\"css-cs5a0t\">\n<div class=\"dsvia-flex css-rtcfjm\" data-testid=\"dsvia-base-div\">\n<p class=\"dsvia-text css-bqvivw\"><span dir=\"auto\">Tipo de Mesa<\/span><\/p>\n<p><span class=\"css-emfmc0\"><span dir=\"auto\">Inox<\/span><\/span><\/div>\n<\/div>\n<div class=\"css-cs5a0t\">\n<div class=\"dsvia-flex css-rtcfjm\" data-testid=\"dsvia-base-div\">\n<p class=\"dsvia-text css-bqvivw\"><span dir=\"auto\">Quantidade de Bocas<\/span><\/p>\n<p><span class=\"css-emfmc0\"><span dir=\"auto\">De 3 a 4 bocas<\/span><\/span><\/div>\n<div data-testid=\"dsvia-base-div\">\n<div class=\"css-cs5a0t\">\n<div class=\"dsvia-flex css-rtcfjm\" data-testid=\"dsvia-base-div\">\n<p class=\"dsvia-text css-bqvivw\"><span dir=\"auto\">Cor<\/span><\/p>\n<p><span class=\"css-emfmc0\"><span dir=\"auto\">Preto<\/span><\/span><\/div>\n<\/div>\n<div class=\"css-cs5a0t\">\n<div class=\"dsvia-flex css-rtcfjm\" data-testid=\"dsvia-base-div\">\n<p class=\"dsvia-text css-bqvivw\"><span dir=\"auto\">joia do forno (litros)<\/span><\/p>\n<p><span class=\"css-emfmc0\"><span dir=\"auto\">50<\/span><\/span><\/div>\n<\/div>\n<div class=\"css-cs5a0t\">\n<div class=\"dsvia-flex css-rtcfjm\" data-testid=\"dsvia-base-div\">\n<p class=\"dsvia-text css-bqvivw\"><span dir=\"auto\">Pot\u00eancia dos queimadores<\/span><\/p>\n<p><span class=\"css-emfmc0\"><span dir=\"auto\">Fam\u00edlia: 2,0 kW | Ramal: 1,7 kW<\/span><\/span><\/div>\n<\/div>\n<div class=\"css-cs5a0t\">\n<div class=\"dsvia-flex css-rtcfjm\" data-testid=\"dsvia-base-div\">\n<p class=\"dsvia-text css-bqvivw\"><span dir=\"auto\">Tens\u00e3o\/Voltagem<\/span><\/p>\n<p><span class=\"css-emfmc0\"><span dir=\"auto\">bivolt<\/span><\/span><\/div>\n<\/div>\n<div class=\"css-cs5a0t\">\n<div class=\"dsvia-flex css-rtcfjm\" data-testid=\"dsvia-base-div\">\n<p class=\"dsvia-text css-bqvivw\"><span dir=\"auto\">Altura<\/span><\/p>\n<p><span class=\"css-emfmc0\"><span dir=\"auto\">De 80 a 97 cm<\/span><\/span><\/div>\n<\/div>\n<div class=\"css-cs5a0t\">\n<div class=\"dsvia-flex css-rtcfjm\" data-testid=\"dsvia-base-div\">\n<p class=\"dsvia-text css-bqvivw\"><span dir=\"auto\">Largura<\/span><\/p>\n<p><span class=\"css-emfmc0\"><span dir=\"auto\">De 48 a 54 cm<\/span><\/span><\/div>\n<\/div>\n<div class=\"css-cs5a0t\">\n<div class=\"dsvia-flex css-rtcfjm\" data-testid=\"dsvia-base-div\">\n<p class=\"dsvia-text css-bqvivw\"><span dir=\"auto\">Garantia<\/span><\/p>\n<p><span class=\"css-emfmc0\"><span dir=\"auto\">12 meses<\/span><\/span><\/div>\n<\/div>\n<div class=\"css-cs5a0t\">\n<div class=\"dsvia-flex css-rtcfjm\" data-testid=\"dsvia-base-div\">\n<p class=\"dsvia-text css-bqvivw\"><span dir=\"auto\">Profundidade<\/span><\/p>\n<p><span class=\"css-emfmc0\"><span dir=\"auto\">De 55 a 59 cm<\/span><\/span><\/div>\n<\/div>\n<div class=\"css-cs5a0t\">\n<div class=\"dsvia-flex css-rtcfjm\" data-testid=\"dsvia-base-div\">\n<p class=\"dsvia-text css-bqvivw\"><span dir=\"auto\">Conte\u00fado da embalagem<\/span><\/p>\n<p><span class=\"css-emfmc0\"><span dir=\"auto\">&#8211; 1 Fog\u00e3o Atlas 4 Bocas M\u00f4naco Plus com Mesa de Inox e Acendimento Autom\u00e1tico Bivolt \u2013 Preto;<\/span><br \/>\n<span dir=\"auto\">-Manual de Instru\u00e7\u00f5es.<\/span><\/span><\/div>\n<\/div>\n<div class=\"css-1h51iw\">\n<div class=\"dsvia-flex css-rtcfjm\" data-testid=\"dsvia-base-div\">\n<p class=\"dsvia-text css-bqvivw\"><span dir=\"auto\">Observa\u00e7\u00f5es<\/span><\/p>\n<p><span class=\"css-emfmc0\"><span dir=\"auto\">1. N\u00e3o nos responsabilizamos pela instala\u00e7\u00e3o\/montagem deste produto. Para eventuais pe\u00e7as adicionais, bem como poss\u00edveis especifica\u00e7\u00f5es de utiliza\u00e7\u00e3o de todas as funcionalidades, consulte o fabricante.<\/span><\/p>\n<p><span dir=\"auto\">2. Devido \u00e0s normas da ABNT e \u00e0s resolu\u00e7\u00f5es n\u00ba 13 de 2006, n\u00ba 2 de 2007 e n\u00ba 8 de 2009 do CONMETRO, os fabricantes est\u00e3o mudando conforme tomadas para o novo padr\u00e3o. Para utilizar este produto, ser\u00e1 necess\u00e1rio um adaptador ou uma troca da tomada antiga. N\u00e3o nos responsabilizamos por esta altera\u00e7\u00e3o.<\/span><\/p>\n<p><span dir=\"auto\">3. Para instala\u00e7\u00e3o, funcionalidades, manuten\u00e7\u00e3o e cuidados espec\u00edficos consulte o manual do produto.<\/span><br \/>\n<\/span><\/div>\n<\/div>\n<div class=\"css-1h51iw\">\n<div class=\"dsvia-flex css-rtcfjm\" data-testid=\"dsvia-base-div\">\n<p class=\"dsvia-text css-bqvivw\"><span dir=\"auto\">Entrega do Produto<\/span><\/p>\n<p><span class=\"css-emfmc0\"><span dir=\"auto\">N\u00e3o nos responsabilizamos pelo transporte por escadas\/elevadores, guincho ou i\u00e7amento deste produto.-Todas as instru\u00e7\u00f5es, manuais e pe\u00e7as para a montagem s\u00e3o fornecidas junto com o produto-n\u00e3o nos responsabilizamos pela instala\u00e7\u00e3o\/montagem<\/span><\/span><\/div>\n<\/div>\n<\/div>\n<\/div>\n","protected":false},"excerpt":{"rendered":"<p>Acendimento &#8211; Autom\u00e1tico &#8211; Autom\u00e1tico Temporizador N\u00e3o Bot\u00f5es remov\u00edveis Sim Luz no forno N\u00e3o Acompanha N\u00e3o Prateleiras do forno 01 prateleira parti Grelha sem forno N\u00e3o Caracter\u00edsticas Gerais Facilidade para<\/p>\n","protected":false},"featured_media":15597,"comment_status":"open","ping_status":"closed","template":"","meta":[],"product_brand":[],"product_cat":[15],"product_tag":[],"class_list":{"0":"post-15593","1":"product","2":"type-product","3":"status-publish","4":"has-post-thumbnail","6":"product_cat-produtos","7":"product_shipping_class-retirar-no-local","9":"first","10":"instock","11":"shipping-taxable","12":"purchasable","13":"product-type-simple"},"_links":{"self":[{"href":"https:\/\/ambrosioeletro.com.br\/v20\/wp-json\/wp\/v2\/product\/15593","targetHints":{"allow":["GET"]}}],"collection":[{"href":"https:\/\/ambrosioeletro.com.br\/v20\/wp-json\/wp\/v2\/product"}],"about":[{"href":"https:\/\/ambrosioeletro.com.br\/v20\/wp-json\/wp\/v2\/types\/product"}],"replies":[{"embeddable":true,"href":"https:\/\/ambrosioeletro.com.br\/v20\/wp-json\/wp\/v2\/comments?post=15593"}],"wp:featuredmedia":[{"embeddable":true,"href":"https:\/\/ambrosioeletro.com.br\/v20\/wp-json\/wp\/v2\/media\/15597"}],"wp:attachment":[{"href":"https:\/\/ambrosioeletro.com.br\/v20\/wp-json\/wp\/v2\/media?parent=15593"}],"wp:term":[{"taxonomy":"product_brand","embeddable":true,"href":"https:\/\/ambrosioeletro.com.br\/v20\/wp-json\/wp\/v2\/product_brand?post=15593"},{"taxonomy":"product_cat","embeddable":true,"href":"https:\/\/ambrosioeletro.com.br\/v20\/wp-json\/wp\/v2\/product_cat?post=15593"},{"taxonomy":"product_tag","embeddable":true,"href":"https:\/\/ambrosioeletro.com.br\/v20\/wp-json\/wp\/v2\/product_tag?post=15593"}],"curies":[{"name":"wp","href":"https:\/\/api.w.org\/{rel}","templated":true}]}}