{"id":15605,"date":"2026-04-02T17:46:40","date_gmt":"2026-04-02T20:46:40","guid":{"rendered":"https:\/\/ambrosioeletro.com.br\/v20\/?post_type=product&#038;p=15605"},"modified":"2026-04-02T17:53:43","modified_gmt":"2026-04-02T20:53:43","slug":"lava-e-seca-11kg-titanium-slim-healthguard-conectada-midea","status":"publish","type":"product","link":"https:\/\/ambrosioeletro.com.br\/v20\/produto\/lava-e-seca-11kg-titanium-slim-healthguard-conectada-midea\/","title":{"rendered":"Lava e Seca 11kg Titanium Slim HealthGuard Conectada Midea"},"content":{"rendered":"<p>Lava e Seca 11kg Slim HealthGuard Conectada Midea: mesma capacidade em menos espa\u00e7o. Com design compacto e moderno, possui dimens\u00f5es reduzidas que otimizam espa\u00e7o sem comprometer a capacidade e efici\u00eancia da m\u00e1quina. Com conectividade avan\u00e7ada, \u00e9 poss\u00edvel controlar a m\u00e1quina via aplicativo SmartHome e por comando de voz (Alexa e Google Home). Al\u00e9m de receber notifica\u00e7\u00f5es, customize programas e acione diversas fun\u00e7\u00f5es. Destaque para a Fun\u00e7\u00e3o Especialista, que recomenda a lavagem mais adequada de acordo com o tipo de roupa e n\u00edvel de sujeira. As novas m\u00e1quinas contam com as tecnologias exclusivas Health Guard que garantem a limpeza e esteriliza\u00e7\u00e3o profundas nos programas de lavagem, e Fun\u00e7\u00e3o Turbo que acelera o ciclo de lavagem.<\/p>\n<ul class=\"AccordionPdp_measurementList__3aWAP\">\n<li class=\"AccordionPdp_measurementItem__khmZ9\"><img loading=\"lazy\" decoding=\"async\" class=\"AccordionPdp_measurementItemImage__qSIJ2\" role=\"presentation\" src=\"https:\/\/www.midea.com.br\/_next\/static\/media\/heightImg.0286b45e.png\" sizes=\"auto, (max-width: 1440px) 100vw, 1440px\" srcset=\"\/_next\/static\/media\/heightImg.0286b45e.png 360w, \/_next\/static\/media\/heightImg.0286b45e.png 412w, \/_next\/static\/media\/heightImg.0286b45e.png 540w, \/_next\/static\/media\/heightImg.0286b45e.png 768w, \/_next\/static\/media\/heightImg.0286b45e.png 1280w, \/_next\/static\/media\/heightImg.0286b45e.png 1440w\" alt=\"\" width=\"48\" height=\"48\" aria-hidden=\"true\" data-nimg=\"1\" \/><strong class=\"AccordionPdp_measurementItemTitle__BpOs3\">Altura<\/strong><span class=\"AccordionPdp_measurementItemValue__6CGNH\">85,0 cm<\/span><\/li>\n<li class=\"AccordionPdp_measurementItem__khmZ9\"><img loading=\"lazy\" decoding=\"async\" class=\"AccordionPdp_measurementItemImage__qSIJ2\" role=\"presentation\" src=\"https:\/\/www.midea.com.br\/_next\/static\/media\/widthImg.ea4b7fd3.png\" sizes=\"auto, (max-width: 1440px) 100vw, 1440px\" srcset=\"\/_next\/static\/media\/widthImg.ea4b7fd3.png 360w, \/_next\/static\/media\/widthImg.ea4b7fd3.png 412w, \/_next\/static\/media\/widthImg.ea4b7fd3.png 540w, \/_next\/static\/media\/widthImg.ea4b7fd3.png 768w, \/_next\/static\/media\/widthImg.ea4b7fd3.png 1280w, \/_next\/static\/media\/widthImg.ea4b7fd3.png 1440w\" alt=\"\" width=\"48\" height=\"48\" aria-hidden=\"true\" data-nimg=\"1\" \/><strong class=\"AccordionPdp_measurementItemTitle__BpOs3\">Largura<\/strong><span class=\"AccordionPdp_measurementItemValue__6CGNH\">59,5 cm<\/span><\/li>\n<li>\n<table class=\"AccordionPdp_tableSpecs__b7yzL\">\n<tbody>\n<tr>\n<td class=\"AccordionPdp_tableSpecs__b7yzL\"><span class=\"AccordionPdp_specsName___A6_1\">Origem<\/span><span class=\"AccordionPdp_specsValue__d5Y09\">Importado<\/span><\/td>\n<td class=\"AccordionPdp_tableSpecs__b7yzL\" role=\"presentation\" aria-hidden=\"true\"><\/td>\n<td class=\"AccordionPdp_tableSpecs__b7yzL\"><span class=\"AccordionPdp_specsName___A6_1\">Cor<\/span><span class=\"AccordionPdp_specsValue__d5Y09\">Titanium<\/span><\/td>\n<\/tr>\n<tr>\n<td class=\"AccordionPdp_tableSpecs__b7yzL\"><span class=\"AccordionPdp_specsName___A6_1\">Capacidade total<\/span><span class=\"AccordionPdp_specsValue__d5Y09\">11Kg<\/span><\/td>\n<td class=\"AccordionPdp_tableSpecs__b7yzL\" role=\"presentation\" aria-hidden=\"true\"><\/td>\n<td class=\"AccordionPdp_tableSpecs__b7yzL\"><span class=\"AccordionPdp_specsName___A6_1\">Produto conectado<\/span><span class=\"AccordionPdp_specsValue__d5Y09\">Sim<\/span><\/td>\n<\/tr>\n<tr>\n<td class=\"AccordionPdp_tableSpecs__b7yzL\"><span class=\"AccordionPdp_specsName___A6_1\">Intelig\u00eancia Artificial<\/span><span class=\"AccordionPdp_specsValue__d5Y09\">N\u00e3o<\/span><\/td>\n<td class=\"AccordionPdp_tableSpecs__b7yzL\" role=\"presentation\" aria-hidden=\"true\"><\/td>\n<td class=\"AccordionPdp_tableSpecs__b7yzL\"><span class=\"AccordionPdp_specsName___A6_1\">Capacidade de secagem<\/span><span class=\"AccordionPdp_specsValue__d5Y09\">7Kg<\/span><\/td>\n<\/tr>\n<tr>\n<td class=\"AccordionPdp_tableSpecs__b7yzL\"><span class=\"AccordionPdp_specsName___A6_1\">Inverter<\/span><span class=\"AccordionPdp_specsValue__d5Y09\">Sim<\/span><\/td>\n<td class=\"AccordionPdp_tableSpecs__b7yzL\" role=\"presentation\" aria-hidden=\"true\"><\/td>\n<td class=\"AccordionPdp_tableSpecs__b7yzL\"><span class=\"AccordionPdp_specsName___A6_1\">Wifi<\/span><span class=\"AccordionPdp_specsValue__d5Y09\">Sim<\/span><\/td>\n<\/tr>\n<tr>\n<td class=\"AccordionPdp_tableSpecs__b7yzL\"><span class=\"AccordionPdp_specsName___A6_1\">Compat\u00edvel com o Aplicativo Midea<\/span><span class=\"AccordionPdp_specsValue__d5Y09\">Sim<\/span><\/td>\n<td class=\"AccordionPdp_tableSpecs__b7yzL\" role=\"presentation\" aria-hidden=\"true\"><\/td>\n<td class=\"AccordionPdp_tableSpecs__b7yzL\"><span class=\"AccordionPdp_specsName___A6_1\">Compat\u00edvel com Alexa e Google<\/span><span class=\"AccordionPdp_specsValue__d5Y09\">Sim<\/span><\/td>\n<\/tr>\n<tr>\n<td class=\"AccordionPdp_tableSpecs__b7yzL\"><span class=\"AccordionPdp_specsName___A6_1\">Tipo<\/span><span class=\"AccordionPdp_specsValue__d5Y09\">Front Loading autom\u00e1tica<\/span><\/td>\n<td class=\"AccordionPdp_tableSpecs__b7yzL\" role=\"presentation\" aria-hidden=\"true\"><\/td>\n<td class=\"AccordionPdp_tableSpecs__b7yzL\"><span class=\"AccordionPdp_specsName___A6_1\">Acesso ao cesto<\/span><span class=\"AccordionPdp_specsValue__d5Y09\">Frontal<\/span><\/td>\n<\/tr>\n<tr>\n<td class=\"AccordionPdp_tableSpecs__b7yzL\"><span class=\"AccordionPdp_specsName___A6_1\">Material interno (cesto)<\/span><span class=\"AccordionPdp_specsValue__d5Y09\">A\u00e7o inox<\/span><\/td>\n<td class=\"AccordionPdp_tableSpecs__b7yzL\" role=\"presentation\" aria-hidden=\"true\"><\/td>\n<td class=\"AccordionPdp_tableSpecs__b7yzL\"><span class=\"AccordionPdp_specsName___A6_1\">Material externo<\/span><span class=\"AccordionPdp_specsValue__d5Y09\">Pl\u00e1stico e A\u00e7o e Vidro<\/span><\/td>\n<\/tr>\n<tr>\n<td class=\"AccordionPdp_tableSpecs__b7yzL\"><span class=\"AccordionPdp_specsName___A6_1\">Cor da cabine<\/span><span class=\"AccordionPdp_specsValue__d5Y09\">Titanium<\/span><\/td>\n<td class=\"AccordionPdp_tableSpecs__b7yzL\" role=\"presentation\" aria-hidden=\"true\"><\/td>\n<td class=\"AccordionPdp_tableSpecs__b7yzL\"><span class=\"AccordionPdp_specsName___A6_1\">Cor da porta<\/span><span class=\"AccordionPdp_specsValue__d5Y09\">Preta<\/span><\/td>\n<\/tr>\n<tr>\n<td class=\"AccordionPdp_tableSpecs__b7yzL\"><span class=\"AccordionPdp_specsName___A6_1\">Cor interna<\/span><span class=\"AccordionPdp_specsValue__d5Y09\">Inox<\/span><\/td>\n<td class=\"AccordionPdp_tableSpecs__b7yzL\" role=\"presentation\" aria-hidden=\"true\"><\/td>\n<td class=\"AccordionPdp_tableSpecs__b7yzL\"><span class=\"AccordionPdp_specsName___A6_1\">Programas (quantidade)<\/span><span class=\"AccordionPdp_specsValue__d5Y09\">14 + 5 no APP<\/span><\/td>\n<\/tr>\n<tr>\n<td class=\"AccordionPdp_tableSpecs__b7yzL\"><span class=\"AccordionPdp_specsName___A6_1\">Programas<\/span><span class=\"AccordionPdp_specsValue__d5Y09\">Favorito, Algod\u00e3o, Mix, Sint\u00e9tico, Esterilizar, Centrifugar, Secar, R\u00e1pido 15 60, Desodorizar, Super ECO, Delicado ou l\u00e3, Pesado ou jeans, Edredom , Limpeza do Tambor<\/span><\/td>\n<td class=\"AccordionPdp_tableSpecs__b7yzL\" role=\"presentation\" aria-hidden=\"true\"><\/td>\n<td class=\"AccordionPdp_tableSpecs__b7yzL\"><span class=\"AccordionPdp_specsName___A6_1\">Ciclos dispon\u00edveis<\/span><span class=\"AccordionPdp_specsValue__d5Y09\">Pr\u00e9-lavagem, Lavagem, Enx\u00e1gue, Centrifuga\u00e7\u00e3o, Secagem<\/span><\/td>\n<\/tr>\n<tr>\n<td class=\"AccordionPdp_tableSpecs__b7yzL\"><span class=\"AccordionPdp_specsName___A6_1\">Acompanhamento dos est\u00e1gios de ciclo<\/span><span class=\"AccordionPdp_specsValue__d5Y09\">Sim<\/span><\/td>\n<td class=\"AccordionPdp_tableSpecs__b7yzL\" role=\"presentation\" aria-hidden=\"true\"><\/td>\n<td class=\"AccordionPdp_tableSpecs__b7yzL\"><span class=\"AccordionPdp_specsName___A6_1\">Fun\u00e7\u00f5es (quantidade)<\/span><span class=\"AccordionPdp_specsValue__d5Y09\">10<\/span><\/td>\n<\/tr>\n<tr>\n<td class=\"AccordionPdp_tableSpecs__b7yzL\"><span class=\"AccordionPdp_specsName___A6_1\">Fun\u00e7\u00f5es<\/span><span class=\"AccordionPdp_specsValue__d5Y09\">Turbo, Centrifugar, Temperatura, Adiar in\u00edcio, +Roupa, Vapor, Secar, Tira mancha, Enx\u00e1gue+, Travar<\/span><\/td>\n<td class=\"AccordionPdp_tableSpecs__b7yzL\" role=\"presentation\" aria-hidden=\"true\"><\/td>\n<td class=\"AccordionPdp_tableSpecs__b7yzL\"><span class=\"AccordionPdp_specsName___A6_1\">Modo Desodorizar<\/span><span class=\"AccordionPdp_specsValue__d5Y09\">Sim<\/span><\/td>\n<\/tr>\n<tr>\n<td class=\"AccordionPdp_tableSpecs__b7yzL\"><span class=\"AccordionPdp_specsName___A6_1\">Fun\u00e7\u00e3o incluir roupas<\/span><span class=\"AccordionPdp_specsValue__d5Y09\">Sim<\/span><\/td>\n<td class=\"AccordionPdp_tableSpecs__b7yzL\" role=\"presentation\" aria-hidden=\"true\"><\/td>\n<td class=\"AccordionPdp_tableSpecs__b7yzL\"><span class=\"AccordionPdp_specsName___A6_1\">Tecla n\u00edvel de sujeira<\/span><span class=\"AccordionPdp_specsValue__d5Y09\">N\u00e3o<\/span><\/td>\n<\/tr>\n<tr>\n<td class=\"AccordionPdp_tableSpecs__b7yzL\"><span class=\"AccordionPdp_specsName___A6_1\">Tecla iniciar pausar<\/span><span class=\"AccordionPdp_specsValue__d5Y09\">Sim<\/span><\/td>\n<td class=\"AccordionPdp_tableSpecs__b7yzL\" role=\"presentation\" aria-hidden=\"true\"><\/td>\n<td class=\"AccordionPdp_tableSpecs__b7yzL\"><span class=\"AccordionPdp_specsName___A6_1\">Painel<\/span><span class=\"AccordionPdp_specsValue__d5Y09\">Touch + Knob Lunar Dial<\/span><\/td>\n<\/tr>\n<tr>\n<td class=\"AccordionPdp_tableSpecs__b7yzL\"><span class=\"AccordionPdp_specsName___A6_1\">Trava no painel<\/span><span class=\"AccordionPdp_specsValue__d5Y09\">Sim<\/span><\/td>\n<td class=\"AccordionPdp_tableSpecs__b7yzL\" role=\"presentation\" aria-hidden=\"true\"><\/td>\n<td class=\"AccordionPdp_tableSpecs__b7yzL\"><span class=\"AccordionPdp_specsName___A6_1\">Display<\/span><span class=\"AccordionPdp_specsValue__d5Y09\">LED<\/span><\/td>\n<\/tr>\n<tr>\n<td class=\"AccordionPdp_tableSpecs__b7yzL\"><span class=\"AccordionPdp_specsName___A6_1\">Cor do display<\/span><span class=\"AccordionPdp_specsValue__d5Y09\">Azul e Branco<\/span><\/td>\n<td class=\"AccordionPdp_tableSpecs__b7yzL\" role=\"presentation\" aria-hidden=\"true\"><\/td>\n<td class=\"AccordionPdp_tableSpecs__b7yzL\"><span class=\"AccordionPdp_specsName___A6_1\">Tipo de trava<\/span><span class=\"AccordionPdp_specsValue__d5Y09\">Eletr\u00f4nico<\/span><\/td>\n<\/tr>\n<tr>\n<td class=\"AccordionPdp_tableSpecs__b7yzL\"><span class=\"AccordionPdp_specsName___A6_1\">P\u00e9s ajust\u00e1veis<\/span><span class=\"AccordionPdp_specsValue__d5Y09\">Sim<\/span><\/td>\n<td class=\"AccordionPdp_tableSpecs__b7yzL\" role=\"presentation\" aria-hidden=\"true\"><\/td>\n<td class=\"AccordionPdp_tableSpecs__b7yzL\"><span class=\"AccordionPdp_specsName___A6_1\">Painel com aviso de erro<\/span><span class=\"AccordionPdp_specsValue__d5Y09\">Sim<\/span><\/td>\n<\/tr>\n<tr>\n<td class=\"AccordionPdp_tableSpecs__b7yzL\"><span class=\"AccordionPdp_specsName___A6_1\">Range de Temperatura<\/span><span class=\"AccordionPdp_specsValue__d5Y09\">Fria &#8211; 20C &#8211; 30C &#8211; 40C &#8211; 50C &#8211; 60C<\/span><\/td>\n<td class=\"AccordionPdp_tableSpecs__b7yzL\" role=\"presentation\" aria-hidden=\"true\"><\/td>\n<td class=\"AccordionPdp_tableSpecs__b7yzL\"><span class=\"AccordionPdp_specsName___A6_1\">Velocidade de centrifuga\u00e7\u00e3o (rpm)<\/span><span class=\"AccordionPdp_specsValue__d5Y09\">0 &#8211; 400 &#8211; 600 &#8211; 800 &#8211; 1000 &#8211; 1200 RPM<\/span><\/td>\n<\/tr>\n<tr>\n<td class=\"AccordionPdp_tableSpecs__b7yzL\"><span class=\"AccordionPdp_specsName___A6_1\">Timer<\/span><span class=\"AccordionPdp_specsValue__d5Y09\">Sim (24h)<\/span><\/td>\n<td class=\"AccordionPdp_tableSpecs__b7yzL\" role=\"presentation\" aria-hidden=\"true\"><\/td>\n<td class=\"AccordionPdp_tableSpecs__b7yzL\"><span class=\"AccordionPdp_specsName___A6_1\">Tipo do Motor<\/span><span class=\"AccordionPdp_specsValue__d5Y09\">BLDC<\/span><\/td>\n<\/tr>\n<tr>\n<td class=\"AccordionPdp_tableSpecs__b7yzL\"><span class=\"AccordionPdp_specsName___A6_1\">Luz no cesto<\/span><span class=\"AccordionPdp_specsValue__d5Y09\">N\u00e3o<\/span><\/td>\n<td class=\"AccordionPdp_tableSpecs__b7yzL\" role=\"presentation\" aria-hidden=\"true\"><\/td>\n<td class=\"AccordionPdp_tableSpecs__b7yzL\"><span class=\"AccordionPdp_specsName___A6_1\">Filtro<\/span><span class=\"AccordionPdp_specsValue__d5Y09\">Sim<\/span><\/td>\n<\/tr>\n<tr>\n<td class=\"AccordionPdp_tableSpecs__b7yzL\"><span class=\"AccordionPdp_specsName___A6_1\">Dispenser<\/span><span class=\"AccordionPdp_specsValue__d5Y09\">Sab\u00e3o e amaciante<\/span><\/td>\n<td class=\"AccordionPdp_tableSpecs__b7yzL\" role=\"presentation\" aria-hidden=\"true\"><\/td>\n<td class=\"AccordionPdp_tableSpecs__b7yzL\"><span class=\"AccordionPdp_specsName___A6_1\">Tipo de \u00e1gua<\/span><span class=\"AccordionPdp_specsValue__d5Y09\">\u00c1gua fria<\/span><\/td>\n<\/tr>\n<tr>\n<td class=\"AccordionPdp_tableSpecs__b7yzL\"><span class=\"AccordionPdp_specsName___A6_1\">Consumo de Energia &#8211; \u00c1gua Fria (kWh\/ciclo) (127v)<\/span><span class=\"AccordionPdp_specsValue__d5Y09\">,26<\/span><\/td>\n<td class=\"AccordionPdp_tableSpecs__b7yzL\" role=\"presentation\" aria-hidden=\"true\"><\/td>\n<td class=\"AccordionPdp_tableSpecs__b7yzL\"><span class=\"AccordionPdp_specsName___A6_1\">Consumo de Energia &#8211; \u00c1gua Fria (kWh\/ciclo) (220v)<\/span><span class=\"AccordionPdp_specsValue__d5Y09\">,29<\/span><\/td>\n<\/tr>\n<tr>\n<td class=\"AccordionPdp_tableSpecs__b7yzL\"><span class=\"AccordionPdp_specsName___A6_1\">Consumo de Energia &#8211; \u00c1gua Quente (kWh\/ciclo) (127v)<\/span><span class=\"AccordionPdp_specsValue__d5Y09\">1,66<\/span><\/td>\n<td class=\"AccordionPdp_tableSpecs__b7yzL\" role=\"presentation\" aria-hidden=\"true\"><\/td>\n<td class=\"AccordionPdp_tableSpecs__b7yzL\"><span class=\"AccordionPdp_specsName___A6_1\">Consumo de Energia &#8211; \u00c1gua Quente (kWh\/ciclo) (220v)<\/span><span class=\"AccordionPdp_specsValue__d5Y09\">1,8<\/span><\/td>\n<\/tr>\n<tr>\n<td class=\"AccordionPdp_tableSpecs__b7yzL\"><span class=\"AccordionPdp_specsName___A6_1\">Efici\u00eancia de Lavagem &#8211; \u00c1gua Fria (127v)<\/span><span class=\"AccordionPdp_specsValue__d5Y09\">,95<\/span><\/td>\n<td class=\"AccordionPdp_tableSpecs__b7yzL\" role=\"presentation\" aria-hidden=\"true\"><\/td>\n<td class=\"AccordionPdp_tableSpecs__b7yzL\"><span class=\"AccordionPdp_specsName___A6_1\">Efici\u00eancia de Lavagem &#8211; \u00c1gua Fria (220v)<\/span><span class=\"AccordionPdp_specsValue__d5Y09\">,97<\/span><\/td>\n<\/tr>\n<tr>\n<td class=\"AccordionPdp_tableSpecs__b7yzL\"><span class=\"AccordionPdp_specsName___A6_1\">Efici\u00eancia de Lavagem &#8211; \u00c1gua Quente (127v)<\/span><span class=\"AccordionPdp_specsValue__d5Y09\">1,03<\/span><\/td>\n<td class=\"AccordionPdp_tableSpecs__b7yzL\" role=\"presentation\" aria-hidden=\"true\"><\/td>\n<td class=\"AccordionPdp_tableSpecs__b7yzL\"><span class=\"AccordionPdp_specsName___A6_1\">Efici\u00eancia de Lavagem &#8211; \u00c1gua Quente (220v)<\/span><span class=\"AccordionPdp_specsValue__d5Y09\">1,06<\/span><\/td>\n<\/tr>\n<tr>\n<td class=\"AccordionPdp_tableSpecs__b7yzL\"><span class=\"AccordionPdp_specsName___A6_1\">Consumo de \u00c1gua (L\/ciclo) (127v)<\/span><span class=\"AccordionPdp_specsValue__d5Y09\">81<\/span><\/td>\n<td class=\"AccordionPdp_tableSpecs__b7yzL\" role=\"presentation\" aria-hidden=\"true\"><\/td>\n<td class=\"AccordionPdp_tableSpecs__b7yzL\"><span class=\"AccordionPdp_specsName___A6_1\">Consumo de \u00c1gua (L\/ciclo) (220v)<\/span><span class=\"AccordionPdp_specsValue__d5Y09\">83<\/span><\/td>\n<\/tr>\n<tr>\n<td class=\"AccordionPdp_tableSpecs__b7yzL\"><span class=\"AccordionPdp_specsName___A6_1\">Selo Procel<\/span><span class=\"AccordionPdp_specsValue__d5Y09\">Sim<\/span><\/td>\n<td class=\"AccordionPdp_tableSpecs__b7yzL\" role=\"presentation\" aria-hidden=\"true\"><\/td>\n<td class=\"AccordionPdp_tableSpecs__b7yzL\"><span class=\"AccordionPdp_specsName___A6_1\">Classifica\u00e7\u00e3o energ\u00e9tica<\/span><span class=\"AccordionPdp_specsValue__d5Y09\">A<\/span><\/td>\n<\/tr>\n<tr>\n<td class=\"AccordionPdp_tableSpecs__b7yzL\"><span class=\"AccordionPdp_specsName___A6_1\">Frequ\u00eancia (Hz)<\/span><span class=\"AccordionPdp_specsValue__d5Y09\">60Hz<\/span><\/td>\n<td class=\"AccordionPdp_tableSpecs__b7yzL\" role=\"presentation\" aria-hidden=\"true\"><\/td>\n<td class=\"AccordionPdp_tableSpecs__b7yzL\"><span class=\"AccordionPdp_specsName___A6_1\">Tipo de tomada<\/span><span class=\"AccordionPdp_specsValue__d5Y09\">10 A<\/span><\/td>\n<\/tr>\n<tr>\n<td class=\"AccordionPdp_tableSpecs__b7yzL\"><span class=\"AccordionPdp_specsName___A6_1\">Pot\u00eancia Sonora (N\u00edvel de Ru\u00eddo) (dB(A))<\/span><span class=\"AccordionPdp_specsValue__d5Y09\">79 dB(A)<\/span><\/td>\n<td class=\"AccordionPdp_tableSpecs__b7yzL\" role=\"presentation\" aria-hidden=\"true\"><\/td>\n<td class=\"AccordionPdp_tableSpecs__b7yzL\"><span class=\"AccordionPdp_specsName___A6_1\">Tipo de tomada (127v)<\/span><span class=\"AccordionPdp_specsValue__d5Y09\">10 A<\/span><\/td>\n<\/tr>\n<tr>\n<td class=\"AccordionPdp_tableSpecs__b7yzL\"><span class=\"AccordionPdp_specsName___A6_1\">Tipo de tomada (220v)<\/span><span class=\"AccordionPdp_specsValue__d5Y09\">10 A<\/span><\/td>\n<td class=\"AccordionPdp_tableSpecs__b7yzL\" role=\"presentation\" aria-hidden=\"true\"><\/td>\n<td class=\"AccordionPdp_tableSpecs__b7yzL\"><span class=\"AccordionPdp_specsName___A6_1\">Garantia do Produto<\/span><span class=\"AccordionPdp_specsValue__d5Y09\">24 meses<\/span><\/td>\n<\/tr>\n<tr>\n<td class=\"AccordionPdp_tableSpecs__b7yzL\"><span class=\"AccordionPdp_specsName___A6_1\">Garantia Estendida ou Adicional<\/span><span class=\"AccordionPdp_specsValue__d5Y09\">N\u00e3o se aplica<\/span><\/td>\n<td class=\"AccordionPdp_tableSpecs__b7yzL\" role=\"presentation\" aria-hidden=\"true\"><\/td>\n<td class=\"AccordionPdp_tableSpecs__b7yzL\"><span class=\"AccordionPdp_specsName___A6_1\">Consulta Rede Credenciada<\/span><span class=\"AccordionPdp_specsValue__d5Y09\">www.midea.com\/br\/assistencia-tecnica<\/span><\/td>\n<\/tr>\n<tr>\n<td class=\"AccordionPdp_tableSpecs__b7yzL\"><span class=\"AccordionPdp_specsName___A6_1\">Assist\u00eancia T\u00e9cnica<\/span><span class=\"AccordionPdp_specsValue__d5Y09\">3003 1005 (Capitais e Regi\u00f5es Metropolitanas)<\/span><\/td>\n<td class=\"AccordionPdp_tableSpecs__b7yzL\" role=\"presentation\" aria-hidden=\"true\"><\/td>\n<td class=\"AccordionPdp_tableSpecs__b7yzL\"><span class=\"AccordionPdp_specsName___A6_1\">Marca<\/span><span class=\"AccordionPdp_specsValue__d5Y09\">Midea<\/span><\/td>\n<\/tr>\n<tr>\n<td class=\"AccordionPdp_tableSpecs__b7yzL\"><span class=\"AccordionPdp_specsName___A6_1\">Tipo de M\u00e1quina de Lavar<\/span><span class=\"AccordionPdp_specsValue__d5Y09\">Autom\u00e1tica<\/span><\/td>\n<td class=\"AccordionPdp_tableSpecs__b7yzL\" role=\"presentation\" aria-hidden=\"true\"><\/td>\n<td class=\"AccordionPdp_tableSpecs__b7yzL\"><span class=\"AccordionPdp_specsName___A6_1\">Tipo de Carga<\/span><span class=\"AccordionPdp_specsValue__d5Y09\">Frontal<\/span><\/td>\n<\/tr>\n<tr>\n<td class=\"AccordionPdp_tableSpecs__b7yzL\"><span class=\"AccordionPdp_specsName___A6_1\">Capacidade da M\u00e1quina de Lavar<\/span><span class=\"AccordionPdp_specsValue__d5Y09\">11 kg<\/span><\/td>\n<td class=\"AccordionPdp_tableSpecs__b7yzL\" role=\"presentation\" aria-hidden=\"true\"><\/td>\n<td class=\"AccordionPdp_tableSpecs__b7yzL\"><span class=\"AccordionPdp_specsName___A6_1\">Itens inclusos na embalagem<\/span><span class=\"AccordionPdp_specsValue__d5Y09\">M\u00e1quina de lavar , Mangueira de entrada de \u00e1gua , Tam,p\u00f5es de fechamento , Suporte para mangueira de sa\u00edda de \u00e1gua , Protetor para rato , Manual do usu\u00e1rio<\/span><\/td>\n<\/tr>\n<tr>\n<td class=\"AccordionPdp_tableSpecs__b7yzL\"><span class=\"AccordionPdp_specsName___A6_1\">ENCE<\/span><span class=\"AccordionPdp_specsValue__d5Y09\">Sim<\/span><\/td>\n<td class=\"AccordionPdp_tableSpecs__b7yzL\" role=\"presentation\" aria-hidden=\"true\">&nbsp;<\/p>\n<p>&nbsp;<\/td>\n<\/tr>\n<\/tbody>\n<\/table>\n<\/li>\n<li><\/li>\n<\/ul>\n","protected":false},"excerpt":{"rendered":"<p>Lava e Seca 11kg Slim HealthGuard Conectada Midea: mesma capacidade em menos espa\u00e7o. Com design compacto e moderno, possui dimens\u00f5es reduzidas que otimizam espa\u00e7o sem comprometer a capacidade e efici\u00eancia<\/p>\n","protected":false},"featured_media":15606,"comment_status":"open","ping_status":"closed","template":"","meta":[],"product_brand":[],"product_cat":[15],"product_tag":[],"class_list":{"0":"post-15605","1":"product","2":"type-product","3":"status-publish","4":"has-post-thumbnail","6":"product_cat-produtos","7":"product_shipping_class-retirar-no-local","9":"first","10":"instock","11":"shipping-taxable","12":"purchasable","13":"product-type-simple"},"_links":{"self":[{"href":"https:\/\/ambrosioeletro.com.br\/v20\/wp-json\/wp\/v2\/product\/15605","targetHints":{"allow":["GET"]}}],"collection":[{"href":"https:\/\/ambrosioeletro.com.br\/v20\/wp-json\/wp\/v2\/product"}],"about":[{"href":"https:\/\/ambrosioeletro.com.br\/v20\/wp-json\/wp\/v2\/types\/product"}],"replies":[{"embeddable":true,"href":"https:\/\/ambrosioeletro.com.br\/v20\/wp-json\/wp\/v2\/comments?post=15605"}],"wp:featuredmedia":[{"embeddable":true,"href":"https:\/\/ambrosioeletro.com.br\/v20\/wp-json\/wp\/v2\/media\/15606"}],"wp:attachment":[{"href":"https:\/\/ambrosioeletro.com.br\/v20\/wp-json\/wp\/v2\/media?parent=15605"}],"wp:term":[{"taxonomy":"product_brand","embeddable":true,"href":"https:\/\/ambrosioeletro.com.br\/v20\/wp-json\/wp\/v2\/product_brand?post=15605"},{"taxonomy":"product_cat","embeddable":true,"href":"https:\/\/ambrosioeletro.com.br\/v20\/wp-json\/wp\/v2\/product_cat?post=15605"},{"taxonomy":"product_tag","embeddable":true,"href":"https:\/\/ambrosioeletro.com.br\/v20\/wp-json\/wp\/v2\/product_tag?post=15605"}],"curies":[{"name":"wp","href":"https:\/\/api.w.org\/{rel}","templated":true}]}}