{"id":15616,"date":"2026-04-06T10:59:07","date_gmt":"2026-04-06T13:59:07","guid":{"rendered":"https:\/\/ambrosioeletro.com.br\/v20\/?post_type=product&#038;p=15616"},"modified":"2026-04-16T17:51:35","modified_gmt":"2026-04-16T20:51:35","slug":"armario-aereo-napoles-80cm-2-portas-itatiaia-moveis-itatiaia-cor-cinamomo-off-white","status":"publish","type":"product","link":"https:\/\/ambrosioeletro.com.br\/v20\/produto\/armario-aereo-napoles-80cm-2-portas-itatiaia-moveis-itatiaia-cor-cinamomo-off-white\/","title":{"rendered":"Arm\u00e1rio A\u00e9reo Napoles 80cm 2 Portas &#8211; Itatiaia &#8211; M\u00f3veis Itatiaia Cor Cinamomo\/Off White"},"content":{"rendered":"<div class=\"relative px-md overflow-hidden border-on-surface-8 after:pointer-events-none after:absolute after:bottom-[0] after:left-[0] after:h-[72px] after:w-full after:bg-gradient-to-b after:from-[#FFFFFF00] after:to-[#FFFFFF] md:after:content-none md:px-lg max-md:border-b-thin\" data-testid=\"tab-product-detail\">\n<h2 class=\"text-on-surface-2 font-md-bold md:font-title-large-highlight md:mb-md\" data-testid=\"product-details-title\">Descri\u00e7\u00e3o e ficha t\u00e9cnica<\/h2>\n<div data-testid=\"product-detail\">\n<p class=\"mt-2xsm text-on-surface-4 font-xsm-regular\" data-testid=\"product-detail-code\">C\u00f3digo\u00a0jfd4b34kgd<\/p>\n<div class=\"mt-md font-xsm-regular\" data-testid=\"product-detail-description\">Gosta de sofistica\u00e7\u00e3o e modernidade? Aposto que sua cozinha vai ficar super charmosa com o Arm\u00e1rio A\u00e9reo Napoles da Itatiaia<br \/>\nPerfeito para deixar sua cozinha organizada.<br \/>\nIdeal para voc\u00ea, n\u00e9?<\/p>\n<p>*Caracter\u00edsticas informadas pelo fabricante da marca*<br \/>\nInforma\u00e7\u00f5es:<br \/>\n&#8211; Marca: Itatiaia<br \/>\n&#8211; Modelo: Napoles<br \/>\n&#8211; Tipo: A\u00e9reo<br \/>\n&#8211; Estrutura: MDP de 15mm<\/p>\n<p>Caracter\u00edsticas:<br \/>\n&#8211; 02 Portas<br \/>\n&#8211; Dobradi\u00e7a met\u00e1lica de 26mm<br \/>\n&#8211; Puxadores em pl\u00e1tico ABS<\/p>\n<p>Dimens\u00f5es:<br \/>\n&#8211; Altura: 68cm<br \/>\n&#8211; Largura: 80cm<br \/>\n&#8211; Profundidade: 29cm<\/p>\n<p>Observa\u00e7\u00f5es:<br \/>\n&#8211; Todos os produtos t\u00eam tr\u00eas (03) meses de garantia fornecida pelo fornecedor<br \/>\n&#8211; As imagens s\u00e3o meramente ilustrativas, os objetos que ambientam as fotos n\u00e3o acompanham o produto.<br \/>\n&#8211; Pode haver alguma diferen\u00e7a de tonalidade entre a foto e o produto, devido ao tratamento de imagens e a calibra\u00e7\u00e3o do monitor<br \/>\n&#8211; A entrega \u00e9 realizada por transportadora, n\u00e3o nos responsabilizamos, no ato da entrega por desmontagens, subir escadas\/elevadores ou transporte por guincho para apartamentos<br \/>\n&#8211; Eventuais despesas s\u00e3o de responsabilidade do cliente<br \/>\n&#8211; Confira as dimens\u00f5es dos volumes e certifique-se de que passar\u00e1 normalmente por supostos elevadores, portas, escadas ou corredores<br \/>\n&#8211; Ao receber a mercadoria, verifique as condi\u00e7\u00f5es da embalagem, caso haja alguma avaria, entre em contato com nosso SAC<br \/>\n&#8211; Nossa empresa n\u00e3o se responsabiliza pela montagem dos produtos, mas todos os produtos possuem manual de montagem. Recomendamos que a montagem seja feita por profissional de sua confian\u00e7a.<\/p><\/div>\n<\/div>\n<\/div>\n<div class=\"hidden border-on-surface-8 md:px-lg md:block md:py-md\" data-testid=\"tab-product-factsheet\">\n<h2 class=\"text-on-surface-2 font-md-bold md:font-title-large-highlight md:mb-md\" data-testid=\"product-factsheet-title\">Ficha T\u00e9cnica<\/h2>\n<div class=\"pt-2xsm\">\n<table class=\"w-full list-none\" data-testid=\"table-factsheet\">\n<tbody>\n<tr class=\"text-on-surface-3 even:bg-surface-container-lower\">\n<td class=\"px-md py-sm font-xsm-bold align-top table-cell w-1\/2\" data-testid=\"table-factsheet-key\">Dimens\u00f5es do Produto<\/td>\n<td class=\"px-md py-sm font-xsm-regular list-item w-full align-top\">Altura: 68cm, Largura: 80cm, Profundidade: 29cm<\/td>\n<\/tr>\n<tr class=\"text-on-surface-3 even:bg-surface-container-lower\">\n<td class=\"px-md py-sm font-xsm-bold align-top table-cell w-1\/2\" data-testid=\"table-factsheet-key\">Marca<\/td>\n<td class=\"px-md py-sm font-xsm-regular list-item w-full align-top\"><a class=\"hover:text-interaction-default underline\" href=\"https:\/\/www.magazineluiza.com.br\/marcas\/moveis-itatiaia\/\">Itatiaia<\/a><\/td>\n<\/tr>\n<tr class=\"text-on-surface-3 even:bg-surface-container-lower\">\n<td class=\"px-md py-sm font-xsm-bold align-top table-cell w-1\/2\" data-testid=\"table-factsheet-key\">Modelo<\/td>\n<td class=\"px-md py-sm font-xsm-regular list-item w-full align-top\">Napoles<\/td>\n<\/tr>\n<tr class=\"text-on-surface-3 even:bg-surface-container-lower\">\n<td class=\"px-md py-sm font-xsm-bold align-top table-cell w-1\/2\" data-testid=\"table-factsheet-key\">Prazo de Garantia<\/td>\n<td class=\"px-md py-sm font-xsm-regular list-item w-full align-top\">3 meses<\/td>\n<\/tr>\n<\/tbody>\n<\/table>\n<\/div>\n<\/div>\n","protected":false},"excerpt":{"rendered":"<p>Descri\u00e7\u00e3o e ficha t\u00e9cnica C\u00f3digo\u00a0jfd4b34kgd Gosta de sofistica\u00e7\u00e3o e modernidade? Aposto que sua cozinha vai ficar super charmosa com o Arm\u00e1rio A\u00e9reo Napoles da Itatiaia Perfeito para deixar sua cozinha<\/p>\n","protected":false},"featured_media":15619,"comment_status":"open","ping_status":"closed","template":"","meta":[],"product_brand":[],"product_cat":[15],"product_tag":[],"class_list":{"0":"post-15616","1":"product","2":"type-product","3":"status-publish","4":"has-post-thumbnail","6":"product_cat-produtos","7":"product_shipping_class-retirar-no-local","9":"first","10":"instock","11":"shipping-taxable","12":"purchasable","13":"product-type-simple"},"_links":{"self":[{"href":"https:\/\/ambrosioeletro.com.br\/v20\/wp-json\/wp\/v2\/product\/15616","targetHints":{"allow":["GET"]}}],"collection":[{"href":"https:\/\/ambrosioeletro.com.br\/v20\/wp-json\/wp\/v2\/product"}],"about":[{"href":"https:\/\/ambrosioeletro.com.br\/v20\/wp-json\/wp\/v2\/types\/product"}],"replies":[{"embeddable":true,"href":"https:\/\/ambrosioeletro.com.br\/v20\/wp-json\/wp\/v2\/comments?post=15616"}],"wp:featuredmedia":[{"embeddable":true,"href":"https:\/\/ambrosioeletro.com.br\/v20\/wp-json\/wp\/v2\/media\/15619"}],"wp:attachment":[{"href":"https:\/\/ambrosioeletro.com.br\/v20\/wp-json\/wp\/v2\/media?parent=15616"}],"wp:term":[{"taxonomy":"product_brand","embeddable":true,"href":"https:\/\/ambrosioeletro.com.br\/v20\/wp-json\/wp\/v2\/product_brand?post=15616"},{"taxonomy":"product_cat","embeddable":true,"href":"https:\/\/ambrosioeletro.com.br\/v20\/wp-json\/wp\/v2\/product_cat?post=15616"},{"taxonomy":"product_tag","embeddable":true,"href":"https:\/\/ambrosioeletro.com.br\/v20\/wp-json\/wp\/v2\/product_tag?post=15616"}],"curies":[{"name":"wp","href":"https:\/\/api.w.org\/{rel}","templated":true}]}}