{"id":15628,"date":"2026-04-06T11:56:57","date_gmt":"2026-04-06T14:56:57","guid":{"rendered":"https:\/\/ambrosioeletro.com.br\/v20\/?post_type=product&#038;p=15628"},"modified":"2026-04-06T14:36:03","modified_gmt":"2026-04-06T17:36:03","slug":"imagem-de-motorola-moto-g05-256gb-128gb-interna-128gb-ssd-12gb-ram-4gb-ram-8gb-ram-boost-e-camera-50mp-imagem-de-motorola-moto-g05-256gb-128gb-interna-128gb-ssd-12gb-ram-4gb-ram-8gb-ram","status":"publish","type":"product","link":"https:\/\/ambrosioeletro.com.br\/v20\/produto\/imagem-de-motorola-moto-g05-256gb-128gb-interna-128gb-ssd-12gb-ram-4gb-ram-8gb-ram-boost-e-camera-50mp-imagem-de-motorola-moto-g05-256gb-128gb-interna-128gb-ssd-12gb-ram-4gb-ram-8gb-ram\/","title":{"rendered":"Smartphone Motorola Moto G05 128GB 12GB 50MP 6,7&#8243; Violeta"},"content":{"rendered":"<p><span dir=\"auto\">C\u00e2mera dupla e mais detalhes<\/span><br \/>\n<span dir=\"auto\">Suas 2 c\u00e2meras traseiras permitem que voc\u00ea tire fotos mais aparentes e obtenha efeitos \u00fanicos, como a famosa profundidade rasa do modo retrato de campo.<\/span><\/p>\n<p><span dir=\"auto\">Al\u00e9m disso, o dispositivo possui uma c\u00e2mera frontal de 8 Mpx para que voc\u00ea possa tirar selfies divertidas ou fazer videochamadas.<\/span><\/p>\n<p><span dir=\"auto\">Capacidade e efici\u00eancia<\/span><br \/>\n<span dir=\"auto\">Com seu poderoso processador e mem\u00f3ria RAM de 4GB e at\u00e9 8GB extra de RAM Boost, seu computador alcan\u00e7ar\u00e1 alto desempenho com alta velocidade de transmiss\u00e3o de conte\u00fado e executar\u00e1 aplicativos v\u00e1rios ao mesmo tempo, sem atrasos.<\/span><\/p>\n<p><span dir=\"auto\">Desbloqueio facial e de impress\u00e3o digital<\/span><br \/>\n<span dir=\"auto\">M\u00e1xima seguran\u00e7a para que apenas voc\u00ea possa acessar sua equipe. Voc\u00ea pode escolher entre o sensor de impress\u00e3o digital para ativar seu telefone com um toque, ou o reconhecimento facial que permite desbloquear at\u00e9 30% mais r\u00e1pido.<\/span><\/p>\n<p><span dir=\"auto\">Vida \u00fatil da bateria mais longa<\/span><br \/>\n<span dir=\"auto\">Desconecte-se! Com uma super bateria de 5200 mAh voc\u00ea ter\u00e1 energia por muito mais tempo para jogar, assistir s\u00e9ries ou trabalhar sem recarregar.<\/span><\/p>\n<p><span dir=\"auto\">Grande capacidade de armazenamento<\/span><br \/>\n<span dir=\"auto\">Com sua mem\u00f3ria interna de 128 GB voc\u00ea poder\u00e1 armazenar arquivos e aplicativos grandes sem ter que carreg\u00e1-los para a nuvem e aproveitar seus momentos off-line para desfrut\u00e1-los ao m\u00e1ximo.<\/span><\/p>\n<p><span dir=\"auto\">RAM Boost Inteligente<\/span><br \/>\n<span dir=\"auto\">RAM Boost (Otimiza\u00e7\u00e3o de RAM) \u00e9 um recurso que visa expandir a mem\u00f3ria RAM utilizando parte do armazenamento interno, auxiliando no desempenho do smartphone durante o uso de v\u00e1rios aplicativos ao mesmo tempo, otimizando multitarefas. Solicita o uso de armazenamento interno como mem\u00f3ria virtual, proporcionando o espa\u00e7o dispon\u00edvel, em troca da expans\u00e3o da mem\u00f3ria RAM. Fun\u00e7\u00e3o ativada por padr\u00e3o. Modelo com RAM f\u00edsica de 4 GB + RAM Boost de at\u00e9 8 GB. A mem\u00f3ria RAM f\u00edsica dispon\u00edvel \u00e9 menor devido ao sistema operacional, software e outras fun\u00e7\u00f5es, e pode mudar com atualiza\u00e7\u00f5es de software.<\/span><\/p>\n<p>&nbsp;<\/p>\n","protected":false},"excerpt":{"rendered":"<p>C\u00e2mera dupla e mais detalhes Suas 2 c\u00e2meras traseiras permitem que voc\u00ea tire fotos mais aparentes e obtenha efeitos \u00fanicos, como a famosa profundidade rasa do modo retrato de campo.<\/p>\n","protected":false},"featured_media":15630,"comment_status":"open","ping_status":"closed","template":"","meta":[],"product_brand":[],"product_cat":[15],"product_tag":[],"class_list":{"0":"post-15628","1":"product","2":"type-product","3":"status-publish","4":"has-post-thumbnail","6":"product_cat-produtos","7":"product_shipping_class-pac","9":"first","10":"instock","11":"shipping-taxable","12":"purchasable","13":"product-type-simple"},"_links":{"self":[{"href":"https:\/\/ambrosioeletro.com.br\/v20\/wp-json\/wp\/v2\/product\/15628","targetHints":{"allow":["GET"]}}],"collection":[{"href":"https:\/\/ambrosioeletro.com.br\/v20\/wp-json\/wp\/v2\/product"}],"about":[{"href":"https:\/\/ambrosioeletro.com.br\/v20\/wp-json\/wp\/v2\/types\/product"}],"replies":[{"embeddable":true,"href":"https:\/\/ambrosioeletro.com.br\/v20\/wp-json\/wp\/v2\/comments?post=15628"}],"wp:featuredmedia":[{"embeddable":true,"href":"https:\/\/ambrosioeletro.com.br\/v20\/wp-json\/wp\/v2\/media\/15630"}],"wp:attachment":[{"href":"https:\/\/ambrosioeletro.com.br\/v20\/wp-json\/wp\/v2\/media?parent=15628"}],"wp:term":[{"taxonomy":"product_brand","embeddable":true,"href":"https:\/\/ambrosioeletro.com.br\/v20\/wp-json\/wp\/v2\/product_brand?post=15628"},{"taxonomy":"product_cat","embeddable":true,"href":"https:\/\/ambrosioeletro.com.br\/v20\/wp-json\/wp\/v2\/product_cat?post=15628"},{"taxonomy":"product_tag","embeddable":true,"href":"https:\/\/ambrosioeletro.com.br\/v20\/wp-json\/wp\/v2\/product_tag?post=15628"}],"curies":[{"name":"wp","href":"https:\/\/api.w.org\/{rel}","templated":true}]}}