{"id":15660,"date":"2026-04-07T09:31:07","date_gmt":"2026-04-07T12:31:07","guid":{"rendered":"https:\/\/ambrosioeletro.com.br\/v20\/?post_type=product&#038;p=15660"},"modified":"2026-04-17T09:11:02","modified_gmt":"2026-04-17T12:11:02","slug":"estante-home-madetec-ares-654039-para-tv-ate-75-1835x160x39cm-cor-cumaru","status":"publish","type":"product","link":"https:\/\/ambrosioeletro.com.br\/v20\/produto\/estante-home-madetec-ares-654039-para-tv-ate-75-1835x160x39cm-cor-cumaru\/","title":{"rendered":"Estante Home Madetec Ares 654039 Para TV At\u00e9 75&#8243; 183,5x160x39cm Cor CUMARU"},"content":{"rendered":"<div class=\"relative px-md overflow-hidden border-on-surface-8 after:pointer-events-none after:absolute after:bottom-[0] after:left-[0] after:h-[72px] after:w-full after:bg-gradient-to-b after:from-[#FFFFFF00] after:to-[#FFFFFF] md:after:content-none md:px-lg max-md:border-b-thin\" data-testid=\"tab-product-detail\">\n<h2 class=\"text-on-surface-2 font-md-bold md:font-title-large-highlight md:mb-md\" data-testid=\"product-details-title\">Descri\u00e7\u00e3o e ficha t\u00e9cnica<\/h2>\n<div data-testid=\"product-detail\">\n<p class=\"mt-2xsm text-on-surface-4 font-xsm-regular\" data-testid=\"product-detail-code\">C\u00f3digo\u00a0ffbkh3k646<\/p>\n<div class=\"mt-md font-xsm-regular\" data-testid=\"product-detail-description\">\nMarca:Madetec<br \/>\nTV de at\u00e9 (polegadas):75<br \/>\nAcabamento:Pintura UV<br \/>\nVidro:N\u00e3o<br \/>\nEspelho:N\u00e3o<br \/>\nPorta:1<br \/>\nGaveta:N\u00e3o possui<br \/>\nPuxador:Pl\u00e1stico<br \/>\nRod\u00edzio:N\u00e3o<br \/>\nEstrutura:MDP \/ MDF<br \/>\nPeso (kg):63.3<br \/>\nRefer\u00eancia:Ares 654039<br \/>\nDimens\u00f5es (AxLxP):183,5x160x39cm<br \/>\nItens Inclusos:1 Estante Home Madetec Ares 654039 Para TV At\u00e9 75&#8243; 183,5x160x39cm Manual do produto<br \/>\nInforma\u00e7\u00f5es importantes:Imagens meramente ilustrativas.Objetos que ambientam as fotos n\u00e3o acompanham o produto.As tonalidades das cores dos produtos podem sofrer altera\u00e7\u00f5es de acordo com a calibra\u00e7\u00e3o do seu monitor.Este produto n\u00e3o inclui montagem e instala\u00e7\u00e3o.N\u00e3o nos responsabilizamos,no ato da entrega,por desmontagens,subir escadas,elevadores ou transporte por guincho para apartamentos.Eventuais despesas s\u00e3o de responsabilidade do cliente.<br \/>\nGarantia Fabricante:3 meses<\/div>\n<\/div>\n<\/div>\n<div class=\"hidden border-on-surface-8 md:px-lg md:block md:py-md\" data-testid=\"tab-product-factsheet\">\n<h2 class=\"text-on-surface-2 font-md-bold md:font-title-large-highlight md:mb-md\" data-testid=\"product-factsheet-title\">Ficha T\u00e9cnica<\/h2>\n<div class=\"pt-2xsm\">\n<table class=\"w-full list-none\" data-testid=\"table-factsheet\">\n<tbody>\n<tr class=\"text-on-surface-3 even:bg-surface-container-lower\">\n<td class=\"px-md py-sm font-xsm-bold align-top table-cell w-1\/2\" data-testid=\"table-factsheet-key\">Conte\u00fado da Embalagem<\/td>\n<td class=\"px-md py-sm font-xsm-regular list-item w-full align-top\">1 Estante Home Madetec Ares 654039 Para TV At\u00e9 75&#8243; 183,5x160x39cm Manual do produto<\/td>\n<\/tr>\n<tr class=\"text-on-surface-3 even:bg-surface-container-lower\">\n<td class=\"px-md py-sm font-xsm-bold align-top table-cell w-1\/2\" data-testid=\"table-factsheet-key\">Cor<\/td>\n<td class=\"px-md py-sm font-xsm-regular list-item w-full align-top\">CUMARU<\/td>\n<\/tr>\n<tr class=\"text-on-surface-3 even:bg-surface-container-lower\">\n<td class=\"px-md py-sm font-xsm-bold align-top table-cell w-1\/2\" data-testid=\"table-factsheet-key\">Dimens\u00f5es do Produto<\/td>\n<td class=\"px-md py-sm font-xsm-regular list-item w-full align-top\">183,5x160x39cm<\/td>\n<\/tr>\n<tr class=\"text-on-surface-3 even:bg-surface-container-lower\">\n<td class=\"px-md py-sm font-xsm-bold align-top table-cell w-1\/2\" data-testid=\"table-factsheet-key\">Marca<\/td>\n<td class=\"px-md py-sm font-xsm-regular list-item w-full align-top\"><a class=\"hover:text-interaction-default underline\" href=\"https:\/\/www.magazineluiza.com.br\/marcas\/madetec\/\">Madetec<\/a><\/td>\n<\/tr>\n<tr class=\"text-on-surface-3 even:bg-surface-container-lower\">\n<td class=\"px-md py-sm font-xsm-bold align-top table-cell w-1\/2\" data-testid=\"table-factsheet-key\">Material<\/td>\n<td class=\"px-md py-sm font-xsm-regular list-item w-full align-top\">MDP \/ MDF<\/td>\n<\/tr>\n<tr class=\"text-on-surface-3 even:bg-surface-container-lower\">\n<td class=\"px-md py-sm font-xsm-bold align-top table-cell w-1\/2\" data-testid=\"table-factsheet-key\">Modelo<\/td>\n<td class=\"px-md py-sm font-xsm-regular list-item w-full align-top\">Ares 654039<\/td>\n<\/tr>\n<tr class=\"text-on-surface-3 even:bg-surface-container-lower\">\n<td class=\"px-md py-sm font-xsm-bold align-top table-cell w-1\/2\" data-testid=\"table-factsheet-key\">Peso do Produto<\/td>\n<td class=\"px-md py-sm font-xsm-regular list-item w-full align-top\">63.3<\/td>\n<\/tr>\n<tr class=\"text-on-surface-3 even:bg-surface-container-lower\">\n<td class=\"px-md py-sm font-xsm-bold align-top table-cell w-1\/2\" data-testid=\"table-factsheet-key\">Portas<\/td>\n<td class=\"px-md py-sm font-xsm-regular list-item w-full align-top\">1<\/td>\n<\/tr>\n<tr class=\"text-on-surface-3 even:bg-surface-container-lower\">\n<td class=\"px-md py-sm font-xsm-bold align-top table-cell w-1\/2\" data-testid=\"table-factsheet-key\">Prazo de Garantia<\/td>\n<td class=\"px-md py-sm font-xsm-regular list-item w-full align-top\">3 meses<\/td>\n<\/tr>\n<tr class=\"text-on-surface-3 even:bg-surface-container-lower\">\n<td class=\"px-md py-sm font-xsm-bold align-top table-cell w-1\/2\" data-testid=\"table-factsheet-key\">Quantidade de Gavetas<\/td>\n<td class=\"px-md py-sm font-xsm-regular list-item w-full align-top\">N\u00e3o possui<\/td>\n<\/tr>\n<tr class=\"text-on-surface-3 even:bg-surface-container-lower\">\n<td class=\"px-md py-sm font-xsm-bold align-top table-cell w-1\/2\" data-testid=\"table-factsheet-key\">Recomenda\u00e7\u00f5es de Uso<\/td>\n<td class=\"px-md py-sm font-xsm-regular list-item w-full align-top\">TV de at\u00e9 75&#8243;<\/td>\n<\/tr>\n<tr class=\"text-on-surface-3 even:bg-surface-container-lower\">\n<td class=\"px-md py-sm font-xsm-bold align-top table-cell w-1\/2\" data-testid=\"table-factsheet-key\">Tipo de Estante<\/td>\n<td class=\"px-md py-sm font-xsm-regular list-item w-full align-top\">Estante Home<\/td>\n<\/tr>\n<\/tbody>\n<\/table>\n<\/div>\n<\/div>\n","protected":false},"excerpt":{"rendered":"<p>Descri\u00e7\u00e3o e ficha t\u00e9cnica C\u00f3digo\u00a0ffbkh3k646 Marca:Madetec TV de at\u00e9 (polegadas):75 Acabamento:Pintura UV Vidro:N\u00e3o Espelho:N\u00e3o Porta:1 Gaveta:N\u00e3o possui Puxador:Pl\u00e1stico Rod\u00edzio:N\u00e3o Estrutura:MDP \/ MDF Peso (kg):63.3 Refer\u00eancia:Ares 654039 Dimens\u00f5es (AxLxP):183,5x160x39cm Itens Inclusos:1<\/p>\n","protected":false},"featured_media":15662,"comment_status":"open","ping_status":"closed","template":"","meta":[],"product_brand":[],"product_cat":[15],"product_tag":[],"class_list":{"0":"post-15660","1":"product","2":"type-product","3":"status-publish","4":"has-post-thumbnail","6":"product_cat-produtos","7":"product_shipping_class-retirar-no-local","9":"first","10":"instock","11":"shipping-taxable","12":"purchasable","13":"product-type-simple"},"_links":{"self":[{"href":"https:\/\/ambrosioeletro.com.br\/v20\/wp-json\/wp\/v2\/product\/15660","targetHints":{"allow":["GET"]}}],"collection":[{"href":"https:\/\/ambrosioeletro.com.br\/v20\/wp-json\/wp\/v2\/product"}],"about":[{"href":"https:\/\/ambrosioeletro.com.br\/v20\/wp-json\/wp\/v2\/types\/product"}],"replies":[{"embeddable":true,"href":"https:\/\/ambrosioeletro.com.br\/v20\/wp-json\/wp\/v2\/comments?post=15660"}],"wp:featuredmedia":[{"embeddable":true,"href":"https:\/\/ambrosioeletro.com.br\/v20\/wp-json\/wp\/v2\/media\/15662"}],"wp:attachment":[{"href":"https:\/\/ambrosioeletro.com.br\/v20\/wp-json\/wp\/v2\/media?parent=15660"}],"wp:term":[{"taxonomy":"product_brand","embeddable":true,"href":"https:\/\/ambrosioeletro.com.br\/v20\/wp-json\/wp\/v2\/product_brand?post=15660"},{"taxonomy":"product_cat","embeddable":true,"href":"https:\/\/ambrosioeletro.com.br\/v20\/wp-json\/wp\/v2\/product_cat?post=15660"},{"taxonomy":"product_tag","embeddable":true,"href":"https:\/\/ambrosioeletro.com.br\/v20\/wp-json\/wp\/v2\/product_tag?post=15660"}],"curies":[{"name":"wp","href":"https:\/\/api.w.org\/{rel}","templated":true}]}}