{"id":15665,"date":"2026-04-07T09:43:32","date_gmt":"2026-04-07T12:43:32","guid":{"rendered":"https:\/\/ambrosioeletro.com.br\/v20\/?post_type=product&#038;p=15665"},"modified":"2026-04-07T09:43:43","modified_gmt":"2026-04-07T12:43:43","slug":"rack-com-painel-para-tv-ate-65-polegadas-2-portas-cronos-cumaru-opala","status":"publish","type":"product","link":"https:\/\/ambrosioeletro.com.br\/v20\/produto\/rack-com-painel-para-tv-ate-65-polegadas-2-portas-cronos-cumaru-opala\/","title":{"rendered":"Rack com Painel para Tv at\u00e9 65 Polegadas 2 Portas Cronos Cumaru\/opala"},"content":{"rendered":"<div id=\"Desktop-Detailed-Evaluation-Zone\" class=\"celwidget\" data-feature-name=\"Desktop-Detailed-Evaluation-Zone\" data-csa-c-type=\"widget\" data-csa-c-content-id=\"Desktop-Detailed-Evaluation-Zone\" data-csa-c-slot-id=\"Desktop-Detailed-Evaluation-Zone\" data-csa-c-asin=\"\" data-csa-c-is-in-initial-active-row=\"false\" data-csa-c-id=\"vqbnmw-iqbq7y-4mxemc-2x6slq\" data-cel-widget=\"Desktop-Detailed-Evaluation-Zone\">\n<div id=\"productDetails_feature_div\" class=\"celwidget pd_rd_w-aUEAI pd_rd_r-MFDR2N98PCQZDWDYESKK pd_rd_wg-H1mHg\" data-feature-name=\"productDetailsHomeAndGarden_Updated\" data-csa-c-type=\"widget\" data-csa-c-content-id=\"productDetailsHomeAndGarden_Updated\" data-csa-c-slot-id=\"productDetails_feature_div\" data-csa-c-asin=\"\" data-csa-c-is-in-initial-active-row=\"false\" data-csa-c-id=\"8ol6ra-kyt45o-gd9nmm-5qcfg4\" data-cel-widget=\"productDetails_feature_div\">\n<div>\n<div id=\"prodDetails\" class=\"a-section a-spacing-medium\">\n<h1 class=\"a-size-large a-spacing-small a-text-bold\">Especifica\u00e7\u00f5es do produto<\/h1>\n<div class=\"a-row\">\n<div class=\"a-column a-span12 a-span-last\">\n<div id=\"productDetails_expanderSectionTables\" class=\"a-section\">\n<div class=\"a-row\">\n<div class=\"a-column a-span6\">\n<div class=\"a-row\">\n<div id=\"productDetails_expanderTables_depthLeftSections\" class=\"a-section\">\n<div class=\"a-row a-expander-container a-expander-section-container a-section-expander-container\" data-csa-c-content-id=\"voyager-expander-btn\" data-csa-c-slot-id=\"voyager-expander-btn\" data-csa-c-type=\"button\" data-csa-c-id=\"dyj887-ndicu0-sz0ize-tu830v\">\n<p><span class=\"a-declarative\" data-action=\"voyager-expander-heading-toggle\" data-voyager-expander-heading-toggle=\"{&quot;sectionIndex&quot;:0,&quot;columnName&quot;:&quot;depthLeftSections&quot;}\"><a class=\"a-expander-header a-declarative a-expander-section-header prodDet-expander-header-styling a-color-offset-background a-link-section-expander a-size-medium\" role=\"button\" aria-expanded=\"true\" data-action=\"a-expander-toggle\" data-a-expander-toggle=\"{&quot;allowLinkDefault&quot;:true, &quot;expand_prompt&quot;:&quot;&quot;, &quot;collapse_prompt&quot;:&quot;&quot;}\"><i class=\"a-icon a-icon-section-collapse\"><\/i><span class=\"a-expander-prompt\" role=\"heading\" aria-level=\"5\">Caracter\u00edsticas e Especifica\u00e7\u00f5es<\/span><\/a><\/span><\/p>\n<div class=\"a-expander-content a-expander-extend-content a-expander-content-expanded\" data-expanded=\"true\">\n<div class=\"a-section\">\n<table class=\"a-keyvalue prodDetTable\">\n<tbody>\n<tr>\n<th class=\"a-color-secondary a-size-base prodDetSectionEntry\">Tipo de montagem<\/th>\n<td class=\"a-size-base prodDetAttrValue\">Montagem na parede<\/td>\n<\/tr>\n<tr>\n<th class=\"a-color-secondary a-size-base prodDetSectionEntry\">Tipo de sala<\/th>\n<td class=\"a-size-base prodDetAttrValue\">Sala de estar<\/td>\n<\/tr>\n<tr>\n<th class=\"a-color-secondary a-size-base prodDetSectionEntry\">Tipo de prateleira<\/th>\n<td class=\"a-size-base prodDetAttrValue\">Prateleira de suporte<\/td>\n<\/tr>\n<tr>\n<th class=\"a-color-secondary a-size-base prodDetSectionEntry\">N\u00famero de prateleiras<\/th>\n<td class=\"a-size-base prodDetAttrValue\">1<\/td>\n<\/tr>\n<tr>\n<th class=\"a-color-secondary a-size-base prodDetSectionEntry\">Caracter\u00edsticas especiais<\/th>\n<td class=\"a-size-base prodDetAttrValue\">R\u00fastico<\/td>\n<\/tr>\n<tr>\n<th class=\"a-color-secondary a-size-base prodDetSectionEntry\">Quantidade de itens<\/th>\n<td class=\"a-size-base prodDetAttrValue\">1<\/td>\n<\/tr>\n<\/tbody>\n<\/table>\n<\/div>\n<\/div>\n<\/div>\n<div class=\"a-row a-expander-container a-expander-section-container a-section-expander-container\" data-csa-c-content-id=\"voyager-expander-btn\" data-csa-c-slot-id=\"voyager-expander-btn\" data-csa-c-type=\"button\" data-csa-c-id=\"v037l4-gfsvib-z25zrp-kfxvc6\">\n<p><span class=\"a-declarative\" data-action=\"voyager-expander-heading-toggle\" data-voyager-expander-heading-toggle=\"{&quot;sectionIndex&quot;:1,&quot;columnName&quot;:&quot;depthLeftSections&quot;}\"><a class=\"a-expander-header a-declarative a-expander-section-header prodDet-expander-header-styling a-color-offset-background a-link-section-expander a-size-medium\" role=\"button\" aria-expanded=\"true\" data-action=\"a-expander-toggle\" data-a-expander-toggle=\"{&quot;allowLinkDefault&quot;:true, &quot;expand_prompt&quot;:&quot;&quot;, &quot;collapse_prompt&quot;:&quot;&quot;}\"><i class=\"a-icon a-icon-section-collapse\"><\/i><span class=\"a-expander-prompt\" role=\"heading\" aria-level=\"5\">Estilo<\/span><\/a><\/span><\/p>\n<div class=\"a-expander-content a-expander-extend-content a-expander-content-expanded\" data-expanded=\"true\">\n<div class=\"a-section\">\n<table class=\"a-keyvalue prodDetTable\">\n<tbody>\n<tr>\n<th class=\"a-color-secondary a-size-base prodDetSectionEntry\">Formato do item<\/th>\n<td class=\"a-size-base prodDetAttrValue\">Retangular<\/td>\n<\/tr>\n<tr>\n<th class=\"a-color-secondary a-size-base prodDetSectionEntry\">Estilo<\/th>\n<td class=\"a-size-base prodDetAttrValue\">R\u00fastico<\/td>\n<\/tr>\n<tr>\n<th class=\"a-color-secondary a-size-base prodDetSectionEntry\">Tipo de acabamento<\/th>\n<td class=\"a-size-base prodDetAttrValue\">Pintada<\/td>\n<\/tr>\n<tr>\n<th class=\"a-color-secondary a-size-base prodDetSectionEntry\">Acabamento do m\u00f3vel<\/th>\n<td class=\"a-size-base prodDetAttrValue\">Pintura<\/td>\n<\/tr>\n<tr>\n<th class=\"a-color-secondary a-size-base prodDetSectionEntry\">Formato do Suporte de Prateleira<\/th>\n<td class=\"a-size-base prodDetAttrValue\">Retangular<\/td>\n<\/tr>\n<tr>\n<th class=\"a-color-secondary a-size-base prodDetSectionEntry\">Cor<\/th>\n<td class=\"a-size-base prodDetAttrValue\">Cumaru\/opala<\/td>\n<\/tr>\n<\/tbody>\n<\/table>\n<\/div>\n<\/div>\n<\/div>\n<div class=\"a-row a-expander-container a-expander-section-container a-section-expander-container\" data-csa-c-content-id=\"voyager-expander-btn\" data-csa-c-slot-id=\"voyager-expander-btn\" data-csa-c-type=\"button\" data-csa-c-id=\"2fk3nk-a6j19w-8j4wbe-pe0uys\">\n<p><span class=\"a-declarative\" data-action=\"voyager-expander-heading-toggle\" data-voyager-expander-heading-toggle=\"{&quot;sectionIndex&quot;:2,&quot;columnName&quot;:&quot;depthLeftSections&quot;}\"><a class=\"a-expander-header a-declarative a-expander-section-header prodDet-expander-header-styling a-color-offset-background a-link-section-expander a-size-medium\" role=\"button\" aria-expanded=\"true\" data-action=\"a-expander-toggle\" data-a-expander-toggle=\"{&quot;allowLinkDefault&quot;:true, &quot;expand_prompt&quot;:&quot;&quot;, &quot;collapse_prompt&quot;:&quot;&quot;}\"><i class=\"a-icon a-icon-section-collapse\"><\/i><span class=\"a-expander-prompt\" role=\"heading\" aria-level=\"5\">Medidas<\/span><\/a><\/span><\/p>\n<div class=\"a-expander-content a-expander-extend-content a-expander-content-expanded\" data-expanded=\"true\">\n<div class=\"a-section\">\n<table class=\"a-keyvalue prodDetTable\">\n<tbody>\n<tr>\n<th class=\"a-color-secondary a-size-base prodDetSectionEntry\">Dimens\u00f5es do item P x L x A<\/th>\n<td class=\"a-size-base prodDetAttrValue\">57,5P x 159L x 36,5A cent\u00edmetros<\/td>\n<\/tr>\n<tr>\n<th class=\"a-color-secondary a-size-base prodDetSectionEntry\">Tamanho<\/th>\n<td class=\"a-size-base prodDetAttrValue\">57.5 cm x 159 cm x 36.5 cm<\/td>\n<\/tr>\n<tr>\n<th class=\"a-color-secondary a-size-base prodDetSectionEntry\">Peso do item<\/th>\n<td class=\"a-size-base prodDetAttrValue\">22,2 Quilogramas<\/td>\n<\/tr>\n<tr>\n<th class=\"a-color-secondary a-size-base prodDetSectionEntry\">Contagem de unidades<\/th>\n<td class=\"a-size-base prodDetAttrValue\">1 Unidade<\/td>\n<\/tr>\n<tr>\n<th class=\"a-color-secondary a-size-base prodDetSectionEntry\">Espessura da prateleira<\/th>\n<td class=\"a-size-base prodDetAttrValue\">3 Cent\u00edmetros<\/td>\n<\/tr>\n<tr>\n<th class=\"a-color-secondary a-size-base prodDetSectionEntry\">Profundidade do item<\/th>\n<td class=\"a-size-base prodDetAttrValue\">3 centimeters<\/td>\n<\/tr>\n<\/tbody>\n<\/table>\n<\/div>\n<\/div>\n<\/div>\n<\/div>\n<\/div>\n<div class=\"a-section\">\n<div class=\"a-row a-spacing-top-base\"><\/div>\n<div class=\"a-row a-spacing-top-base\"><\/div>\n<\/div>\n<\/div>\n<div class=\"a-column a-span6 a-span-last\">\n<div class=\"a-row\">\n<div id=\"productDetails_expanderTables_depthRightSections\" class=\"a-section\">\n<div class=\"a-row a-expander-container a-expander-section-container a-section-expander-container\" data-csa-c-content-id=\"voyager-expander-btn\" data-csa-c-slot-id=\"voyager-expander-btn\" data-csa-c-type=\"button\" data-csa-c-id=\"z9mrgt-7k8tq9-wc88bl-aftnxp\">\n<p><span class=\"a-declarative\" data-action=\"voyager-expander-heading-toggle\" data-voyager-expander-heading-toggle=\"{&quot;sectionIndex&quot;:0,&quot;columnName&quot;:&quot;depthRightSections&quot;}\"><a class=\"a-expander-header a-declarative a-expander-section-header prodDet-expander-header-styling a-color-offset-background a-link-section-expander a-size-medium\" role=\"button\" aria-expanded=\"true\" data-action=\"a-expander-toggle\" data-a-expander-toggle=\"{&quot;allowLinkDefault&quot;:true, &quot;expand_prompt&quot;:&quot;&quot;, &quot;collapse_prompt&quot;:&quot;&quot;}\"><i class=\"a-icon a-icon-section-collapse\"><\/i><span class=\"a-expander-prompt\" role=\"heading\" aria-level=\"5\">Detalhes do Produto<\/span><\/a><\/span><\/p>\n<div class=\"a-expander-content a-expander-extend-content a-expander-content-expanded\" data-expanded=\"true\">\n<div class=\"a-section\">\n<table class=\"a-keyvalue prodDetTable\">\n<tbody>\n<tr>\n<th class=\"a-color-secondary a-size-base prodDetSectionEntry\">N\u00famero de prateleiras<\/th>\n<td class=\"a-size-base prodDetAttrValue\">1<\/td>\n<\/tr>\n<tr>\n<th class=\"a-color-secondary a-size-base prodDetSectionEntry\">Caracter\u00edsticas especiais<\/th>\n<td class=\"a-size-base prodDetAttrValue\">R\u00fastico<\/td>\n<\/tr>\n<tr>\n<th class=\"a-color-secondary a-size-base prodDetSectionEntry\">Nome da marca<\/th>\n<td class=\"a-size-base prodDetAttrValue\">Madetec<\/td>\n<\/tr>\n<tr>\n<th class=\"a-color-secondary a-size-base prodDetSectionEntry\">Fabricante<\/th>\n<td class=\"a-size-base prodDetAttrValue\">Madetec<\/td>\n<\/tr>\n<tr>\n<th class=\"a-color-secondary a-size-base prodDetSectionEntry\">Componentes inclu\u00eddos<\/th>\n<td class=\"a-size-base prodDetAttrValue\">1 Rack, 1 Painel + Kit Ferragens + Manual de Montagem<\/td>\n<\/tr>\n<tr>\n<th class=\"a-color-secondary a-size-base prodDetSectionEntry\">Pa\u00eds de origem<\/th>\n<td class=\"a-size-base prodDetAttrValue\">Brasil<\/td>\n<\/tr>\n<tr>\n<th class=\"a-color-secondary a-size-base prodDetSectionEntry\">Contagem de unidades<\/th>\n<td class=\"a-size-base prodDetAttrValue\">1 Unidade<\/td>\n<\/tr>\n<tr>\n<th class=\"a-color-secondary a-size-base prodDetSectionEntry\">Nome do Conjunto<\/th>\n<td class=\"a-size-base prodDetAttrValue\">Combo Cronos<\/td>\n<\/tr>\n<tr>\n<th class=\"a-color-secondary a-size-base prodDetSectionEntry\">Certifica\u00e7\u00e3o de teste externa<\/th>\n<td class=\"a-size-base prodDetAttrValue\">N\u00e3o informado<\/td>\n<\/tr>\n<tr>\n<th class=\"a-color-secondary a-size-base prodDetSectionEntry\">Ranking dos mais vendidos<\/th>\n<td>\n<ul class=\"a-unordered-list a-nostyle a-vertical\">\n<li><span class=\"a-list-item\">N\u00ba 22.423 em Eletr\u00f4nicos (<a href=\"https:\/\/www.amazon.com.br\/gp\/bestsellers\/electronics\/ref=pd_zg_ts_electronics\">Conhe\u00e7a o Top 100 na categoria Eletr\u00f4nicos<\/a>)<\/span><\/li>\n<li><span class=\"a-list-item\">N\u00ba 1.112 em\u00a0<a href=\"https:\/\/www.amazon.com.br\/gp\/bestsellers\/electronics\/16244127011\/ref=pd_zg_hrsr_electronics\">Racks e Suportes de Parede para TV<\/a><\/span><\/li>\n<\/ul>\n<\/td>\n<\/tr>\n<tr>\n<th class=\"a-color-secondary a-size-base prodDetSectionEntry\">ASIN<\/th>\n<td class=\"a-size-base prodDetAttrValue\">B0DMVM2NFN<\/td>\n<\/tr>\n<tr>\n<th class=\"a-color-secondary a-size-base prodDetSectionEntry\"><\/th>\n<td class=\"a-size-base\"><\/td>\n<\/tr>\n<\/tbody>\n<\/table>\n<\/div>\n<\/div>\n<\/div>\n<div class=\"a-row a-expander-container a-expander-section-container a-section-expander-container\" data-csa-c-content-id=\"voyager-expander-btn\" data-csa-c-slot-id=\"voyager-expander-btn\" data-csa-c-type=\"button\" data-csa-c-id=\"catypx-mzw5l7-en857w-402qxe\">\n<p><span class=\"a-declarative\" data-action=\"voyager-expander-heading-toggle\" data-voyager-expander-heading-toggle=\"{&quot;sectionIndex&quot;:1,&quot;columnName&quot;:&quot;depthRightSections&quot;}\"><a class=\"a-expander-header a-declarative a-expander-section-header prodDet-expander-header-styling a-color-offset-background a-link-section-expander a-size-medium\" role=\"button\" aria-expanded=\"true\" data-action=\"a-expander-toggle\" data-a-expander-toggle=\"{&quot;allowLinkDefault&quot;:true, &quot;expand_prompt&quot;:&quot;&quot;, &quot;collapse_prompt&quot;:&quot;&quot;}\"><i class=\"a-icon a-icon-section-collapse\"><\/i><span class=\"a-expander-prompt\" role=\"heading\" aria-level=\"5\">Materiais e Cuidados<\/span><\/a><\/span><\/p>\n<div class=\"a-expander-content a-expander-extend-content a-expander-content-expanded\" data-expanded=\"true\">\n<div class=\"a-section\">\n<table class=\"a-keyvalue prodDetTable\">\n<tbody>\n<tr>\n<th class=\"a-color-secondary a-size-base prodDetSectionEntry\">Material<\/th>\n<td class=\"a-size-base prodDetAttrValue\">Madeira<\/td>\n<\/tr>\n<\/tbody>\n<\/table>\n<\/div>\n<\/div>\n<\/div>\n<div class=\"a-row a-expander-container a-expander-section-container a-section-expander-container\" data-csa-c-content-id=\"voyager-expander-btn\" data-csa-c-slot-id=\"voyager-expander-btn\" data-csa-c-type=\"button\" data-csa-c-id=\"tqlvhg-ed30ku-e8ma53-g6xh8q\">\n<p><span class=\"a-declarative\" data-action=\"voyager-expander-heading-toggle\" data-voyager-expander-heading-toggle=\"{&quot;sectionIndex&quot;:2,&quot;columnName&quot;:&quot;depthRightSections&quot;}\"><a class=\"a-expander-header a-declarative a-expander-section-header prodDet-expander-header-styling a-color-offset-background a-link-section-expander a-size-medium\" role=\"button\" aria-expanded=\"true\" data-action=\"a-expander-toggle\" data-a-expander-toggle=\"{&quot;allowLinkDefault&quot;:true, &quot;expand_prompt&quot;:&quot;&quot;, &quot;collapse_prompt&quot;:&quot;&quot;}\"><i class=\"a-icon a-icon-section-collapse\"><\/i><span class=\"a-expander-prompt\" role=\"heading\" aria-level=\"5\">Guia do Usu\u00e1rio<\/span><\/a><\/span><\/p>\n<div class=\"a-expander-content a-expander-extend-content a-expander-content-expanded\" data-expanded=\"true\">\n<div class=\"a-section\">\n<table class=\"a-keyvalue prodDetTable\">\n<tbody>\n<tr>\n<th class=\"a-color-secondary a-size-base prodDetSectionEntry\">Exige montagem<\/th>\n<td class=\"a-size-base prodDetAttrValue\">Sim<\/td>\n<\/tr>\n<tr>\n<th class=\"a-color-secondary a-size-base prodDetSectionEntry\">Tipo de instala\u00e7\u00e3o<\/th>\n<td class=\"a-size-base prodDetAttrValue\">Independente<\/td>\n<\/tr>\n<\/tbody>\n<\/table>\n<\/div>\n<\/div>\n<\/div>\n<\/div>\n<\/div>\n<\/div>\n<\/div>\n<\/div>\n<\/div>\n<\/div>\n<\/div>\n<\/div>\n<\/div>\n<div id=\"productDescription_feature_div\" class=\"celwidget pd_rd_w-6TylP pd_rd_r-MFDR2N98PCQZDWDYESKK pd_rd_wg-H1mHg\" data-feature-name=\"productDescription-3\" data-csa-c-type=\"widget\" data-csa-c-content-id=\"productDescription-3\" data-csa-c-slot-id=\"productDescription_feature_div\" data-csa-c-asin=\"\" data-csa-c-is-in-initial-active-row=\"false\" data-csa-c-id=\"p0xau0-a5od2j-q3lwam-bqt7s1\" data-cel-widget=\"productDescription_feature_div\">\n<div>\n<div id=\"productDescription_feature_div\" class=\"a-row feature\" data-feature-name=\"productDescription\" data-template-name=\"productDescription\" data-cel-widget=\"productDescription_feature_div\">\n<div class=\"a-divider a-divider-section\">\n<div class=\"a-divider-inner\"><\/div>\n<\/div>\n<h2 class=\"default\">Descri\u00e7\u00e3o do produto<\/h2>\n<div id=\"productDescription\" class=\"a-section a-spacing-small\">\n<p>Um m\u00f3vel sofisticado com uma composi\u00e7\u00e3o de cores moderna, pintura imitando pedra, perfis com acabamento em hot stamping e p\u00e9s de poliestireno. O Combo Cronos une todas essas caracter\u00edsticas sem deixar de lado a funcionalidade. Com 160cm de largura, ele possui 2 portas de correr, painel e bancada que suportam TV de at\u00e9 65\u201d e chapas de 1,5cm . Garantia: 03 Meses Altura (cm): 147.5 Acabamento: Pintura UV Largura (cm): 160 Possui P\u00e9s: 06 Peso do Rack: 22.2 Possui Vidro: N\u00e3o Possui Portas: Sim Altura do Rack: 57.5 Altura dos P\u00e9s: 16 Peso do Painel: 16.7 Possui Gavetas: N\u00e3o Possui Rod\u00edzio: N\u00e3o Possui Tomadas: N\u00e3o Suporta At\u00e9 (kg): 53 Largura do Rack: 159 Possui Espelhos: N\u00e3o Altura do Painel: 90 Escala de Brilho: Semi-Brilho Material dos P\u00e9s: MDP Largura do Painel: 160 Material da Porta: MDP Possui Ilumina\u00e7\u00e3o: N\u00e3o Acabamento dos P\u00e9s: Pintura Ambiente Principal: Sala de Estar Material Principal: MDP Necessita Montagem: Sim Possui Prateleiras: Sim Acabamento da Porta: Pintura UV Espessura do Painel: 3 Sapatas Niveladoras: N\u00e3o Profundidade do Rack: 36.5 Acabamento da Prateleira: Pintura UV Tipo de Puxador da Porta: Embutido Escala de Brilho da Porta: Semi-Brilho Peso M\u00e1ximo por Prateleira: 7 Ideal para TVs at\u00e9 (Polegadas): 60 Escala de Brilho da Prateleira: Semi-Brilho Informa\u00e7\u00f5es Complementares: Diferenciais do produto: Perfis com acabamento em hot stamping, pain\u00e9is em MDP de 15mm, p\u00e9s de poliestireno inclusos e portas de correr. Suporte de TV Universal Incluso: N\u00e3o Tipo de Dobradi\u00e7a\/Corredi\u00e7a da Porta: Met\u00e1lica Cor do Produto: Cumaru\/opala Itens Inclusos: 1 Rack, 1 Painel + Kit Ferragens + Manual de Montagem Sistema de Montagem: Girofix<\/p>\n<\/div>\n<\/div>\n<\/div>\n<\/div>\n<\/div>\n<div id=\"importantInformation_feature_div\" class=\"celwidget\" data-feature-name=\"importantInformation\" data-csa-c-type=\"widget\" data-csa-c-content-id=\"importantInformation\" data-csa-c-slot-id=\"importantInformation_feature_div\" data-csa-c-asin=\"\" data-csa-c-is-in-initial-active-row=\"false\" data-csa-c-id=\"eh1uf0-60fuh2-52va07-7ad5bx\" data-cel-widget=\"importantInformation_feature_div\">\n<div id=\"important-information\" class=\"a-section a-spacing-extra-large bucket\">\n<div class=\"a-section content\"><\/div>\n<\/div>\n<\/div>\n<div id=\"sims-sponsoredProducts2_feature_div_01\" class=\"celwidget\" data-feature-name=\"sims-sponsoredProducts2\" data-csa-c-type=\"widget\" data-csa-c-content-id=\"sims-sponsoredProducts2\" data-csa-c-slot-id=\"sims-sponsoredProducts2_feature_div_01\" data-csa-c-asin=\"\" data-csa-c-is-in-initial-active-row=\"false\" data-csa-c-id=\"8cq6io-3w7d4n-1ptdcl-cu6cac\" data-cel-widget=\"sims-sponsoredProducts2_feature_div_01\">\n<div class=\"celwidget pd_rd_w-krcfP content-id-amzn1.sym.b0d855ab-21fd-49b1-ae3e-5a01e562f959 pf_rd_p-b0d855ab-21fd-49b1-ae3e-5a01e562f959 pf_rd_r-MFDR2N98PCQZDWDYESKK pd_rd_wg-xhVSq pd_rd_r-b287d541-5401-449d-9cdb-a478d0ed77cf\" data-csa-op-log-render=\"\" data-csa-c-content-id=\"amzn1.sym.b0d855ab-21fd-49b1-ae3e-5a01e562f959\" data-csa-c-slot-id=\"sponsored-products-1\" data-csa-c-type=\"widget\" data-csa-c-painter=\"FirebirdPainter\" data-csa-c-id=\"jpkmou-8studv-ze4wj7-a90oeh\" data-cel-widget=\"desktop-dp-sims_SponsoredProductsSimsDp2Desktop\">\n<div data-csa-c-type=\"widget\" data-csa-c-slot-id=\"sp_detail2\" data-csa-c-id=\"8d5v72-h4zc51-xkzhhn-c1kli9\">Dimens\u00f5es do Painel: Altura: 90 cm Largura: 160 cm Profundidade: 3 cm Dimens\u00f5es da Bancada: Altura: 57,5 cm Largura: 160 cm Profundidade: 36,5 cm<\/div>\n<\/div>\n<\/div>\n","protected":false},"excerpt":{"rendered":"<p>Especifica\u00e7\u00f5es do produto Caracter\u00edsticas e Especifica\u00e7\u00f5es Tipo de montagem Montagem na parede Tipo de sala Sala de estar Tipo de prateleira Prateleira de suporte N\u00famero de prateleiras 1 Caracter\u00edsticas especiais<\/p>\n","protected":false},"featured_media":15667,"comment_status":"open","ping_status":"closed","template":"","meta":[],"product_brand":[],"product_cat":[15],"product_tag":[],"class_list":{"0":"post-15665","1":"product","2":"type-product","3":"status-publish","4":"has-post-thumbnail","6":"product_cat-produtos","7":"product_shipping_class-retirar-no-local","9":"first","10":"instock","11":"shipping-taxable","12":"purchasable","13":"product-type-simple"},"_links":{"self":[{"href":"https:\/\/ambrosioeletro.com.br\/v20\/wp-json\/wp\/v2\/product\/15665","targetHints":{"allow":["GET"]}}],"collection":[{"href":"https:\/\/ambrosioeletro.com.br\/v20\/wp-json\/wp\/v2\/product"}],"about":[{"href":"https:\/\/ambrosioeletro.com.br\/v20\/wp-json\/wp\/v2\/types\/product"}],"replies":[{"embeddable":true,"href":"https:\/\/ambrosioeletro.com.br\/v20\/wp-json\/wp\/v2\/comments?post=15665"}],"wp:featuredmedia":[{"embeddable":true,"href":"https:\/\/ambrosioeletro.com.br\/v20\/wp-json\/wp\/v2\/media\/15667"}],"wp:attachment":[{"href":"https:\/\/ambrosioeletro.com.br\/v20\/wp-json\/wp\/v2\/media?parent=15665"}],"wp:term":[{"taxonomy":"product_brand","embeddable":true,"href":"https:\/\/ambrosioeletro.com.br\/v20\/wp-json\/wp\/v2\/product_brand?post=15665"},{"taxonomy":"product_cat","embeddable":true,"href":"https:\/\/ambrosioeletro.com.br\/v20\/wp-json\/wp\/v2\/product_cat?post=15665"},{"taxonomy":"product_tag","embeddable":true,"href":"https:\/\/ambrosioeletro.com.br\/v20\/wp-json\/wp\/v2\/product_tag?post=15665"}],"curies":[{"name":"wp","href":"https:\/\/api.w.org\/{rel}","templated":true}]}}