{"id":15673,"date":"2026-04-08T10:00:38","date_gmt":"2026-04-08T13:00:38","guid":{"rendered":"https:\/\/ambrosioeletro.com.br\/v20\/?post_type=product&#038;p=15673"},"modified":"2026-04-22T09:10:45","modified_gmt":"2026-04-22T12:10:45","slug":"guarda-roupa-casal-com-espelho-4-portas-roma-carraro-freijo-moveis-carraro","status":"publish","type":"product","link":"https:\/\/ambrosioeletro.com.br\/v20\/produto\/guarda-roupa-casal-com-espelho-4-portas-roma-carraro-freijo-moveis-carraro\/","title":{"rendered":"Guarda Roupa Casal Com Espelho 4 Portas Roma Carraro Freij\u00f3 &#8211; M\u00d3VEIS CARRARO"},"content":{"rendered":"<div class=\"relative px-md overflow-hidden border-on-surface-8 after:pointer-events-none after:absolute after:bottom-[0] after:left-[0] after:h-[72px] after:w-full after:bg-gradient-to-b after:from-[#FFFFFF00] after:to-[#FFFFFF] md:after:content-none md:px-lg max-md:border-b-thin\" data-testid=\"tab-product-detail\">\n<h2 class=\"text-on-surface-2 font-md-bold md:font-title-large-highlight md:mb-md\" data-testid=\"product-details-title\">Descri\u00e7\u00e3o e ficha t\u00e9cnica<\/h2>\n<div data-testid=\"product-detail\">\n<p class=\"mt-2xsm text-on-surface-4 font-xsm-regular\" data-testid=\"product-detail-code\">C\u00f3digo\u00a0bhc647f8cd<\/p>\n<div class=\"mt-md font-xsm-regular\" data-testid=\"product-detail-description\">Guarda Roupa Casal Com Espelho 4 Portas Roma Carraro Freij\u00f3<br \/>\nO Guarda-Roupa Roma 1181 \u00e9 pe\u00e7a essencial para um quarto que reflete sua personalidade. Com design moderno e funcional, este guarda-roupa se adapta facilmente a qualquer estilo de ambiente. Composto por 4 portas de abrir divididas em 3 partes, destaca-se pelo espelho central e pelas 3 gavetas externas, proporcionando praticidade e estilo. Seu amplo espa\u00e7o interno oferece espa\u00e7o generoso para roupas e acess\u00f3rios, com 2 cabideiros em madeira, 3 prateleiras internas e 1 prateleira externa. Fabricado em MDP de 15mm e 12mm, com acabamento em pintura UV, garante durabilidade e resist\u00eancia. As 4 portas contam com dobradi\u00e7as met\u00e1licas, enquanto as gavetas externas possuem corredi\u00e7as do mesmo material, garantindo suavidade ao abrir e fechar. Com puxadores em ABS, proporciona um toque de sofistica\u00e7\u00e3o. O p\u00e9 estrutural melhora a estabilidade do produto. Renove seu quarto e desfrute de um ambiente confort\u00e1vel e organizado, refletindo sua personalidade em cada detalhe.<\/p>\n<p>Especifica\u00e7\u00f5es do produto:<\/p>\n<p>Medidas totais: Largura: 160 cm<br \/>\nAltura: 198 cm<br \/>\nProfundidade: 46,5 cm<br \/>\nPeso total: 81 Kg<br \/>\nCor: Marrom<br \/>\nTipo de Porta: Batente<br \/>\nAltura (cm): 198 CM<br \/>\nPortas: 4<br \/>\nProfundidade (cm): 46,5 cm<br \/>\nCor: Freij\u00f3<br \/>\nMaterial para Filtro: Madeira<br \/>\nEstado de Origem: RS<br \/>\nFam\u00edlia da Cor: Marrom<br \/>\nGavetas: 3<br \/>\nTamanho do Guarda-Roupas: Casal<br \/>\nPeso: 81<br \/>\nLargura do produto (cm):<br \/>\nMaterial: MDP<br \/>\nTipo de Guarda Roupa: Casal<br \/>\nPeso do Produto com Embalagem (kg): 81.00<br \/>\nAltura do Produto com Embalagem (cm): 18.3<br \/>\nLargura do Produto com Embalagem (cm): 55<br \/>\nComprimento do Produto com Embalagem (cm): 197.5<br \/>\nProduto precisa de Montagem?: Sim.<br \/>\nNome do Simples no Fornecedor: Guarda Roupa Casal com Espelho 4 Portas Roma Carraro Freij\u00f3<br \/>\nConte\u00fado da Embalagem: 1 Guarda Roupa Casal com Espelho 4 Portas Roma Carraro Freij\u00f3<br \/>\nDescri\u00e7\u00e3o do Tamanho: Altura: 198 Largura: 160 Profundidade: 46,5<br \/>\nMDP<br \/>\nFreij\u00f3<br \/>\nGuarda Roupa<br \/>\nN\u00e3o Aplic\u00e1vel<br \/>\nN\u00famero de Itens: 2<br \/>\n\u00c9 Fr\u00e1gil: Sim<br \/>\nIncluded components: Prateleiras<br \/>\nExternal Testing: N\u00e3o se Aplica<\/p>\n<p>Garantia:<\/p>\n<p>Os produtos possuem garantia de 03 meses (se usado em condi\u00e7\u00f5es normais), contra defeito de fabrica\u00e7\u00e3o, ou componentes utilizados.<br \/>\nEsta garantia n\u00e3o cobre defeitos por uso inadequado ou excessivo, falta de cuidados e desbotamento natural dos revestimentos.<\/p>\n<p>Condi\u00e7\u00f5es de perda da garantia:<\/p>\n<p>Mau uso ou manuseio incorreto.<br \/>\nDesbotamento causado pela exposi\u00e7\u00e3o direta da luz solar.<br \/>\nDanos causados por agentes da natureza, como inunda\u00e7\u00f5es ou acidentes de qualquer esp\u00e9cie.<br \/>\nUso indevido de produtos abrasivos para realizar a limpeza.<br \/>\nDecurso do prazo estabelecido.<\/p>\n<p>Recomenda\u00e7\u00f5es para uma boa conserva\u00e7\u00e3o:<\/p>\n<p>Dicas para limpeza e conserva\u00e7\u00e3o do seu produto, voc\u00ea encontrar\u00e1 no esquema de montagem que o acompanha.<\/p>\n<p>Informa\u00e7\u00f5es importantes:<\/p>\n<p>Trabalhamos para apresentar imagens fi\u00e9is ao produto real. Por\u00e9m, as cores podem sofrer varia\u00e7\u00f5es de acordo com o monitor, ilumina\u00e7\u00e3o do ambiente em que se encontram e at\u00e9 por sua percep\u00e7\u00e3o visual comparado ao ambiente residencial.<br \/>\nDesta forma, as imagens s\u00e3o meramente ilustrativas.<br \/>\nTodos os objetos decorativos n\u00e3o acompanham o produto.<br \/>\nO produto \u00e9 enviado desmontado.<br \/>\nO produto acompanha manual com instru\u00e7\u00f5es para a montagem.<br \/>\nA empresa n\u00e3o realiza o servi\u00e7o de montagem.<\/p>\n<\/div>\n<\/div>\n<\/div>\n<div class=\"hidden border-on-surface-8 md:px-lg md:block md:py-md\" data-testid=\"tab-product-factsheet\">\n<h2 class=\"text-on-surface-2 font-md-bold md:font-title-large-highlight md:mb-md\" data-testid=\"product-factsheet-title\">Ficha T\u00e9cnica<\/h2>\n<div class=\"pt-2xsm\">\n<table class=\"w-full list-none\" data-testid=\"table-factsheet\">\n<tbody>\n<tr class=\"text-on-surface-3 even:bg-surface-container-lower\">\n<td class=\"px-md py-sm font-xsm-bold align-top table-cell w-1\/2\" data-testid=\"table-factsheet-key\">INCLUDES_ASSEMBLY_MANUAL<\/td>\n<td class=\"px-md py-sm font-xsm-regular list-item w-full align-top\">Sim<\/td>\n<\/tr>\n<tr class=\"text-on-surface-3 even:bg-surface-container-lower\">\n<td class=\"px-md py-sm font-xsm-bold align-top table-cell w-1\/2\" data-testid=\"table-factsheet-key\">STRUCTURE_MATERIALS<\/td>\n<td class=\"px-md py-sm font-xsm-regular list-item w-full align-top\">Madeira<\/td>\n<\/tr>\n<tr class=\"text-on-surface-3 even:bg-surface-container-lower\">\n<td class=\"px-md py-sm font-xsm-bold align-top table-cell w-1\/2\" data-testid=\"table-factsheet-key\">DEPTH<\/td>\n<td class=\"px-md py-sm font-xsm-regular list-item w-full align-top\">0cm<\/td>\n<\/tr>\n<tr class=\"text-on-surface-3 even:bg-surface-container-lower\">\n<td class=\"px-md py-sm font-xsm-bold align-top table-cell w-1\/2\" data-testid=\"table-factsheet-key\">WIDTH<\/td>\n<td class=\"px-md py-sm font-xsm-regular list-item w-full align-top\">0cm<\/td>\n<\/tr>\n<tr class=\"text-on-surface-3 even:bg-surface-container-lower\">\n<td class=\"px-md py-sm font-xsm-bold align-top table-cell w-1\/2\" data-testid=\"table-factsheet-key\">HEIGHT<\/td>\n<td class=\"px-md py-sm font-xsm-regular list-item w-full align-top\">0cm<\/td>\n<\/tr>\n<tr class=\"text-on-surface-3 even:bg-surface-container-lower\">\n<td class=\"px-md py-sm font-xsm-bold align-top table-cell w-1\/2\" data-testid=\"table-factsheet-key\">REQUIRES_ASSEMBLY<\/td>\n<td class=\"px-md py-sm font-xsm-regular list-item w-full align-top\">Sim<\/td>\n<\/tr>\n<tr class=\"text-on-surface-3 even:bg-surface-container-lower\">\n<td class=\"px-md py-sm font-xsm-bold align-top table-cell w-1\/2\" data-testid=\"table-factsheet-key\">Acabamento<\/td>\n<td class=\"px-md py-sm font-xsm-regular list-item w-full align-top\">Pintura UV<\/td>\n<\/tr>\n<tr class=\"text-on-surface-3 even:bg-surface-container-lower\">\n<td class=\"px-md py-sm font-xsm-bold align-top table-cell w-1\/2\" data-testid=\"table-factsheet-key\">Complexidade de Montagem<\/td>\n<td class=\"px-md py-sm font-xsm-regular list-item w-full align-top\">Sim<\/td>\n<\/tr>\n<tr class=\"text-on-surface-3 even:bg-surface-container-lower\">\n<td class=\"px-md py-sm font-xsm-bold align-top table-cell w-1\/2\" data-testid=\"table-factsheet-key\">Componentes do M\u00f3vel<\/td>\n<td class=\"px-md py-sm font-xsm-regular list-item w-full align-top\">Prateleiras<\/td>\n<\/tr>\n<tr class=\"text-on-surface-3 even:bg-surface-container-lower\">\n<td class=\"px-md py-sm font-xsm-bold align-top table-cell w-1\/2\" data-testid=\"table-factsheet-key\">Conte\u00fado da Embalagem<\/td>\n<td class=\"px-md py-sm font-xsm-regular list-item w-full align-top\">1 Guarda Roupa Casal com Espelho 4 Portas Roma Carraro Freij\u00f3<\/td>\n<\/tr>\n<tr class=\"text-on-surface-3 even:bg-surface-container-lower\">\n<td class=\"px-md py-sm font-xsm-bold align-top table-cell w-1\/2\" data-testid=\"table-factsheet-key\">Cor<\/td>\n<td class=\"px-md py-sm font-xsm-regular list-item w-full align-top\">Freij\u00f3<\/td>\n<\/tr>\n<tr class=\"text-on-surface-3 even:bg-surface-container-lower\">\n<td class=\"px-md py-sm font-xsm-bold align-top table-cell w-1\/2\" data-testid=\"table-factsheet-key\">Dimens\u00f5es do Produto<\/td>\n<td class=\"px-md py-sm font-xsm-regular list-item w-full align-top\">Largura: 160 cm, Altura: 198 cm, Profundidade: 46,5 cm<\/td>\n<\/tr>\n<tr class=\"text-on-surface-3 even:bg-surface-container-lower\">\n<td class=\"px-md py-sm font-xsm-bold align-top table-cell w-1\/2\" data-testid=\"table-factsheet-key\">Dimens\u00f5es do Produto com Embalagem<\/td>\n<td class=\"px-md py-sm font-xsm-regular list-item w-full align-top\">Altura: 18.3 cm, Largura: 55 cm, Comprimento: 197.5 cm<\/td>\n<\/tr>\n<tr class=\"text-on-surface-3 even:bg-surface-container-lower\">\n<td class=\"px-md py-sm font-xsm-bold align-top table-cell w-1\/2\" data-testid=\"table-factsheet-key\">Estilo do M\u00f3vel<\/td>\n<td class=\"px-md py-sm font-xsm-regular list-item w-full align-top\">Moderno<\/td>\n<\/tr>\n<tr class=\"text-on-surface-3 even:bg-surface-container-lower\">\n<td class=\"px-md py-sm font-xsm-bold align-top table-cell w-1\/2\" data-testid=\"table-factsheet-key\">Gavetas<\/td>\n<td class=\"px-md py-sm font-xsm-regular list-item w-full align-top\">3<\/td>\n<\/tr>\n<tr class=\"text-on-surface-3 even:bg-surface-container-lower\">\n<td class=\"px-md py-sm font-xsm-bold align-top table-cell w-1\/2\" data-testid=\"table-factsheet-key\">Marca<\/td>\n<td class=\"px-md py-sm font-xsm-regular list-item w-full align-top\"><a class=\"hover:text-interaction-default underline\" href=\"https:\/\/www.magazineluiza.com.br\/marcas\/moveis-carraro\/\">Carraro<\/a><\/td>\n<\/tr>\n<tr class=\"text-on-surface-3 even:bg-surface-container-lower\">\n<td class=\"px-md py-sm font-xsm-bold align-top table-cell w-1\/2\" data-testid=\"table-factsheet-key\">Material da Estrutura<\/td>\n<td class=\"px-md py-sm font-xsm-regular list-item w-full align-top\">MDP<\/td>\n<\/tr>\n<tr class=\"text-on-surface-3 even:bg-surface-container-lower\">\n<td class=\"px-md py-sm font-xsm-bold align-top table-cell w-1\/2\" data-testid=\"table-factsheet-key\">Material dos Componentes do M\u00f3vel<\/td>\n<td class=\"px-md py-sm font-xsm-regular list-item w-full align-top\">MDP<\/td>\n<\/tr>\n<tr class=\"text-on-surface-3 even:bg-surface-container-lower\">\n<td class=\"px-md py-sm font-xsm-bold align-top table-cell w-1\/2\" data-testid=\"table-factsheet-key\">Modelo<\/td>\n<td class=\"px-md py-sm font-xsm-regular list-item w-full align-top\">Roma<\/td>\n<\/tr>\n<tr class=\"text-on-surface-3 even:bg-surface-container-lower\">\n<td class=\"px-md py-sm font-xsm-bold align-top table-cell w-1\/2\" data-testid=\"table-factsheet-key\">Peso do Produto<\/td>\n<td class=\"px-md py-sm font-xsm-regular list-item w-full align-top\">81 Kg<\/td>\n<\/tr>\n<tr class=\"text-on-surface-3 even:bg-surface-container-lower\">\n<td class=\"px-md py-sm font-xsm-bold align-top table-cell w-1\/2\" data-testid=\"table-factsheet-key\">Peso do Produto com Embalagem<\/td>\n<td class=\"px-md py-sm font-xsm-regular list-item w-full align-top\">81.00 kg<\/td>\n<\/tr>\n<tr class=\"text-on-surface-3 even:bg-surface-container-lower\">\n<td class=\"px-md py-sm font-xsm-bold align-top table-cell w-1\/2\" data-testid=\"table-factsheet-key\">Prateleiras<\/td>\n<td class=\"px-md py-sm font-xsm-regular list-item w-full align-top\">3 prateleiras internas e 1 prateleira externa<\/td>\n<\/tr>\n<tr class=\"text-on-surface-3 even:bg-surface-container-lower\">\n<td class=\"px-md py-sm font-xsm-bold align-top table-cell w-1\/2\" data-testid=\"table-factsheet-key\">Prazo de Garantia<\/td>\n<td class=\"px-md py-sm font-xsm-regular list-item w-full align-top\">03 meses<\/td>\n<\/tr>\n<tr class=\"text-on-surface-3 even:bg-surface-container-lower\">\n<td class=\"px-md py-sm font-xsm-bold align-top table-cell w-1\/2\" data-testid=\"table-factsheet-key\">P\u00e9s<\/td>\n<td class=\"px-md py-sm font-xsm-regular list-item w-full align-top\">P\u00e9 estrutural<\/td>\n<\/tr>\n<tr class=\"text-on-surface-3 even:bg-surface-container-lower\">\n<td class=\"px-md py-sm font-xsm-bold align-top table-cell w-1\/2\" data-testid=\"table-factsheet-key\">Quantidade de Gavetas<\/td>\n<td class=\"px-md py-sm font-xsm-regular list-item w-full align-top\">3<\/td>\n<\/tr>\n<tr class=\"text-on-surface-3 even:bg-surface-container-lower\">\n<td class=\"px-md py-sm font-xsm-bold align-top table-cell w-1\/2\" data-testid=\"table-factsheet-key\">Quantidade de Portas<\/td>\n<td class=\"px-md py-sm font-xsm-regular list-item w-full align-top\">4<\/td>\n<\/tr>\n<tr class=\"text-on-surface-3 even:bg-surface-container-lower\">\n<td class=\"px-md py-sm font-xsm-bold align-top table-cell w-1\/2\" data-testid=\"table-factsheet-key\">Refer\u00eancia<\/td>\n<td class=\"px-md py-sm font-xsm-regular list-item w-full align-top\">1181<\/td>\n<\/tr>\n<tr class=\"text-on-surface-3 even:bg-surface-container-lower\">\n<td class=\"px-md py-sm font-xsm-bold align-top table-cell w-1\/2\" data-testid=\"table-factsheet-key\">Sistema de Montagem<\/td>\n<td class=\"px-md py-sm font-xsm-regular list-item w-full align-top\">Manual com instru\u00e7\u00f5es<\/td>\n<\/tr>\n<tr class=\"text-on-surface-3 even:bg-surface-container-lower\">\n<td class=\"px-md py-sm font-xsm-bold align-top table-cell w-1\/2\" data-testid=\"table-factsheet-key\">Tamanho do M\u00f3vel<\/td>\n<td class=\"px-md py-sm font-xsm-regular list-item w-full align-top\">Casal<\/td>\n<\/tr>\n<tr class=\"text-on-surface-3 even:bg-surface-container-lower\">\n<td class=\"px-md py-sm font-xsm-bold align-top table-cell w-1\/2\" data-testid=\"table-factsheet-key\">Tipo de M\u00f3vel<\/td>\n<td class=\"px-md py-sm font-xsm-regular list-item w-full align-top\">Guarda Roupa<\/td>\n<\/tr>\n<tr class=\"text-on-surface-3 even:bg-surface-container-lower\">\n<td class=\"px-md py-sm font-xsm-bold align-top table-cell w-1\/2\" data-testid=\"table-factsheet-key\">Tipo de Porta<\/td>\n<td class=\"px-md py-sm font-xsm-regular list-item w-full align-top\">Batente<\/td>\n<\/tr>\n<\/tbody>\n<\/table>\n<\/div>\n<\/div>\n","protected":false},"excerpt":{"rendered":"<p>Descri\u00e7\u00e3o e ficha t\u00e9cnica C\u00f3digo\u00a0bhc647f8cd Guarda Roupa Casal Com Espelho 4 Portas Roma Carraro Freij\u00f3 O Guarda-Roupa Roma 1181 \u00e9 pe\u00e7a essencial para um quarto que reflete sua personalidade. Com<\/p>\n","protected":false},"featured_media":15676,"comment_status":"open","ping_status":"closed","template":"","meta":[],"product_brand":[],"product_cat":[15],"product_tag":[],"class_list":{"0":"post-15673","1":"product","2":"type-product","3":"status-publish","4":"has-post-thumbnail","6":"product_cat-produtos","7":"product_shipping_class-retirar-no-local","9":"first","10":"instock","11":"shipping-taxable","12":"purchasable","13":"product-type-simple"},"_links":{"self":[{"href":"https:\/\/ambrosioeletro.com.br\/v20\/wp-json\/wp\/v2\/product\/15673","targetHints":{"allow":["GET"]}}],"collection":[{"href":"https:\/\/ambrosioeletro.com.br\/v20\/wp-json\/wp\/v2\/product"}],"about":[{"href":"https:\/\/ambrosioeletro.com.br\/v20\/wp-json\/wp\/v2\/types\/product"}],"replies":[{"embeddable":true,"href":"https:\/\/ambrosioeletro.com.br\/v20\/wp-json\/wp\/v2\/comments?post=15673"}],"wp:featuredmedia":[{"embeddable":true,"href":"https:\/\/ambrosioeletro.com.br\/v20\/wp-json\/wp\/v2\/media\/15676"}],"wp:attachment":[{"href":"https:\/\/ambrosioeletro.com.br\/v20\/wp-json\/wp\/v2\/media?parent=15673"}],"wp:term":[{"taxonomy":"product_brand","embeddable":true,"href":"https:\/\/ambrosioeletro.com.br\/v20\/wp-json\/wp\/v2\/product_brand?post=15673"},{"taxonomy":"product_cat","embeddable":true,"href":"https:\/\/ambrosioeletro.com.br\/v20\/wp-json\/wp\/v2\/product_cat?post=15673"},{"taxonomy":"product_tag","embeddable":true,"href":"https:\/\/ambrosioeletro.com.br\/v20\/wp-json\/wp\/v2\/product_tag?post=15673"}],"curies":[{"name":"wp","href":"https:\/\/api.w.org\/{rel}","templated":true}]}}