{"id":15680,"date":"2026-04-08T10:36:35","date_gmt":"2026-04-08T13:36:35","guid":{"rendered":"https:\/\/ambrosioeletro.com.br\/v20\/?post_type=product&#038;p=15680"},"modified":"2026-04-17T09:22:36","modified_gmt":"2026-04-17T12:22:36","slug":"sofa-retratil-barcelona-290m-5-lugares-molas-ensacadas-txr-cor-bege","status":"publish","type":"product","link":"https:\/\/ambrosioeletro.com.br\/v20\/produto\/sofa-retratil-barcelona-290m-5-lugares-molas-ensacadas-txr-cor-bege\/","title":{"rendered":"Sof\u00e1 Retr\u00e1til Barcelona 2,90M 5 Lugares Molas Ensacadas TXR Cor Bege Linho"},"content":{"rendered":"<div class=\"relative px-md overflow-hidden border-on-surface-8 after:pointer-events-none after:absolute after:bottom-[0] after:left-[0] after:h-[72px] after:w-full after:bg-gradient-to-b after:from-[#FFFFFF00] after:to-[#FFFFFF] md:after:content-none md:px-lg max-md:border-b-thin\" data-testid=\"tab-product-detail\">\n<h2 class=\"text-on-surface-2 font-md-bold md:font-title-large-highlight md:mb-md\" data-testid=\"product-details-title\">Descri\u00e7\u00e3o e ficha t\u00e9cnica<\/h2>\n<div data-testid=\"product-detail\">\n<p class=\"mt-2xsm text-on-surface-4 font-xsm-regular\" data-testid=\"product-detail-code\">C\u00f3digo\u00a0gbed7jgj58<\/p>\n<div class=\"mt-md font-xsm-regular\" data-testid=\"product-detail-description\">Sof\u00e1 Retr\u00e1til Barcelona 2,90M 5 Lugares Molas Ensacadas TXR:<br \/>\nSuavidade e conforto em sua casa com o Sof\u00e1 BARCELONA que possui encosto reclin\u00e1vel, assento com Pillow de molas ensacadas, fibra siliconada, assento retr\u00e1til com rod\u00edzios que facilitam seu movimento.<\/p>\n<p>Caracter\u00edsticas:<br \/>\nTipo: Sof\u00e1 5 lugares Retr\u00e1til e Reclin\u00e1vel<br \/>\nMarca: TXR<br \/>\nModelo: Barcelona<br \/>\nEstrutura: Madeira de origem certificada, Eucalipto<br \/>\nRevestimento: Em tecido<br \/>\nP\u00e9s: Em madeira reflorestada<br \/>\nAssento: Retr\u00e1til Pillow de molas ensacadas com espuma D28<br \/>\nEncosto: Reclin\u00e1vel em 5 est\u00e1gios, 100 fibra de silicone<br \/>\nBra\u00e7os: 25 cm com almofas em fibra de silicone<br \/>\nRetr\u00e1til e Reclin\u00e1vel: Com mecanismo em a\u00e7o<\/p>\n<p>Dimens\u00f5es:<br \/>\nAltura: 112 cm<br \/>\nLargura: 290 cm<br \/>\nProfundidade Fechado: 120 cm<br \/>\nProfundidade Aberto: 180 cm com encosto reclinado<br \/>\nPeso: 124 kg<\/p>\n<p>Garantia: 03 Meses.<\/p>\n<p>Observa\u00e7\u00f5es:<br \/>\nInforma\u00e7\u00f5es Sobre Montagem: N\u00e3o possu\u00edmos servi\u00e7o de montagem.<br \/>\nN\u00e3o nos responsabilizamos pelos custos de montagem.<br \/>\n\u00c9 de extrema import\u00e2ncia ficar atento \u00e0s dimens\u00f5es dos produtos, pois \u00e9 de sua total responsabilidade caso o produto tenha dimens\u00f5es superiores ao local de acesso da entrega dificultando ou impossibilitando que a mesma seja conclu\u00edda.<br \/>\nN\u00e3o nos responsabilizamos, no ato da entrega, por subir escadas, corredores e elevadores ou transporte por guincho em apartamentos.<br \/>\nN\u00e3o nos responsabilizamos por transtornos com a entrega caso o produto necessite de desmontagem, nem pelos custos gerados por esta situa\u00e7\u00e3o.<br \/>\nImagens meramente ilustrativas. A cor pode variar de acordo com a ilumina\u00e7\u00e3o do ambiente.<br \/>\nItens de decora\u00e7\u00e3o n\u00e3o inclusos.<\/p><\/div>\n<\/div>\n<\/div>\n<div class=\"hidden border-on-surface-8 md:px-lg md:block md:py-md\" data-testid=\"tab-product-factsheet\">\n<h2 class=\"text-on-surface-2 font-md-bold md:font-title-large-highlight md:mb-md\" data-testid=\"product-factsheet-title\">Ficha T\u00e9cnica<\/h2>\n<div class=\"pt-2xsm\">\n<table class=\"w-full list-none\" data-testid=\"table-factsheet\">\n<tbody>\n<tr class=\"text-on-surface-3 even:bg-surface-container-lower\">\n<td class=\"px-md py-sm font-xsm-bold align-top table-cell w-1\/2\" data-testid=\"table-factsheet-key\">Bra\u00e7os<\/td>\n<td class=\"px-md py-sm font-xsm-regular list-item w-full align-top\">25 cm com almofas em fibra de silicone<\/td>\n<\/tr>\n<tr class=\"text-on-surface-3 even:bg-surface-container-lower\">\n<td class=\"px-md py-sm font-xsm-bold align-top table-cell w-1\/2\" data-testid=\"table-factsheet-key\">Caracter\u00edsticas do Assento<\/td>\n<td class=\"px-md py-sm font-xsm-regular list-item w-full align-top\">Retr\u00e1til Pillow de molas ensacadas com espuma D28<\/td>\n<\/tr>\n<tr class=\"text-on-surface-3 even:bg-surface-container-lower\">\n<td class=\"px-md py-sm font-xsm-bold align-top table-cell w-1\/2\" data-testid=\"table-factsheet-key\">Cor<\/td>\n<td class=\"px-md py-sm font-xsm-regular list-item w-full align-top\">Bege<\/td>\n<\/tr>\n<tr class=\"text-on-surface-3 even:bg-surface-container-lower\">\n<td class=\"px-md py-sm font-xsm-bold align-top table-cell w-1\/2\" data-testid=\"table-factsheet-key\">Densidade do Assento<\/td>\n<td class=\"px-md py-sm font-xsm-regular list-item w-full align-top\">D28<\/td>\n<\/tr>\n<tr class=\"text-on-surface-3 even:bg-surface-container-lower\">\n<td class=\"px-md py-sm font-xsm-bold align-top table-cell w-1\/2\" data-testid=\"table-factsheet-key\">Dimens\u00f5es do Produto<\/td>\n<td class=\"px-md py-sm font-xsm-regular list-item w-full align-top\">Altura: 112 cm Largura: 290 cm Profundidade Fechado: 120 cm Profundidade Aberto: 180 cm<\/td>\n<\/tr>\n<tr class=\"text-on-surface-3 even:bg-surface-container-lower\">\n<td class=\"px-md py-sm font-xsm-bold align-top table-cell w-1\/2\" data-testid=\"table-factsheet-key\">Encosto<\/td>\n<td class=\"px-md py-sm font-xsm-regular list-item w-full align-top\">Reclin\u00e1vel em 5 est\u00e1gios, 100 fibra de silicone<\/td>\n<\/tr>\n<tr class=\"text-on-surface-3 even:bg-surface-container-lower\">\n<td class=\"px-md py-sm font-xsm-bold align-top table-cell w-1\/2\" data-testid=\"table-factsheet-key\">Linha<\/td>\n<td class=\"px-md py-sm font-xsm-regular list-item w-full align-top\">Barcelona<\/td>\n<\/tr>\n<tr class=\"text-on-surface-3 even:bg-surface-container-lower\">\n<td class=\"px-md py-sm font-xsm-bold align-top table-cell w-1\/2\" data-testid=\"table-factsheet-key\">Marca<\/td>\n<td class=\"px-md py-sm font-xsm-regular list-item w-full align-top\"><a class=\"hover:text-interaction-default underline\" href=\"https:\/\/www.magazineluiza.com.br\/marcas\/txr\/\">TXR<\/a><\/td>\n<\/tr>\n<tr class=\"text-on-surface-3 even:bg-surface-container-lower\">\n<td class=\"px-md py-sm font-xsm-bold align-top table-cell w-1\/2\" data-testid=\"table-factsheet-key\">Material da Estrutura<\/td>\n<td class=\"px-md py-sm font-xsm-regular list-item w-full align-top\">Madeira de origem certificada, Eucalipto<\/td>\n<\/tr>\n<tr class=\"text-on-surface-3 even:bg-surface-container-lower\">\n<td class=\"px-md py-sm font-xsm-bold align-top table-cell w-1\/2\" data-testid=\"table-factsheet-key\">Material do Assento<\/td>\n<td class=\"px-md py-sm font-xsm-regular list-item w-full align-top\">Molas ensacadas com espuma D28<\/td>\n<\/tr>\n<tr class=\"text-on-surface-3 even:bg-surface-container-lower\">\n<td class=\"px-md py-sm font-xsm-bold align-top table-cell w-1\/2\" data-testid=\"table-factsheet-key\">Material dos P\u00e9s<\/td>\n<td class=\"px-md py-sm font-xsm-regular list-item w-full align-top\">Madeira reflorestada<\/td>\n<\/tr>\n<tr class=\"text-on-surface-3 even:bg-surface-container-lower\">\n<td class=\"px-md py-sm font-xsm-bold align-top table-cell w-1\/2\" data-testid=\"table-factsheet-key\">Modelo<\/td>\n<td class=\"px-md py-sm font-xsm-regular list-item w-full align-top\">Barcelona<\/td>\n<\/tr>\n<tr class=\"text-on-surface-3 even:bg-surface-container-lower\">\n<td class=\"px-md py-sm font-xsm-bold align-top table-cell w-1\/2\" data-testid=\"table-factsheet-key\">Peso do Produto<\/td>\n<td class=\"px-md py-sm font-xsm-regular list-item w-full align-top\">124 kg<\/td>\n<\/tr>\n<tr class=\"text-on-surface-3 even:bg-surface-container-lower\">\n<td class=\"px-md py-sm font-xsm-bold align-top table-cell w-1\/2\" data-testid=\"table-factsheet-key\">Prazo de Garantia<\/td>\n<td class=\"px-md py-sm font-xsm-regular list-item w-full align-top\">03 Meses<\/td>\n<\/tr>\n<tr class=\"text-on-surface-3 even:bg-surface-container-lower\">\n<td class=\"px-md py-sm font-xsm-bold align-top table-cell w-1\/2\" data-testid=\"table-factsheet-key\">P\u00e9s<\/td>\n<td class=\"px-md py-sm font-xsm-regular list-item w-full align-top\">Em madeira reflorestada<\/td>\n<\/tr>\n<tr class=\"text-on-surface-3 even:bg-surface-container-lower\">\n<td class=\"px-md py-sm font-xsm-bold align-top table-cell w-1\/2\" data-testid=\"table-factsheet-key\">Quantidade de Lugares<\/td>\n<td class=\"px-md py-sm font-xsm-regular list-item w-full align-top\">5 Lugares<\/td>\n<\/tr>\n<tr class=\"text-on-surface-3 even:bg-surface-container-lower\">\n<td class=\"px-md py-sm font-xsm-bold align-top table-cell w-1\/2\" data-testid=\"table-factsheet-key\">Refer\u00eancia<\/td>\n<td class=\"px-md py-sm font-xsm-regular list-item w-full align-top\">TXR<\/td>\n<\/tr>\n<tr class=\"text-on-surface-3 even:bg-surface-container-lower\">\n<td class=\"px-md py-sm font-xsm-bold align-top table-cell w-1\/2\" data-testid=\"table-factsheet-key\">Revestimento<\/td>\n<td class=\"px-md py-sm font-xsm-regular list-item w-full align-top\">Em tecido<\/td>\n<\/tr>\n<tr class=\"text-on-surface-3 even:bg-surface-container-lower\">\n<td class=\"px-md py-sm font-xsm-bold align-top table-cell w-1\/2\" data-testid=\"table-factsheet-key\">Tamanho do M\u00f3vel<\/td>\n<td class=\"px-md py-sm font-xsm-regular list-item w-full align-top\">2,90M<\/td>\n<\/tr>\n<tr class=\"text-on-surface-3 even:bg-surface-container-lower\">\n<td class=\"px-md py-sm font-xsm-bold align-top table-cell w-1\/2\" data-testid=\"table-factsheet-key\">Tipo de Sof\u00e1<\/td>\n<td class=\"px-md py-sm font-xsm-regular list-item w-full align-top\">Retr\u00e1til e Reclin\u00e1vel<\/td>\n<\/tr>\n<\/tbody>\n<\/table>\n<\/div>\n<\/div>\n","protected":false},"excerpt":{"rendered":"<p>Descri\u00e7\u00e3o e ficha t\u00e9cnica C\u00f3digo\u00a0gbed7jgj58 Sof\u00e1 Retr\u00e1til Barcelona 2,90M 5 Lugares Molas Ensacadas TXR: Suavidade e conforto em sua casa com o Sof\u00e1 BARCELONA que possui encosto reclin\u00e1vel, assento com<\/p>\n","protected":false},"featured_media":15682,"comment_status":"open","ping_status":"closed","template":"","meta":[],"product_brand":[],"product_cat":[15],"product_tag":[],"class_list":{"0":"post-15680","1":"product","2":"type-product","3":"status-publish","4":"has-post-thumbnail","6":"product_cat-produtos","7":"product_shipping_class-retirar-no-local","9":"first","10":"instock","11":"shipping-taxable","12":"purchasable","13":"product-type-simple"},"_links":{"self":[{"href":"https:\/\/ambrosioeletro.com.br\/v20\/wp-json\/wp\/v2\/product\/15680","targetHints":{"allow":["GET"]}}],"collection":[{"href":"https:\/\/ambrosioeletro.com.br\/v20\/wp-json\/wp\/v2\/product"}],"about":[{"href":"https:\/\/ambrosioeletro.com.br\/v20\/wp-json\/wp\/v2\/types\/product"}],"replies":[{"embeddable":true,"href":"https:\/\/ambrosioeletro.com.br\/v20\/wp-json\/wp\/v2\/comments?post=15680"}],"wp:featuredmedia":[{"embeddable":true,"href":"https:\/\/ambrosioeletro.com.br\/v20\/wp-json\/wp\/v2\/media\/15682"}],"wp:attachment":[{"href":"https:\/\/ambrosioeletro.com.br\/v20\/wp-json\/wp\/v2\/media?parent=15680"}],"wp:term":[{"taxonomy":"product_brand","embeddable":true,"href":"https:\/\/ambrosioeletro.com.br\/v20\/wp-json\/wp\/v2\/product_brand?post=15680"},{"taxonomy":"product_cat","embeddable":true,"href":"https:\/\/ambrosioeletro.com.br\/v20\/wp-json\/wp\/v2\/product_cat?post=15680"},{"taxonomy":"product_tag","embeddable":true,"href":"https:\/\/ambrosioeletro.com.br\/v20\/wp-json\/wp\/v2\/product_tag?post=15680"}],"curies":[{"name":"wp","href":"https:\/\/api.w.org\/{rel}","templated":true}]}}