{"id":15695,"date":"2026-04-08T11:28:47","date_gmt":"2026-04-08T14:28:47","guid":{"rendered":"https:\/\/ambrosioeletro.com.br\/v20\/?post_type=product&#038;p=15695"},"modified":"2026-04-08T11:28:47","modified_gmt":"2026-04-08T14:28:47","slug":"liquidificador-philco-ph900-preto-1200w-com-12-velocidades-110v","status":"publish","type":"product","link":"https:\/\/ambrosioeletro.com.br\/v20\/produto\/liquidificador-philco-ph900-preto-1200w-com-12-velocidades-110v\/","title":{"rendered":"Liquidificador Philco PH900 Preto 1200W com 12 Velocidades &#8211; 110V"},"content":{"rendered":"<div class=\"css-cs5a0t\">\n<div class=\"dsvia-flex css-rtcfjm\" data-testid=\"dsvia-base-div\">\n<p class=\"dsvia-text css-bqvivw\">Velocidades<\/p>\n<p><span class=\"css-emfmc0\">Acima de 5<\/span><\/div>\n<\/div>\n<div class=\"css-cs5a0t\">\n<div class=\"dsvia-flex css-rtcfjm\" data-testid=\"dsvia-base-div\">\n<p class=\"dsvia-text css-bqvivw\">Caracter\u00edsticas<\/p>\n<p><span class=\"css-emfmc0\">Com filtro-Autolimpante-Tritura gelo<\/span><\/div>\n<\/div>\n<div class=\"css-cs5a0t\">\n<div class=\"dsvia-flex css-rtcfjm\" data-testid=\"dsvia-base-div\">\n<p class=\"dsvia-text css-bqvivw\">N\u00ba de velocidades<\/p>\n<p><span class=\"css-emfmc0\">12<\/span><\/div>\n<\/div>\n<div class=\"css-cs5a0t\">\n<div class=\"dsvia-flex css-rtcfjm\" data-testid=\"dsvia-base-div\">\n<p class=\"dsvia-text css-bqvivw\">Fun\u00e7\u00e3o pulsar<\/p>\n<p><span class=\"css-emfmc0\">Sim<\/span><\/div>\n<\/div>\n<div class=\"css-cs5a0t\">\n<div class=\"dsvia-flex css-rtcfjm\" data-testid=\"dsvia-base-div\">\n<p class=\"dsvia-text css-bqvivw\">Fun\u00e7\u00e3o autolimpeza<\/p>\n<p><span class=\"css-emfmc0\">Sim<\/span><\/div>\n<\/div>\n<div class=\"css-cs5a0t\">\n<div class=\"dsvia-flex css-rtcfjm\" data-testid=\"dsvia-base-div\">\n<p class=\"dsvia-text css-bqvivw\">Copo<\/p>\n<p><span class=\"css-emfmc0\">Acr\u00edlico<\/span><\/div>\n<\/div>\n<div class=\"css-cs5a0t\">\n<div class=\"dsvia-flex css-rtcfjm\" data-testid=\"dsvia-base-div\">\n<p class=\"dsvia-text css-bqvivw\">Filtro<\/p>\n<p><span class=\"css-emfmc0\">Sim<\/span><\/div>\n<\/div>\n<div class=\"css-cs5a0t\">\n<div class=\"dsvia-flex css-rtcfjm\" data-testid=\"dsvia-base-div\">\n<p class=\"dsvia-text css-bqvivw\">L\u00e2minas<\/p>\n<p><span class=\"css-emfmc0\">Integradas ao copo<\/span><\/div>\n<\/div>\n<div class=\"css-cs5a0t\">\n<div class=\"dsvia-flex css-rtcfjm\" data-testid=\"dsvia-base-div\">\n<p class=\"dsvia-text css-bqvivw\">Porta-fio<\/p>\n<p><span class=\"css-emfmc0\">Sim<\/span><\/div>\n<\/div>\n<div class=\"css-cs5a0t\">\n<div class=\"dsvia-flex css-rtcfjm\" data-testid=\"dsvia-base-div\">\n<p class=\"dsvia-text css-bqvivw\">Triturador de gelo<\/p>\n<p><span class=\"css-emfmc0\">Sim<\/span><\/div>\n<\/div>\n<div class=\"css-1h51iw\">\n<div class=\"dsvia-flex css-rtcfjm\" data-testid=\"dsvia-base-div\">\n<p class=\"dsvia-text css-bqvivw\">Caracter\u00edsticas Gerais<\/p>\n<p><span class=\"css-emfmc0\">&#8211; Chave eletr\u00f4nica 12 velocidades + pulsar\/autolimpeza;<br \/>\n&#8211; Copo com facas integrado;<br \/>\n&#8211; Al\u00e7a do copo anat\u00f4mica;<br \/>\n&#8211; Tampa que permite servir sem retir\u00e1-la (posi\u00e7\u00f5es fechada e servir);<br \/>\n&#8211; Tampinha dosadora graduada (centro da tampa);<br \/>\n&#8211; Resistente: L\u00e2mina integrada de a\u00e7o inox;<br \/>\n&#8211; Faca de 6 l\u00e2minas: Ultra afiadas e resistentes;<br \/>\n&#8211; Dispon\u00edvel em 110v e 220v (n\u00e3o \u00e9 um produto bivolt).<\/span><\/div>\n<div data-testid=\"dsvia-base-div\">\n<div class=\"css-cs5a0t\">\n<div class=\"dsvia-flex css-rtcfjm\" data-testid=\"dsvia-base-div\">\n<p class=\"dsvia-text css-bqvivw\">Capacidade total<\/p>\n<p><span class=\"css-emfmc0\">Acima de 1,5 L<\/span><\/div>\n<\/div>\n<div class=\"css-cs5a0t\">\n<div class=\"dsvia-flex css-rtcfjm\" data-testid=\"dsvia-base-div\">\n<p class=\"dsvia-text css-bqvivw\">Consumo de energia (kW\/h)<\/p>\n<p><span class=\"css-emfmc0\">1,2<\/span><\/div>\n<\/div>\n<div class=\"css-cs5a0t\">\n<div class=\"dsvia-flex css-rtcfjm\" data-testid=\"dsvia-base-div\">\n<p class=\"dsvia-text css-bqvivw\">Pot\u00eancia (W)<\/p>\n<p><span class=\"css-emfmc0\">1200<\/span><\/div>\n<\/div>\n<div class=\"css-cs5a0t\">\n<div class=\"dsvia-flex css-rtcfjm\" data-testid=\"dsvia-base-div\">\n<p class=\"dsvia-text css-bqvivw\">Pot\u00eancia<\/p>\n<p><span class=\"css-emfmc0\">Acima de 800W<\/span><\/div>\n<\/div>\n<div class=\"css-cs5a0t\">\n<div class=\"dsvia-flex css-rtcfjm\" data-testid=\"dsvia-base-div\">\n<p class=\"dsvia-text css-bqvivw\">Capacidade total do copo (litros)<\/p>\n<p><span class=\"css-emfmc0\">3<\/span><\/div>\n<\/div>\n<div class=\"css-cs5a0t\">\n<div class=\"dsvia-flex css-rtcfjm\" data-testid=\"dsvia-base-div\">\n<p class=\"dsvia-text css-bqvivw\">Tens\u00e3o\/Voltagem<\/p>\n<p><span class=\"css-emfmc0\">110V-220V<\/span><\/div>\n<\/div>\n<div class=\"css-cs5a0t\">\n<div class=\"dsvia-flex css-rtcfjm\" data-testid=\"dsvia-base-div\">\n<p class=\"dsvia-text css-bqvivw\">Capacidade \u00fatil do copo (litros)<\/p>\n<p><span class=\"css-emfmc0\">2<\/span><\/div>\n<\/div>\n<div class=\"css-cs5a0t\">\n<div class=\"dsvia-flex css-rtcfjm\" data-testid=\"dsvia-base-div\">\n<p class=\"dsvia-text css-bqvivw\">Cor<\/p>\n<p><span class=\"css-emfmc0\">Preto<\/span><\/div>\n<\/div>\n<div class=\"css-cs5a0t\">\n<div class=\"dsvia-flex css-rtcfjm\" data-testid=\"dsvia-base-div\">\n<p class=\"dsvia-text css-bqvivw\">Conte\u00fado da Embalagem<\/p>\n<p><span class=\"css-emfmc0\">&#8211; 1 Liquidificador Philco PH900 12 Velocidades 1200W &#8211; Preto;<br \/>\n&#8211; Manual de Instru\u00e7\u00f5es.<\/span><\/div>\n<\/div>\n<div class=\"css-cs5a0t\">\n<div class=\"dsvia-flex css-rtcfjm\" data-testid=\"dsvia-base-div\"><\/div>\n<\/div>\n<div class=\"css-cs5a0t\">\n<div class=\"dsvia-flex css-rtcfjm\" data-testid=\"dsvia-base-div\">\n<p class=\"dsvia-text css-bqvivw\">Observa\u00e7\u00f5es<\/p>\n<p><span class=\"css-emfmc0\">&#8211;\u00a0<strong>Imagens meramente ilustrativas.<\/strong>\u00a0&#8211; &#8211; N\u00edvel de pot\u00eancia sonora: 89 dB (A).<\/span><\/div>\n<\/div>\n<div class=\"css-cs5a0t\">\n<div class=\"dsvia-flex css-rtcfjm\" data-testid=\"dsvia-base-div\">\n<p class=\"dsvia-text css-bqvivw\">Dicas de Utiliza\u00e7\u00e3o<\/p>\n<p><span class=\"css-emfmc0\">&#8211; Capacidade \u00fatil de gradua\u00e7\u00e3o na jarra aponta: 2 L;<br \/>\n&#8211; Capacidade total informada pelo fabricante: 3 L.<\/span><\/div>\n<\/div>\n<div class=\"css-cs5a0t\">\n<div class=\"dsvia-flex css-rtcfjm\" data-testid=\"dsvia-base-div\"><\/div>\n<\/div>\n<\/div>\n<\/div>\n","protected":false},"excerpt":{"rendered":"<p>Velocidades Acima de 5 Caracter\u00edsticas Com filtro-Autolimpante-Tritura gelo N\u00ba de velocidades 12 Fun\u00e7\u00e3o pulsar Sim Fun\u00e7\u00e3o autolimpeza Sim Copo Acr\u00edlico Filtro Sim L\u00e2minas Integradas ao copo Porta-fio Sim Triturador de<\/p>\n","protected":false},"featured_media":15696,"comment_status":"open","ping_status":"closed","template":"","meta":[],"product_brand":[],"product_cat":[15],"product_tag":[],"class_list":{"0":"post-15695","1":"product","2":"type-product","3":"status-publish","4":"has-post-thumbnail","6":"product_cat-produtos","7":"product_shipping_class-retirar-no-local","9":"first","10":"instock","11":"shipping-taxable","12":"purchasable","13":"product-type-simple"},"_links":{"self":[{"href":"https:\/\/ambrosioeletro.com.br\/v20\/wp-json\/wp\/v2\/product\/15695","targetHints":{"allow":["GET"]}}],"collection":[{"href":"https:\/\/ambrosioeletro.com.br\/v20\/wp-json\/wp\/v2\/product"}],"about":[{"href":"https:\/\/ambrosioeletro.com.br\/v20\/wp-json\/wp\/v2\/types\/product"}],"replies":[{"embeddable":true,"href":"https:\/\/ambrosioeletro.com.br\/v20\/wp-json\/wp\/v2\/comments?post=15695"}],"wp:featuredmedia":[{"embeddable":true,"href":"https:\/\/ambrosioeletro.com.br\/v20\/wp-json\/wp\/v2\/media\/15696"}],"wp:attachment":[{"href":"https:\/\/ambrosioeletro.com.br\/v20\/wp-json\/wp\/v2\/media?parent=15695"}],"wp:term":[{"taxonomy":"product_brand","embeddable":true,"href":"https:\/\/ambrosioeletro.com.br\/v20\/wp-json\/wp\/v2\/product_brand?post=15695"},{"taxonomy":"product_cat","embeddable":true,"href":"https:\/\/ambrosioeletro.com.br\/v20\/wp-json\/wp\/v2\/product_cat?post=15695"},{"taxonomy":"product_tag","embeddable":true,"href":"https:\/\/ambrosioeletro.com.br\/v20\/wp-json\/wp\/v2\/product_tag?post=15695"}],"curies":[{"name":"wp","href":"https:\/\/api.w.org\/{rel}","templated":true}]}}