{"id":15718,"date":"2026-04-08T11:57:31","date_gmt":"2026-04-08T14:57:31","guid":{"rendered":"https:\/\/ambrosioeletro.com.br\/v20\/?post_type=product&#038;p=15718"},"modified":"2026-04-08T11:57:31","modified_gmt":"2026-04-08T14:57:31","slug":"geladeira-frost-free-duplex-333-litros-inox-consul-crm40mk-110v","status":"publish","type":"product","link":"https:\/\/ambrosioeletro.com.br\/v20\/produto\/geladeira-frost-free-duplex-333-litros-inox-consul-crm40mk-110v\/","title":{"rendered":"Geladeira Frost Free Duplex 333 Litros Inox Consul &#8211; CRM40MK 110v"},"content":{"rendered":"<div id=\"productOverview_feature_div\" class=\"celwidget\" data-feature-name=\"productOverview_nonPets\" data-csa-c-type=\"widget\" data-csa-c-content-id=\"productOverview_nonPets\" data-csa-c-slot-id=\"productOverview_feature_div\" data-csa-c-asin=\"B0G1D5Q4RD\" data-csa-c-is-in-initial-active-row=\"false\" data-csa-c-id=\"ty5oyz-z16c97-uf4667-6pwimp\" data-cel-widget=\"productOverview_feature_div\">\n<div class=\"a-section a-spacing-small a-spacing-top-small\">\n<table class=\"a-normal a-spacing-micro\" role=\"list\">\n<tbody>\n<tr class=\"a-spacing-small po-item_depth_width_height\" role=\"listitem\">\n<td class=\"a-span3\" role=\"presentation\"><span class=\"a-size-base a-text-bold\">Dimens\u00f5es do produto<\/span><\/td>\n<td class=\"a-span9\" role=\"presentation\"><span class=\"a-size-base po-break-word\">71,7P x 62,2L x 170,5A cent\u00edmetros<\/span><\/td>\n<\/tr>\n<tr class=\"a-spacing-small po-brand\" role=\"listitem\">\n<td class=\"a-span3\" role=\"presentation\"><span class=\"a-size-base a-text-bold\">Marca<\/span><\/td>\n<td class=\"a-span9\" role=\"presentation\"><span class=\"a-size-base po-break-word\">Consul<\/span><\/td>\n<\/tr>\n<tr class=\"a-spacing-small po-capacity\" role=\"listitem\">\n<td class=\"a-span3\" role=\"presentation\"><span class=\"a-size-base a-text-bold\">Capacidade<\/span><\/td>\n<td class=\"a-span9\" role=\"presentation\"><span class=\"a-size-base po-break-word\">333 Litros<\/span><\/td>\n<\/tr>\n<tr class=\"a-spacing-small po-configuration\" role=\"listitem\">\n<td class=\"a-span3\" role=\"presentation\"><span class=\"a-size-base a-text-bold\">Configura\u00e7\u00e3o<\/span><\/td>\n<td class=\"a-span9\" role=\"presentation\"><span class=\"a-size-base po-break-word\">Congelador na parte superior<\/span><\/td>\n<\/tr>\n<tr class=\"a-spacing-small po-color\" role=\"listitem\">\n<td class=\"a-span3\" role=\"presentation\"><span class=\"a-size-base a-text-bold\">Cor<\/span><\/td>\n<td class=\"a-span9\" role=\"presentation\"><span class=\"a-size-base po-break-word\">Cinza<\/span><\/td>\n<\/tr>\n<\/tbody>\n<\/table>\n<\/div>\n<\/div>\n<div id=\"collectiblesKeyInformation_feature_div\" class=\"celwidget\" data-feature-name=\"collectiblesKeyInformation\" data-csa-c-type=\"widget\" data-csa-c-content-id=\"collectiblesKeyInformation\" data-csa-c-slot-id=\"collectiblesKeyInformation_feature_div\" data-csa-c-asin=\"B0G1D5Q4RD\" data-csa-c-is-in-initial-active-row=\"false\" data-csa-c-id=\"nykzex-jfz18w-cltw93-i1oq7e\" data-cel-widget=\"collectiblesKeyInformation_feature_div\"><\/div>\n<div id=\"featurebullets_feature_div\" class=\"celwidget\" data-feature-name=\"featurebullets_nonPets\" data-csa-c-type=\"widget\" data-csa-c-content-id=\"featurebullets_nonPets\" data-csa-c-slot-id=\"featurebullets_feature_div\" data-csa-c-asin=\"B0G1D5Q4RD\" data-csa-c-is-in-initial-active-row=\"false\" data-csa-c-id=\"75c14-ynhnr8-zckagr-c8grkw\" data-cel-widget=\"featurebullets_feature_div\">\n<div id=\"feature-bullets\" class=\"a-section a-spacing-medium a-spacing-top-small\">\n<hr class=\"a-divider-normal\" aria-hidden=\"true\" \/>\n<h1 class=\"a-size-base-plus a-text-bold\">Sobre este item<\/h1>\n<ul class=\"a-unordered-list a-vertical a-spacing-mini\">\n<li class=\"a-spacing-mini\"><span class=\"a-list-item\">Geladeira Consul Frost Free 333 Litros com Efici\u00eancia Energ\u00e9tica e Freezer Espa\u00e7oso \u00e9 perfeita para quem busca praticidade e economia no dia a dia.<\/span><\/li>\n<li>\n<div id=\"productDetails_feature_div\" class=\"celwidget pd_rd_w-yi86K pd_rd_r-QR407JSAHC8TWS4H8HN0 pd_rd_wg-6MCLC\" data-feature-name=\"productDetailsHomeAndGarden_Updated\" data-csa-c-type=\"widget\" data-csa-c-content-id=\"productDetailsHomeAndGarden_Updated\" data-csa-c-slot-id=\"productDetails_feature_div\" data-csa-c-asin=\"\" data-csa-c-is-in-initial-active-row=\"false\" data-csa-c-id=\"u311h5-sh11k8-1w0q1z-70jmz3\" data-cel-widget=\"productDetails_feature_div\">\n<div>\n<div id=\"prodDetails\" class=\"a-section a-spacing-medium\">\n<div class=\"a-row\">\n<div class=\"a-column a-span12 a-span-last\">\n<div id=\"productDetails_expanderSectionTables\" class=\"a-section\">\n<div class=\"a-row\">\n<div class=\"a-column a-span6\">\n<div class=\"a-row\">\n<div id=\"productDetails_expanderTables_depthLeftSections\" class=\"a-section\">\n<div class=\"a-row a-expander-container a-expander-section-container a-section-expander-container\" data-csa-c-content-id=\"voyager-expander-btn\" data-csa-c-slot-id=\"voyager-expander-btn\" data-csa-c-type=\"button\" data-csa-c-id=\"8y5qau-jzvvs9-9wsq5m-f19bgk\">\n<div class=\"a-expander-content a-expander-extend-content a-expander-content-expanded\" data-expanded=\"true\">\n<div class=\"a-section\">\n<table class=\"a-keyvalue prodDetTable\">\n<tbody>\n<tr>\n<th class=\"a-color-secondary a-size-base prodDetSectionEntry\">Configura\u00e7\u00e3o<\/th>\n<td class=\"a-size-base prodDetAttrValue\">Congelador na parte superior<\/td>\n<\/tr>\n<tr>\n<th class=\"a-color-secondary a-size-base prodDetSectionEntry\">Caracter\u00edsticas especiais<\/th>\n<td class=\"a-size-base prodDetAttrValue\">Livre de gelo<\/td>\n<\/tr>\n<tr>\n<th class=\"a-color-secondary a-size-base prodDetSectionEntry\">N\u00famero de portas<\/th>\n<td class=\"a-size-base prodDetAttrValue\">2<\/td>\n<\/tr>\n<tr>\n<th class=\"a-color-secondary a-size-base prodDetSectionEntry\">Tipo de sistema de degelo<\/th>\n<td class=\"a-size-base prodDetAttrValue\">Sem gelo<\/td>\n<\/tr>\n<tr>\n<th class=\"a-color-secondary a-size-base prodDetSectionEntry\">Voltagem<\/th>\n<td class=\"a-size-base prodDetAttrValue\">110 Volts<\/td>\n<\/tr>\n<tr>\n<th class=\"a-color-secondary a-size-base prodDetSectionEntry\">Fator de forma<\/th>\n<td class=\"a-size-base prodDetAttrValue\">Lado a lado<\/td>\n<\/tr>\n<tr>\n<th class=\"a-color-secondary a-size-base prodDetSectionEntry\">M\u00e9todo de resfriamento<\/th>\n<td class=\"a-size-base prodDetAttrValue\">Compressor<\/td>\n<\/tr>\n<tr>\n<th class=\"a-color-secondary a-size-base prodDetSectionEntry\">N\u00famero de prateleiras<\/th>\n<td class=\"a-size-base prodDetAttrValue\">2<\/td>\n<\/tr>\n<tr>\n<th class=\"a-color-secondary a-size-base prodDetSectionEntry\">Controle de temperatura ajust\u00e1vel<\/th>\n<td class=\"a-size-base prodDetAttrValue\">N\u00e3o<\/td>\n<\/tr>\n<tr>\n<th class=\"a-color-secondary a-size-base prodDetSectionEntry\">Orienta\u00e7\u00e3o de abertura da porta<\/th>\n<td class=\"a-size-base prodDetAttrValue\">Direita<\/td>\n<\/tr>\n<tr>\n<th class=\"a-color-secondary a-size-base prodDetSectionEntry\">Tem Congelador Convers\u00edvel<\/th>\n<td class=\"a-size-base prodDetAttrValue\">N\u00e3o<\/td>\n<\/tr>\n<tr>\n<th class=\"a-color-secondary a-size-base prodDetSectionEntry\">\u00c9 alimentado por energia el\u00e9trica?<\/th>\n<td class=\"a-size-base prodDetAttrValue\">Sim<\/td>\n<\/tr>\n<tr>\n<th class=\"a-color-secondary a-size-base prodDetSectionEntry\">Fonte de energia<\/th>\n<td class=\"a-size-base prodDetAttrValue\">El\u00e9trico com fio<\/td>\n<\/tr>\n<\/tbody>\n<\/table>\n<\/div>\n<\/div>\n<\/div>\n<div class=\"a-row a-expander-container a-expander-section-container a-section-expander-container\" data-csa-c-content-id=\"voyager-expander-btn\" data-csa-c-slot-id=\"voyager-expander-btn\" data-csa-c-type=\"button\" data-csa-c-id=\"ikvv4i-hhistk-dpid0o-kn61rt\"><span class=\"a-declarative\" data-action=\"voyager-expander-heading-toggle\" data-voyager-expander-heading-toggle=\"{&quot;sectionIndex&quot;:1,&quot;columnName&quot;:&quot;depthLeftSections&quot;}\"><a class=\"a-expander-header a-declarative a-expander-section-header prodDet-expander-header-styling a-color-offset-background a-link-section-expander a-size-medium\" role=\"button\" aria-expanded=\"true\" data-action=\"a-expander-toggle\" data-a-expander-toggle=\"{&quot;allowLinkDefault&quot;:true, &quot;expand_prompt&quot;:&quot;&quot;, &quot;collapse_prompt&quot;:&quot;&quot;}\"><i class=\"a-icon a-icon-section-collapse\"><\/i><span class=\"a-expander-prompt\" role=\"heading\" aria-level=\"5\">Estilo<\/span><\/a><\/span><\/p>\n<div class=\"a-expander-content a-expander-extend-content a-expander-content-expanded\" data-expanded=\"true\">\n<div class=\"a-section\">\n<table class=\"a-keyvalue prodDetTable\">\n<tbody>\n<tr>\n<th class=\"a-color-secondary a-size-base prodDetSectionEntry\">Cor<\/th>\n<td class=\"a-size-base prodDetAttrValue\">Cinza<\/td>\n<\/tr>\n<\/tbody>\n<\/table>\n<\/div>\n<\/div>\n<\/div>\n<\/div>\n<\/div>\n<div class=\"a-section\">\n<div class=\"a-row a-spacing-top-base\"><\/div>\n<div class=\"a-row a-spacing-top-base\"><\/div>\n<\/div>\n<\/div>\n<div class=\"a-column a-span6 a-span-last\">\n<div class=\"a-row\">\n<div id=\"productDetails_expanderTables_depthRightSections\" class=\"a-section\">\n<div class=\"a-row a-expander-container a-expander-section-container a-section-expander-container\" data-csa-c-content-id=\"voyager-expander-btn\" data-csa-c-slot-id=\"voyager-expander-btn\" data-csa-c-type=\"button\" data-csa-c-id=\"xhp24o-1hhl69-ip4pdq-21su4k\"><span class=\"a-declarative\" data-action=\"voyager-expander-heading-toggle\" data-voyager-expander-heading-toggle=\"{&quot;sectionIndex&quot;:0,&quot;columnName&quot;:&quot;depthRightSections&quot;}\"><a class=\"a-expander-header a-declarative a-expander-section-header prodDet-expander-header-styling a-color-offset-background a-link-section-expander a-size-medium\" role=\"button\" aria-expanded=\"true\" data-action=\"a-expander-toggle\" data-a-expander-toggle=\"{&quot;allowLinkDefault&quot;:true, &quot;expand_prompt&quot;:&quot;&quot;, &quot;collapse_prompt&quot;:&quot;&quot;}\"><i class=\"a-icon a-icon-section-collapse\"><\/i><span class=\"a-expander-prompt\" role=\"heading\" aria-level=\"5\">Medidas<\/span><\/a><\/span><\/p>\n<div class=\"a-expander-content a-expander-extend-content a-expander-content-expanded\" data-expanded=\"true\">\n<div class=\"a-section\">\n<table class=\"a-keyvalue prodDetTable\">\n<tbody>\n<tr>\n<th class=\"a-color-secondary a-size-base prodDetSectionEntry\">Dimens\u00f5es do item P x L x A<\/th>\n<td class=\"a-size-base prodDetAttrValue\">71,7P x 62,2L x 170,5A cent\u00edmetros<\/td>\n<\/tr>\n<tr>\n<th class=\"a-color-secondary a-size-base prodDetSectionEntry\">Capacidade<\/th>\n<td class=\"a-size-base prodDetAttrValue\">333 Litros<\/td>\n<\/tr>\n<tr>\n<th class=\"a-color-secondary a-size-base prodDetSectionEntry\">Capacidade do freezer<\/th>\n<td class=\"a-size-base prodDetAttrValue\">73 Litros<\/td>\n<\/tr>\n<tr>\n<th class=\"a-color-secondary a-size-base prodDetSectionEntry\">Peso do item<\/th>\n<td class=\"a-size-base prodDetAttrValue\">58,5 Quilogramas<\/td>\n<\/tr>\n<tr>\n<th class=\"a-color-secondary a-size-base prodDetSectionEntry\">Consumo de energia anual<\/th>\n<td class=\"a-size-base prodDetAttrValue\">23,3 Kilowatt Hours<\/td>\n<\/tr>\n<tr>\n<th class=\"a-color-secondary a-size-base prodDetSectionEntry\">Capacidade L\u00edquida do Refrigerador<\/th>\n<td class=\"a-size-base prodDetAttrValue\">333 Litros<\/td>\n<\/tr>\n<tr>\n<th class=\"a-color-secondary a-size-base prodDetSectionEntry\">Capacidade de comida fresca<\/th>\n<td class=\"a-size-base prodDetAttrValue\">333 Litros<\/td>\n<\/tr>\n<\/tbody>\n<\/table>\n<\/div>\n<\/div>\n<\/div>\n<div class=\"a-row a-expander-container a-expander-section-container a-section-expander-container\" data-csa-c-content-id=\"voyager-expander-btn\" data-csa-c-slot-id=\"voyager-expander-btn\" data-csa-c-type=\"button\" data-csa-c-id=\"mkil9m-sg8bdq-tcobzx-axjoj\"><span class=\"a-declarative\" data-action=\"voyager-expander-heading-toggle\" data-voyager-expander-heading-toggle=\"{&quot;sectionIndex&quot;:1,&quot;columnName&quot;:&quot;depthRightSections&quot;}\"><a class=\"a-expander-header a-declarative a-expander-section-header prodDet-expander-header-styling a-color-offset-background a-link-section-expander a-size-medium\" role=\"button\" aria-expanded=\"true\" data-action=\"a-expander-toggle\" data-a-expander-toggle=\"{&quot;allowLinkDefault&quot;:true, &quot;expand_prompt&quot;:&quot;&quot;, &quot;collapse_prompt&quot;:&quot;&quot;}\"><i class=\"a-icon a-icon-section-collapse\"><\/i><span class=\"a-expander-prompt\" role=\"heading\" aria-level=\"5\">Guia do Usu\u00e1rio<\/span><\/a><\/span><\/p>\n<div class=\"a-expander-content a-expander-extend-content a-expander-content-expanded\" data-expanded=\"true\">\n<div class=\"a-section\">\n<table class=\"a-keyvalue prodDetTable\">\n<tbody>\n<tr>\n<th class=\"a-color-secondary a-size-base prodDetSectionEntry\">Tipo de instala\u00e7\u00e3o<\/th>\n<td class=\"a-size-base prodDetAttrValue\">Independente<\/td>\n<\/tr>\n<tr>\n<th class=\"a-color-secondary a-size-base prodDetSectionEntry\">Avalia\u00e7\u00e3o por estrelas do BEE<\/th>\n<td class=\"a-size-base prodDetAttrValue\">5 Estrelas<\/td>\n<\/tr>\n<\/tbody>\n<\/table>\n<\/div>\n<\/div>\n<\/div>\n<div class=\"a-row a-expander-container a-expander-section-container a-section-expander-container\" data-csa-c-content-id=\"voyager-expander-btn\" data-csa-c-slot-id=\"voyager-expander-btn\" data-csa-c-type=\"button\" data-csa-c-id=\"s6jeg5-mfgy96-2fxdhg-8o8zu9\"><span class=\"a-declarative\" data-action=\"voyager-expander-heading-toggle\" data-voyager-expander-heading-toggle=\"{&quot;sectionIndex&quot;:2,&quot;columnName&quot;:&quot;depthRightSections&quot;}\"><a class=\"a-expander-header a-declarative a-expander-section-header prodDet-expander-header-styling a-color-offset-background a-link-section-expander a-size-medium\" role=\"button\" aria-expanded=\"true\" data-action=\"a-expander-toggle\" data-a-expander-toggle=\"{&quot;allowLinkDefault&quot;:true, &quot;expand_prompt&quot;:&quot;&quot;, &quot;collapse_prompt&quot;:&quot;&quot;}\"><i class=\"a-icon a-icon-section-collapse\"><\/i><span class=\"a-expander-prompt\" role=\"heading\" aria-level=\"5\">Detalhes do Produto<\/span><\/a><\/span><\/p>\n<div class=\"a-expander-content a-expander-extend-content a-expander-content-expanded\" data-expanded=\"true\">\n<div class=\"a-section\">\n<table class=\"a-keyvalue prodDetTable\">\n<tbody>\n<tr>\n<th class=\"a-color-secondary a-size-base prodDetSectionEntry\">Nome da marca<\/th>\n<td class=\"a-size-base prodDetAttrValue\">Consul<\/td>\n<\/tr>\n<tr>\n<th class=\"a-color-secondary a-size-base prodDetSectionEntry\">Nome do modelo<\/th>\n<td class=\"a-size-base prodDetAttrValue\">CRM40MK<\/td>\n<\/tr>\n<tr>\n<th class=\"a-color-secondary a-size-base prodDetSectionEntry\">N\u00famero do modelo<\/th>\n<td class=\"a-size-base prodDetAttrValue\">CRM40MK<\/td>\n<\/tr>\n<tr>\n<th class=\"a-color-secondary a-size-base prodDetSectionEntry\">N\u00famero da pe\u00e7a<\/th>\n<td class=\"a-size-base prodDetAttrValue\">CRM40MK<\/td>\n<\/tr>\n<tr>\n<th class=\"a-color-secondary a-size-base prodDetSectionEntry\">Componentes inclu\u00eddos<\/th>\n<td class=\"a-size-base prodDetAttrValue\">Forma de Gelo<\/td>\n<\/tr>\n<tr>\n<th class=\"a-color-secondary a-size-base prodDetSectionEntry\">Fabricante<\/th>\n<td class=\"a-size-base prodDetAttrValue\">Consul<\/td>\n<\/tr>\n<tr>\n<th class=\"a-color-secondary a-size-base prodDetSectionEntry\">Descri\u00e7\u00e3o da garantia<\/th>\n<td class=\"a-size-base prodDetAttrValue\">12 meses com o fabricante<\/td>\n<\/tr>\n<tr>\n<th class=\"a-color-secondary a-size-base prodDetSectionEntry\">Pa\u00eds de origem<\/th>\n<td class=\"a-size-base prodDetAttrValue\">Brasil<\/td>\n<\/tr>\n<tr>\n<th class=\"a-color-secondary a-size-base prodDetSectionEntry\">Ranking dos mais vendidos<\/th>\n<td>\n<ul class=\"a-unordered-list a-nostyle a-vertical\">\n<li><span class=\"a-list-item\">N\u00ba 2.243 em Cozinha (<a href=\"https:\/\/www.amazon.com.br\/gp\/bestsellers\/kitchen\/ref=pd_zg_ts_kitchen\">Conhe\u00e7a o Top 100 na categoria Cozinha<\/a>)<\/span><\/li>\n<li><span class=\"a-list-item\">N\u00ba 59 em\u00a0<a href=\"https:\/\/www.amazon.com.br\/gp\/bestsellers\/kitchen\/17124943011\/ref=pd_zg_hrsr_kitchen\">Fritadeiras e Frigideiras<\/a><\/span><\/li>\n<\/ul>\n<\/td>\n<\/tr>\n<tr>\n<th class=\"a-color-secondary a-size-base prodDetSectionEntry\">ASIN<\/th>\n<td class=\"a-size-base prodDetAttrValue\">B0G1D5Q4RD<\/td>\n<\/tr>\n<tr>\n<th class=\"a-color-secondary a-size-base prodDetSectionEntry\"><\/th>\n<td class=\"a-size-base\"><\/td>\n<\/tr>\n<\/tbody>\n<\/table>\n<\/div>\n<\/div>\n<\/div>\n<\/div>\n<\/div>\n<\/div>\n<\/div>\n<\/div>\n<\/div>\n<\/div>\n<\/div>\n<\/div>\n<\/div>\n<div id=\"brandSnapshot_feature_div\" class=\"celwidget pd_rd_w-T2at5 pd_rd_r-QR407JSAHC8TWS4H8HN0 pd_rd_wg-6MCLC\" data-feature-name=\"brandSnapshot_desktop\" data-csa-c-type=\"widget\" data-csa-c-content-id=\"brandSnapshot_desktop\" data-csa-c-slot-id=\"brandSnapshot_feature_div\" data-csa-c-asin=\"\" data-csa-c-is-in-initial-active-row=\"false\" data-csa-c-id=\"vdjiua-b0lbhe-r2ttoz-993l5c\" data-cel-widget=\"brandSnapshot_feature_div\">\n<div class=\"a-cardui-deck\" data-a-remove-bottom-gutter=\"\">\n<div class=\"a-cardui brand-snapshot-card-container\" data-a-card-type=\"basic\">\n<div class=\"a-cardui-body brand-snapshot-card-container brand-snapshot-card-content\">\n<div class=\"a-section brand-snapshot-flex-row\">\n<div class=\"a-section brand-snapshot-flex-badges-section\">\n<div class=\"a-section a-spacing-medium brand-snapshot-flex-row\" role=\"heading\" aria-level=\"2\">\n<div class=\"a-section a-text-center brand-snapshot-title-container\">\n<p>Marca em destaque<\/p>\n<\/div>\n<p><span class=\"a-size-medium a-text-bold\">Consul<\/span><\/p>\n<\/div>\n<div role=\"list\">\n<div class=\"a-section a-spacing-base brand-snapshot-flex-row\" role=\"listitem\"><img loading=\"lazy\" decoding=\"async\" class=\"brand-snapshot-item-image\" src=\"https:\/\/m.media-amazon.com\/images\/I\/01S5bawZYgL.png\" alt=\"\" width=\"18\" height=\"18\" \/>95% de classifica\u00e7\u00f5es positivas de 10K+ clientes<\/p>\n<\/div>\n<div class=\"a-section a-spacing-base brand-snapshot-flex-row\" role=\"listitem\"><img loading=\"lazy\" decoding=\"async\" class=\"brand-snapshot-item-image\" src=\"https:\/\/m.media-amazon.com\/images\/I\/01S5bawZYgL.png\" alt=\"\" width=\"18\" height=\"18\" \/>10K+ pedidos recentes desta marca<\/p>\n<\/div>\n<\/div>\n<\/div>\n<\/div>\n<\/div>\n<\/div>\n<\/div>\n<\/div>\n<div id=\"productDescription_feature_div\" class=\"celwidget pd_rd_w-VNqoK pd_rd_r-QR407JSAHC8TWS4H8HN0 pd_rd_wg-6MCLC\" data-feature-name=\"productDescription-3\" data-csa-c-type=\"widget\" data-csa-c-content-id=\"productDescription-3\" data-csa-c-slot-id=\"productDescription_feature_div\" data-csa-c-asin=\"\" data-csa-c-is-in-initial-active-row=\"false\" data-csa-c-id=\"px4myk-ihbdkt-q91vr-49lf8j\" data-cel-widget=\"productDescription_feature_div\">\n<div>\n<div id=\"productDescription_feature_div\" class=\"a-row feature\" data-feature-name=\"productDescription\" data-template-name=\"productDescription\" data-cel-widget=\"productDescription_feature_div\">\n<div class=\"a-divider a-divider-section\">\n<div class=\"a-divider-inner\"><\/div>\n<\/div>\n<h2 class=\"default\">Descri\u00e7\u00e3o do produto<\/h2>\n<div id=\"productDescription\" class=\"a-section a-spacing-small\">\n<p>A Geladeira Consul Frost Free de 333 litros \u00e9 perfeita para quem busca praticidade e economia no dia a dia. N\u00e3o precisa descongelar nunca, oferece efici\u00eancia energ\u00e9tica comprovada e conta com um freezer espa\u00e7oso para armazenar tudo o que voc\u00ea precisa com facilidade. Compacta por fora, ampla por dentro.<\/p>\n<\/div>\n<\/div>\n<\/div>\n<\/div>\n<\/li>\n<\/ul>\n<\/div>\n<\/div>\n","protected":false},"excerpt":{"rendered":"<p>Dimens\u00f5es do produto 71,7P x 62,2L x 170,5A cent\u00edmetros Marca Consul Capacidade 333 Litros Configura\u00e7\u00e3o Congelador na parte superior Cor Cinza Sobre este item Geladeira Consul Frost Free 333 Litros<\/p>\n","protected":false},"featured_media":15723,"comment_status":"open","ping_status":"closed","template":"","meta":[],"product_brand":[],"product_cat":[15],"product_tag":[],"class_list":{"0":"post-15718","1":"product","2":"type-product","3":"status-publish","4":"has-post-thumbnail","6":"product_cat-produtos","7":"product_shipping_class-retirar-no-local","9":"first","10":"instock","11":"shipping-taxable","12":"purchasable","13":"product-type-simple"},"_links":{"self":[{"href":"https:\/\/ambrosioeletro.com.br\/v20\/wp-json\/wp\/v2\/product\/15718","targetHints":{"allow":["GET"]}}],"collection":[{"href":"https:\/\/ambrosioeletro.com.br\/v20\/wp-json\/wp\/v2\/product"}],"about":[{"href":"https:\/\/ambrosioeletro.com.br\/v20\/wp-json\/wp\/v2\/types\/product"}],"replies":[{"embeddable":true,"href":"https:\/\/ambrosioeletro.com.br\/v20\/wp-json\/wp\/v2\/comments?post=15718"}],"wp:featuredmedia":[{"embeddable":true,"href":"https:\/\/ambrosioeletro.com.br\/v20\/wp-json\/wp\/v2\/media\/15723"}],"wp:attachment":[{"href":"https:\/\/ambrosioeletro.com.br\/v20\/wp-json\/wp\/v2\/media?parent=15718"}],"wp:term":[{"taxonomy":"product_brand","embeddable":true,"href":"https:\/\/ambrosioeletro.com.br\/v20\/wp-json\/wp\/v2\/product_brand?post=15718"},{"taxonomy":"product_cat","embeddable":true,"href":"https:\/\/ambrosioeletro.com.br\/v20\/wp-json\/wp\/v2\/product_cat?post=15718"},{"taxonomy":"product_tag","embeddable":true,"href":"https:\/\/ambrosioeletro.com.br\/v20\/wp-json\/wp\/v2\/product_tag?post=15718"}],"curies":[{"name":"wp","href":"https:\/\/api.w.org\/{rel}","templated":true}]}}