{"id":15724,"date":"2026-04-09T11:54:46","date_gmt":"2026-04-09T14:54:46","guid":{"rendered":"https:\/\/ambrosioeletro.com.br\/v20\/?post_type=product&#038;p=15724"},"modified":"2026-04-09T11:54:46","modified_gmt":"2026-04-09T14:54:46","slug":"geladeira-panasonic-391-litros-frost-free-duplex-top-freezer-sistema-antibacteria-ag-nr-bt41pd2wa-110v","status":"publish","type":"product","link":"https:\/\/ambrosioeletro.com.br\/v20\/produto\/geladeira-panasonic-391-litros-frost-free-duplex-top-freezer-sistema-antibacteria-ag-nr-bt41pd2wa-110v\/","title":{"rendered":"Geladeira Panasonic 391 Litros Frost Free Duplex Top Freezer Sistema Antibacteria Ag (NR-BT41PD2WA) 110V"},"content":{"rendered":"<p>&nbsp;<\/p>\n<div id=\"accordion-informations\" class=\"css-1iw2g5h\">\n<div class=\"chakra-accordion css-0\">\n<div class=\"chakra-accordion__item css-1ap4frq\">\n<p class=\"chakra-text css-18bzwet\">Informa\u00e7\u00f5es do Produto<\/p>\n<div class=\"css-0\"><\/div>\n<div class=\"chakra-collapse\">\n<div id=\"accordion-panel-:R2j3kmdmqiu:\" class=\"chakra-accordion__panel css-8umyty\" role=\"region\" aria-labelledby=\"accordion-button-:R2j3kmdmqiu:\">\n<hr class=\"chakra-divider css-17tu8iy\" aria-orientation=\"horizontal\" \/>\n<div class=\"css-1s6oy6q\">\n<p class=\"chakra-text css-wwsm2p\">Descri\u00e7\u00e3o do Produto<\/p>\n<div>\n<p><strong>Produto:\u00a0<\/strong>Geladeira Panasonic 391 Litros Frost Free Duplex Top Freezer Sistema Antibacteria Ag (NR-BT41PD2WA\/NR-BT41PD2WB)<\/p>\n<p><strong>Descri\u00e7\u00e3o:<\/strong>\u00a0<a href=\"https:\/\/www.zema.com\/geladeiras-e-refrigeradores?page=1\">Geladeiras<\/a><\/p>\n<p>&nbsp;<\/p>\n<p data-start=\"0\" data-end=\"21\"><strong data-start=\"0\" data-end=\"21\">Capacidade e Tipo<\/strong><\/p>\n<ul>\n<li data-section-id=\"3e6vmo\" data-start=\"22\" data-end=\"36\">Frost Free<\/li>\n<li data-section-id=\"1qhg33u\" data-start=\"37\" data-end=\"63\">Capacidade total: 391L<\/li>\n<li data-section-id=\"thlqo8\" data-start=\"64\" data-end=\"80\">Freezer: 96L<\/li>\n<li data-section-id=\"1wkqd3l\" data-start=\"81\" data-end=\"93\">2 portas<\/li>\n<li data-section-id=\"1o4es1u\" data-start=\"94\" data-end=\"115\">Tipo: Top Freezer<\/li>\n<\/ul>\n<p>&nbsp;<\/p>\n<p data-start=\"117\" data-end=\"142\"><strong data-start=\"117\" data-end=\"142\">Tecnologias e Fun\u00e7\u00f5es<\/strong><\/p>\n<ul>\n<li data-section-id=\"1cfsjsy\" data-start=\"143\" data-end=\"213\">Sistema Antibacteria Ag (elimina at\u00e9 99,9% das bact\u00e9rias e odores)<\/li>\n<li data-section-id=\"5nrwwy\" data-start=\"214\" data-end=\"235\">Painel eletr\u00f4nico<\/li>\n<li data-section-id=\"1r33j6v\" data-start=\"236\" data-end=\"315\">Fun\u00e7\u00e3o Turbo (resfriamento e congelamento mais r\u00e1pidos por at\u00e9 150 minutos)<\/li>\n<\/ul>\n<p>&nbsp;<\/p>\n<p data-start=\"317\" data-end=\"348\"><strong data-start=\"317\" data-end=\"348\">Armazenamento e Organiza\u00e7\u00e3o<\/strong><\/p>\n<ul>\n<li data-section-id=\"1h5b6qf\" data-start=\"349\" data-end=\"428\">Freezer com amplo espa\u00e7o e prateleiras profundas (comporta potes de at\u00e9 2L)<\/li>\n<li data-section-id=\"16dip1w\" data-start=\"429\" data-end=\"511\">Gavet\u00e3o Horti-Fruti (mant\u00e9m frutas, legumes e verduras frescos por mais tempo)<\/li>\n<li data-section-id=\"a9lugx\" data-start=\"512\" data-end=\"579\">Compartimento Extrafrio (ideal para carnes, frios e latic\u00ednios)<\/li>\n<\/ul>\n<p>&nbsp;<\/p>\n<p data-start=\"581\" data-end=\"597\"><strong data-start=\"581\" data-end=\"597\">Diferenciais<\/strong><\/p>\n<ul>\n<li data-section-id=\"1ko2fgn\" data-start=\"598\" data-end=\"656\">Circula\u00e7\u00e3o de ar com filtro de carbono + \u00edons de prata<\/li>\n<li data-section-id=\"tp9deo\" data-start=\"657\" data-end=\"691\">Maior praticidade no dia a dia<\/li>\n<li data-section-id=\"nj6dei\" data-start=\"692\" data-end=\"772\" data-is-last-node=\"\">Ideal para fam\u00edlias que precisam de mais espa\u00e7o e efici\u00eancia no resfriamento<\/li>\n<\/ul>\n<\/div>\n<\/div>\n<\/div>\n<\/div>\n<\/div>\n<\/div>\n<\/div>\n<div id=\"accordion-features\" class=\"css-1iw2g5h\">\n<div class=\"chakra-accordion css-0\">\n<div class=\"chakra-accordion__item css-1ap4frq\">\n<p class=\"chakra-text css-18bzwet\">Caracter\u00edsticas do Produto<\/p>\n<div class=\"css-0\"><\/div>\n<div class=\"chakra-collapse\">\n<div id=\"accordion-panel-:R9l3kmdmqiu:\" class=\"chakra-accordion__panel css-1gych61\" role=\"region\" aria-labelledby=\"accordion-button-:R9l3kmdmqiu:\">\n<hr class=\"chakra-divider css-1ghfhn4\" aria-orientation=\"horizontal\" \/>\n<div class=\"chakra-table__container css-19e1tcy\">\n<table class=\"chakra-table css-1jrcwe\">\n<tbody class=\"css-0\">\n<tr class=\"css-1qdje9o\">\n<td class=\"css-t4w4ep\">Classifica\u00e7\u00e3o Energ\u00e9tica<\/td>\n<td class=\"css-7p3wl8\">B<\/td>\n<\/tr>\n<tr class=\"css-1lg94z5\">\n<td class=\"css-t4w4ep\">Tipo<\/td>\n<td class=\"css-7p3wl8\">Frost free<\/td>\n<\/tr>\n<tr class=\"css-1qdje9o\">\n<td class=\"css-t4w4ep\">Garantia<\/td>\n<td class=\"css-7p3wl8\">1 ano<\/td>\n<\/tr>\n<tr class=\"css-1lg94z5\">\n<td class=\"css-t4w4ep\">Quantidade de Portas<\/td>\n<td class=\"css-7p3wl8\">2<\/td>\n<\/tr>\n<tr class=\"css-1qdje9o\">\n<td class=\"css-7p3wl8\" colspan=\"2\">\n<p class=\"chakra-text css-vvzlcw\">Informa\u00e7\u00f5es adicionais<\/p>\n<ul>\n<li data-section-id=\"1vuaflq\" data-start=\"23\" data-end=\"62\">Modelo: NR-BT41PD2WA<\/li>\n<\/ul>\n<p>&nbsp;<\/p>\n<p data-start=\"104\" data-end=\"124\"><strong data-start=\"104\" data-end=\"124\">Dimens\u00f5es e Peso<\/strong><\/p>\n<ul>\n<li data-section-id=\"11w0g0w\" data-start=\"125\" data-end=\"164\">Dimens\u00f5es (LxAxP): 60 x 180 x 73 cm<\/li>\n<li data-section-id=\"10gbd11\" data-start=\"165\" data-end=\"180\">Peso: 57 kg<\/li>\n<\/ul>\n<p>&nbsp;<\/p>\n<p data-start=\"264\" data-end=\"291\"><strong data-start=\"264\" data-end=\"291\">Especifica\u00e7\u00f5es T\u00e9cnicas<\/strong><\/p>\n<ul>\n<li data-section-id=\"h6hmfs\" data-start=\"292\" data-end=\"314\">Painel: Eletr\u00f4nico<\/li>\n<\/ul>\n<p>&nbsp;<\/p>\n<p data-start=\"430\" data-end=\"452\"><strong data-start=\"430\" data-end=\"452\">Fun\u00e7\u00f5es e Recursos<\/strong><\/p>\n<ul>\n<li>Sistema Antibacteria Ag<\/li>\n<li>Compartimento Extrafrio<\/li>\n<li>Turbo Freezer<\/li>\n<li>Controle de temperatura no painel externo<\/li>\n<li>Porta ovos<\/li>\n<\/ul>\n<\/td>\n<\/tr>\n<\/tbody>\n<\/table>\n<\/div>\n<\/div>\n<\/div>\n<\/div>\n<\/div>\n<\/div>\n","protected":false},"excerpt":{"rendered":"<p>&nbsp; Informa\u00e7\u00f5es do Produto Descri\u00e7\u00e3o do Produto Produto:\u00a0Geladeira Panasonic 391 Litros Frost Free Duplex Top Freezer Sistema Antibacteria Ag (NR-BT41PD2WA\/NR-BT41PD2WB) Descri\u00e7\u00e3o:\u00a0Geladeiras &nbsp; Capacidade e Tipo Frost Free Capacidade total: 391L<\/p>\n","protected":false},"featured_media":15725,"comment_status":"open","ping_status":"closed","template":"","meta":[],"product_brand":[],"product_cat":[15],"product_tag":[],"class_list":{"0":"post-15724","1":"product","2":"type-product","3":"status-publish","4":"has-post-thumbnail","6":"product_cat-produtos","7":"product_shipping_class-retirar-no-local","9":"first","10":"instock","11":"shipping-taxable","12":"purchasable","13":"product-type-simple"},"_links":{"self":[{"href":"https:\/\/ambrosioeletro.com.br\/v20\/wp-json\/wp\/v2\/product\/15724","targetHints":{"allow":["GET"]}}],"collection":[{"href":"https:\/\/ambrosioeletro.com.br\/v20\/wp-json\/wp\/v2\/product"}],"about":[{"href":"https:\/\/ambrosioeletro.com.br\/v20\/wp-json\/wp\/v2\/types\/product"}],"replies":[{"embeddable":true,"href":"https:\/\/ambrosioeletro.com.br\/v20\/wp-json\/wp\/v2\/comments?post=15724"}],"wp:featuredmedia":[{"embeddable":true,"href":"https:\/\/ambrosioeletro.com.br\/v20\/wp-json\/wp\/v2\/media\/15725"}],"wp:attachment":[{"href":"https:\/\/ambrosioeletro.com.br\/v20\/wp-json\/wp\/v2\/media?parent=15724"}],"wp:term":[{"taxonomy":"product_brand","embeddable":true,"href":"https:\/\/ambrosioeletro.com.br\/v20\/wp-json\/wp\/v2\/product_brand?post=15724"},{"taxonomy":"product_cat","embeddable":true,"href":"https:\/\/ambrosioeletro.com.br\/v20\/wp-json\/wp\/v2\/product_cat?post=15724"},{"taxonomy":"product_tag","embeddable":true,"href":"https:\/\/ambrosioeletro.com.br\/v20\/wp-json\/wp\/v2\/product_tag?post=15724"}],"curies":[{"name":"wp","href":"https:\/\/api.w.org\/{rel}","templated":true}]}}