{"id":15734,"date":"2026-04-09T12:02:56","date_gmt":"2026-04-09T15:02:56","guid":{"rendered":"https:\/\/ambrosioeletro.com.br\/v20\/?post_type=product&#038;p=15734"},"modified":"2026-04-09T12:02:56","modified_gmt":"2026-04-09T15:02:56","slug":"purificador-de-agua-gelada-e-natural-eletronico-libell","status":"publish","type":"product","link":"https:\/\/ambrosioeletro.com.br\/v20\/produto\/purificador-de-agua-gelada-e-natural-eletronico-libell\/","title":{"rendered":"Purificador de \u00c1gua Gelada e Natural Eletr\u00f4nico Libell"},"content":{"rendered":"<div class=\"prod-features-container\" data-wsjs-product=\"features\">\n<h2>Caracter\u00edsticas<\/h2>\n<table>\n<tbody>\n<tr>\n<td>Voltagem<\/td>\n<td>BIVOLT<\/td>\n<\/tr>\n<\/tbody>\n<\/table>\n<\/div>\n<div id=\"prod-description-container\" class=\"prod-description-container\" data-wsjs-product=\"descriptions\">\n<div>\n<h2>Descri\u00e7\u00e3o<\/h2>\n<div>\n<p>O Purificador LE200 da Libell \u00e9 a escolha perfeita para quem deseja ter \u00e1gua pura e gelada sempre \u00e0 m\u00e3o. Com a op\u00e7\u00e3o de \u00e1gua natural e gelada, este purificador eletr\u00f4nico \u00e9 uma \u00f3tima op\u00e7\u00e3o para quem busca praticidade e efici\u00eancia.<\/p>\n<p>Com um design compacto, o Purificador Libell pode ser facilmente instalado em mesa ou parede, ocupando pouco espa\u00e7o e se adequando a diferentes ambientes. Al\u00e9m disso, o filtro \u00e9 facilmente trocado, garantindo a manuten\u00e7\u00e3o e limpeza do equipamento de forma f\u00e1cil e r\u00e1pida.<\/p>\n<p>Com a tecnologia de elimina\u00e7\u00e3o de sabores e odores da \u00e1gua, bem como a redu\u00e7\u00e3o do cloro, este purificador proporciona uma \u00e1gua pura e saud\u00e1vel para toda a sua fam\u00edlia. Al\u00e9m disso, sua efici\u00eancia bacteriol\u00f3gica \u00e9 um diferencial que garante ainda mais seguran\u00e7a e qualidade para a sua \u00e1gua.<\/p>\n<p>Este purificador de \u00e1gua \u00e9 bivolt e acompanha um kit de instala\u00e7\u00e3o hidr\u00e1ulica, tornando a instala\u00e7\u00e3o ainda mais f\u00e1cil e pr\u00e1tica. Com o purificador de \u00e1gua Libell, voc\u00ea ter\u00e1 sempre \u00e1gua fresca e pura em sua casa.<\/p>\n<p>&nbsp;<\/p>\n<p>&nbsp;<\/p>\n<p>Para baixar o manual de instru\u00e7\u00f5es do produto\u00a0<strong><a href=\"https:\/\/drive.google.com\/file\/d\/1kfq-UpBwaLayHW4-RIsodv44-MxpJPIx\/view?usp=sharing\">Clique Aqui<\/a>.<\/strong><\/p>\n<\/div>\n<\/div>\n<div>\n<h2>Caracter\u00edsticas<\/h2>\n<div>\n<p><strong>Medidas:<\/strong><\/p>\n<p><strong>Com embalagem<\/strong><br \/>\nAltura: 320 mm<br \/>\nLargura: 180 mm<br \/>\nProfundidade: 360 mm<br \/>\nPeso: 2,20kg<\/p>\n<p><strong>Sem embalagem<\/strong><br \/>\nAltura: 310 mm<br \/>\nLargura: 170 mm<br \/>\nProfundidade: 360 mm<\/p>\n<p>Peso 2,20kg<\/p>\n<\/div>\n<\/div>\n<div>\n<h2>Dados T\u00e9cnicos<\/h2>\n<div>\n<p><strong>Sistema de voltagem<\/strong><br \/>\nRefrigera\u00e7\u00e3o por conjunto termoeletr\u00f4nico<br \/>\nPot\u00eancia: 154W<br \/>\nVoltagem: BIVOLT<\/p>\n<p><strong>Consumo m\u00e9dio<\/strong><br \/>\nBIVOLT: 6,0 kWh\/m\u00eas<\/p>\n<p><strong>Medidas do aparador para copos<\/strong><br \/>\nAltura 220 mm x Largura 140 mm<\/p>\n<p>Capacidade de resfriamento: 0,232 l\/h (ambientes a 25\u00b0C)<br \/>\nReservat\u00f3rio de \u00e1gua gelada: 800 ml<br \/>\nDispon\u00edvel na cor branco\/cinza.<\/p>\n<\/div>\n<\/div>\n<\/div>\n","protected":false},"excerpt":{"rendered":"<p>Caracter\u00edsticas Voltagem BIVOLT Descri\u00e7\u00e3o O Purificador LE200 da Libell \u00e9 a escolha perfeita para quem deseja ter \u00e1gua pura e gelada sempre \u00e0 m\u00e3o. Com a op\u00e7\u00e3o de \u00e1gua natural<\/p>\n","protected":false},"featured_media":15737,"comment_status":"open","ping_status":"closed","template":"","meta":[],"product_brand":[],"product_cat":[15],"product_tag":[],"class_list":{"0":"post-15734","1":"product","2":"type-product","3":"status-publish","4":"has-post-thumbnail","6":"product_cat-produtos","7":"product_shipping_class-pac","9":"first","10":"instock","11":"shipping-taxable","12":"purchasable","13":"product-type-simple"},"_links":{"self":[{"href":"https:\/\/ambrosioeletro.com.br\/v20\/wp-json\/wp\/v2\/product\/15734","targetHints":{"allow":["GET"]}}],"collection":[{"href":"https:\/\/ambrosioeletro.com.br\/v20\/wp-json\/wp\/v2\/product"}],"about":[{"href":"https:\/\/ambrosioeletro.com.br\/v20\/wp-json\/wp\/v2\/types\/product"}],"replies":[{"embeddable":true,"href":"https:\/\/ambrosioeletro.com.br\/v20\/wp-json\/wp\/v2\/comments?post=15734"}],"wp:featuredmedia":[{"embeddable":true,"href":"https:\/\/ambrosioeletro.com.br\/v20\/wp-json\/wp\/v2\/media\/15737"}],"wp:attachment":[{"href":"https:\/\/ambrosioeletro.com.br\/v20\/wp-json\/wp\/v2\/media?parent=15734"}],"wp:term":[{"taxonomy":"product_brand","embeddable":true,"href":"https:\/\/ambrosioeletro.com.br\/v20\/wp-json\/wp\/v2\/product_brand?post=15734"},{"taxonomy":"product_cat","embeddable":true,"href":"https:\/\/ambrosioeletro.com.br\/v20\/wp-json\/wp\/v2\/product_cat?post=15734"},{"taxonomy":"product_tag","embeddable":true,"href":"https:\/\/ambrosioeletro.com.br\/v20\/wp-json\/wp\/v2\/product_tag?post=15734"}],"curies":[{"name":"wp","href":"https:\/\/api.w.org\/{rel}","templated":true}]}}