{"id":15752,"date":"2026-04-10T11:14:27","date_gmt":"2026-04-10T14:14:27","guid":{"rendered":"https:\/\/ambrosioeletro.com.br\/v20\/?post_type=product&#038;p=15752"},"modified":"2026-04-10T11:14:28","modified_gmt":"2026-04-10T14:14:28","slug":"liquidificador-britania-diamante-800-com-4-velocidades-e-jarra-26-litros-preto","status":"publish","type":"product","link":"https:\/\/ambrosioeletro.com.br\/v20\/produto\/liquidificador-britania-diamante-800-com-4-velocidades-e-jarra-26-litros-preto\/","title":{"rendered":"Liquidificador Brit\u00e2nia Diamante 800 Com 4 Velocidades e Jarra 2,6 Litros Preto"},"content":{"rendered":"<div class=\"relative px-md overflow-hidden border-on-surface-8 after:pointer-events-none after:absolute after:bottom-[0] after:left-[0] after:h-[72px] after:w-full after:bg-gradient-to-b after:from-[#FFFFFF00] after:to-[#FFFFFF] md:after:content-none md:px-lg max-md:border-b-thin\" data-testid=\"tab-product-detail\">\n<h2 class=\"text-on-surface-2 font-md-bold md:font-title-large-highlight md:mb-md\" data-testid=\"product-details-title\">Descri\u00e7\u00e3o e ficha t\u00e9cnica<\/h2>\n<div data-testid=\"product-detail\">\n<p class=\"mt-2xsm text-on-surface-4 font-xsm-regular\" data-testid=\"product-detail-code\">C\u00f3digo\u00a0hcc9hk85bf<\/p>\n<div class=\"mt-md font-xsm-regular\" data-testid=\"product-detail-description\">O Liquidificador Brit\u00e2nia Diamante 800 \u2013 1050W \u2013 4 Velocidades \u2013 Fun\u00e7\u00e3o Ice e Pulsar \u2013 Preto \u2013 110V oferece pot\u00eancia e efici\u00eancia para quem busca desempenho superior na cozinha. Com 1050W, ele tritura gelo com facilidade, bate misturas densas e prepara sucos, vitaminas e molhos com textura perfeita. Suas 4 velocidades, aliadas \u00e0 Fun\u00e7\u00e3o Pulsar, garantem controle total do preparo, permitindo ajustar a intensidade conforme a necessidade. As l\u00e2minas resistentes proporcionam tritura\u00e7\u00e3o r\u00e1pida e homog\u00eanea, enquanto a jarra espa\u00e7osa torna o uso mais pr\u00e1tico no dia a dia. Com design moderno em preto e alta durabilidade, o Diamante 800 \u00e9 a escolha ideal para quem deseja pot\u00eancia, qualidade e versatilidade em um \u00fanico aparelho.<\/div>\n<\/div>\n<\/div>\n<div class=\"hidden border-on-surface-8 md:px-lg md:block md:py-md\" data-testid=\"tab-product-factsheet\">\n<h2 class=\"text-on-surface-2 font-md-bold md:font-title-large-highlight md:mb-md\" data-testid=\"product-factsheet-title\">Ficha T\u00e9cnica<\/h2>\n<div class=\"pt-2xsm\">\n<table class=\"w-full list-none\" data-testid=\"table-factsheet\">\n<tbody>\n<tr class=\"text-on-surface-3 even:bg-surface-container-lower\">\n<td class=\"px-md py-sm font-xsm-bold align-top table-cell w-1\/2\" data-testid=\"table-factsheet-key\">Marca<\/td>\n<td class=\"px-md py-sm font-xsm-regular list-item w-full align-top\"><a class=\"hover:text-interaction-default underline\" href=\"https:\/\/www.magazineluiza.com.br\/marcas\/britania\/\">Brit\u00e2nia<\/a><\/td>\n<\/tr>\n<tr class=\"text-on-surface-3 even:bg-surface-container-lower\">\n<td class=\"px-md py-sm font-xsm-bold align-top table-cell w-1\/2\" data-testid=\"table-factsheet-key\">Refer\u00eancia<\/td>\n<td class=\"px-md py-sm font-xsm-regular list-item w-full align-top\">33.101.118<\/td>\n<\/tr>\n<tr class=\"text-on-surface-3 even:bg-surface-container-lower\">\n<td class=\"px-md py-sm font-xsm-bold align-top table-cell w-1\/2\" data-testid=\"table-factsheet-key\">Modelo<\/td>\n<td class=\"px-md py-sm font-xsm-regular list-item w-full align-top\">Diamante 800<\/td>\n<\/tr>\n<tr class=\"text-on-surface-3 even:bg-surface-container-lower\">\n<td class=\"px-md py-sm font-xsm-bold align-top table-cell w-1\/2\" data-testid=\"table-factsheet-key\">Capacidade Total do Copo<\/td>\n<td class=\"px-md py-sm font-xsm-regular list-item w-full align-top\">2,6L<\/td>\n<\/tr>\n<tr class=\"text-on-surface-3 even:bg-surface-container-lower\">\n<td class=\"px-md py-sm font-xsm-bold align-top table-cell w-1\/2\" data-testid=\"table-factsheet-key\">Capacidade \u00datil do Copo<\/td>\n<td class=\"px-md py-sm font-xsm-regular list-item w-full align-top\">1,5L<\/td>\n<\/tr>\n<tr class=\"text-on-surface-3 even:bg-surface-container-lower\">\n<td class=\"px-md py-sm font-xsm-bold align-top table-cell w-1\/2\" data-testid=\"table-factsheet-key\">Velocidades<\/td>\n<td class=\"px-md py-sm font-xsm-regular list-item w-full align-top\">4<\/td>\n<\/tr>\n<tr class=\"text-on-surface-3 even:bg-surface-container-lower\">\n<td class=\"px-md py-sm font-xsm-bold align-top table-cell w-1\/2\" data-testid=\"table-factsheet-key\">Pot\u00eancia<\/td>\n<td class=\"px-md py-sm font-xsm-regular list-item w-full align-top\">1050W<\/td>\n<\/tr>\n<tr class=\"text-on-surface-3 even:bg-surface-container-lower\">\n<td class=\"px-md py-sm font-xsm-bold align-top table-cell w-1\/2\" data-testid=\"table-factsheet-key\">Fun\u00e7\u00f5es<\/td>\n<td class=\"px-md py-sm font-xsm-regular list-item w-full align-top\">Filtra<\/td>\n<\/tr>\n<tr class=\"text-on-surface-3 even:bg-surface-container-lower\">\n<td class=\"px-md py-sm font-xsm-bold align-top table-cell w-1\/2\" data-testid=\"table-factsheet-key\">Painel<\/td>\n<td class=\"px-md py-sm font-xsm-regular list-item w-full align-top\">Manual.<\/td>\n<\/tr>\n<tr class=\"text-on-surface-3 even:bg-surface-container-lower\">\n<td class=\"px-md py-sm font-xsm-bold align-top table-cell w-1\/2\" data-testid=\"table-factsheet-key\">Bot\u00e3o pulsar<\/td>\n<td class=\"px-md py-sm font-xsm-regular list-item w-full align-top\">Sim<\/td>\n<\/tr>\n<tr class=\"text-on-surface-3 even:bg-surface-container-lower\">\n<td class=\"px-md py-sm font-xsm-bold align-top table-cell w-1\/2\" data-testid=\"table-factsheet-key\">Sistema de autolimpeza<\/td>\n<td class=\"px-md py-sm font-xsm-regular list-item w-full align-top\">Sim<\/td>\n<\/tr>\n<tr class=\"text-on-surface-3 even:bg-surface-container-lower\">\n<td class=\"px-md py-sm font-xsm-bold align-top table-cell w-1\/2\" data-testid=\"table-factsheet-key\">Base antiderrapante<\/td>\n<td class=\"px-md py-sm font-xsm-regular list-item w-full align-top\">sim<\/td>\n<\/tr>\n<tr class=\"text-on-surface-3 even:bg-surface-container-lower\">\n<td class=\"px-md py-sm font-xsm-bold align-top table-cell w-1\/2\" data-testid=\"table-factsheet-key\">Porta-fio<\/td>\n<td class=\"px-md py-sm font-xsm-regular list-item w-full align-top\">sim<\/td>\n<\/tr>\n<tr class=\"text-on-surface-3 even:bg-surface-container-lower\">\n<td class=\"px-md py-sm font-xsm-bold align-top table-cell w-1\/2\" data-testid=\"table-factsheet-key\">Copo<\/td>\n<td class=\"px-md py-sm font-xsm-regular list-item w-full align-top\">Com bico<\/td>\n<\/tr>\n<tr class=\"text-on-surface-3 even:bg-surface-container-lower\">\n<td class=\"px-md py-sm font-xsm-bold align-top table-cell w-1\/2\" data-testid=\"table-factsheet-key\">Voltagem<\/td>\n<td class=\"px-md py-sm font-xsm-regular list-item w-full align-top\">110V<\/td>\n<\/tr>\n<tr class=\"text-on-surface-3 even:bg-surface-container-lower\">\n<td class=\"px-md py-sm font-xsm-bold align-top table-cell w-1\/2\" data-testid=\"table-factsheet-key\">Capacidade do copo &#8211; Total<\/td>\n<td class=\"px-md py-sm font-xsm-regular list-item w-full align-top\">2,6L<\/td>\n<\/tr>\n<tr class=\"text-on-surface-3 even:bg-surface-container-lower\">\n<td class=\"px-md py-sm font-xsm-bold align-top table-cell w-1\/2\" data-testid=\"table-factsheet-key\">Com filtro<\/td>\n<td class=\"px-md py-sm font-xsm-regular list-item w-full align-top\">sim<\/td>\n<\/tr>\n<tr class=\"text-on-surface-3 even:bg-surface-container-lower\">\n<td class=\"px-md py-sm font-xsm-bold align-top table-cell w-1\/2\" data-testid=\"table-factsheet-key\">Material<\/td>\n<td class=\"px-md py-sm font-xsm-regular list-item w-full align-top\">Metal e Polipropileno<\/td>\n<\/tr>\n<tr class=\"text-on-surface-3 even:bg-surface-container-lower\">\n<td class=\"px-md py-sm font-xsm-bold align-top table-cell w-1\/2\" data-testid=\"table-factsheet-key\">INMETRO<\/td>\n<td class=\"px-md py-sm font-xsm-regular list-item w-full align-top\">BRA17\/10556<\/td>\n<\/tr>\n<tr class=\"text-on-surface-3 even:bg-surface-container-lower\">\n<td class=\"px-md py-sm font-xsm-bold align-top table-cell w-1\/2\" data-testid=\"table-factsheet-key\">Consumo Aproximado de Energia<\/td>\n<td class=\"px-md py-sm font-xsm-regular list-item w-full align-top\">0,80 kWh<\/td>\n<\/tr>\n<tr class=\"text-on-surface-3 even:bg-surface-container-lower\">\n<td class=\"px-md py-sm font-xsm-bold align-top table-cell w-1\/2\" data-testid=\"table-factsheet-key\">Cor<\/td>\n<td class=\"px-md py-sm font-xsm-regular list-item w-full align-top\">Preto<\/td>\n<\/tr>\n<tr class=\"text-on-surface-3 even:bg-surface-container-lower\">\n<td class=\"px-md py-sm font-xsm-bold align-top table-cell w-1\/2\" data-testid=\"table-factsheet-key\">Dimens\u00f5es do produto &#8211; Largura<\/td>\n<td class=\"px-md py-sm font-xsm-regular list-item w-full align-top\">18,5 cm.<\/td>\n<\/tr>\n<tr class=\"text-on-surface-3 even:bg-surface-container-lower\">\n<td class=\"px-md py-sm font-xsm-bold align-top table-cell w-1\/2\" data-testid=\"table-factsheet-key\">Dimens\u00f5es do produto &#8211; Altura<\/td>\n<td class=\"px-md py-sm font-xsm-regular list-item w-full align-top\">41,2 cm.<\/td>\n<\/tr>\n<tr class=\"text-on-surface-3 even:bg-surface-container-lower\">\n<td class=\"px-md py-sm font-xsm-bold align-top table-cell w-1\/2\" data-testid=\"table-factsheet-key\">Dimens\u00f5es do produto &#8211; Profundidade<\/td>\n<td class=\"px-md py-sm font-xsm-regular list-item w-full align-top\">21,15 cm.<\/td>\n<\/tr>\n<tr class=\"text-on-surface-3 even:bg-surface-container-lower\">\n<td class=\"px-md py-sm font-xsm-bold align-top table-cell w-1\/2\" data-testid=\"table-factsheet-key\">Dimens\u00f5es do produto com embalagem &#8211; Largura<\/td>\n<td class=\"px-md py-sm font-xsm-regular list-item w-full align-top\">36,6cm.<\/td>\n<\/tr>\n<tr class=\"text-on-surface-3 even:bg-surface-container-lower\">\n<td class=\"px-md py-sm font-xsm-bold align-top table-cell w-1\/2\" data-testid=\"table-factsheet-key\">Dimens\u00f5es do produto com embalagem &#8211; Altura<\/td>\n<td class=\"px-md py-sm font-xsm-regular list-item w-full align-top\">24,4 cm.<\/td>\n<\/tr>\n<tr class=\"text-on-surface-3 even:bg-surface-container-lower\">\n<td class=\"px-md py-sm font-xsm-bold align-top table-cell w-1\/2\" data-testid=\"table-factsheet-key\">Dimens\u00f5es do produto com embalagem &#8211; Profundidade<\/td>\n<td class=\"px-md py-sm font-xsm-regular list-item w-full align-top\">18,6 cm.<\/td>\n<\/tr>\n<tr class=\"text-on-surface-3 even:bg-surface-container-lower\">\n<td class=\"px-md py-sm font-xsm-bold align-top table-cell w-1\/2\" data-testid=\"table-factsheet-key\">Peso do Produto<\/td>\n<td class=\"px-md py-sm font-xsm-regular list-item w-full align-top\">1,33 kg.<\/td>\n<\/tr>\n<tr class=\"text-on-surface-3 even:bg-surface-container-lower\">\n<td class=\"px-md py-sm font-xsm-bold align-top table-cell w-1\/2\" data-testid=\"table-factsheet-key\">Peso do Produto com Embalagem<\/td>\n<td class=\"px-md py-sm font-xsm-regular list-item w-full align-top\">1,6 kg.<\/td>\n<\/tr>\n<tr class=\"text-on-surface-3 even:bg-surface-container-lower\">\n<td class=\"px-md py-sm font-xsm-bold align-top table-cell w-1\/2\" data-testid=\"table-factsheet-key\">Prazo de Garantia<\/td>\n<td class=\"px-md py-sm font-xsm-regular list-item w-full align-top\">01 ano (3 meses de garantia legal e mais 9 meses de garantia especial concedida pelo fabricante).<\/td>\n<\/tr>\n<tr class=\"text-on-surface-3 even:bg-surface-container-lower\">\n<td class=\"px-md py-sm font-xsm-bold align-top table-cell w-1\/2\" data-testid=\"table-factsheet-key\">Conte\u00fado da Embalagem<\/td>\n<td class=\"px-md py-sm font-xsm-regular list-item w-full align-top\">&#8211; 01 Liquidificador, &#8211; 01 filtro, &#8211; 01 tampa com sobretampa, &#8211; 01 Manual de instru\u00e7\u00f5es, &#8211; 01 certificado de garantia.<\/td>\n<\/tr>\n<\/tbody>\n<\/table>\n<\/div>\n<\/div>\n","protected":false},"excerpt":{"rendered":"<p>Descri\u00e7\u00e3o e ficha t\u00e9cnica C\u00f3digo\u00a0hcc9hk85bf O Liquidificador Brit\u00e2nia Diamante 800 \u2013 1050W \u2013 4 Velocidades \u2013 Fun\u00e7\u00e3o Ice e Pulsar \u2013 Preto \u2013 110V oferece pot\u00eancia e efici\u00eancia para quem<\/p>\n","protected":false},"featured_media":15755,"comment_status":"open","ping_status":"closed","template":"","meta":[],"product_brand":[],"product_cat":[15],"product_tag":[],"class_list":{"0":"post-15752","1":"product","2":"type-product","3":"status-publish","4":"has-post-thumbnail","6":"product_cat-produtos","7":"product_shipping_class-pac","9":"first","10":"instock","11":"shipping-taxable","12":"purchasable","13":"product-type-simple"},"_links":{"self":[{"href":"https:\/\/ambrosioeletro.com.br\/v20\/wp-json\/wp\/v2\/product\/15752","targetHints":{"allow":["GET"]}}],"collection":[{"href":"https:\/\/ambrosioeletro.com.br\/v20\/wp-json\/wp\/v2\/product"}],"about":[{"href":"https:\/\/ambrosioeletro.com.br\/v20\/wp-json\/wp\/v2\/types\/product"}],"replies":[{"embeddable":true,"href":"https:\/\/ambrosioeletro.com.br\/v20\/wp-json\/wp\/v2\/comments?post=15752"}],"wp:featuredmedia":[{"embeddable":true,"href":"https:\/\/ambrosioeletro.com.br\/v20\/wp-json\/wp\/v2\/media\/15755"}],"wp:attachment":[{"href":"https:\/\/ambrosioeletro.com.br\/v20\/wp-json\/wp\/v2\/media?parent=15752"}],"wp:term":[{"taxonomy":"product_brand","embeddable":true,"href":"https:\/\/ambrosioeletro.com.br\/v20\/wp-json\/wp\/v2\/product_brand?post=15752"},{"taxonomy":"product_cat","embeddable":true,"href":"https:\/\/ambrosioeletro.com.br\/v20\/wp-json\/wp\/v2\/product_cat?post=15752"},{"taxonomy":"product_tag","embeddable":true,"href":"https:\/\/ambrosioeletro.com.br\/v20\/wp-json\/wp\/v2\/product_tag?post=15752"}],"curies":[{"name":"wp","href":"https:\/\/api.w.org\/{rel}","templated":true}]}}