{"id":15787,"date":"2026-04-14T16:52:23","date_gmt":"2026-04-14T19:52:23","guid":{"rendered":"https:\/\/ambrosioeletro.com.br\/v20\/?post_type=product&#038;p=15787"},"modified":"2026-04-14T16:52:23","modified_gmt":"2026-04-14T19:52:23","slug":"panela-eletrica-de-arroz-britania-bpa10pi-10-xicaras-preta-inox-110v","status":"publish","type":"product","link":"https:\/\/ambrosioeletro.com.br\/v20\/produto\/panela-eletrica-de-arroz-britania-bpa10pi-10-xicaras-preta-inox-110v\/","title":{"rendered":"Panela El\u00e9trica de Arroz Brit\u00e2nia BPA10PI 10 X\u00edcaras \u2013 Preta\/Inox &#8211; 110V"},"content":{"rendered":"<div class=\"css-cs5a0t\">\n<div class=\"dsvia-flex css-rtcfjm\" data-testid=\"dsvia-base-div\">\n<p class=\"dsvia-text css-bqvivw\"><span dir=\"auto\">Antiaquecimento externo<\/span><\/p>\n<p><span class=\"css-emfmc0\"><span dir=\"auto\">Sim<\/span><\/span><\/div>\n<\/div>\n<div class=\"css-1h51iw\">\n<div class=\"dsvia-flex css-rtcfjm\" data-testid=\"dsvia-base-div\">\n<p class=\"dsvia-text css-bqvivw\"><span dir=\"auto\">Caracter\u00edsticas Gerais<\/span><\/p>\n<p><span class=\"css-emfmc0\"><span dir=\"auto\">&#8211; Fun\u00e7\u00e3o Manter Aquecido<\/span><br \/>\n<span dir=\"auto\">&#8211; Bandeja perfurada para cozinhar legumes<\/span><br \/>\n<span dir=\"auto\">&#8211; Acompanha colher e copo medidor<\/span><br \/>\n<span dir=\"auto\">&#8211; Tampa vedada com bot\u00e3o de travamento e sa\u00edda de vapor<\/span><br \/>\n<span dir=\"auto\">&#8211; Al\u00e7a para transporte na tampa<\/span><br \/>\n<span dir=\"auto\">&#8211; Coletor de \u00e1gua<\/span><br \/>\n<span dir=\"auto\">&#8211; Luzes indicadores de funcionamento<\/span><br \/>\n<span dir=\"auto\">&#8211; Tigela com revestimento antiaderente<\/span><br \/>\n<span dir=\"auto\">&#8211; Cord\u00e3o el\u00e9trico adquirido<\/span><br \/>\n<span dir=\"auto\">&#8211; Composi\u00e7\u00e3o met\u00e1lica e pl\u00e1stica<\/span><br \/>\n<\/span><\/div>\n<\/div>\n<div class=\"css-cs5a0t\">\n<div class=\"dsvia-flex css-rtcfjm\" data-testid=\"dsvia-base-div\">\n<p class=\"dsvia-text css-bqvivw\"><span dir=\"auto\">l\u00e2mpada piloto<\/span><\/p>\n<p><span class=\"css-emfmc0\"><span dir=\"auto\">Sim<\/span><\/span><\/div>\n<\/div>\n<div class=\"css-cs5a0t\">\n<div class=\"dsvia-flex css-rtcfjm\" data-testid=\"dsvia-base-div\">\n<p class=\"dsvia-text css-bqvivw\"><span dir=\"auto\">Porta-fio<\/span><\/p>\n<p><span class=\"css-emfmc0\"><span dir=\"auto\">N\u00e3o<\/span><\/span><\/div>\n<\/div>\n<div class=\"css-cs5a0t\">\n<div class=\"dsvia-flex css-rtcfjm\" data-testid=\"dsvia-base-div\">\n<p class=\"dsvia-text css-bqvivw\"><span dir=\"auto\">remendo<\/span><\/p>\n<p><span class=\"css-emfmc0\"><span dir=\"auto\">sim<\/span><\/span><\/div>\n<\/div>\n<div class=\"css-cs5a0t\">\n<div class=\"dsvia-flex css-rtcfjm\" data-testid=\"dsvia-base-div\">\n<p class=\"dsvia-text css-bqvivw\"><span dir=\"auto\">Tipo<\/span><\/p>\n<p><span class=\"css-emfmc0\"><span dir=\"auto\">Panelas de Arroz<\/span><\/span><\/div>\n<\/div>\n<div class=\"css-1h51iw\">\n<div class=\"dsvia-flex css-rtcfjm\" data-testid=\"dsvia-base-div\">\n<p class=\"dsvia-text css-bqvivw\"><span dir=\"auto\">Caracter\u00edsticas<\/span><\/p>\n<p><span class=\"css-emfmc0\"><span dir=\"auto\">Acompanha colher-Acompanha medidor copo-Tigela com revestimento antiaderente-Modo mant\u00e9m aquecido-Tampa vedada-Al\u00e7a-Sa\u00edda de vapor-Bot\u00e3o de travamento da tampa-Coletor de \u00e1gua-Fio de energia rica<\/span><\/span><\/div>\n<div data-testid=\"dsvia-base-div\">\n<div class=\"css-cs5a0t\">\n<div class=\"dsvia-flex css-rtcfjm\" data-testid=\"dsvia-base-div\">\n<p class=\"dsvia-text css-bqvivw\"><span dir=\"auto\">Temperatura m\u00e1xima (\u00b0C)<\/span><\/p>\n<p><span class=\"css-emfmc0\"><span dir=\"auto\">150\u00b0C<\/span><\/span><\/div>\n<\/div>\n<div class=\"css-cs5a0t\">\n<div class=\"dsvia-flex css-rtcfjm\" data-testid=\"dsvia-base-div\">\n<p class=\"dsvia-text css-bqvivw\"><span dir=\"auto\">Consumo de energia (kW\/h)<\/span><\/p>\n<p><span class=\"css-emfmc0\"><span dir=\"auto\">0,7<\/span><\/span><\/div>\n<\/div>\n<div class=\"css-cs5a0t\">\n<div class=\"dsvia-flex css-rtcfjm\" data-testid=\"dsvia-base-div\">\n<p class=\"dsvia-text css-bqvivw\"><span dir=\"auto\">(litros)<\/span><\/p>\n<p><span class=\"css-emfmc0\"><span dir=\"auto\">4 L<\/span><\/span><\/div>\n<\/div>\n<div class=\"css-cs5a0t\">\n<div class=\"dsvia-flex css-rtcfjm\" data-testid=\"dsvia-base-div\">\n<p class=\"dsvia-text css-bqvivw\"><span dir=\"auto\">Pot\u00eancia (W)<\/span><\/p>\n<p><span class=\"css-emfmc0\"><span dir=\"auto\">700W<\/span><\/span><\/div>\n<\/div>\n<div class=\"css-cs5a0t\">\n<div class=\"dsvia-flex css-rtcfjm\" data-testid=\"dsvia-base-div\">\n<p class=\"dsvia-text css-bqvivw\"><span dir=\"auto\">ra de alimentos (g)<\/span><\/p>\n<p><span class=\"css-emfmc0\"><span dir=\"auto\">4000g \/ 10 x\u00edcaras de arroz cru<\/span><\/span><\/div>\n<\/div>\n<div class=\"css-cs5a0t\">\n<div class=\"dsvia-flex css-rtcfjm\" data-testid=\"dsvia-base-div\">\n<p class=\"dsvia-text css-bqvivw\"><span dir=\"auto\">Tens\u00e3o\/Voltagem<\/span><\/p>\n<p><span class=\"css-emfmc0\"><span dir=\"auto\">110V-220V<\/span><\/span><\/div>\n<\/div>\n<div class=\"css-cs5a0t\">\n<div class=\"dsvia-flex css-rtcfjm\" data-testid=\"dsvia-base-div\">\n<p class=\"dsvia-text css-bqvivw\"><span dir=\"auto\">Cor<\/span><\/p>\n<p><span class=\"css-emfmc0\"><span dir=\"auto\">Inox-Preto<\/span><\/span><\/div>\n<\/div>\n<div class=\"css-cs5a0t\">\n<div class=\"dsvia-flex css-rtcfjm\" data-testid=\"dsvia-base-div\">\n<p class=\"dsvia-text css-bqvivw\"><span dir=\"auto\">Capacidade<\/span><\/p>\n<p><span class=\"css-emfmc0\"><span dir=\"auto\">Acima de 3,0 litros<\/span><\/span><\/div>\n<\/div>\n<div class=\"css-cs5a0t\">\n<div class=\"dsvia-flex css-rtcfjm\" data-testid=\"dsvia-base-div\">\n<p class=\"dsvia-text css-bqvivw\"><span dir=\"auto\">Tipo de Tomada<\/span><\/p>\n<p><span class=\"css-emfmc0\"><span dir=\"auto\">10A (4mm)<\/span><\/span><\/div>\n<\/div>\n<div class=\"css-cs5a0t\">\n<div class=\"dsvia-flex css-rtcfjm\" data-testid=\"dsvia-base-div\">\n<p class=\"dsvia-text css-bqvivw\"><span dir=\"auto\">Tipo de Plugue<\/span><\/p>\n<p><span class=\"css-emfmc0\"><span dir=\"auto\">3 Pinos<\/span><\/span><\/div>\n<div data-testid=\"dsvia-base-div\">\n<div class=\"css-1h51iw\">\n<div class=\"dsvia-flex css-rtcfjm\" data-testid=\"dsvia-base-div\">\n<p class=\"dsvia-text css-bqvivw\"><span dir=\"auto\">Conte\u00fado da pe\u00e7a<\/span><\/p>\n<p><span class=\"css-emfmc0\"><span dir=\"auto\">&#8211; 1 Panela El\u00e9trica de Arroz Brit\u00e2nia BPA10PI 10 X\u00edcaras \u2013 Preta\/Inox<\/span><br \/>\n<span dir=\"auto\">&#8211; 1 Bandeja para cozinhar vapor<\/span><br \/>\n<span dir=\"auto\">&#8211; 1 Copo dosador<\/span><br \/>\n<span dir=\"auto\">&#8211; 1 Colher e manual de instru\u00e7\u00f5es<\/span><br \/>\n<span dir=\"auto\">&#8211; Manual de Instru\u00e7\u00f5es<\/span><br \/>\n<\/span><\/div>\n<\/div>\n<div class=\"css-cs5a0t\">\n<div class=\"dsvia-flex css-rtcfjm\" data-testid=\"dsvia-base-div\">\n<p class=\"dsvia-text css-bqvivw\"><span dir=\"auto\">Garantia<\/span><\/p>\n<p><span class=\"css-emfmc0\"><span dir=\"auto\">12 meses<\/span><\/span><\/div>\n<\/div>\n<div class=\"css-1h51iw\">\n<div class=\"dsvia-flex css-rtcfjm\" data-testid=\"dsvia-base-div\">\n<p class=\"dsvia-text css-bqvivw\"><span dir=\"auto\">Observa\u00e7\u00f5es<\/span><\/p>\n<p><span class=\"css-emfmc0\"><span dir=\"auto\">1. N\u00e3o nos responsabilizamos pela instala\u00e7\u00e3o\/montagem deste produto. Para eventuais pe\u00e7as adicionais, bem como poss\u00edveis especifica\u00e7\u00f5es de utiliza\u00e7\u00e3o de todas as funcionalidades, consulte o fabricante.<\/span><\/p>\n<p><span dir=\"auto\">2. Para instala\u00e7\u00e3o, funcionalidades, manuten\u00e7\u00e3o e cuidados espec\u00edficos consulte o manual do produto.<\/span><\/p>\n<p><span dir=\"auto\">3. Escolha a op\u00e7\u00e3o de voltagem do produto: 110V ou 220V.<\/span><\/span><\/div>\n<div data-testid=\"dsvia-base-div\">\n<div class=\"css-cs5a0t\">\n<div class=\"dsvia-flex css-rtcfjm\" data-testid=\"dsvia-base-div\">\n<p class=\"dsvia-text css-bqvivw\"><span dir=\"auto\">Altura<\/span><\/p>\n<p><span class=\"css-emfmc0\"><span dir=\"auto\">28,00 cm<\/span><\/span><\/div>\n<\/div>\n<div class=\"css-cs5a0t\">\n<div class=\"dsvia-flex css-rtcfjm\" data-testid=\"dsvia-base-div\">\n<p class=\"dsvia-text css-bqvivw\"><span dir=\"auto\">Largura<\/span><\/p>\n<p><span class=\"css-emfmc0\"><span dir=\"auto\">27,50 cm<\/span><\/span><\/div>\n<\/div>\n<div class=\"css-cs5a0t\">\n<div class=\"dsvia-flex css-rtcfjm\" data-testid=\"dsvia-base-div\">\n<p class=\"dsvia-text css-bqvivw\"><span dir=\"auto\">Profundidade<\/span><\/p>\n<p><span class=\"css-emfmc0\"><span dir=\"auto\">27,50 cm<\/span><\/span><\/div>\n<\/div>\n<div class=\"css-cs5a0t\">\n<div class=\"dsvia-flex css-rtcfjm\" data-testid=\"dsvia-base-div\">\n<p class=\"dsvia-text css-bqvivw\"><span dir=\"auto\">Peso<\/span><\/p>\n<p><span class=\"css-emfmc0\"><span dir=\"auto\">2,12 kg<\/span><\/span><\/div>\n<\/div>\n<\/div>\n<\/div>\n<\/div>\n<\/div>\n<\/div>\n<\/div>\n","protected":false},"excerpt":{"rendered":"<p>Antiaquecimento externo Sim Caracter\u00edsticas Gerais &#8211; Fun\u00e7\u00e3o Manter Aquecido &#8211; Bandeja perfurada para cozinhar legumes &#8211; Acompanha colher e copo medidor &#8211; Tampa vedada com bot\u00e3o de travamento e sa\u00edda<\/p>\n","protected":false},"featured_media":15792,"comment_status":"open","ping_status":"closed","template":"","meta":[],"product_brand":[],"product_cat":[15],"product_tag":[],"class_list":{"0":"post-15787","1":"product","2":"type-product","3":"status-publish","4":"has-post-thumbnail","6":"product_cat-produtos","7":"product_shipping_class-pac","9":"first","10":"instock","11":"shipping-taxable","12":"purchasable","13":"product-type-simple"},"_links":{"self":[{"href":"https:\/\/ambrosioeletro.com.br\/v20\/wp-json\/wp\/v2\/product\/15787","targetHints":{"allow":["GET"]}}],"collection":[{"href":"https:\/\/ambrosioeletro.com.br\/v20\/wp-json\/wp\/v2\/product"}],"about":[{"href":"https:\/\/ambrosioeletro.com.br\/v20\/wp-json\/wp\/v2\/types\/product"}],"replies":[{"embeddable":true,"href":"https:\/\/ambrosioeletro.com.br\/v20\/wp-json\/wp\/v2\/comments?post=15787"}],"wp:featuredmedia":[{"embeddable":true,"href":"https:\/\/ambrosioeletro.com.br\/v20\/wp-json\/wp\/v2\/media\/15792"}],"wp:attachment":[{"href":"https:\/\/ambrosioeletro.com.br\/v20\/wp-json\/wp\/v2\/media?parent=15787"}],"wp:term":[{"taxonomy":"product_brand","embeddable":true,"href":"https:\/\/ambrosioeletro.com.br\/v20\/wp-json\/wp\/v2\/product_brand?post=15787"},{"taxonomy":"product_cat","embeddable":true,"href":"https:\/\/ambrosioeletro.com.br\/v20\/wp-json\/wp\/v2\/product_cat?post=15787"},{"taxonomy":"product_tag","embeddable":true,"href":"https:\/\/ambrosioeletro.com.br\/v20\/wp-json\/wp\/v2\/product_tag?post=15787"}],"curies":[{"name":"wp","href":"https:\/\/api.w.org\/{rel}","templated":true}]}}