{"id":15793,"date":"2026-04-14T16:55:22","date_gmt":"2026-04-14T19:55:22","guid":{"rendered":"https:\/\/ambrosioeletro.com.br\/v20\/?post_type=product&#038;p=15793"},"modified":"2026-04-14T16:55:22","modified_gmt":"2026-04-14T19:55:22","slug":"panela-eletrica-philco-multifuncional-ppa3v-3-xicaras-110v-vermelho-127v","status":"publish","type":"product","link":"https:\/\/ambrosioeletro.com.br\/v20\/produto\/panela-eletrica-philco-multifuncional-ppa3v-3-xicaras-110v-vermelho-127v\/","title":{"rendered":"Panela El\u00e9trica Philco Multifuncional Ppa3v 3 X\u00edcaras 110v Vermelho 127v"},"content":{"rendered":"<p>Panela El\u00e9trica Multifuncional PPA3V Philco 110V A Panela El\u00e9trica Multifuncional Philco prepara diversas receitas salgadas e doces, arroz, sopas, caldos, carnes, legumes. Acompanha tigela com revestimento antiaderente e bandeja em alum\u00ednio com al\u00e7as para cozimento no vapor. Caracter\u00edsticas: &#8211; Compacta e multifuncional &#8211; Bandeja perfurada &#8211; Tampa de vidro &#8211; Acompanha tigela com revestimento antiaderente e bandeja em alum\u00ednio com al\u00e7as para cozimento no vapor &#8211; Capacidade para 3 x\u00edcaras de arroz &#8211; Mant\u00e9m os alimentos aquecidos ap\u00f3s o preparo &#8211; Acompanha colher e copo medidor &#8211; Capacidade total da tigela de 1,7L Especifica\u00e7\u00f5es T\u00e9cnicas: &#8211; Marca: Philco &#8211; Ref.: 56401066 &#8211; Voltagem: 110V &#8211; Tampa: Vidro &#8211; Al\u00e7a: Laterais &#8211; Tipo: Panela de arroz &#8211; Capacidade: 3 X\u00edcaras &#8211; Display: Mec\u00e2nico &#8211; Cor: Vermelho &#8211; Copo dosador: Sim &#8211; Esp\u00e1tula: Sim &#8211; Pot\u00eancia (w): 350 &#8211; Revestimento: Antiaderente &#8211; Dimens\u00e3o da Embalagem: Largura: 23,2cm X Altura: 23,6cm X Profundidade: 23,2cm &#8211; Peso Bruto (Kg): 1,76 &#8211; Garantia: 12 meses. Ficha t\u00e9cnica C\u00f3digo 1310987710 C\u00f3digo de barras 7891356075889 Model Philco Fabricante Philco Voltagem 110V<\/p>\n","protected":false},"excerpt":{"rendered":"<p>Panela El\u00e9trica Multifuncional PPA3V Philco 110V A Panela El\u00e9trica Multifuncional Philco prepara diversas receitas salgadas e doces, arroz, sopas, caldos, carnes, legumes. Acompanha tigela com revestimento antiaderente e bandeja em<\/p>\n","protected":false},"featured_media":15797,"comment_status":"open","ping_status":"closed","template":"","meta":[],"product_brand":[],"product_cat":[15],"product_tag":[],"class_list":{"0":"post-15793","1":"product","2":"type-product","3":"status-publish","4":"has-post-thumbnail","6":"product_cat-produtos","7":"product_shipping_class-pac","9":"first","10":"instock","11":"shipping-taxable","12":"purchasable","13":"product-type-simple"},"_links":{"self":[{"href":"https:\/\/ambrosioeletro.com.br\/v20\/wp-json\/wp\/v2\/product\/15793","targetHints":{"allow":["GET"]}}],"collection":[{"href":"https:\/\/ambrosioeletro.com.br\/v20\/wp-json\/wp\/v2\/product"}],"about":[{"href":"https:\/\/ambrosioeletro.com.br\/v20\/wp-json\/wp\/v2\/types\/product"}],"replies":[{"embeddable":true,"href":"https:\/\/ambrosioeletro.com.br\/v20\/wp-json\/wp\/v2\/comments?post=15793"}],"wp:featuredmedia":[{"embeddable":true,"href":"https:\/\/ambrosioeletro.com.br\/v20\/wp-json\/wp\/v2\/media\/15797"}],"wp:attachment":[{"href":"https:\/\/ambrosioeletro.com.br\/v20\/wp-json\/wp\/v2\/media?parent=15793"}],"wp:term":[{"taxonomy":"product_brand","embeddable":true,"href":"https:\/\/ambrosioeletro.com.br\/v20\/wp-json\/wp\/v2\/product_brand?post=15793"},{"taxonomy":"product_cat","embeddable":true,"href":"https:\/\/ambrosioeletro.com.br\/v20\/wp-json\/wp\/v2\/product_cat?post=15793"},{"taxonomy":"product_tag","embeddable":true,"href":"https:\/\/ambrosioeletro.com.br\/v20\/wp-json\/wp\/v2\/product_tag?post=15793"}],"curies":[{"name":"wp","href":"https:\/\/api.w.org\/{rel}","templated":true}]}}