{"id":15839,"date":"2026-04-16T17:45:39","date_gmt":"2026-04-16T20:45:39","guid":{"rendered":"https:\/\/ambrosioeletro.com.br\/v20\/?post_type=product&#038;p=15839"},"modified":"2026-04-16T17:45:39","modified_gmt":"2026-04-16T20:45:39","slug":"guarda-roupa-casal-robust-100-mdf-6-portas-8-gavetas-cumaru-novo-horizonte","status":"publish","type":"product","link":"https:\/\/ambrosioeletro.com.br\/v20\/produto\/guarda-roupa-casal-robust-100-mdf-6-portas-8-gavetas-cumaru-novo-horizonte\/","title":{"rendered":"Guarda Roupa Casal Robust 100% MDF 6 Portas 8 Gavetas Cumaru &#8211; Novo Horizonte"},"content":{"rendered":"<div class=\"relative px-md overflow-hidden border-on-surface-8 after:pointer-events-none after:absolute after:bottom-[0] after:left-[0] after:h-[72px] after:w-full after:bg-gradient-to-b after:from-[#FFFFFF00] after:to-[#FFFFFF] md:after:content-none md:px-lg max-md:border-b-thin\" data-testid=\"tab-product-detail\">\n<h2 class=\"text-on-surface-2 font-md-bold md:font-title-large-highlight md:mb-md\" data-testid=\"product-details-title\">Descri\u00e7\u00e3o e ficha t\u00e9cnica<\/h2>\n<div data-testid=\"product-detail\">\n<p class=\"mt-2xsm text-on-surface-4 font-xsm-regular\" data-testid=\"product-detail-code\">C\u00f3digo\u00a0jd89he5d2j<\/p>\n<div class=\"mt-md font-xsm-regular\" data-testid=\"product-detail-description\">Decore o quarto com um m\u00f3vel bonito e harmonioso. S\u00e3o in\u00fameros benef\u00edcios para o seu quarto, dentre eles a perfeita harmoniza\u00e7\u00e3o do ambiente. Quer deixar seu quarto luxuoso? Ent\u00e3o n\u00e3o perca esta oportunidade!<\/p>\n<p>Faz parte do an\u00fancio:<br \/>\nGuarda Roupa Casal 100% MDF 6 Portas 8 Gavetas &#8211; Robust Plus<br \/>\nObs. Objetos de decora\u00e7\u00e3o n\u00e3o inclusos<\/p>\n<p>Caracter\u00edsticas:<br \/>\n-As bordas do produto acompanham a cor externa<br \/>\n-Parte interna na mesma cor do produto<br \/>\n-100% MDF<br \/>\n-Puxadores com acabamento amadeirado<br \/>\n-Colunado em 25mm<br \/>\n-Interno ele e ela<br \/>\n-Espa\u00e7o para longo<br \/>\n-Gavetas internas com puxadores<br \/>\n-Dobradi\u00e7as de press\u00e3o de 35mm<br \/>\n-Corredi\u00e7as telesc\u00f3picas<br \/>\n-Cabideiros e calceiros em alum\u00ednio<br \/>\n-8 Gavetas<\/p>\n<p>Dimens\u00f5es:<br \/>\nAltura: 2,36 metros<br \/>\nLargura: 2,76 metros<br \/>\nProfundidade: 56,5 cent\u00edmetros<\/p>\n<p>Informa\u00e7\u00f5es Importantes:.<br \/>\n-O envio desse produto \u00e9 feito atrav\u00e9s de transportadora.<br \/>\n-Produtos podem apresentar diferen\u00e7as de tonalidades entre a foto na tela e o produto real, devido a calibra\u00e7\u00e3o de cor de tela.<br \/>\n-Para devolu\u00e7\u00f5es, os produtos devem estar com as embalagens originais.<br \/>\n-Limpar com flanela ou pano macio. N\u00e3o utilizar \u00e1lcool. N\u00e3o utilizar produtos abrasivos ou corrosivos.<br \/>\n-N\u00f3s prezamos pela qualidade da entrega em primeiro lugar, trabalhamos com transportadoras altamente selecionadas e os melhores materiais de embalagem.<br \/>\n-A montagem \u00e9 de total responsabilidade do comprador. Antes de comprar, verifique o espa\u00e7o dispon\u00edvel para a montagem.<br \/>\n-Certifique-se de que o produto caiba em elevadores e v\u00e3os de escadas, n\u00e3o fazemos i\u00e7amentos. Quaisquer despesas deste tipo ficam a cargo do cliente<br \/>\n-Garantia de 3 meses contra defeitos de fabrica\u00e7\u00e3o.<br \/>\n-Ao receber o produto verificar as condi\u00e7\u00f5es do mesmo no ato da entrega. Caso haja algum dano relatar no comprovante de entrega a ser assinado e entrar em contato com a loja o mais r\u00e1pido poss\u00edvel.<br \/>\n-Acompanha Nota Fiscal, manual de montagem, kit de ferragens.<\/p><\/div>\n<\/div>\n<\/div>\n<div class=\"hidden border-on-surface-8 md:px-lg md:block md:py-md\" data-testid=\"tab-product-factsheet\">\n<h2 class=\"text-on-surface-2 font-md-bold md:font-title-large-highlight md:mb-md\" data-testid=\"product-factsheet-title\">Ficha T\u00e9cnica<\/h2>\n<div class=\"pt-2xsm\">\n<table class=\"w-full list-none\" data-testid=\"table-factsheet\">\n<tbody>\n<tr class=\"text-on-surface-3 even:bg-surface-container-lower\">\n<td class=\"px-md py-sm font-xsm-bold align-top table-cell w-1\/2\" data-testid=\"table-factsheet-key\">Complexidade de Montagem<\/td>\n<td class=\"px-md py-sm font-xsm-regular list-item w-full align-top\">A montagem \u00e9 de total responsabilidade do comprador.<\/td>\n<\/tr>\n<tr class=\"text-on-surface-3 even:bg-surface-container-lower\">\n<td class=\"px-md py-sm font-xsm-bold align-top table-cell w-1\/2\" data-testid=\"table-factsheet-key\">Componentes do M\u00f3vel<\/td>\n<td class=\"px-md py-sm font-xsm-regular list-item w-full align-top\">Puxadores com acabamento amadeirado, colunado em 25mm, interno ele e ela, espa\u00e7o para longo, gavetas internas com puxadores, dobradi\u00e7as de press\u00e3o de 35mm, corredi\u00e7as telesc\u00f3picas, cabideiros e calceiros em alum\u00ednio<\/td>\n<\/tr>\n<tr class=\"text-on-surface-3 even:bg-surface-container-lower\">\n<td class=\"px-md py-sm font-xsm-bold align-top table-cell w-1\/2\" data-testid=\"table-factsheet-key\">Composi\u00e7\u00e3o do M\u00f3vel<\/td>\n<td class=\"px-md py-sm font-xsm-regular list-item w-full align-top\">100% MDF<\/td>\n<\/tr>\n<tr class=\"text-on-surface-3 even:bg-surface-container-lower\">\n<td class=\"px-md py-sm font-xsm-bold align-top table-cell w-1\/2\" data-testid=\"table-factsheet-key\">Conte\u00fado da Embalagem<\/td>\n<td class=\"px-md py-sm font-xsm-regular list-item w-full align-top\">Guarda Roupa Casal 100% MDF 6 Portas 8 Gavetas &#8211; Robust Plus<\/td>\n<\/tr>\n<tr class=\"text-on-surface-3 even:bg-surface-container-lower\">\n<td class=\"px-md py-sm font-xsm-bold align-top table-cell w-1\/2\" data-testid=\"table-factsheet-key\">Cor<\/td>\n<td class=\"px-md py-sm font-xsm-regular list-item w-full align-top\">Cumaru<\/td>\n<\/tr>\n<tr class=\"text-on-surface-3 even:bg-surface-container-lower\">\n<td class=\"px-md py-sm font-xsm-bold align-top table-cell w-1\/2\" data-testid=\"table-factsheet-key\">Dimens\u00f5es do Produto<\/td>\n<td class=\"px-md py-sm font-xsm-regular list-item w-full align-top\">Altura: 2,36 metros Largura: 2,76 metros Profundidade: 56,5 cent\u00edmetros<\/td>\n<\/tr>\n<tr class=\"text-on-surface-3 even:bg-surface-container-lower\">\n<td class=\"px-md py-sm font-xsm-bold align-top table-cell w-1\/2\" data-testid=\"table-factsheet-key\">Gavetas<\/td>\n<td class=\"px-md py-sm font-xsm-regular list-item w-full align-top\">8<\/td>\n<\/tr>\n<tr class=\"text-on-surface-3 even:bg-surface-container-lower\">\n<td class=\"px-md py-sm font-xsm-bold align-top table-cell w-1\/2\" data-testid=\"table-factsheet-key\">Material da Estrutura<\/td>\n<td class=\"px-md py-sm font-xsm-regular list-item w-full align-top\">MDF<\/td>\n<\/tr>\n<tr class=\"text-on-surface-3 even:bg-surface-container-lower\">\n<td class=\"px-md py-sm font-xsm-bold align-top table-cell w-1\/2\" data-testid=\"table-factsheet-key\">Modelo<\/td>\n<td class=\"px-md py-sm font-xsm-regular list-item w-full align-top\">Robust<\/td>\n<\/tr>\n<tr class=\"text-on-surface-3 even:bg-surface-container-lower\">\n<td class=\"px-md py-sm font-xsm-bold align-top table-cell w-1\/2\" data-testid=\"table-factsheet-key\">Prazo de Garantia<\/td>\n<td class=\"px-md py-sm font-xsm-regular list-item w-full align-top\">3 meses<\/td>\n<\/tr>\n<tr class=\"text-on-surface-3 even:bg-surface-container-lower\">\n<td class=\"px-md py-sm font-xsm-bold align-top table-cell w-1\/2\" data-testid=\"table-factsheet-key\">Quantidade de Gavetas<\/td>\n<td class=\"px-md py-sm font-xsm-regular list-item w-full align-top\">8<\/td>\n<\/tr>\n<tr class=\"text-on-surface-3 even:bg-surface-container-lower\">\n<td class=\"px-md py-sm font-xsm-bold align-top table-cell w-1\/2\" data-testid=\"table-factsheet-key\">Quantidade de Portas<\/td>\n<td class=\"px-md py-sm font-xsm-regular list-item w-full align-top\">6<\/td>\n<\/tr>\n<tr class=\"text-on-surface-3 even:bg-surface-container-lower\">\n<td class=\"px-md py-sm font-xsm-bold align-top table-cell w-1\/2\" data-testid=\"table-factsheet-key\">Tipo de M\u00f3vel<\/td>\n<td class=\"px-md py-sm font-xsm-regular list-item w-full align-top\">Guarda-roupa<\/td>\n<\/tr>\n<\/tbody>\n<\/table>\n<\/div>\n<\/div>\n","protected":false},"excerpt":{"rendered":"<p>Descri\u00e7\u00e3o e ficha t\u00e9cnica C\u00f3digo\u00a0jd89he5d2j Decore o quarto com um m\u00f3vel bonito e harmonioso. S\u00e3o in\u00fameros benef\u00edcios para o seu quarto, dentre eles a perfeita harmoniza\u00e7\u00e3o do ambiente. Quer deixar<\/p>\n","protected":false},"featured_media":15842,"comment_status":"open","ping_status":"closed","template":"","meta":[],"product_brand":[],"product_cat":[15],"product_tag":[],"class_list":{"0":"post-15839","1":"product","2":"type-product","3":"status-publish","4":"has-post-thumbnail","6":"product_cat-produtos","7":"product_shipping_class-pac","9":"first","10":"instock","11":"shipping-taxable","12":"purchasable","13":"product-type-simple"},"_links":{"self":[{"href":"https:\/\/ambrosioeletro.com.br\/v20\/wp-json\/wp\/v2\/product\/15839","targetHints":{"allow":["GET"]}}],"collection":[{"href":"https:\/\/ambrosioeletro.com.br\/v20\/wp-json\/wp\/v2\/product"}],"about":[{"href":"https:\/\/ambrosioeletro.com.br\/v20\/wp-json\/wp\/v2\/types\/product"}],"replies":[{"embeddable":true,"href":"https:\/\/ambrosioeletro.com.br\/v20\/wp-json\/wp\/v2\/comments?post=15839"}],"wp:featuredmedia":[{"embeddable":true,"href":"https:\/\/ambrosioeletro.com.br\/v20\/wp-json\/wp\/v2\/media\/15842"}],"wp:attachment":[{"href":"https:\/\/ambrosioeletro.com.br\/v20\/wp-json\/wp\/v2\/media?parent=15839"}],"wp:term":[{"taxonomy":"product_brand","embeddable":true,"href":"https:\/\/ambrosioeletro.com.br\/v20\/wp-json\/wp\/v2\/product_brand?post=15839"},{"taxonomy":"product_cat","embeddable":true,"href":"https:\/\/ambrosioeletro.com.br\/v20\/wp-json\/wp\/v2\/product_cat?post=15839"},{"taxonomy":"product_tag","embeddable":true,"href":"https:\/\/ambrosioeletro.com.br\/v20\/wp-json\/wp\/v2\/product_tag?post=15839"}],"curies":[{"name":"wp","href":"https:\/\/api.w.org\/{rel}","templated":true}]}}