{"id":15862,"date":"2026-04-17T12:12:42","date_gmt":"2026-04-17T15:12:42","guid":{"rendered":"https:\/\/ambrosioeletro.com.br\/v20\/?post_type=product&#038;p=15862"},"modified":"2026-04-17T12:12:43","modified_gmt":"2026-04-17T15:12:43","slug":"chaleira-jarra-eletrica-colorida-colors-1-8-l-best-moderna-127v-verde","status":"publish","type":"product","link":"https:\/\/ambrosioeletro.com.br\/v20\/produto\/chaleira-jarra-eletrica-colorida-colors-1-8-l-best-moderna-127v-verde\/","title":{"rendered":"Chaleira Jarra El\u00e9trica Colorida Colors 1.8 L Best Moderna 127V (Verde)"},"content":{"rendered":"<div id=\"productOverview_feature_div\" class=\"celwidget\" data-feature-name=\"productOverview_nonPets\" data-csa-c-type=\"widget\" data-csa-c-content-id=\"productOverview_nonPets\" data-csa-c-slot-id=\"productOverview_feature_div\" data-csa-c-asin=\"B0D5C6M1T7\" data-csa-c-is-in-initial-active-row=\"false\" data-csa-c-id=\"e5h9lt-p4lcyp-j0tp3v-qnydc3\" data-cel-widget=\"productOverview_feature_div\">\n<div class=\"a-section a-spacing-small a-spacing-top-small\">\n<table class=\"a-normal a-spacing-micro\" role=\"list\">\n<tbody>\n<tr class=\"a-spacing-small po-brand\" role=\"listitem\">\n<td class=\"a-span3\" role=\"presentation\"><span class=\"a-size-base a-text-bold\">Marca<\/span><\/td>\n<td class=\"a-span9\" role=\"presentation\"><span class=\"a-size-base po-break-word\">Best<\/span><\/td>\n<\/tr>\n<tr class=\"a-spacing-small po-capacity\" role=\"listitem\">\n<td class=\"a-span3\" role=\"presentation\"><span class=\"a-size-base a-text-bold\">Capacidade<\/span><\/td>\n<td class=\"a-span9\" role=\"presentation\"><span class=\"a-size-base po-break-word\">1,8 Litros<\/span><\/td>\n<\/tr>\n<tr class=\"a-spacing-small po-material\" role=\"listitem\">\n<td class=\"a-span3\" role=\"presentation\"><span class=\"a-size-base a-text-bold\">Material<\/span><\/td>\n<td class=\"a-span9\" role=\"presentation\"><span class=\"a-size-base po-break-word\">A\u00e7o inoxid\u00e1vel<\/span><\/td>\n<\/tr>\n<tr class=\"a-spacing-small po-color\" role=\"listitem\">\n<td class=\"a-span3\" role=\"presentation\"><span class=\"a-size-base a-text-bold\">Cor<\/span><\/td>\n<td class=\"a-span9\" role=\"presentation\"><span class=\"a-size-base po-break-word\">Verde<\/span><\/td>\n<\/tr>\n<tr class=\"a-spacing-small po-special_feature\" role=\"listitem\">\n<td class=\"a-span3\" role=\"presentation\"><span class=\"a-size-base a-text-bold\">Caracter\u00edsticas especiais<\/span><\/td>\n<td class=\"a-span9\" role=\"presentation\"><span class=\"a-size-base po-break-word\">Desativa\u00e7\u00e3o autom\u00e1tica, Fervura r\u00e1pida, Indicador de n\u00edvel de \u00e1gua, Luz indicadora<\/span><\/td>\n<\/tr>\n<\/tbody>\n<\/table>\n<\/div>\n<\/div>\n<div id=\"collectiblesKeyInformation_feature_div\" class=\"celwidget\" data-feature-name=\"collectiblesKeyInformation\" data-csa-c-type=\"widget\" data-csa-c-content-id=\"collectiblesKeyInformation\" data-csa-c-slot-id=\"collectiblesKeyInformation_feature_div\" data-csa-c-asin=\"B0D5C6M1T7\" data-csa-c-is-in-initial-active-row=\"false\" data-csa-c-id=\"gx56mm-p5cs24-bpbvdk-3r51q4\" data-cel-widget=\"collectiblesKeyInformation_feature_div\"><\/div>\n<div id=\"featurebullets_feature_div\" class=\"celwidget\" data-feature-name=\"featurebullets_nonPets\" data-csa-c-type=\"widget\" data-csa-c-content-id=\"featurebullets_nonPets\" data-csa-c-slot-id=\"featurebullets_feature_div\" data-csa-c-asin=\"B0D5C6M1T7\" data-csa-c-is-in-initial-active-row=\"false\" data-csa-c-id=\"vuky1i-ir7tyz-i80r1d-5jkhqs\" data-cel-widget=\"featurebullets_feature_div\">\n<div id=\"feature-bullets\" class=\"a-section a-spacing-medium a-spacing-top-small\">\n<hr class=\"a-divider-normal\" aria-hidden=\"true\" \/>\n<h1 class=\"a-size-base-plus a-text-bold\">Sobre este item<\/h1>\n<ul class=\"a-unordered-list a-vertical a-spacing-mini\">\n<li class=\"a-spacing-mini\"><span class=\"a-list-item\">Pot\u00eancia de 1200W: Ferve a \u00e1gua em minutos, economizando tempo.<\/span><\/li>\n<li class=\"a-spacing-mini\"><span class=\"a-list-item\">Capacidade de 1,8 litros: Ideal para fam\u00edlias ou para receber amigos<\/span><\/li>\n<li class=\"a-spacing-mini\"><span class=\"a-list-item\">Alavanca Liga\/Desliga: F\u00e1cil e pr\u00e1tica de usar.<\/span><\/li>\n<li class=\"a-spacing-mini\"><span class=\"a-list-item\">Desligamento autom\u00e1tico: Seguran\u00e7a garantida ao atingir a fervura.<\/span><\/li>\n<li class=\"a-spacing-mini\"><span class=\"a-list-item\">Luz indicadora de funcionamento: Indica quando a chaleira est\u00e1 em opera\u00e7\u00e3o.<\/span><\/li>\n<li class=\"a-spacing-mini\"><span class=\"a-list-item\">Tampa remov\u00edvel: Facilita o enchimento e a limpeza.<\/span><\/li>\n<li class=\"a-spacing-mini\"><span class=\"a-list-item\">cor:verde<\/span><\/li>\n<li>\n<div id=\"productDetails_feature_div\" class=\"celwidget pd_rd_w-fEvTF pd_rd_r-8NFWSVX0QTNFX74KXM6B pd_rd_wg-n8qv5\" data-feature-name=\"productDetailsHomeAndGarden_Updated\" data-csa-c-type=\"widget\" data-csa-c-content-id=\"productDetailsHomeAndGarden_Updated\" data-csa-c-slot-id=\"productDetails_feature_div\" data-csa-c-asin=\"\" data-csa-c-is-in-initial-active-row=\"false\" data-csa-c-id=\"nf90di-rikww4-fqqmg1-ye1vls\" data-cel-widget=\"productDetails_feature_div\">\n<div>\n<div id=\"prodDetails\" class=\"a-section a-spacing-medium\">\n<h1 class=\"a-size-large a-spacing-small a-text-bold\">Especifica\u00e7\u00f5es do produto<\/h1>\n<div class=\"a-row\">\n<div class=\"a-column a-span12 a-span-last\">\n<div id=\"productDetails_expanderSectionTables\" class=\"a-section\">\n<div class=\"a-row\">\n<div class=\"a-column a-span6\">\n<div class=\"a-row\">\n<div id=\"productDetails_expanderTables_depthLeftSections\" class=\"a-section\">\n<div class=\"a-row a-expander-container a-expander-section-container a-section-expander-container\" data-csa-c-content-id=\"voyager-expander-btn\" data-csa-c-slot-id=\"voyager-expander-btn\" data-csa-c-type=\"button\" data-csa-c-id=\"wjd2z8-gyxgvf-3w3o26-xvi4k1\"><span class=\"a-declarative\" data-action=\"voyager-expander-heading-toggle\" data-voyager-expander-heading-toggle=\"{&quot;sectionIndex&quot;:0,&quot;columnName&quot;:&quot;depthLeftSections&quot;}\"><a class=\"a-expander-header a-declarative a-expander-section-header prodDet-expander-header-styling a-color-offset-background a-link-section-expander a-size-medium\" role=\"button\" aria-expanded=\"true\" data-action=\"a-expander-toggle\" data-a-expander-toggle=\"{&quot;allowLinkDefault&quot;:true, &quot;expand_prompt&quot;:&quot;&quot;, &quot;collapse_prompt&quot;:&quot;&quot;}\"><i class=\"a-icon a-icon-section-collapse\"><\/i><span class=\"a-expander-prompt\" role=\"heading\" aria-level=\"5\">Detalhes do Produto<\/span><\/a><\/span><\/p>\n<div class=\"a-expander-content a-expander-extend-content a-expander-content-expanded\" data-expanded=\"true\">\n<div class=\"a-section\">\n<table class=\"a-keyvalue prodDetTable\">\n<tbody>\n<tr>\n<th class=\"a-color-secondary a-size-base prodDetSectionEntry\">Nome da marca<\/th>\n<td class=\"a-size-base prodDetAttrValue\">Best<\/td>\n<\/tr>\n<tr>\n<th class=\"a-color-secondary a-size-base prodDetSectionEntry\">Componentes inclu\u00eddos<\/th>\n<td class=\"a-size-base prodDetAttrValue\">1 x Chaleira<\/td>\n<\/tr>\n<tr>\n<th class=\"a-color-secondary a-size-base prodDetSectionEntry\">Usos recomendados do produto<\/th>\n<td class=\"a-size-base prodDetAttrValue\">Fervura<\/td>\n<\/tr>\n<tr>\n<th class=\"a-color-secondary a-size-base prodDetSectionEntry\">Nome do modelo<\/th>\n<td class=\"a-size-base prodDetAttrValue\">CHALEIRA EL\u00c9TRICA BEST 1,8L<\/td>\n<\/tr>\n<tr>\n<th class=\"a-color-secondary a-size-base prodDetSectionEntry\">N\u00famero do modelo<\/th>\n<td class=\"a-size-base prodDetAttrValue\">YD-1830B<\/td>\n<\/tr>\n<tr>\n<th class=\"a-color-secondary a-size-base prodDetSectionEntry\">Fabricante<\/th>\n<td class=\"a-size-base prodDetAttrValue\">Best<\/td>\n<\/tr>\n<tr>\n<th class=\"a-color-secondary a-size-base prodDetSectionEntry\">Nome do Tipo de Produto<\/th>\n<td class=\"a-size-base prodDetAttrValue\">Chaleira<\/td>\n<\/tr>\n<tr>\n<th class=\"a-color-secondary a-size-base prodDetSectionEntry\">Ranking dos mais vendidos<\/th>\n<td>\n<ul class=\"a-unordered-list a-nostyle a-vertical\">\n<li><span class=\"a-list-item\">N\u00ba 4.243 em Cozinha (<a href=\"https:\/\/www.amazon.com.br\/gp\/bestsellers\/kitchen\/ref=pd_zg_ts_kitchen\">Conhe\u00e7a o Top 100 na categoria Cozinha<\/a>)<\/span><\/li>\n<li><span class=\"a-list-item\">N\u00ba 66 em\u00a0<a href=\"https:\/\/www.amazon.com.br\/gp\/bestsellers\/kitchen\/17124980011\/ref=pd_zg_hrsr_kitchen\">Chaleiras El\u00e9tricas<\/a><\/span><\/li>\n<\/ul>\n<\/td>\n<\/tr>\n<tr>\n<th class=\"a-color-secondary a-size-base prodDetSectionEntry\">ASIN<\/th>\n<td class=\"a-size-base prodDetAttrValue\">B0D5C6M1T7<\/td>\n<\/tr>\n<tr>\n<th class=\"a-color-secondary a-size-base prodDetSectionEntry\"><\/th>\n<td class=\"a-size-base\"><\/td>\n<\/tr>\n<\/tbody>\n<\/table>\n<\/div>\n<\/div>\n<\/div>\n<\/div>\n<\/div>\n<div class=\"a-section\">\n<div class=\"a-row a-spacing-top-base\"><\/div>\n<div class=\"a-row a-spacing-top-base\"><\/div>\n<\/div>\n<\/div>\n<div class=\"a-column a-span6 a-span-last\">\n<div class=\"a-row\">\n<div id=\"productDetails_expanderTables_depthRightSections\" class=\"a-section\">\n<div class=\"a-row a-expander-container a-expander-section-container a-section-expander-container\" data-csa-c-content-id=\"voyager-expander-btn\" data-csa-c-slot-id=\"voyager-expander-btn\" data-csa-c-type=\"button\" data-csa-c-id=\"50rsxh-xo4ula-sxs6pz-fcceiq\"><span class=\"a-declarative\" data-action=\"voyager-expander-heading-toggle\" data-voyager-expander-heading-toggle=\"{&quot;sectionIndex&quot;:0,&quot;columnName&quot;:&quot;depthRightSections&quot;}\"><a class=\"a-expander-header a-declarative a-expander-section-header prodDet-expander-header-styling a-color-offset-background a-link-section-expander a-size-medium\" role=\"button\" aria-expanded=\"true\" data-action=\"a-expander-toggle\" data-a-expander-toggle=\"{&quot;allowLinkDefault&quot;:true, &quot;expand_prompt&quot;:&quot;&quot;, &quot;collapse_prompt&quot;:&quot;&quot;}\"><i class=\"a-icon a-icon-section-collapse\"><\/i><span class=\"a-expander-prompt\" role=\"heading\" aria-level=\"5\">Caracter\u00edsticas e Especifica\u00e7\u00f5es<\/span><\/a><\/span><\/p>\n<div class=\"a-expander-content a-expander-extend-content a-expander-content-expanded\" data-expanded=\"true\">\n<div class=\"a-section\">\n<table class=\"a-keyvalue prodDetTable\">\n<tbody>\n<tr>\n<th class=\"a-color-secondary a-size-base prodDetSectionEntry\">Caracter\u00edsticas especiais<\/th>\n<td class=\"a-size-base prodDetAttrValue\">Desativa\u00e7\u00e3o autom\u00e1tica, Fervura r\u00e1pida, Indicador de n\u00edvel de \u00e1gua, Luz indicadora<\/td>\n<\/tr>\n<tr>\n<th class=\"a-color-secondary a-size-base prodDetSectionEntry\">Tipo de recipiente<\/th>\n<td class=\"a-size-base prodDetAttrValue\">Chaleira<\/td>\n<\/tr>\n<tr>\n<th class=\"a-color-secondary a-size-base prodDetSectionEntry\">Voltagem<\/th>\n<td class=\"a-size-base prodDetAttrValue\">127 Volts<\/td>\n<\/tr>\n<tr>\n<th class=\"a-color-secondary a-size-base prodDetSectionEntry\">Pot\u00eancia<\/th>\n<td class=\"a-size-base prodDetAttrValue\">1200 watts<\/td>\n<\/tr>\n<\/tbody>\n<\/table>\n<\/div>\n<\/div>\n<\/div>\n<div class=\"a-row a-expander-container a-expander-section-container a-section-expander-container\" data-csa-c-content-id=\"voyager-expander-btn\" data-csa-c-slot-id=\"voyager-expander-btn\" data-csa-c-type=\"button\" data-csa-c-id=\"62i43i-5vh4eq-d0aisj-r5qlor\"><span class=\"a-declarative\" data-action=\"voyager-expander-heading-toggle\" data-voyager-expander-heading-toggle=\"{&quot;sectionIndex&quot;:1,&quot;columnName&quot;:&quot;depthRightSections&quot;}\"><a class=\"a-expander-header a-declarative a-expander-section-header prodDet-expander-header-styling a-color-offset-background a-link-section-expander a-size-medium\" role=\"button\" aria-expanded=\"true\" data-action=\"a-expander-toggle\" data-a-expander-toggle=\"{&quot;allowLinkDefault&quot;:true, &quot;expand_prompt&quot;:&quot;&quot;, &quot;collapse_prompt&quot;:&quot;&quot;}\"><i class=\"a-icon a-icon-section-collapse\"><\/i><span class=\"a-expander-prompt\" role=\"heading\" aria-level=\"5\">Medidas<\/span><\/a><\/span><\/p>\n<div class=\"a-expander-content a-expander-extend-content a-expander-content-expanded\" data-expanded=\"true\">\n<div class=\"a-section\">\n<table class=\"a-keyvalue prodDetTable\">\n<tbody>\n<tr>\n<th class=\"a-color-secondary a-size-base prodDetSectionEntry\">Capacidade<\/th>\n<td class=\"a-size-base prodDetAttrValue\">1,8 Litros<\/td>\n<\/tr>\n<tr>\n<th class=\"a-color-secondary a-size-base prodDetSectionEntry\">Dimens\u00f5es do item C x L x A<\/th>\n<td class=\"a-size-base prodDetAttrValue\">20C x 20L x 20A cent\u00edmetros<\/td>\n<\/tr>\n<tr>\n<th class=\"a-color-secondary a-size-base prodDetSectionEntry\">Peso do item<\/th>\n<td class=\"a-size-base prodDetAttrValue\">1,28 Quilogramas<\/td>\n<\/tr>\n<\/tbody>\n<\/table>\n<\/div>\n<\/div>\n<\/div>\n<div class=\"a-row a-expander-container a-expander-section-container a-section-expander-container\" data-csa-c-content-id=\"voyager-expander-btn\" data-csa-c-slot-id=\"voyager-expander-btn\" data-csa-c-type=\"button\" data-csa-c-id=\"fj2ei9-rxox2f-3p6dkz-dnw5zi\"><span class=\"a-declarative\" data-action=\"voyager-expander-heading-toggle\" data-voyager-expander-heading-toggle=\"{&quot;sectionIndex&quot;:2,&quot;columnName&quot;:&quot;depthRightSections&quot;}\"><a class=\"a-expander-header a-declarative a-expander-section-header prodDet-expander-header-styling a-color-offset-background a-link-section-expander a-size-medium\" role=\"button\" aria-expanded=\"true\" data-action=\"a-expander-toggle\" data-a-expander-toggle=\"{&quot;allowLinkDefault&quot;:true, &quot;expand_prompt&quot;:&quot;&quot;, &quot;collapse_prompt&quot;:&quot;&quot;}\"><i class=\"a-icon a-icon-section-collapse\"><\/i><span class=\"a-expander-prompt\" role=\"heading\" aria-level=\"5\">Materiais e Cuidados<\/span><\/a><\/span><\/p>\n<div class=\"a-expander-content a-expander-extend-content a-expander-content-expanded\" data-expanded=\"true\">\n<div class=\"a-section\">\n<table class=\"a-keyvalue prodDetTable\">\n<tbody>\n<tr>\n<th class=\"a-color-secondary a-size-base prodDetSectionEntry\">Material<\/th>\n<td class=\"a-size-base prodDetAttrValue\">A\u00e7o inoxid\u00e1vel<\/td>\n<\/tr>\n<\/tbody>\n<\/table>\n<\/div>\n<\/div>\n<\/div>\n<div class=\"a-row a-expander-container a-expander-section-container a-section-expander-container\" data-csa-c-content-id=\"voyager-expander-btn\" data-csa-c-slot-id=\"voyager-expander-btn\" data-csa-c-type=\"button\" data-csa-c-id=\"c1dbfz-egoote-wigjze-5bllt2\"><span class=\"a-declarative\" data-action=\"voyager-expander-heading-toggle\" data-voyager-expander-heading-toggle=\"{&quot;sectionIndex&quot;:3,&quot;columnName&quot;:&quot;depthRightSections&quot;}\"><a class=\"a-expander-header a-declarative a-expander-section-header prodDet-expander-header-styling a-color-offset-background a-link-section-expander a-size-medium\" role=\"button\" aria-expanded=\"true\" data-action=\"a-expander-toggle\" data-a-expander-toggle=\"{&quot;allowLinkDefault&quot;:true, &quot;expand_prompt&quot;:&quot;&quot;, &quot;collapse_prompt&quot;:&quot;&quot;}\"><i class=\"a-icon a-icon-section-collapse\"><\/i><span class=\"a-expander-prompt\" role=\"heading\" aria-level=\"5\">Estilo<\/span><\/a><\/span><\/p>\n<div class=\"a-expander-content a-expander-extend-content a-expander-content-expanded\" data-expanded=\"true\">\n<div class=\"a-section\">\n<table class=\"a-keyvalue prodDetTable\">\n<tbody>\n<tr>\n<th class=\"a-color-secondary a-size-base prodDetSectionEntry\">Cor<\/th>\n<td class=\"a-size-base prodDetAttrValue\">Verde<\/td>\n<\/tr>\n<\/tbody>\n<\/table>\n<\/div>\n<\/div>\n<\/div>\n<\/div>\n<\/div>\n<\/div>\n<\/div>\n<\/div>\n<\/div>\n<\/div>\n<\/div>\n<\/div>\n<\/div>\n<div id=\"aplusBrandStory_feature_div\" class=\"celwidget pd_rd_w-VEIBs pd_rd_r-8NFWSVX0QTNFX74KXM6B pd_rd_wg-n8qv5\" data-feature-name=\"aplusBrandStory\" data-csa-c-type=\"widget\" data-csa-c-content-id=\"aplusBrandStory\" data-csa-c-slot-id=\"aplusBrandStory_feature_div\" data-csa-c-asin=\"\" data-csa-c-is-in-initial-active-row=\"false\" data-csa-c-id=\"5rey4w-b9y1e8-gb61v6-romsd8\" data-cel-widget=\"aplusBrandStory_feature_div\"><\/div>\n<div id=\"productDescription_feature_div\" class=\"celwidget pd_rd_w-xPwGd pd_rd_r-8NFWSVX0QTNFX74KXM6B pd_rd_wg-n8qv5\" data-feature-name=\"productDescription-3\" data-csa-c-type=\"widget\" data-csa-c-content-id=\"productDescription-3\" data-csa-c-slot-id=\"productDescription_feature_div\" data-csa-c-asin=\"\" data-csa-c-is-in-initial-active-row=\"false\" data-csa-c-id=\"g8zlc7-fu32dc-3piqzj-irc7bm\" data-cel-widget=\"productDescription_feature_div\">\n<div>\n<div id=\"productDescription_feature_div\" class=\"a-row feature\" data-feature-name=\"productDescription\" data-template-name=\"productDescription\" data-cel-widget=\"productDescription_feature_div\">\n<div class=\"a-divider a-divider-section\">\n<div class=\"a-divider-inner\"><\/div>\n<\/div>\n<h2 class=\"default\">Descri\u00e7\u00e3o do produto<\/h2>\n<div id=\"productDescription\" class=\"a-section a-spacing-small\">\n<p>Transforme sua rotina com a Chaleira El\u00e9trica Colorida Best &#8211; A combina\u00e7\u00e3o perfeita entre modernidade, efici\u00eancia e estilo!<\/p>\n<p>Dispon\u00edvel nas cores preta, branca, vermelha, verde e azul, a Chaleira El\u00e9trica Best n\u00e3o \u00e9 apenas um eletrodom\u00e9stico, \u00e9 um toque de eleg\u00e2ncia e praticidade para sua cozinha. Com um design moderno e vibrante, ela se destaca em qualquer ambiente, proporcionando funcionalidade e beleza.<\/p>\n<p>Principais Benef\u00edcios<br \/>\nPot\u00eancia de 1200W: Ferva \u00e1gua rapidamente e economize tempo com a pot\u00eancia robusta da Chaleira El\u00e9trica Best.<br \/>\nCapacidade de 1,8 litros: Ideal para preparar ch\u00e1, caf\u00e9 ou \u00e1gua quente para cozinhar, suficiente para toda a fam\u00edlia ou para seus convidados.<br \/>\nAlavanca Alternadora Liga\/Desliga: F\u00e1cil de usar, com um simples movimento voc\u00ea controla o funcionamento da chaleira.<br \/>\nFervura da \u00e1gua em poucos minutos: A efici\u00eancia da chaleira permite que voc\u00ea tenha \u00e1gua quente em quest\u00e3o de minutos.<br \/>\nDesliga automaticamente: Seguran\u00e7a garantida com o sistema de desligamento autom\u00e1tico, que desativa a chaleira quando a \u00e1gua atinge a fervura.<br \/>\nLuz indicadora de funcionamento: Luz LED que indica quando a chaleira est\u00e1 em opera\u00e7\u00e3o, evitando acidentes e garantindo praticidade.<br \/>\nTampa remov\u00edvel: Facilita a limpeza e o enchimento, mantendo a higiene e o uso conveniente.<br \/>\nEspecifica\u00e7\u00f5es e Caracter\u00edsticas<br \/>\nMarca: Best<br \/>\nVoltagem: 127V<br \/>\nPot\u00eancia: 1200W<br \/>\nCapacidade: 1,8 litros<br \/>\nFun\u00e7\u00f5es: Alavanca Liga\/Desliga, Desligamento autom\u00e1tico, Luz indicadora de funcionamento<br \/>\nCores dispon\u00edveis: Preto, Branco, Vermelho, Verde, Azul<br \/>\nMaterial: Pl\u00e1stico de alta resist\u00eancia e a\u00e7o inoxid\u00e1vel<br \/>\nDimens\u00f5es: Altura 25 cm, Di\u00e2metro 15 cm<br \/>\nPeso: 1,2 kg<br \/>\nPerguntas Frequentes<br \/>\n1. Qual \u00e9 a capacidade m\u00e1xima da chaleira?<\/p>\n<p>A Chaleira El\u00e9trica Best possui uma capacidade de 1,8 litros, suficiente para preparar v\u00e1rias x\u00edcaras de ch\u00e1 ou caf\u00e9 de uma s\u00f3 vez.<br \/>\n2. Quanto tempo leva para a \u00e1gua ferver?<\/p>\n<p>Gra\u00e7as \u00e0 pot\u00eancia de 1200W, a chaleira ferve a \u00e1gua em poucos minutos, proporcionando rapidez e efici\u00eancia.<br \/>\n3. A chaleira desliga automaticamente?<\/p>\n<p>Sim, a chaleira desliga automaticamente quando a \u00e1gua atinge o ponto de fervura, garantindo seguran\u00e7a e economia de energia.<br \/>\n4. Como sei quando a chaleira est\u00e1 ligada?<\/p>\n<p>A chaleira possui uma luz indicadora de funcionamento que acende quando a chaleira est\u00e1 em opera\u00e7\u00e3o.<br \/>\n5. \u00c9 f\u00e1cil de limpar?<\/p>\n<p>Sim, a tampa remov\u00edvel facilita o enchimento e a limpeza da chaleira, tornando o uso ainda mais pr\u00e1tico.<br \/>\n6. Quais cores est\u00e3o dispon\u00edveis?<\/p>\n<p>A Chaleira El\u00e9trica Best est\u00e1 dispon\u00edvel nas cores preta, branca, vermelha, verde e azul, permitindo que voc\u00ea escolha a que mais combina com a sua cozinha.<br \/>\n7. A chaleira \u00e9 compat\u00edvel com qual voltagem?<\/p>\n<p>Esta chaleira \u00e9 projetada para funcionar em 127V, verifique a voltagem de sua rede el\u00e9trica antes de us\u00e1-la.<br \/>\n8. Qual \u00e9 o material da chaleira?<\/p>\n<p>A chaleira \u00e9 feita de pl\u00e1stico de alta resist\u00eancia com detalhes em a\u00e7o inoxid\u00e1vel, garantindo durabilidade e estilo. Leve para casa a Chaleira El\u00e9trica Colorida Best e transforme a sua rotina com praticidade, seguran\u00e7a e um toque de cor! Compre agora e aproveite todos os benef\u00edcios deste incr\u00edvel produto!<\/p>\n<\/div>\n<\/div>\n<\/div>\n<\/div>\n<\/li>\n<\/ul>\n<\/div>\n<\/div>\n","protected":false},"excerpt":{"rendered":"<p>Marca Best Capacidade 1,8 Litros Material A\u00e7o inoxid\u00e1vel Cor Verde Caracter\u00edsticas especiais Desativa\u00e7\u00e3o autom\u00e1tica, Fervura r\u00e1pida, Indicador de n\u00edvel de \u00e1gua, Luz indicadora Sobre este item Pot\u00eancia de 1200W: Ferve<\/p>\n","protected":false},"featured_media":15868,"comment_status":"open","ping_status":"closed","template":"","meta":[],"product_brand":[],"product_cat":[15],"product_tag":[],"class_list":{"0":"post-15862","1":"product","2":"type-product","3":"status-publish","4":"has-post-thumbnail","6":"product_cat-produtos","7":"product_shipping_class-pac","9":"first","10":"instock","11":"shipping-taxable","12":"purchasable","13":"product-type-simple"},"_links":{"self":[{"href":"https:\/\/ambrosioeletro.com.br\/v20\/wp-json\/wp\/v2\/product\/15862","targetHints":{"allow":["GET"]}}],"collection":[{"href":"https:\/\/ambrosioeletro.com.br\/v20\/wp-json\/wp\/v2\/product"}],"about":[{"href":"https:\/\/ambrosioeletro.com.br\/v20\/wp-json\/wp\/v2\/types\/product"}],"replies":[{"embeddable":true,"href":"https:\/\/ambrosioeletro.com.br\/v20\/wp-json\/wp\/v2\/comments?post=15862"}],"wp:featuredmedia":[{"embeddable":true,"href":"https:\/\/ambrosioeletro.com.br\/v20\/wp-json\/wp\/v2\/media\/15868"}],"wp:attachment":[{"href":"https:\/\/ambrosioeletro.com.br\/v20\/wp-json\/wp\/v2\/media?parent=15862"}],"wp:term":[{"taxonomy":"product_brand","embeddable":true,"href":"https:\/\/ambrosioeletro.com.br\/v20\/wp-json\/wp\/v2\/product_brand?post=15862"},{"taxonomy":"product_cat","embeddable":true,"href":"https:\/\/ambrosioeletro.com.br\/v20\/wp-json\/wp\/v2\/product_cat?post=15862"},{"taxonomy":"product_tag","embeddable":true,"href":"https:\/\/ambrosioeletro.com.br\/v20\/wp-json\/wp\/v2\/product_tag?post=15862"}],"curies":[{"name":"wp","href":"https:\/\/api.w.org\/{rel}","templated":true}]}}